{"id":15644,"date":"2026-03-04T18:36:58","date_gmt":"2026-03-04T17:36:58","guid":{"rendered":"https:\/\/persjarnia.com\/?post_type=product&#038;p=15644"},"modified":"2026-03-17T21:24:42","modified_gmt":"2026-03-17T20:24:42","slug":"zakladka-herby-ziem-wchodzacych-w-sklad-polski-i-litwy","status":"publish","type":"product","link":"https:\/\/persjarnia.com\/en\/product\/zakladka-herby-ziem-wchodzacych-w-sklad-polski-i-litwy\/","title":{"rendered":"Zak\u0142adka Orze\u0142 &#8211; HERBY ziem wchodz\u0105cych w sk\u0142ad POLSKI i LITWY."},"content":{"rendered":"","protected":false},"excerpt":{"rendered":"<p data-pm-slice=\"1 1 []\">Zak\u0142adka z herbem Kr\u00f3lestwa Polskiego i herbami ziem wchodz\u0105cych w sk\u0142ad unii polsko-litewskiej z prze\u0142omu XIV i\u00a0 XV w.- z okresu Bitwy pod Grunwaldem.<\/p>\n<p>Zak\u0142adka tkana, jednostronna, o rozmiarze 5cm na 25cm, zapakowana w przezroczyst\u0105 elastyczn\u0105 obwolut\u0119.<\/p>\n<div>\n<div>\n<p>Jest to elegancki dodatek do ksi\u0105\u017cki oraz pami\u0105tka z Polski dla os\u00f3b zainteresowanych histori\u0105 i symbolik\u0105 \u015bredniowiecza.<\/p>\n<\/div>\n<\/div>\n<p>Na zak\u0142adce znajduj\u0105 si\u0119 nast\u0119puj\u0105ce herby, u\u0142o\u017cone od g\u00f3ry do do\u0142u:<\/p>\n<p>&nbsp;<\/p>\n<ul>\n<li>Herb Wielkiego Ksi\u0119cia Witolda: w polu czerwonym run \u201eS\u0142upy Giedymina\u201d z\u0142oty<\/li>\n<li>Herb Ksi\u0119stwa Kaliskiego: na bia\u0142o-czerwonej szachownicy w koronie tur czarny<\/li>\n<li>Herb Polskiego Kr\u00f3lestwa: w polu czerwonym orze\u0142 bia\u0142y<\/li>\n<li>Herb Ksi\u0119stwa Kujawskiego: tarcza dwudzielna w pas, w prawym polu czerwonym po\u0142ulew bia\u0142y, w lewym polu z\u0142otym po\u0142uorze\u0142 czarny<\/li>\n<li>Herb Ksi\u0119stwa Ruskiego: w polu b\u0142\u0119kitnym z\u0142oty lew w koronie wspinaj\u0105cy si\u0119 na ska\u0142\u0119<\/li>\n<\/ul>\n<p>Idealny pomys\u0142 na prezent z Polski dla mi\u0142o\u015bnik\u00f3w historii, zamk\u00f3w i \u015bredniowiecznej kultury.<\/p>","protected":false},"featured_media":15675,"template":"","meta":{"_acf_changed":false},"product_brand":[],"product_cat":[351],"product_tag":[],"class_list":{"0":"post-15644","1":"product","2":"type-product","3":"status-publish","4":"has-post-thumbnail","6":"product_cat-herby","8":"first","9":"instock","10":"shipping-taxable","11":"purchasable","12":"product-type-simple"},"acf":[],"yoast_head":"<!-- This site is optimized with the Yoast SEO plugin v26.1 - https:\/\/yoast.com\/wordpress\/plugins\/seo\/ -->\n<title>Zak\u0142adka Orze\u0142 - HERBY ziem wchodz\u0105cych w sk\u0142ad POLSKI i LITWY. - Persjarnia Zambrzyckich<\/title>\n<meta name=\"description\" content=\"Zak\u0142adka - HERBY ziem wchodz\u0105cych w sk\u0142ad POLSKI i LITWY. Elegancka zak\u0142adka do ksi\u0105\u017cki z herbami Polski i Litwy inspirowanymi heraldyk\u0105 \u015bredniowieczn\u0105. Tkana zak\u0142adka przedstawia historyczne herby zwi\u0105zane z Kr\u00f3lestwem Polskim i Wielkim Ksi\u0119stwem Litewskim z okresu Bitwy pod Grunwaldem. Oryginalna pami\u0105tka z Polski i wyj\u0105tkowy prezent dla mi\u0142o\u015bnik\u00f3w historii, zamk\u00f3w oraz \u015bredniowiecznej symboliki.\" \/>\n<meta name=\"robots\" content=\"index, follow, max-snippet:-1, max-image-preview:large, max-video-preview:-1\" \/>\n<link rel=\"canonical\" href=\"https:\/\/persjarnia.com\/en\/product\/zakladka-herby-ziem-wchodzacych-w-sklad-polski-i-litwy\/\" \/>\n<meta property=\"og:locale\" content=\"en_GB\" \/>\n<meta property=\"og:type\" content=\"article\" \/>\n<meta property=\"og:title\" content=\"Zak\u0142adka Orze\u0142 - HERBY ziem wchodz\u0105cych w sk\u0142ad POLSKI i LITWY. - Persjarnia Zambrzyckich\" \/>\n<meta property=\"og:description\" content=\"Zak\u0142adka - HERBY ziem wchodz\u0105cych w sk\u0142ad POLSKI i LITWY. Elegancka zak\u0142adka do ksi\u0105\u017cki z herbami Polski i Litwy inspirowanymi heraldyk\u0105 \u015bredniowieczn\u0105. Tkana zak\u0142adka przedstawia historyczne herby zwi\u0105zane z Kr\u00f3lestwem Polskim i Wielkim Ksi\u0119stwem Litewskim z okresu Bitwy pod Grunwaldem. Oryginalna pami\u0105tka z Polski i wyj\u0105tkowy prezent dla mi\u0142o\u015bnik\u00f3w historii, zamk\u00f3w oraz \u015bredniowiecznej symboliki.\" \/>\n<meta property=\"og:url\" content=\"https:\/\/persjarnia.com\/en\/product\/zakladka-herby-ziem-wchodzacych-w-sklad-polski-i-litwy\/\" \/>\n<meta property=\"og:site_name\" content=\"Persjarnia Zambrzyckich\" \/>\n<meta property=\"article:publisher\" content=\"https:\/\/www.facebook.com\/persjarnia\" \/>\n<meta property=\"article:modified_time\" content=\"2026-03-17T20:24:42+00:00\" \/>\n<meta property=\"og:image\" content=\"https:\/\/persjarnia.com\/wp-content\/uploads\/2026\/03\/IMG_5456.png\" \/>\n\t<meta property=\"og:image:width\" content=\"1000\" \/>\n\t<meta property=\"og:image:height\" content=\"1000\" \/>\n\t<meta property=\"og:image:type\" content=\"image\/png\" \/>\n<meta name=\"twitter:card\" content=\"summary_large_image\" \/>\n<meta name=\"twitter:label1\" content=\"Price\" \/>\n\t<meta name=\"twitter:data1\" content=\"12&nbsp;&#122;&#322;\" \/>\n\t<meta name=\"twitter:label2\" content=\"Availability\" \/>\n\t<meta name=\"twitter:data2\" content=\"In stock\" \/>\n<script type=\"application\/ld+json\" class=\"yoast-schema-graph\">{\"@context\":\"https:\/\/schema.org\",\"@graph\":[{\"@type\":\"WebPage\",\"@id\":\"https:\/\/persjarnia.com\/pl\/produkt\/zakladka-herby-ziem-wchodzacych-w-sklad-polski-i-litwy\/\",\"url\":\"https:\/\/persjarnia.com\/pl\/produkt\/zakladka-herby-ziem-wchodzacych-w-sklad-polski-i-litwy\/\",\"name\":\"Zak\u0142adka Orze\u0142 - HERBY ziem wchodz\u0105cych w sk\u0142ad POLSKI i LITWY. - Persjarnia Zambrzyckich\",\"isPartOf\":{\"@id\":\"https:\/\/persjarnia.com\/en\/#website\"},\"primaryImageOfPage\":{\"@id\":\"https:\/\/persjarnia.com\/pl\/produkt\/zakladka-herby-ziem-wchodzacych-w-sklad-polski-i-litwy\/#primaryimage\"},\"image\":{\"@id\":\"https:\/\/persjarnia.com\/pl\/produkt\/zakladka-herby-ziem-wchodzacych-w-sklad-polski-i-litwy\/#primaryimage\"},\"thumbnailUrl\":\"https:\/\/persjarnia.com\/wp-content\/uploads\/2026\/03\/IMG_5456.png\",\"datePublished\":\"2026-03-04T17:36:58+00:00\",\"dateModified\":\"2026-03-17T20:24:42+00:00\",\"description\":\"Zak\u0142adka - HERBY ziem wchodz\u0105cych w sk\u0142ad POLSKI i LITWY. Elegancka zak\u0142adka do ksi\u0105\u017cki z herbami Polski i Litwy inspirowanymi heraldyk\u0105 \u015bredniowieczn\u0105. Tkana zak\u0142adka przedstawia historyczne herby zwi\u0105zane z Kr\u00f3lestwem Polskim i Wielkim Ksi\u0119stwem Litewskim z okresu Bitwy pod Grunwaldem. Oryginalna pami\u0105tka z Polski i wyj\u0105tkowy prezent dla mi\u0142o\u015bnik\u00f3w historii, zamk\u00f3w oraz \u015bredniowiecznej symboliki.\",\"breadcrumb\":{\"@id\":\"https:\/\/persjarnia.com\/pl\/produkt\/zakladka-herby-ziem-wchodzacych-w-sklad-polski-i-litwy\/#breadcrumb\"},\"inLanguage\":\"en-GB\",\"potentialAction\":[{\"@type\":\"ReadAction\",\"target\":[\"https:\/\/persjarnia.com\/pl\/produkt\/zakladka-herby-ziem-wchodzacych-w-sklad-polski-i-litwy\/\"]}]},{\"@type\":\"ImageObject\",\"inLanguage\":\"en-GB\",\"@id\":\"https:\/\/persjarnia.com\/pl\/produkt\/zakladka-herby-ziem-wchodzacych-w-sklad-polski-i-litwy\/#primaryimage\",\"url\":\"https:\/\/persjarnia.com\/wp-content\/uploads\/2026\/03\/IMG_5456.png\",\"contentUrl\":\"https:\/\/persjarnia.com\/wp-content\/uploads\/2026\/03\/IMG_5456.png\",\"width\":1000,\"height\":1000,\"caption\":\"Zak\u0142adka Herb Polski\"},{\"@type\":\"BreadcrumbList\",\"@id\":\"https:\/\/persjarnia.com\/pl\/produkt\/zakladka-herby-ziem-wchodzacych-w-sklad-polski-i-litwy\/#breadcrumb\",\"itemListElement\":[{\"@type\":\"ListItem\",\"position\":1,\"name\":\"Home\",\"item\":\"https:\/\/persjarnia.com\/en\/\"},{\"@type\":\"ListItem\",\"position\":2,\"name\":\"Products\",\"item\":\"https:\/\/persjarnia.com\/en\/shop\/\"},{\"@type\":\"ListItem\",\"position\":3,\"name\":\"Zak\u0142adka Orze\u0142 &#8211; HERBY ziem wchodz\u0105cych w sk\u0142ad POLSKI i LITWY.\"}]},{\"@type\":\"WebSite\",\"@id\":\"https:\/\/persjarnia.com\/en\/#website\",\"url\":\"https:\/\/persjarnia.com\/en\/\",\"name\":\"Persjarnia Zambrzyckich\",\"description\":\"Pasy Kontuszowe, Makaty Buczackie\",\"publisher\":{\"@id\":\"https:\/\/persjarnia.com\/en\/#organization\"},\"potentialAction\":[{\"@type\":\"SearchAction\",\"target\":{\"@type\":\"EntryPoint\",\"urlTemplate\":\"https:\/\/persjarnia.com\/en\/?s={search_term_string}\"},\"query-input\":{\"@type\":\"PropertyValueSpecification\",\"valueRequired\":true,\"valueName\":\"search_term_string\"}}],\"inLanguage\":\"en-GB\"},{\"@type\":\"Organization\",\"@id\":\"https:\/\/persjarnia.com\/en\/#organization\",\"name\":\"Persjarnia Zambrzyckich\",\"url\":\"https:\/\/persjarnia.com\/en\/\",\"logo\":{\"@type\":\"ImageObject\",\"inLanguage\":\"en-GB\",\"@id\":\"https:\/\/persjarnia.com\/en\/#\/schema\/logo\/image\/\",\"url\":\"https:\/\/persjarnia.com\/wp-content\/uploads\/2017\/03\/cropped-logo1-sm.png\",\"contentUrl\":\"https:\/\/persjarnia.com\/wp-content\/uploads\/2017\/03\/cropped-logo1-sm.png\",\"width\":130,\"height\":75,\"caption\":\"Persjarnia Zambrzyckich\"},\"image\":{\"@id\":\"https:\/\/persjarnia.com\/en\/#\/schema\/logo\/image\/\"},\"sameAs\":[\"https:\/\/www.facebook.com\/persjarnia\"]}]}<\/script>\n<meta property=\"product:price:amount\" content=\"12\" \/>\n<meta property=\"product:price:currency\" content=\"PLN\" \/>\n<meta property=\"og:availability\" content=\"instock\" \/>\n<meta property=\"product:availability\" content=\"instock\" \/>\n<meta property=\"product:condition\" content=\"new\" \/>\n<!-- \/ Yoast SEO plugin. -->","yoast_head_json":{"title":"Zak\u0142adka Orze\u0142 - HERBY ziem wchodz\u0105cych w sk\u0142ad POLSKI i LITWY. - Persjarnia Zambrzyckich","description":"Zak\u0142adka - HERBY ziem wchodz\u0105cych w sk\u0142ad POLSKI i LITWY. Elegancka zak\u0142adka do ksi\u0105\u017cki z herbami Polski i Litwy inspirowanymi heraldyk\u0105 \u015bredniowieczn\u0105. Tkana zak\u0142adka przedstawia historyczne herby zwi\u0105zane z Kr\u00f3lestwem Polskim i Wielkim Ksi\u0119stwem Litewskim z okresu Bitwy pod Grunwaldem. Oryginalna pami\u0105tka z Polski i wyj\u0105tkowy prezent dla mi\u0142o\u015bnik\u00f3w historii, zamk\u00f3w oraz \u015bredniowiecznej symboliki.","robots":{"index":"index","follow":"follow","max-snippet":"max-snippet:-1","max-image-preview":"max-image-preview:large","max-video-preview":"max-video-preview:-1"},"canonical":"https:\/\/persjarnia.com\/en\/product\/zakladka-herby-ziem-wchodzacych-w-sklad-polski-i-litwy\/","og_locale":"en_GB","og_type":"article","og_title":"Zak\u0142adka Orze\u0142 - HERBY ziem wchodz\u0105cych w sk\u0142ad POLSKI i LITWY. - Persjarnia Zambrzyckich","og_description":"Zak\u0142adka - HERBY ziem wchodz\u0105cych w sk\u0142ad POLSKI i LITWY. Elegancka zak\u0142adka do ksi\u0105\u017cki z herbami Polski i Litwy inspirowanymi heraldyk\u0105 \u015bredniowieczn\u0105. Tkana zak\u0142adka przedstawia historyczne herby zwi\u0105zane z Kr\u00f3lestwem Polskim i Wielkim Ksi\u0119stwem Litewskim z okresu Bitwy pod Grunwaldem. Oryginalna pami\u0105tka z Polski i wyj\u0105tkowy prezent dla mi\u0142o\u015bnik\u00f3w historii, zamk\u00f3w oraz \u015bredniowiecznej symboliki.","og_url":"https:\/\/persjarnia.com\/en\/product\/zakladka-herby-ziem-wchodzacych-w-sklad-polski-i-litwy\/","og_site_name":"Persjarnia Zambrzyckich","article_publisher":"https:\/\/www.facebook.com\/persjarnia","article_modified_time":"2026-03-17T20:24:42+00:00","og_image":[{"width":1000,"height":1000,"url":"https:\/\/persjarnia.com\/wp-content\/uploads\/2026\/03\/IMG_5456.png","type":"image\/png"}],"twitter_card":"summary_large_image","twitter_misc":{"Price":"12&nbsp;&#122;&#322;","Availability":"In stock"},"schema":{"@context":"https:\/\/schema.org","@graph":[{"@type":"WebPage","@id":"https:\/\/persjarnia.com\/pl\/produkt\/zakladka-herby-ziem-wchodzacych-w-sklad-polski-i-litwy\/","url":"https:\/\/persjarnia.com\/pl\/produkt\/zakladka-herby-ziem-wchodzacych-w-sklad-polski-i-litwy\/","name":"Zak\u0142adka Orze\u0142 - HERBY ziem wchodz\u0105cych w sk\u0142ad POLSKI i LITWY. - Persjarnia Zambrzyckich","isPartOf":{"@id":"https:\/\/persjarnia.com\/en\/#website"},"primaryImageOfPage":{"@id":"https:\/\/persjarnia.com\/pl\/produkt\/zakladka-herby-ziem-wchodzacych-w-sklad-polski-i-litwy\/#primaryimage"},"image":{"@id":"https:\/\/persjarnia.com\/pl\/produkt\/zakladka-herby-ziem-wchodzacych-w-sklad-polski-i-litwy\/#primaryimage"},"thumbnailUrl":"https:\/\/persjarnia.com\/wp-content\/uploads\/2026\/03\/IMG_5456.png","datePublished":"2026-03-04T17:36:58+00:00","dateModified":"2026-03-17T20:24:42+00:00","description":"Zak\u0142adka - HERBY ziem wchodz\u0105cych w sk\u0142ad POLSKI i LITWY. Elegancka zak\u0142adka do ksi\u0105\u017cki z herbami Polski i Litwy inspirowanymi heraldyk\u0105 \u015bredniowieczn\u0105. Tkana zak\u0142adka przedstawia historyczne herby zwi\u0105zane z Kr\u00f3lestwem Polskim i Wielkim Ksi\u0119stwem Litewskim z okresu Bitwy pod Grunwaldem. Oryginalna pami\u0105tka z Polski i wyj\u0105tkowy prezent dla mi\u0142o\u015bnik\u00f3w historii, zamk\u00f3w oraz \u015bredniowiecznej symboliki.","breadcrumb":{"@id":"https:\/\/persjarnia.com\/pl\/produkt\/zakladka-herby-ziem-wchodzacych-w-sklad-polski-i-litwy\/#breadcrumb"},"inLanguage":"en-GB","potentialAction":[{"@type":"ReadAction","target":["https:\/\/persjarnia.com\/pl\/produkt\/zakladka-herby-ziem-wchodzacych-w-sklad-polski-i-litwy\/"]}]},{"@type":"ImageObject","inLanguage":"en-GB","@id":"https:\/\/persjarnia.com\/pl\/produkt\/zakladka-herby-ziem-wchodzacych-w-sklad-polski-i-litwy\/#primaryimage","url":"https:\/\/persjarnia.com\/wp-content\/uploads\/2026\/03\/IMG_5456.png","contentUrl":"https:\/\/persjarnia.com\/wp-content\/uploads\/2026\/03\/IMG_5456.png","width":1000,"height":1000,"caption":"Zak\u0142adka Herb Polski"},{"@type":"BreadcrumbList","@id":"https:\/\/persjarnia.com\/pl\/produkt\/zakladka-herby-ziem-wchodzacych-w-sklad-polski-i-litwy\/#breadcrumb","itemListElement":[{"@type":"ListItem","position":1,"name":"Home","item":"https:\/\/persjarnia.com\/en\/"},{"@type":"ListItem","position":2,"name":"Products","item":"https:\/\/persjarnia.com\/en\/shop\/"},{"@type":"ListItem","position":3,"name":"Zak\u0142adka Orze\u0142 &#8211; HERBY ziem wchodz\u0105cych w sk\u0142ad POLSKI i LITWY."}]},{"@type":"WebSite","@id":"https:\/\/persjarnia.com\/en\/#website","url":"https:\/\/persjarnia.com\/en\/","name":"Persjarnia Zambrzyckich","description":"Kontush Sashes, Buczacz Tapestry","publisher":{"@id":"https:\/\/persjarnia.com\/en\/#organization"},"potentialAction":[{"@type":"SearchAction","target":{"@type":"EntryPoint","urlTemplate":"https:\/\/persjarnia.com\/en\/?s={search_term_string}"},"query-input":{"@type":"PropertyValueSpecification","valueRequired":true,"valueName":"search_term_string"}}],"inLanguage":"en-GB"},{"@type":"Organization","@id":"https:\/\/persjarnia.com\/en\/#organization","name":"Persjarnia Zambrzyckich","url":"https:\/\/persjarnia.com\/en\/","logo":{"@type":"ImageObject","inLanguage":"en-GB","@id":"https:\/\/persjarnia.com\/en\/#\/schema\/logo\/image\/","url":"https:\/\/persjarnia.com\/wp-content\/uploads\/2017\/03\/cropped-logo1-sm.png","contentUrl":"https:\/\/persjarnia.com\/wp-content\/uploads\/2017\/03\/cropped-logo1-sm.png","width":130,"height":75,"caption":"Persjarnia Zambrzyckich"},"image":{"@id":"https:\/\/persjarnia.com\/en\/#\/schema\/logo\/image\/"},"sameAs":["https:\/\/www.facebook.com\/persjarnia"]}]},"product_price_amount":"12","product_price_currency":"PLN","og_availability":"instock","product_availability":"instock","product_condition":"new"},"_links":{"self":[{"href":"https:\/\/persjarnia.com\/en\/wp-json\/wp\/v2\/product\/15644","targetHints":{"allow":["GET"]}}],"collection":[{"href":"https:\/\/persjarnia.com\/en\/wp-json\/wp\/v2\/product"}],"about":[{"href":"https:\/\/persjarnia.com\/en\/wp-json\/wp\/v2\/types\/product"}],"wp:featuredmedia":[{"embeddable":true,"href":"https:\/\/persjarnia.com\/en\/wp-json\/wp\/v2\/media\/15675"}],"wp:attachment":[{"href":"https:\/\/persjarnia.com\/en\/wp-json\/wp\/v2\/media?parent=15644"}],"wp:term":[{"taxonomy":"product_brand","embeddable":true,"href":"https:\/\/persjarnia.com\/en\/wp-json\/wp\/v2\/product_brand?post=15644"},{"taxonomy":"product_cat","embeddable":true,"href":"https:\/\/persjarnia.com\/en\/wp-json\/wp\/v2\/product_cat?post=15644"},{"taxonomy":"product_tag","embeddable":true,"href":"https:\/\/persjarnia.com\/en\/wp-json\/wp\/v2\/product_tag?post=15644"}],"curies":[{"name":"wp","href":"https:\/\/api.w.org\/{rel}","templated":true}]}}