{"id":15647,"date":"2026-03-04T19:09:30","date_gmt":"2026-03-04T18:09:30","guid":{"rendered":"https:\/\/persjarnia.com\/?post_type=product&#038;p=15647"},"modified":"2026-03-17T21:26:20","modified_gmt":"2026-03-17T20:26:20","slug":"zakladka-elementy-herbu-wielkiego-mistrza-zakonu-krzyzackiego","status":"publish","type":"product","link":"https:\/\/persjarnia.com\/en\/product\/zakladka-elementy-herbu-wielkiego-mistrza-zakonu-krzyzackiego\/","title":{"rendered":"Zak\u0142adka Krzy\u017c \u2013 elementy herbu Wielkiego Mistrza Zakonu Krzy\u017cackiego"},"content":{"rendered":"","protected":false},"excerpt":{"rendered":"<p>Zak\u0142adka z herbem Wielkiego Mistrza Zakonu Krzy\u017cackiego wraz z jego elementami sk\u0142adowymi, kt\u00f3re w po\u0142\u0105czeniu tworz\u0105 pe\u0142ny herb Wielkiego Mistrza.<\/p>\n<p>Zak\u0142adka tkana, mi\u0119kka, jednostronna, o rozmiarze 5cm na 25cm,\u00a0 w przezroczystej\u00a0 obwolucie.<\/p>\n<p>Jest to elegancki dodatek do ksi\u0105\u017cki oraz pami\u0105tka z Polski dla os\u00f3b zainteresowanych histori\u0105 i heraldyk\u0105 \u015bredniowiecza.<\/p>\n<p>&nbsp;<\/p>\n<p>Na zak\u0142adce znajduj\u0105 si\u0119 nast\u0119puj\u0105ce herby, u\u0142o\u017cone od g\u00f3ry do do\u0142u:<\/p>\n<ul>\n<li>Herb Kr\u00f3lestwa Jerozolimy: w polu srebrnym krzy\u017c z\u0142oty<\/li>\n<li>Herb Kr\u00f3lestwa Francji: pole lazurowe usiane z\u0142otymi liliami<\/li>\n<li>Herb Wielkiego Mistrza Zakonu Krzy\u017cackiego sk\u0142ada\u0142 si\u0119 z czterech herb\u00f3w tu wymienionych<\/li>\n<li>Herb \u015awi\u0119tego Cesarstwa Rzymskiego: w polu z\u0142otym orze\u0142 czarny<\/li>\n<li>Herb Zakonu Krzy\u017cackiego: w polu bia\u0142ym krzy\u017c czarny<\/li>\n<li>Idealny pomys\u0142 na prezent z Polski dla mi\u0142o\u015bnik\u00f3w historii, zamk\u00f3w i \u015bredniowiecznej kultury.<\/li>\n<\/ul>","protected":false},"featured_media":15691,"template":"","meta":{"_acf_changed":false},"product_brand":[],"product_cat":[351],"product_tag":[],"class_list":{"0":"post-15647","1":"product","2":"type-product","3":"status-publish","4":"has-post-thumbnail","6":"product_cat-herby","8":"first","9":"instock","10":"shipping-taxable","11":"purchasable","12":"product-type-simple"},"acf":[],"yoast_head":"<!-- This site is optimized with the Yoast SEO plugin v26.1 - https:\/\/yoast.com\/wordpress\/plugins\/seo\/ -->\n<title>Zak\u0142adka Krzy\u017c \u2013 elementy herbu Wielkiego Mistrza Zakonu Krzy\u017cackiego - Persjarnia Zambrzyckich<\/title>\n<meta name=\"description\" content=\"Tkana zak\u0142adka do ksi\u0105\u017cki przedstawiaj\u0105ca elementy herbu Wielkiego Mistrza Zakonu Krzy\u017cackiego. Herb Wielkiego Mistrza by\u0142 kompozycj\u0105 czterech herb\u00f3w: Kr\u00f3lestwa Jerozolimy, Kr\u00f3lestwa Francji, \u015awi\u0119tego Cesarstwa Rzymskiego oraz Zakonu Krzy\u017cackiego. Zak\u0142adka jest jednostronna, ma rozmiar 5 \u00d7 25 cm i jest zapakowana w przezroczyst\u0105 elastyczn\u0105 obwolut\u0119. Oryginalna pami\u0105tka z Polski i trafiony prezent dla os\u00f3b zainteresowanych histori\u0105.\" \/>\n<meta name=\"robots\" content=\"index, follow, max-snippet:-1, max-image-preview:large, max-video-preview:-1\" \/>\n<link rel=\"canonical\" href=\"https:\/\/persjarnia.com\/en\/product\/zakladka-elementy-herbu-wielkiego-mistrza-zakonu-krzyzackiego\/\" \/>\n<meta property=\"og:locale\" content=\"en_GB\" \/>\n<meta property=\"og:type\" content=\"article\" \/>\n<meta property=\"og:title\" content=\"Zak\u0142adka Krzy\u017c \u2013 elementy herbu Wielkiego Mistrza Zakonu Krzy\u017cackiego - Persjarnia Zambrzyckich\" \/>\n<meta property=\"og:description\" content=\"Tkana zak\u0142adka do ksi\u0105\u017cki przedstawiaj\u0105ca elementy herbu Wielkiego Mistrza Zakonu Krzy\u017cackiego. Herb Wielkiego Mistrza by\u0142 kompozycj\u0105 czterech herb\u00f3w: Kr\u00f3lestwa Jerozolimy, Kr\u00f3lestwa Francji, \u015awi\u0119tego Cesarstwa Rzymskiego oraz Zakonu Krzy\u017cackiego. Zak\u0142adka jest jednostronna, ma rozmiar 5 \u00d7 25 cm i jest zapakowana w przezroczyst\u0105 elastyczn\u0105 obwolut\u0119. Oryginalna pami\u0105tka z Polski i trafiony prezent dla os\u00f3b zainteresowanych histori\u0105.\" \/>\n<meta property=\"og:url\" content=\"https:\/\/persjarnia.com\/en\/product\/zakladka-elementy-herbu-wielkiego-mistrza-zakonu-krzyzackiego\/\" \/>\n<meta property=\"og:site_name\" content=\"Persjarnia Zambrzyckich\" \/>\n<meta property=\"article:publisher\" content=\"https:\/\/www.facebook.com\/persjarnia\" \/>\n<meta property=\"article:modified_time\" content=\"2026-03-17T20:26:20+00:00\" \/>\n<meta property=\"og:image\" content=\"https:\/\/persjarnia.com\/wp-content\/uploads\/2026\/03\/IMG_5475-1.png\" \/>\n\t<meta property=\"og:image:width\" content=\"1000\" \/>\n\t<meta property=\"og:image:height\" content=\"1000\" \/>\n\t<meta property=\"og:image:type\" content=\"image\/png\" \/>\n<meta name=\"twitter:card\" content=\"summary_large_image\" \/>\n<meta name=\"twitter:label1\" content=\"Price\" \/>\n\t<meta name=\"twitter:data1\" content=\"12&nbsp;&#122;&#322;\" \/>\n\t<meta name=\"twitter:label2\" content=\"Availability\" \/>\n\t<meta name=\"twitter:data2\" content=\"In stock\" \/>\n<script type=\"application\/ld+json\" class=\"yoast-schema-graph\">{\"@context\":\"https:\/\/schema.org\",\"@graph\":[{\"@type\":\"WebPage\",\"@id\":\"https:\/\/persjarnia.com\/pl\/produkt\/zakladka-elementy-herbu-wielkiego-mistrza-zakonu-krzyzackiego\/\",\"url\":\"https:\/\/persjarnia.com\/pl\/produkt\/zakladka-elementy-herbu-wielkiego-mistrza-zakonu-krzyzackiego\/\",\"name\":\"Zak\u0142adka Krzy\u017c \u2013 elementy herbu Wielkiego Mistrza Zakonu Krzy\u017cackiego - Persjarnia Zambrzyckich\",\"isPartOf\":{\"@id\":\"https:\/\/persjarnia.com\/en\/#website\"},\"primaryImageOfPage\":{\"@id\":\"https:\/\/persjarnia.com\/pl\/produkt\/zakladka-elementy-herbu-wielkiego-mistrza-zakonu-krzyzackiego\/#primaryimage\"},\"image\":{\"@id\":\"https:\/\/persjarnia.com\/pl\/produkt\/zakladka-elementy-herbu-wielkiego-mistrza-zakonu-krzyzackiego\/#primaryimage\"},\"thumbnailUrl\":\"https:\/\/persjarnia.com\/wp-content\/uploads\/2026\/03\/IMG_5475-1.png\",\"datePublished\":\"2026-03-04T18:09:30+00:00\",\"dateModified\":\"2026-03-17T20:26:20+00:00\",\"description\":\"Tkana zak\u0142adka do ksi\u0105\u017cki przedstawiaj\u0105ca elementy herbu Wielkiego Mistrza Zakonu Krzy\u017cackiego. Herb Wielkiego Mistrza by\u0142 kompozycj\u0105 czterech herb\u00f3w: Kr\u00f3lestwa Jerozolimy, Kr\u00f3lestwa Francji, \u015awi\u0119tego Cesarstwa Rzymskiego oraz Zakonu Krzy\u017cackiego. Zak\u0142adka jest jednostronna, ma rozmiar 5 \u00d7 25 cm i jest zapakowana w przezroczyst\u0105 elastyczn\u0105 obwolut\u0119. Oryginalna pami\u0105tka z Polski i trafiony prezent dla os\u00f3b zainteresowanych histori\u0105.\",\"breadcrumb\":{\"@id\":\"https:\/\/persjarnia.com\/pl\/produkt\/zakladka-elementy-herbu-wielkiego-mistrza-zakonu-krzyzackiego\/#breadcrumb\"},\"inLanguage\":\"en-GB\",\"potentialAction\":[{\"@type\":\"ReadAction\",\"target\":[\"https:\/\/persjarnia.com\/pl\/produkt\/zakladka-elementy-herbu-wielkiego-mistrza-zakonu-krzyzackiego\/\"]}]},{\"@type\":\"ImageObject\",\"inLanguage\":\"en-GB\",\"@id\":\"https:\/\/persjarnia.com\/pl\/produkt\/zakladka-elementy-herbu-wielkiego-mistrza-zakonu-krzyzackiego\/#primaryimage\",\"url\":\"https:\/\/persjarnia.com\/wp-content\/uploads\/2026\/03\/IMG_5475-1.png\",\"contentUrl\":\"https:\/\/persjarnia.com\/wp-content\/uploads\/2026\/03\/IMG_5475-1.png\",\"width\":1000,\"height\":1000},{\"@type\":\"BreadcrumbList\",\"@id\":\"https:\/\/persjarnia.com\/pl\/produkt\/zakladka-elementy-herbu-wielkiego-mistrza-zakonu-krzyzackiego\/#breadcrumb\",\"itemListElement\":[{\"@type\":\"ListItem\",\"position\":1,\"name\":\"Home\",\"item\":\"https:\/\/persjarnia.com\/en\/\"},{\"@type\":\"ListItem\",\"position\":2,\"name\":\"Products\",\"item\":\"https:\/\/persjarnia.com\/en\/shop\/\"},{\"@type\":\"ListItem\",\"position\":3,\"name\":\"Zak\u0142adka Krzy\u017c \u2013 elementy herbu Wielkiego Mistrza Zakonu Krzy\u017cackiego\"}]},{\"@type\":\"WebSite\",\"@id\":\"https:\/\/persjarnia.com\/en\/#website\",\"url\":\"https:\/\/persjarnia.com\/en\/\",\"name\":\"Persjarnia Zambrzyckich\",\"description\":\"Pasy Kontuszowe, Makaty Buczackie\",\"publisher\":{\"@id\":\"https:\/\/persjarnia.com\/en\/#organization\"},\"potentialAction\":[{\"@type\":\"SearchAction\",\"target\":{\"@type\":\"EntryPoint\",\"urlTemplate\":\"https:\/\/persjarnia.com\/en\/?s={search_term_string}\"},\"query-input\":{\"@type\":\"PropertyValueSpecification\",\"valueRequired\":true,\"valueName\":\"search_term_string\"}}],\"inLanguage\":\"en-GB\"},{\"@type\":\"Organization\",\"@id\":\"https:\/\/persjarnia.com\/en\/#organization\",\"name\":\"Persjarnia Zambrzyckich\",\"url\":\"https:\/\/persjarnia.com\/en\/\",\"logo\":{\"@type\":\"ImageObject\",\"inLanguage\":\"en-GB\",\"@id\":\"https:\/\/persjarnia.com\/en\/#\/schema\/logo\/image\/\",\"url\":\"https:\/\/persjarnia.com\/wp-content\/uploads\/2017\/03\/cropped-logo1-sm.png\",\"contentUrl\":\"https:\/\/persjarnia.com\/wp-content\/uploads\/2017\/03\/cropped-logo1-sm.png\",\"width\":130,\"height\":75,\"caption\":\"Persjarnia Zambrzyckich\"},\"image\":{\"@id\":\"https:\/\/persjarnia.com\/en\/#\/schema\/logo\/image\/\"},\"sameAs\":[\"https:\/\/www.facebook.com\/persjarnia\"]}]}<\/script>\n<meta property=\"product:price:amount\" content=\"12\" \/>\n<meta property=\"product:price:currency\" content=\"PLN\" \/>\n<meta property=\"og:availability\" content=\"instock\" \/>\n<meta property=\"product:availability\" content=\"instock\" \/>\n<meta property=\"product:condition\" content=\"new\" \/>\n<!-- \/ Yoast SEO plugin. -->","yoast_head_json":{"title":"Zak\u0142adka Krzy\u017c \u2013 elementy herbu Wielkiego Mistrza Zakonu Krzy\u017cackiego - Persjarnia Zambrzyckich","description":"Tkana zak\u0142adka do ksi\u0105\u017cki przedstawiaj\u0105ca elementy herbu Wielkiego Mistrza Zakonu Krzy\u017cackiego. Herb Wielkiego Mistrza by\u0142 kompozycj\u0105 czterech herb\u00f3w: Kr\u00f3lestwa Jerozolimy, Kr\u00f3lestwa Francji, \u015awi\u0119tego Cesarstwa Rzymskiego oraz Zakonu Krzy\u017cackiego. Zak\u0142adka jest jednostronna, ma rozmiar 5 \u00d7 25 cm i jest zapakowana w przezroczyst\u0105 elastyczn\u0105 obwolut\u0119. Oryginalna pami\u0105tka z Polski i trafiony prezent dla os\u00f3b zainteresowanych histori\u0105.","robots":{"index":"index","follow":"follow","max-snippet":"max-snippet:-1","max-image-preview":"max-image-preview:large","max-video-preview":"max-video-preview:-1"},"canonical":"https:\/\/persjarnia.com\/en\/product\/zakladka-elementy-herbu-wielkiego-mistrza-zakonu-krzyzackiego\/","og_locale":"en_GB","og_type":"article","og_title":"Zak\u0142adka Krzy\u017c \u2013 elementy herbu Wielkiego Mistrza Zakonu Krzy\u017cackiego - Persjarnia Zambrzyckich","og_description":"Tkana zak\u0142adka do ksi\u0105\u017cki przedstawiaj\u0105ca elementy herbu Wielkiego Mistrza Zakonu Krzy\u017cackiego. Herb Wielkiego Mistrza by\u0142 kompozycj\u0105 czterech herb\u00f3w: Kr\u00f3lestwa Jerozolimy, Kr\u00f3lestwa Francji, \u015awi\u0119tego Cesarstwa Rzymskiego oraz Zakonu Krzy\u017cackiego. Zak\u0142adka jest jednostronna, ma rozmiar 5 \u00d7 25 cm i jest zapakowana w przezroczyst\u0105 elastyczn\u0105 obwolut\u0119. Oryginalna pami\u0105tka z Polski i trafiony prezent dla os\u00f3b zainteresowanych histori\u0105.","og_url":"https:\/\/persjarnia.com\/en\/product\/zakladka-elementy-herbu-wielkiego-mistrza-zakonu-krzyzackiego\/","og_site_name":"Persjarnia Zambrzyckich","article_publisher":"https:\/\/www.facebook.com\/persjarnia","article_modified_time":"2026-03-17T20:26:20+00:00","og_image":[{"width":1000,"height":1000,"url":"https:\/\/persjarnia.com\/wp-content\/uploads\/2026\/03\/IMG_5475-1.png","type":"image\/png"}],"twitter_card":"summary_large_image","twitter_misc":{"Price":"12&nbsp;&#122;&#322;","Availability":"In stock"},"schema":{"@context":"https:\/\/schema.org","@graph":[{"@type":"WebPage","@id":"https:\/\/persjarnia.com\/pl\/produkt\/zakladka-elementy-herbu-wielkiego-mistrza-zakonu-krzyzackiego\/","url":"https:\/\/persjarnia.com\/pl\/produkt\/zakladka-elementy-herbu-wielkiego-mistrza-zakonu-krzyzackiego\/","name":"Zak\u0142adka Krzy\u017c \u2013 elementy herbu Wielkiego Mistrza Zakonu Krzy\u017cackiego - Persjarnia Zambrzyckich","isPartOf":{"@id":"https:\/\/persjarnia.com\/en\/#website"},"primaryImageOfPage":{"@id":"https:\/\/persjarnia.com\/pl\/produkt\/zakladka-elementy-herbu-wielkiego-mistrza-zakonu-krzyzackiego\/#primaryimage"},"image":{"@id":"https:\/\/persjarnia.com\/pl\/produkt\/zakladka-elementy-herbu-wielkiego-mistrza-zakonu-krzyzackiego\/#primaryimage"},"thumbnailUrl":"https:\/\/persjarnia.com\/wp-content\/uploads\/2026\/03\/IMG_5475-1.png","datePublished":"2026-03-04T18:09:30+00:00","dateModified":"2026-03-17T20:26:20+00:00","description":"Tkana zak\u0142adka do ksi\u0105\u017cki przedstawiaj\u0105ca elementy herbu Wielkiego Mistrza Zakonu Krzy\u017cackiego. Herb Wielkiego Mistrza by\u0142 kompozycj\u0105 czterech herb\u00f3w: Kr\u00f3lestwa Jerozolimy, Kr\u00f3lestwa Francji, \u015awi\u0119tego Cesarstwa Rzymskiego oraz Zakonu Krzy\u017cackiego. Zak\u0142adka jest jednostronna, ma rozmiar 5 \u00d7 25 cm i jest zapakowana w przezroczyst\u0105 elastyczn\u0105 obwolut\u0119. Oryginalna pami\u0105tka z Polski i trafiony prezent dla os\u00f3b zainteresowanych histori\u0105.","breadcrumb":{"@id":"https:\/\/persjarnia.com\/pl\/produkt\/zakladka-elementy-herbu-wielkiego-mistrza-zakonu-krzyzackiego\/#breadcrumb"},"inLanguage":"en-GB","potentialAction":[{"@type":"ReadAction","target":["https:\/\/persjarnia.com\/pl\/produkt\/zakladka-elementy-herbu-wielkiego-mistrza-zakonu-krzyzackiego\/"]}]},{"@type":"ImageObject","inLanguage":"en-GB","@id":"https:\/\/persjarnia.com\/pl\/produkt\/zakladka-elementy-herbu-wielkiego-mistrza-zakonu-krzyzackiego\/#primaryimage","url":"https:\/\/persjarnia.com\/wp-content\/uploads\/2026\/03\/IMG_5475-1.png","contentUrl":"https:\/\/persjarnia.com\/wp-content\/uploads\/2026\/03\/IMG_5475-1.png","width":1000,"height":1000},{"@type":"BreadcrumbList","@id":"https:\/\/persjarnia.com\/pl\/produkt\/zakladka-elementy-herbu-wielkiego-mistrza-zakonu-krzyzackiego\/#breadcrumb","itemListElement":[{"@type":"ListItem","position":1,"name":"Home","item":"https:\/\/persjarnia.com\/en\/"},{"@type":"ListItem","position":2,"name":"Products","item":"https:\/\/persjarnia.com\/en\/shop\/"},{"@type":"ListItem","position":3,"name":"Zak\u0142adka Krzy\u017c \u2013 elementy herbu Wielkiego Mistrza Zakonu Krzy\u017cackiego"}]},{"@type":"WebSite","@id":"https:\/\/persjarnia.com\/en\/#website","url":"https:\/\/persjarnia.com\/en\/","name":"Persjarnia Zambrzyckich","description":"Kontush Sashes, Buczacz Tapestry","publisher":{"@id":"https:\/\/persjarnia.com\/en\/#organization"},"potentialAction":[{"@type":"SearchAction","target":{"@type":"EntryPoint","urlTemplate":"https:\/\/persjarnia.com\/en\/?s={search_term_string}"},"query-input":{"@type":"PropertyValueSpecification","valueRequired":true,"valueName":"search_term_string"}}],"inLanguage":"en-GB"},{"@type":"Organization","@id":"https:\/\/persjarnia.com\/en\/#organization","name":"Persjarnia Zambrzyckich","url":"https:\/\/persjarnia.com\/en\/","logo":{"@type":"ImageObject","inLanguage":"en-GB","@id":"https:\/\/persjarnia.com\/en\/#\/schema\/logo\/image\/","url":"https:\/\/persjarnia.com\/wp-content\/uploads\/2017\/03\/cropped-logo1-sm.png","contentUrl":"https:\/\/persjarnia.com\/wp-content\/uploads\/2017\/03\/cropped-logo1-sm.png","width":130,"height":75,"caption":"Persjarnia Zambrzyckich"},"image":{"@id":"https:\/\/persjarnia.com\/en\/#\/schema\/logo\/image\/"},"sameAs":["https:\/\/www.facebook.com\/persjarnia"]}]},"product_price_amount":"12","product_price_currency":"PLN","og_availability":"instock","product_availability":"instock","product_condition":"new"},"_links":{"self":[{"href":"https:\/\/persjarnia.com\/en\/wp-json\/wp\/v2\/product\/15647","targetHints":{"allow":["GET"]}}],"collection":[{"href":"https:\/\/persjarnia.com\/en\/wp-json\/wp\/v2\/product"}],"about":[{"href":"https:\/\/persjarnia.com\/en\/wp-json\/wp\/v2\/types\/product"}],"wp:featuredmedia":[{"embeddable":true,"href":"https:\/\/persjarnia.com\/en\/wp-json\/wp\/v2\/media\/15691"}],"wp:attachment":[{"href":"https:\/\/persjarnia.com\/en\/wp-json\/wp\/v2\/media?parent=15647"}],"wp:term":[{"taxonomy":"product_brand","embeddable":true,"href":"https:\/\/persjarnia.com\/en\/wp-json\/wp\/v2\/product_brand?post=15647"},{"taxonomy":"product_cat","embeddable":true,"href":"https:\/\/persjarnia.com\/en\/wp-json\/wp\/v2\/product_cat?post=15647"},{"taxonomy":"product_tag","embeddable":true,"href":"https:\/\/persjarnia.com\/en\/wp-json\/wp\/v2\/product_tag?post=15647"}],"curies":[{"name":"wp","href":"https:\/\/api.w.org\/{rel}","templated":true}]}}