{"id":15653,"date":"2026-03-06T21:32:14","date_gmt":"2026-03-06T20:32:14","guid":{"rendered":"https:\/\/persjarnia.com\/?post_type=product&#038;p=15653"},"modified":"2026-03-09T19:06:39","modified_gmt":"2026-03-09T18:06:39","slug":"portfelik-herby-zakonu-krzyzackiego-oraz-jego-sojusznikow","status":"publish","type":"product","link":"https:\/\/persjarnia.com\/en\/product\/portfelik-herby-zakonu-krzyzackiego-oraz-jego-sojusznikow\/","title":{"rendered":"Portfelik &#8211; herby Zakonu Krzy\u017cackiego oraz  jego sojusznik\u00f3w"},"content":{"rendered":"","protected":false},"excerpt":{"rendered":"<p>Portfelik na szel\u0105gi, kwartniki i p\u00f3\u0142skojce.<\/p>\n<p>Tkany, o wymiarach 10 cm \u00d7 14 cm, zamykany na zamek b\u0142yskawiczny.<\/p>\n<p>Z jednej strony portfelika widnieje\u00a0herb Wielkiego Mistrza Zakonu Krzy\u017cackiego wraz z jego elementami sk\u0142adowymi, kt\u00f3re w po\u0142\u0105czeniu tworz\u0105 pe\u0142ny herb Wielkiego Mistrza.<\/p>\n<p>Opis herb\u00f3w od \u015brodka \u00a0i na prawo &#8222;wed\u0142ug wskaz\u00f3wki zegara&#8221;:<\/p>\n<ul>\n<li>W centrum: Herb Wielkiego Mistrza Zakonu Krzy\u017cackiego<\/li>\n<li>Herb \u015awi\u0119tego Cesarstwa Rzymskiego: w polu z\u0142otym orze\u0142 czarny<\/li>\n<li>Herb Zakonu Krzy\u017cackiego: w polu bia\u0142ym krzy\u017c czarny<\/li>\n<li>Herb Kr\u00f3lestwa Francji: pole lazurowe usiane z\u0142otymi liliami<\/li>\n<li>Herb Kr\u00f3lestwa Jerozolimy: w polu srebrnym krzy\u017c z\u0142oty<\/li>\n<\/ul>\n<p>Na obwodzie pe\u0142na nazwa Zakonu Krzy\u017cackiego po \u0142acinie, zapisana gotyck\u0105 czcionk\u0105<\/p>\n<p>(od krzy\u017ca na prawo): ORDO FRATRUM DOMUS HOSPITALIS SANCTAE MARIAE THEUTONICORUM HIEROSOLYMITHANORUM<\/p>\n<p>Z drugiej strony portfelika wida\u0107 herby sojusznik\u00f3w Zakonu Krzy\u017cackiego<\/p>\n<ul>\n<li>W centrum: Herb Ksi\u0119stwa Luksemburga: na polu srebrnym w pasach niebieskich koronowany lew czerwony<\/li>\n<li>Dalej na prawo: Herb Ksi\u0119stwa Pomorskiego: w polu srebrnym gryf czerwony<\/li>\n<li>Herb Ksi\u0119stwa Ole\u015bnickiego: w polu z\u0142otym orze\u0142 \u015bl\u0105ski czarny<\/li>\n<li>Herb Kr\u00f3lestwa Czech: w polu czerwonym koronowany lew bia\u0142y<\/li>\n<li>Herb Kr\u00f3lestwa W\u0119gier: tarcza dwudzielna w pas, \u00a0Arpad w polu prawym, w bia\u0142ym polu lewym krzy\u017c lotary\u0144ski na tr\u00f3jg\u00f3rzu zielonym<\/li>\n<\/ul>\n<p>Na obwodzie widniej\u0105 nazwy pa\u0144stw po \u0142acinie, zapisane gotyck\u0105 czcionk\u0105<\/p>\n<p>(od \u015brodka u g\u00f3ry i na prawo): DUCATUS LUXEMBURG, DUC. POMERANI\u00c6, DUCATUS OLSNENSIS, REGNUM BOHEMI\u00c6, REGNUM HUNGARI\u00c6<\/p>\n<p>&nbsp;<\/p>","protected":false},"featured_media":15690,"template":"","meta":{"_acf_changed":false},"product_brand":[],"product_cat":[351],"product_tag":[],"class_list":{"0":"post-15653","1":"product","2":"type-product","3":"status-publish","4":"has-post-thumbnail","6":"product_cat-herby","8":"first","9":"instock","10":"shipping-taxable","11":"purchasable","12":"product-type-simple"},"acf":[],"yoast_head":"<!-- This site is optimized with the Yoast SEO plugin v26.1 - https:\/\/yoast.com\/wordpress\/plugins\/seo\/ -->\n<title>Portfelik - herby Zakonu Krzy\u017cackiego oraz jego sojusznik\u00f3w - Persjarnia Zambrzyckich<\/title>\n<meta name=\"description\" content=\"Portfelik inspirowany heraldyk\u0105 Zakonu Krzy\u017cackiego i jego historycznych sojusznik\u00f3w. Tkany portfel o wymiarach 10 \u00d7 14 cm, zamykany na zamek b\u0142yskawiczny. Z jednej strony przedstawia herb Wielkiego Mistrza Zakonu Krzy\u017cackiego wraz z elementami heraldycznymi \u015awi\u0119tego Cesarstwa Rzymskiego, Zakonu Krzy\u017cackiego, Kr\u00f3lestwa Francji i Kr\u00f3lestwa Jerozolimy. Z drugiej strony znajduj\u0105 si\u0119 herby sojusznik\u00f3w Zakonu: Luksemburga, Pomorza, Ole\u015bnicy, Czech i W\u0119gier. Oryginalny motyw historyczny z \u0142aci\u0144skimi napisami w gotyckiej czcionce czyni portfel wyj\u0105tkow\u0105 pami\u0105tk\u0105 inspirowan\u0105 \u015bredniowieczn\u0105 histori\u0105 Europy.\" \/>\n<meta name=\"robots\" content=\"index, follow, max-snippet:-1, max-image-preview:large, max-video-preview:-1\" \/>\n<link rel=\"canonical\" href=\"https:\/\/persjarnia.com\/en\/product\/portfelik-herby-zakonu-krzyzackiego-oraz-jego-sojusznikow\/\" \/>\n<meta property=\"og:locale\" content=\"en_GB\" \/>\n<meta property=\"og:type\" content=\"article\" \/>\n<meta property=\"og:title\" content=\"Portfelik - herby Zakonu Krzy\u017cackiego oraz jego sojusznik\u00f3w - Persjarnia Zambrzyckich\" \/>\n<meta property=\"og:description\" content=\"Portfelik inspirowany heraldyk\u0105 Zakonu Krzy\u017cackiego i jego historycznych sojusznik\u00f3w. Tkany portfel o wymiarach 10 \u00d7 14 cm, zamykany na zamek b\u0142yskawiczny. Z jednej strony przedstawia herb Wielkiego Mistrza Zakonu Krzy\u017cackiego wraz z elementami heraldycznymi \u015awi\u0119tego Cesarstwa Rzymskiego, Zakonu Krzy\u017cackiego, Kr\u00f3lestwa Francji i Kr\u00f3lestwa Jerozolimy. Z drugiej strony znajduj\u0105 si\u0119 herby sojusznik\u00f3w Zakonu: Luksemburga, Pomorza, Ole\u015bnicy, Czech i W\u0119gier. Oryginalny motyw historyczny z \u0142aci\u0144skimi napisami w gotyckiej czcionce czyni portfel wyj\u0105tkow\u0105 pami\u0105tk\u0105 inspirowan\u0105 \u015bredniowieczn\u0105 histori\u0105 Europy.\" \/>\n<meta property=\"og:url\" content=\"https:\/\/persjarnia.com\/en\/product\/portfelik-herby-zakonu-krzyzackiego-oraz-jego-sojusznikow\/\" \/>\n<meta property=\"og:site_name\" content=\"Persjarnia Zambrzyckich\" \/>\n<meta property=\"article:publisher\" content=\"https:\/\/www.facebook.com\/persjarnia\" \/>\n<meta property=\"article:modified_time\" content=\"2026-03-09T18:06:39+00:00\" \/>\n<meta property=\"og:image\" content=\"https:\/\/persjarnia.com\/wp-content\/uploads\/2026\/03\/IMG_5485.png\" \/>\n\t<meta property=\"og:image:width\" content=\"1000\" \/>\n\t<meta property=\"og:image:height\" content=\"1000\" \/>\n\t<meta property=\"og:image:type\" content=\"image\/png\" \/>\n<meta name=\"twitter:card\" content=\"summary_large_image\" \/>\n<meta name=\"twitter:label1\" content=\"Price\" \/>\n\t<meta name=\"twitter:data1\" content=\"24&nbsp;&#122;&#322;\" \/>\n\t<meta name=\"twitter:label2\" content=\"Availability\" \/>\n\t<meta name=\"twitter:data2\" content=\"In stock\" \/>\n<script type=\"application\/ld+json\" class=\"yoast-schema-graph\">{\"@context\":\"https:\/\/schema.org\",\"@graph\":[{\"@type\":\"WebPage\",\"@id\":\"https:\/\/persjarnia.com\/en\/product\/portfelik-herby-zakonu-krzyzackiego-oraz-jego-sojusznikow\/\",\"url\":\"https:\/\/persjarnia.com\/en\/product\/portfelik-herby-zakonu-krzyzackiego-oraz-jego-sojusznikow\/\",\"name\":\"Portfelik - herby Zakonu Krzy\u017cackiego oraz jego sojusznik\u00f3w - Persjarnia Zambrzyckich\",\"isPartOf\":{\"@id\":\"https:\/\/persjarnia.com\/en\/#website\"},\"primaryImageOfPage\":{\"@id\":\"https:\/\/persjarnia.com\/en\/product\/portfelik-herby-zakonu-krzyzackiego-oraz-jego-sojusznikow\/#primaryimage\"},\"image\":{\"@id\":\"https:\/\/persjarnia.com\/en\/product\/portfelik-herby-zakonu-krzyzackiego-oraz-jego-sojusznikow\/#primaryimage\"},\"thumbnailUrl\":\"https:\/\/persjarnia.com\/wp-content\/uploads\/2026\/03\/IMG_5485.png\",\"datePublished\":\"2026-03-06T20:32:14+00:00\",\"dateModified\":\"2026-03-09T18:06:39+00:00\",\"description\":\"Portfelik inspirowany heraldyk\u0105 Zakonu Krzy\u017cackiego i jego historycznych sojusznik\u00f3w. Tkany portfel o wymiarach 10 \u00d7 14 cm, zamykany na zamek b\u0142yskawiczny. Z jednej strony przedstawia herb Wielkiego Mistrza Zakonu Krzy\u017cackiego wraz z elementami heraldycznymi \u015awi\u0119tego Cesarstwa Rzymskiego, Zakonu Krzy\u017cackiego, Kr\u00f3lestwa Francji i Kr\u00f3lestwa Jerozolimy. Z drugiej strony znajduj\u0105 si\u0119 herby sojusznik\u00f3w Zakonu: Luksemburga, Pomorza, Ole\u015bnicy, Czech i W\u0119gier. Oryginalny motyw historyczny z \u0142aci\u0144skimi napisami w gotyckiej czcionce czyni portfel wyj\u0105tkow\u0105 pami\u0105tk\u0105 inspirowan\u0105 \u015bredniowieczn\u0105 histori\u0105 Europy.\",\"breadcrumb\":{\"@id\":\"https:\/\/persjarnia.com\/en\/product\/portfelik-herby-zakonu-krzyzackiego-oraz-jego-sojusznikow\/#breadcrumb\"},\"inLanguage\":\"en-GB\",\"potentialAction\":[{\"@type\":\"ReadAction\",\"target\":[\"https:\/\/persjarnia.com\/en\/product\/portfelik-herby-zakonu-krzyzackiego-oraz-jego-sojusznikow\/\"]}]},{\"@type\":\"ImageObject\",\"inLanguage\":\"en-GB\",\"@id\":\"https:\/\/persjarnia.com\/en\/product\/portfelik-herby-zakonu-krzyzackiego-oraz-jego-sojusznikow\/#primaryimage\",\"url\":\"https:\/\/persjarnia.com\/wp-content\/uploads\/2026\/03\/IMG_5485.png\",\"contentUrl\":\"https:\/\/persjarnia.com\/wp-content\/uploads\/2026\/03\/IMG_5485.png\",\"width\":1000,\"height\":1000},{\"@type\":\"BreadcrumbList\",\"@id\":\"https:\/\/persjarnia.com\/en\/product\/portfelik-herby-zakonu-krzyzackiego-oraz-jego-sojusznikow\/#breadcrumb\",\"itemListElement\":[{\"@type\":\"ListItem\",\"position\":1,\"name\":\"Home\",\"item\":\"https:\/\/persjarnia.com\/en\/\"},{\"@type\":\"ListItem\",\"position\":2,\"name\":\"Products\",\"item\":\"https:\/\/persjarnia.com\/en\/shop\/\"},{\"@type\":\"ListItem\",\"position\":3,\"name\":\"Portfelik &#8211; herby Zakonu Krzy\u017cackiego oraz jego sojusznik\u00f3w\"}]},{\"@type\":\"WebSite\",\"@id\":\"https:\/\/persjarnia.com\/en\/#website\",\"url\":\"https:\/\/persjarnia.com\/en\/\",\"name\":\"Persjarnia Zambrzyckich\",\"description\":\"Pasy Kontuszowe, Makaty Buczackie\",\"publisher\":{\"@id\":\"https:\/\/persjarnia.com\/en\/#organization\"},\"potentialAction\":[{\"@type\":\"SearchAction\",\"target\":{\"@type\":\"EntryPoint\",\"urlTemplate\":\"https:\/\/persjarnia.com\/en\/?s={search_term_string}\"},\"query-input\":{\"@type\":\"PropertyValueSpecification\",\"valueRequired\":true,\"valueName\":\"search_term_string\"}}],\"inLanguage\":\"en-GB\"},{\"@type\":\"Organization\",\"@id\":\"https:\/\/persjarnia.com\/en\/#organization\",\"name\":\"Persjarnia Zambrzyckich\",\"url\":\"https:\/\/persjarnia.com\/en\/\",\"logo\":{\"@type\":\"ImageObject\",\"inLanguage\":\"en-GB\",\"@id\":\"https:\/\/persjarnia.com\/en\/#\/schema\/logo\/image\/\",\"url\":\"https:\/\/persjarnia.com\/wp-content\/uploads\/2017\/03\/cropped-logo1-sm.png\",\"contentUrl\":\"https:\/\/persjarnia.com\/wp-content\/uploads\/2017\/03\/cropped-logo1-sm.png\",\"width\":130,\"height\":75,\"caption\":\"Persjarnia Zambrzyckich\"},\"image\":{\"@id\":\"https:\/\/persjarnia.com\/en\/#\/schema\/logo\/image\/\"},\"sameAs\":[\"https:\/\/www.facebook.com\/persjarnia\"]}]}<\/script>\n<meta property=\"product:price:amount\" content=\"24\" \/>\n<meta property=\"product:price:currency\" content=\"PLN\" \/>\n<meta property=\"og:availability\" content=\"instock\" \/>\n<meta property=\"product:availability\" content=\"instock\" \/>\n<meta property=\"product:condition\" content=\"new\" \/>\n<!-- \/ Yoast SEO plugin. -->","yoast_head_json":{"title":"Portfelik - herby Zakonu Krzy\u017cackiego oraz jego sojusznik\u00f3w - Persjarnia Zambrzyckich","description":"Portfelik inspirowany heraldyk\u0105 Zakonu Krzy\u017cackiego i jego historycznych sojusznik\u00f3w. Tkany portfel o wymiarach 10 \u00d7 14 cm, zamykany na zamek b\u0142yskawiczny. Z jednej strony przedstawia herb Wielkiego Mistrza Zakonu Krzy\u017cackiego wraz z elementami heraldycznymi \u015awi\u0119tego Cesarstwa Rzymskiego, Zakonu Krzy\u017cackiego, Kr\u00f3lestwa Francji i Kr\u00f3lestwa Jerozolimy. Z drugiej strony znajduj\u0105 si\u0119 herby sojusznik\u00f3w Zakonu: Luksemburga, Pomorza, Ole\u015bnicy, Czech i W\u0119gier. Oryginalny motyw historyczny z \u0142aci\u0144skimi napisami w gotyckiej czcionce czyni portfel wyj\u0105tkow\u0105 pami\u0105tk\u0105 inspirowan\u0105 \u015bredniowieczn\u0105 histori\u0105 Europy.","robots":{"index":"index","follow":"follow","max-snippet":"max-snippet:-1","max-image-preview":"max-image-preview:large","max-video-preview":"max-video-preview:-1"},"canonical":"https:\/\/persjarnia.com\/en\/product\/portfelik-herby-zakonu-krzyzackiego-oraz-jego-sojusznikow\/","og_locale":"en_GB","og_type":"article","og_title":"Portfelik - herby Zakonu Krzy\u017cackiego oraz jego sojusznik\u00f3w - Persjarnia Zambrzyckich","og_description":"Portfelik inspirowany heraldyk\u0105 Zakonu Krzy\u017cackiego i jego historycznych sojusznik\u00f3w. Tkany portfel o wymiarach 10 \u00d7 14 cm, zamykany na zamek b\u0142yskawiczny. Z jednej strony przedstawia herb Wielkiego Mistrza Zakonu Krzy\u017cackiego wraz z elementami heraldycznymi \u015awi\u0119tego Cesarstwa Rzymskiego, Zakonu Krzy\u017cackiego, Kr\u00f3lestwa Francji i Kr\u00f3lestwa Jerozolimy. Z drugiej strony znajduj\u0105 si\u0119 herby sojusznik\u00f3w Zakonu: Luksemburga, Pomorza, Ole\u015bnicy, Czech i W\u0119gier. Oryginalny motyw historyczny z \u0142aci\u0144skimi napisami w gotyckiej czcionce czyni portfel wyj\u0105tkow\u0105 pami\u0105tk\u0105 inspirowan\u0105 \u015bredniowieczn\u0105 histori\u0105 Europy.","og_url":"https:\/\/persjarnia.com\/en\/product\/portfelik-herby-zakonu-krzyzackiego-oraz-jego-sojusznikow\/","og_site_name":"Persjarnia Zambrzyckich","article_publisher":"https:\/\/www.facebook.com\/persjarnia","article_modified_time":"2026-03-09T18:06:39+00:00","og_image":[{"width":1000,"height":1000,"url":"https:\/\/persjarnia.com\/wp-content\/uploads\/2026\/03\/IMG_5485.png","type":"image\/png"}],"twitter_card":"summary_large_image","twitter_misc":{"Price":"24&nbsp;&#122;&#322;","Availability":"In stock"},"schema":{"@context":"https:\/\/schema.org","@graph":[{"@type":"WebPage","@id":"https:\/\/persjarnia.com\/en\/product\/portfelik-herby-zakonu-krzyzackiego-oraz-jego-sojusznikow\/","url":"https:\/\/persjarnia.com\/en\/product\/portfelik-herby-zakonu-krzyzackiego-oraz-jego-sojusznikow\/","name":"Portfelik - herby Zakonu Krzy\u017cackiego oraz jego sojusznik\u00f3w - Persjarnia Zambrzyckich","isPartOf":{"@id":"https:\/\/persjarnia.com\/en\/#website"},"primaryImageOfPage":{"@id":"https:\/\/persjarnia.com\/en\/product\/portfelik-herby-zakonu-krzyzackiego-oraz-jego-sojusznikow\/#primaryimage"},"image":{"@id":"https:\/\/persjarnia.com\/en\/product\/portfelik-herby-zakonu-krzyzackiego-oraz-jego-sojusznikow\/#primaryimage"},"thumbnailUrl":"https:\/\/persjarnia.com\/wp-content\/uploads\/2026\/03\/IMG_5485.png","datePublished":"2026-03-06T20:32:14+00:00","dateModified":"2026-03-09T18:06:39+00:00","description":"Portfelik inspirowany heraldyk\u0105 Zakonu Krzy\u017cackiego i jego historycznych sojusznik\u00f3w. Tkany portfel o wymiarach 10 \u00d7 14 cm, zamykany na zamek b\u0142yskawiczny. Z jednej strony przedstawia herb Wielkiego Mistrza Zakonu Krzy\u017cackiego wraz z elementami heraldycznymi \u015awi\u0119tego Cesarstwa Rzymskiego, Zakonu Krzy\u017cackiego, Kr\u00f3lestwa Francji i Kr\u00f3lestwa Jerozolimy. Z drugiej strony znajduj\u0105 si\u0119 herby sojusznik\u00f3w Zakonu: Luksemburga, Pomorza, Ole\u015bnicy, Czech i W\u0119gier. Oryginalny motyw historyczny z \u0142aci\u0144skimi napisami w gotyckiej czcionce czyni portfel wyj\u0105tkow\u0105 pami\u0105tk\u0105 inspirowan\u0105 \u015bredniowieczn\u0105 histori\u0105 Europy.","breadcrumb":{"@id":"https:\/\/persjarnia.com\/en\/product\/portfelik-herby-zakonu-krzyzackiego-oraz-jego-sojusznikow\/#breadcrumb"},"inLanguage":"en-GB","potentialAction":[{"@type":"ReadAction","target":["https:\/\/persjarnia.com\/en\/product\/portfelik-herby-zakonu-krzyzackiego-oraz-jego-sojusznikow\/"]}]},{"@type":"ImageObject","inLanguage":"en-GB","@id":"https:\/\/persjarnia.com\/en\/product\/portfelik-herby-zakonu-krzyzackiego-oraz-jego-sojusznikow\/#primaryimage","url":"https:\/\/persjarnia.com\/wp-content\/uploads\/2026\/03\/IMG_5485.png","contentUrl":"https:\/\/persjarnia.com\/wp-content\/uploads\/2026\/03\/IMG_5485.png","width":1000,"height":1000},{"@type":"BreadcrumbList","@id":"https:\/\/persjarnia.com\/en\/product\/portfelik-herby-zakonu-krzyzackiego-oraz-jego-sojusznikow\/#breadcrumb","itemListElement":[{"@type":"ListItem","position":1,"name":"Home","item":"https:\/\/persjarnia.com\/en\/"},{"@type":"ListItem","position":2,"name":"Products","item":"https:\/\/persjarnia.com\/en\/shop\/"},{"@type":"ListItem","position":3,"name":"Portfelik &#8211; herby Zakonu Krzy\u017cackiego oraz jego sojusznik\u00f3w"}]},{"@type":"WebSite","@id":"https:\/\/persjarnia.com\/en\/#website","url":"https:\/\/persjarnia.com\/en\/","name":"Persjarnia Zambrzyckich","description":"Kontush Sashes, Buczacz Tapestry","publisher":{"@id":"https:\/\/persjarnia.com\/en\/#organization"},"potentialAction":[{"@type":"SearchAction","target":{"@type":"EntryPoint","urlTemplate":"https:\/\/persjarnia.com\/en\/?s={search_term_string}"},"query-input":{"@type":"PropertyValueSpecification","valueRequired":true,"valueName":"search_term_string"}}],"inLanguage":"en-GB"},{"@type":"Organization","@id":"https:\/\/persjarnia.com\/en\/#organization","name":"Persjarnia Zambrzyckich","url":"https:\/\/persjarnia.com\/en\/","logo":{"@type":"ImageObject","inLanguage":"en-GB","@id":"https:\/\/persjarnia.com\/en\/#\/schema\/logo\/image\/","url":"https:\/\/persjarnia.com\/wp-content\/uploads\/2017\/03\/cropped-logo1-sm.png","contentUrl":"https:\/\/persjarnia.com\/wp-content\/uploads\/2017\/03\/cropped-logo1-sm.png","width":130,"height":75,"caption":"Persjarnia Zambrzyckich"},"image":{"@id":"https:\/\/persjarnia.com\/en\/#\/schema\/logo\/image\/"},"sameAs":["https:\/\/www.facebook.com\/persjarnia"]}]},"product_price_amount":"24","product_price_currency":"PLN","og_availability":"instock","product_availability":"instock","product_condition":"new"},"_links":{"self":[{"href":"https:\/\/persjarnia.com\/en\/wp-json\/wp\/v2\/product\/15653","targetHints":{"allow":["GET"]}}],"collection":[{"href":"https:\/\/persjarnia.com\/en\/wp-json\/wp\/v2\/product"}],"about":[{"href":"https:\/\/persjarnia.com\/en\/wp-json\/wp\/v2\/types\/product"}],"wp:featuredmedia":[{"embeddable":true,"href":"https:\/\/persjarnia.com\/en\/wp-json\/wp\/v2\/media\/15690"}],"wp:attachment":[{"href":"https:\/\/persjarnia.com\/en\/wp-json\/wp\/v2\/media?parent=15653"}],"wp:term":[{"taxonomy":"product_brand","embeddable":true,"href":"https:\/\/persjarnia.com\/en\/wp-json\/wp\/v2\/product_brand?post=15653"},{"taxonomy":"product_cat","embeddable":true,"href":"https:\/\/persjarnia.com\/en\/wp-json\/wp\/v2\/product_cat?post=15653"},{"taxonomy":"product_tag","embeddable":true,"href":"https:\/\/persjarnia.com\/en\/wp-json\/wp\/v2\/product_tag?post=15653"}],"curies":[{"name":"wp","href":"https:\/\/api.w.org\/{rel}","templated":true}]}}