{"id":7462,"date":"2025-09-27T17:25:19","date_gmt":"2025-09-27T15:25:19","guid":{"rendered":"https:\/\/persjarnia.com\/?post_type=product&#038;p=7462"},"modified":"2025-09-27T18:28:36","modified_gmt":"2025-09-27T16:28:36","slug":"pas-huzar","status":"publish","type":"product","link":"https:\/\/persjarnia.com\/en\/product\/pas-huzar\/","title":{"rendered":"Huzar belt"},"content":{"rendered":"","protected":false},"excerpt":{"rendered":"<p>Huzar \u2013 one of the forms of the Polish-Hungarian friendship, that is rooted in cavalry traditions. Mounted units formed in Hungarian style (Huzar Regiments) were famous for their bravery, the most elegant uniforms and incredible popularity among the more beautiful half of humanity. Alexander Fredro gave Huzars their well-deserved place in literature. Huzars were very effective military units and were copied in all armies of the world<br \/>\nWe have a pleasure to offer to you the Huzar belt.<br \/>\n&#8222;Piloci oblatywacze&#8221; twierdz\u0105, \u017ce po za\u0142o\u017ceniu tego pasa s\u0142owo uk\u0142ada si\u0119 w wiersz na sam b\u0142ysk w oczach dam, nogi same id\u0105 w krok ta\u0144ca, a dusza si\u0119 rwie do nowych wyzwa\u0144. Hrabia Fredro jest blisko.<\/p>\n<p>The whole set consisting of the double sided belt and bow tie.<\/p>\n<p>Two sided belt<\/p>\n<p>Wz\u00f3r \u2013 jak zwykle jest dok\u0142adn\u0105 kopi\u0105 zabytkowego pasa.<\/p>\n<p>Ornament woven with shiny silver and gold \u2013 like yarn.<\/p>\n<p align=\"justify\">D\u0142ugo\u015b\u0107 cz\u0119\u015bci ozdobnej 65cm, wysoko\u015b\u0107 14cm. Regulowana ta\u015bma elastyczna pozwala na za\u0142o\u017cenie pasa przy obwodzie talii od 80cm do 120cm<\/p>\n<p>At your request, we can pack your purchase in the elegant gift box for additional 30 PLN. Please click the appropriate button before adding to cart.<\/p>","protected":false},"featured_media":0,"template":"","meta":{"_acf_changed":false},"product_brand":[],"product_cat":[105],"product_tag":[],"class_list":{"0":"post-7462","1":"product","2":"type-product","3":"status-publish","5":"product_cat-pasy-sarmackie-do-garnituru","6":"pa_packing-without-packaging","7":"pa_packing-with-packing","9":"first","10":"instock","11":"shipping-taxable","12":"purchasable","13":"product-type-variable"},"acf":[],"yoast_head":"<!-- This site is optimized with the Yoast SEO plugin v26.1 - https:\/\/yoast.com\/wordpress\/plugins\/seo\/ -->\n<title>Pas Huzar - Persjarnia Zambrzyckich<\/title>\n<meta name=\"robots\" content=\"index, follow, max-snippet:-1, max-image-preview:large, max-video-preview:-1\" \/>\n<link rel=\"canonical\" href=\"https:\/\/persjarnia.com\/en\/product\/pas-huzar\/\" \/>\n<meta property=\"og:locale\" content=\"en_GB\" \/>\n<meta property=\"og:type\" content=\"article\" \/>\n<meta property=\"og:title\" content=\"Pas Huzar - Persjarnia Zambrzyckich\" \/>\n<meta property=\"og:description\" content=\"Huzar - kawaleryjski przejaw braterstwa w\u0119giersko-polskiego. Jazda formowana na wz\u00f2r w\u0119gierski s\u0142yn\u0119\u0142a z brawury, najpi\u0119kniejszych mundur\u00f2w i nieprawdopodobnego powodzenia u dam. Huzarzy wyst\u0105pili godnie pod Rac\u0142awicami a Alexander Fredro da\u0142 im miejsce w literaturze. Przed pa\u0144stwem pas Huzar. &quot;Piloci oblatywacze&quot; twierdz\u0105, \u017ce po za\u0142o\u017ceniu tego pasa s\u0142owo uk\u0142ada si\u0119 w wiersz na sam b\u0142ysk w oczach dam, nogi same id\u0105 w krok ta\u0144ca, a dusza si\u0119 rwie do nowych wyzwa\u0144. Hrabia Fredro jest blisko.  Komplet sk\u0142adaj\u0105cy si\u0119 z pasa i muszki.  Pas dwustronny.  Wz\u00f3r \u2013 jak zwykle jest dok\u0142adn\u0105 kopi\u0105 zabytkowego pasa.  Ornament tkany. D\u0142ugo\u015b\u0107 cz\u0119\u015bci ozdobnej 65cm, wysoko\u015b\u0107 14cm. Regulowana ta\u015bma elastyczna pozwala na za\u0142o\u017cenie pasa przy obwodzie talii od 80cm do 120cm Na specjalne \u017cyczenie, mo\u017cemy Pa\u0144stwa zakup umie\u015bci\u0107 w eleganckim, podarunkowym pude\u0142ku, za dodatkowe 30z\u0142. Prosimy wybra\u0107 odpowiedni\u0105 opcj\u0119 przed dodaniem do koszyka.\" \/>\n<meta property=\"og:url\" content=\"https:\/\/persjarnia.com\/en\/product\/pas-huzar\/\" \/>\n<meta property=\"og:site_name\" content=\"Persjarnia Zambrzyckich\" \/>\n<meta property=\"article:publisher\" content=\"https:\/\/www.facebook.com\/persjarnia\" \/>\n<meta property=\"article:modified_time\" content=\"2025-09-27T16:28:36+00:00\" \/>\n<meta property=\"og:image\" content=\"https:\/\/persjarnia.com\/wp-content\/uploads\/2025\/09\/Podkomorzy-2-1.jpg\" \/>\n\t<meta property=\"og:image:width\" content=\"1200\" \/>\n\t<meta property=\"og:image:height\" content=\"1200\" \/>\n\t<meta property=\"og:image:type\" content=\"image\/jpeg\" \/>\n<meta name=\"twitter:card\" content=\"summary_large_image\" \/>\n<meta name=\"twitter:label1\" content=\"Availability\" \/>\n\t<meta name=\"twitter:data1\" content=\"In stock\" \/>\n<script type=\"application\/ld+json\" class=\"yoast-schema-graph\">{\"@context\":\"https:\/\/schema.org\",\"@graph\":[{\"@type\":\"WebPage\",\"@id\":\"https:\/\/persjarnia.com\/produkt\/pas-huzar\/\",\"url\":\"https:\/\/persjarnia.com\/produkt\/pas-huzar\/\",\"name\":\"Pas Huzar - Persjarnia Zambrzyckich\",\"isPartOf\":{\"@id\":\"https:\/\/persjarnia.com\/en\/#website\"},\"datePublished\":\"2025-09-27T15:25:19+00:00\",\"dateModified\":\"2025-09-27T16:28:36+00:00\",\"breadcrumb\":{\"@id\":\"https:\/\/persjarnia.com\/produkt\/pas-huzar\/#breadcrumb\"},\"inLanguage\":\"en-GB\",\"potentialAction\":[{\"@type\":\"ReadAction\",\"target\":[\"https:\/\/persjarnia.com\/produkt\/pas-huzar\/\"]}]},{\"@type\":\"BreadcrumbList\",\"@id\":\"https:\/\/persjarnia.com\/produkt\/pas-huzar\/#breadcrumb\",\"itemListElement\":[{\"@type\":\"ListItem\",\"position\":1,\"name\":\"Home\",\"item\":\"https:\/\/persjarnia.com\/en\/\"},{\"@type\":\"ListItem\",\"position\":2,\"name\":\"Products\",\"item\":\"https:\/\/persjarnia.com\/en\/shop\/\"},{\"@type\":\"ListItem\",\"position\":3,\"name\":\"Pas Huzar\"}]},{\"@type\":\"WebSite\",\"@id\":\"https:\/\/persjarnia.com\/en\/#website\",\"url\":\"https:\/\/persjarnia.com\/en\/\",\"name\":\"Persjarnia Zambrzyckich\",\"description\":\"Pasy Kontuszowe, Makaty Buczackie\",\"publisher\":{\"@id\":\"https:\/\/persjarnia.com\/en\/#organization\"},\"potentialAction\":[{\"@type\":\"SearchAction\",\"target\":{\"@type\":\"EntryPoint\",\"urlTemplate\":\"https:\/\/persjarnia.com\/en\/?s={search_term_string}\"},\"query-input\":{\"@type\":\"PropertyValueSpecification\",\"valueRequired\":true,\"valueName\":\"search_term_string\"}}],\"inLanguage\":\"en-GB\"},{\"@type\":\"Organization\",\"@id\":\"https:\/\/persjarnia.com\/en\/#organization\",\"name\":\"Persjarnia Zambrzyckich\",\"url\":\"https:\/\/persjarnia.com\/en\/\",\"logo\":{\"@type\":\"ImageObject\",\"inLanguage\":\"en-GB\",\"@id\":\"https:\/\/persjarnia.com\/en\/#\/schema\/logo\/image\/\",\"url\":\"https:\/\/persjarnia.com\/wp-content\/uploads\/2017\/03\/cropped-logo1-sm.png\",\"contentUrl\":\"https:\/\/persjarnia.com\/wp-content\/uploads\/2017\/03\/cropped-logo1-sm.png\",\"width\":130,\"height\":75,\"caption\":\"Persjarnia Zambrzyckich\"},\"image\":{\"@id\":\"https:\/\/persjarnia.com\/en\/#\/schema\/logo\/image\/\"},\"sameAs\":[\"https:\/\/www.facebook.com\/persjarnia\"]}]}<\/script>\n<meta property=\"og:availability\" content=\"instock\" \/>\n<meta property=\"product:availability\" content=\"instock\" \/>\n<meta property=\"product:retailer_item_id\" content=\"pas-huzar\" \/>\n<meta property=\"product:condition\" content=\"new\" \/>\n<!-- \/ Yoast SEO plugin. -->","yoast_head_json":{"title":"Pas Huzar - Persjarnia Zambrzyckich","robots":{"index":"index","follow":"follow","max-snippet":"max-snippet:-1","max-image-preview":"max-image-preview:large","max-video-preview":"max-video-preview:-1"},"canonical":"https:\/\/persjarnia.com\/en\/product\/pas-huzar\/","og_locale":"en_GB","og_type":"article","og_title":"Pas Huzar - Persjarnia Zambrzyckich","og_description":"Huzar - kawaleryjski przejaw braterstwa w\u0119giersko-polskiego. Jazda formowana na wz\u00f2r w\u0119gierski s\u0142yn\u0119\u0142a z brawury, najpi\u0119kniejszych mundur\u00f2w i nieprawdopodobnego powodzenia u dam. Huzarzy wyst\u0105pili godnie pod Rac\u0142awicami a Alexander Fredro da\u0142 im miejsce w literaturze. Przed pa\u0144stwem pas Huzar. \"Piloci oblatywacze\" twierdz\u0105, \u017ce po za\u0142o\u017ceniu tego pasa s\u0142owo uk\u0142ada si\u0119 w wiersz na sam b\u0142ysk w oczach dam, nogi same id\u0105 w krok ta\u0144ca, a dusza si\u0119 rwie do nowych wyzwa\u0144. Hrabia Fredro jest blisko.  Komplet sk\u0142adaj\u0105cy si\u0119 z pasa i muszki.  Pas dwustronny.  Wz\u00f3r \u2013 jak zwykle jest dok\u0142adn\u0105 kopi\u0105 zabytkowego pasa.  Ornament tkany. D\u0142ugo\u015b\u0107 cz\u0119\u015bci ozdobnej 65cm, wysoko\u015b\u0107 14cm. Regulowana ta\u015bma elastyczna pozwala na za\u0142o\u017cenie pasa przy obwodzie talii od 80cm do 120cm Na specjalne \u017cyczenie, mo\u017cemy Pa\u0144stwa zakup umie\u015bci\u0107 w eleganckim, podarunkowym pude\u0142ku, za dodatkowe 30z\u0142. Prosimy wybra\u0107 odpowiedni\u0105 opcj\u0119 przed dodaniem do koszyka.","og_url":"https:\/\/persjarnia.com\/en\/product\/pas-huzar\/","og_site_name":"Persjarnia Zambrzyckich","article_publisher":"https:\/\/www.facebook.com\/persjarnia","article_modified_time":"2025-09-27T16:28:36+00:00","og_image":[{"width":1200,"height":1200,"url":"https:\/\/persjarnia.com\/wp-content\/uploads\/2025\/09\/Podkomorzy-2-1.jpg","type":"image\/jpeg"}],"twitter_card":"summary_large_image","twitter_misc":{"Availability":"In stock"},"schema":{"@context":"https:\/\/schema.org","@graph":[{"@type":"WebPage","@id":"https:\/\/persjarnia.com\/produkt\/pas-huzar\/","url":"https:\/\/persjarnia.com\/produkt\/pas-huzar\/","name":"Pas Huzar - Persjarnia Zambrzyckich","isPartOf":{"@id":"https:\/\/persjarnia.com\/en\/#website"},"datePublished":"2025-09-27T15:25:19+00:00","dateModified":"2025-09-27T16:28:36+00:00","breadcrumb":{"@id":"https:\/\/persjarnia.com\/produkt\/pas-huzar\/#breadcrumb"},"inLanguage":"en-GB","potentialAction":[{"@type":"ReadAction","target":["https:\/\/persjarnia.com\/produkt\/pas-huzar\/"]}]},{"@type":"BreadcrumbList","@id":"https:\/\/persjarnia.com\/produkt\/pas-huzar\/#breadcrumb","itemListElement":[{"@type":"ListItem","position":1,"name":"Home","item":"https:\/\/persjarnia.com\/en\/"},{"@type":"ListItem","position":2,"name":"Products","item":"https:\/\/persjarnia.com\/en\/shop\/"},{"@type":"ListItem","position":3,"name":"Pas Huzar"}]},{"@type":"WebSite","@id":"https:\/\/persjarnia.com\/en\/#website","url":"https:\/\/persjarnia.com\/en\/","name":"Persjarnia Zambrzyckich","description":"Kontush Sashes, Buczacz Tapestry","publisher":{"@id":"https:\/\/persjarnia.com\/en\/#organization"},"potentialAction":[{"@type":"SearchAction","target":{"@type":"EntryPoint","urlTemplate":"https:\/\/persjarnia.com\/en\/?s={search_term_string}"},"query-input":{"@type":"PropertyValueSpecification","valueRequired":true,"valueName":"search_term_string"}}],"inLanguage":"en-GB"},{"@type":"Organization","@id":"https:\/\/persjarnia.com\/en\/#organization","name":"Persjarnia Zambrzyckich","url":"https:\/\/persjarnia.com\/en\/","logo":{"@type":"ImageObject","inLanguage":"en-GB","@id":"https:\/\/persjarnia.com\/en\/#\/schema\/logo\/image\/","url":"https:\/\/persjarnia.com\/wp-content\/uploads\/2017\/03\/cropped-logo1-sm.png","contentUrl":"https:\/\/persjarnia.com\/wp-content\/uploads\/2017\/03\/cropped-logo1-sm.png","width":130,"height":75,"caption":"Persjarnia Zambrzyckich"},"image":{"@id":"https:\/\/persjarnia.com\/en\/#\/schema\/logo\/image\/"},"sameAs":["https:\/\/www.facebook.com\/persjarnia"]}]},"og_availability":"instock","product_availability":"instock","product_retailer_item_id":"pas-huzar","product_condition":"new"},"_links":{"self":[{"href":"https:\/\/persjarnia.com\/en\/wp-json\/wp\/v2\/product\/7462","targetHints":{"allow":["GET"]}}],"collection":[{"href":"https:\/\/persjarnia.com\/en\/wp-json\/wp\/v2\/product"}],"about":[{"href":"https:\/\/persjarnia.com\/en\/wp-json\/wp\/v2\/types\/product"}],"wp:attachment":[{"href":"https:\/\/persjarnia.com\/en\/wp-json\/wp\/v2\/media?parent=7462"}],"wp:term":[{"taxonomy":"product_brand","embeddable":true,"href":"https:\/\/persjarnia.com\/en\/wp-json\/wp\/v2\/product_brand?post=7462"},{"taxonomy":"product_cat","embeddable":true,"href":"https:\/\/persjarnia.com\/en\/wp-json\/wp\/v2\/product_cat?post=7462"},{"taxonomy":"product_tag","embeddable":true,"href":"https:\/\/persjarnia.com\/en\/wp-json\/wp\/v2\/product_tag?post=7462"}],"curies":[{"name":"wp","href":"https:\/\/api.w.org\/{rel}","templated":true}]}}