{"id":7474,"date":"2025-09-27T17:25:20","date_gmt":"2025-09-27T15:25:20","guid":{"rendered":"https:\/\/persjarnia.com\/?post_type=product&#038;p=7474"},"modified":"2025-09-27T17:28:24","modified_gmt":"2025-09-27T15:28:24","slug":"zakladka-jana-chryzostoma-paska","status":"publish","type":"product","link":"https:\/\/persjarnia.com\/en\/product\/zakladka-jana-chryzostoma-paska\/","title":{"rendered":"Bookmark of Jan Chryzostom Pasek"},"content":{"rendered":"","protected":false},"excerpt":{"rendered":"<p>The writers we wish to honor in the first place are the eulogists of the culture of the Republic of Poland in the best edition of this tradition.<\/p>\n<p>Our bookmarks are miniature kontush sashes with dimensions of 5cm by 25cm. They are made of one-sided fabric with designs woven to copy the original kontush sash designs from a few centuries back.\nEach bookmark is packed in a transparent sleeve.\nRetail price is 10 PLN.<br \/>\nIn case of ordering just souvenirs and gifts (in any combination of bookmarks and little wallets), the minimum order is 100PLN plus shipment.<\/p>\n<p><em>If you wish, for an additional 5 PLN we can pack your order in an elegant gift box  (12.5cm wide and 32cm long), which can fit several bookmarks, a wallet, notebook and a soft case for glasses.<\/em><\/p>","protected":false},"featured_media":7305,"template":"","meta":{"_acf_changed":false},"product_brand":[],"product_cat":[280],"product_tag":[283],"class_list":{"0":"post-7474","1":"product","2":"type-product","3":"status-publish","4":"has-post-thumbnail","6":"product_cat-zakladki-do-ksiazek","7":"product_tag-zakladka","8":"pa_packing-without-packaging","9":"pa_packing-with-packing","11":"first","12":"outofstock","13":"shipping-taxable","14":"product-type-variable"},"acf":[],"yoast_head":"<!-- This site is optimized with the Yoast SEO plugin v26.1 - https:\/\/yoast.com\/wordpress\/plugins\/seo\/ -->\n<title>Zak\u0142adka Jana Chryzostoma Paska - Persjarnia Zambrzyckich<\/title>\n<meta name=\"robots\" content=\"index, follow, max-snippet:-1, max-image-preview:large, max-video-preview:-1\" \/>\n<link rel=\"canonical\" href=\"https:\/\/persjarnia.com\/en\/product\/zakladka-jana-chryzostoma-paska\/\" \/>\n<meta property=\"og:locale\" content=\"en_GB\" \/>\n<meta property=\"og:type\" content=\"article\" \/>\n<meta property=\"og:title\" content=\"Zak\u0142adka Jana Chryzostoma Paska - Persjarnia Zambrzyckich\" \/>\n<meta property=\"og:description\" content=\"Pisarze, kt\u00f2rych pragniemy uczci\u0107 w pierwszej kolejno\u015bci, to piewcy kultury Rzeczypospolitej w najlepszym tej tradycji wydaniu.  Zak\u0142adka do ksi\u0105\u017cki to tkanina jednostronna w formie miniatury pasa kontuszowego,o rozmiarze 5cm na 25cm, zapakowana w przezroczyst\u0105 elastyczn\u0105 obwolut\u0119. Cena detaliczna: 10 z\u0142. W przypadku zam\u00f3wienia wy\u0142\u0105cznie suwenir\u00f2w-pami\u0105tek minimalne zam\u00f3wienie (przy dowolnej kombinacji zak\u0142adek i saszetek) wynosi 100z\u0142 plus wysy\u0142ka.  Na specjalne \u017cyczenie, mo\u017cemy Pa\u0144stwa zakup umie\u015bci\u0107 w eleganckim, podarunkowym pude\u0142ku, za dodatkowe 5z\u0142. W opakowaniu (12,5\u0441\u043c szeroko\u015bci i 32cm d\u0142ugo\u015bci) dobrze mie\u015bci si\u0119 kilka zak\u0142adek razem z portfelikiem, notesem i etui na okulary.\" \/>\n<meta property=\"og:url\" content=\"https:\/\/persjarnia.com\/en\/product\/zakladka-jana-chryzostoma-paska\/\" \/>\n<meta property=\"og:site_name\" content=\"Persjarnia Zambrzyckich\" \/>\n<meta property=\"article:publisher\" content=\"https:\/\/www.facebook.com\/persjarnia\" \/>\n<meta property=\"article:modified_time\" content=\"2025-09-27T15:28:24+00:00\" \/>\n<meta property=\"og:image\" content=\"https:\/\/persjarnia.com\/wp-content\/uploads\/2025\/09\/1-2.jpg\" \/>\n\t<meta property=\"og:image:width\" content=\"1600\" \/>\n\t<meta property=\"og:image:height\" content=\"1600\" \/>\n\t<meta property=\"og:image:type\" content=\"image\/jpeg\" \/>\n<meta name=\"twitter:card\" content=\"summary_large_image\" \/>\n<meta name=\"twitter:label1\" content=\"Availability\" \/>\n\t<meta name=\"twitter:data1\" content=\"Out of stock\" \/>\n<script type=\"application\/ld+json\" class=\"yoast-schema-graph\">{\"@context\":\"https:\/\/schema.org\",\"@graph\":[{\"@type\":\"WebPage\",\"@id\":\"https:\/\/persjarnia.com\/produkt\/zakladka-jana-chryzostoma-paska\/\",\"url\":\"https:\/\/persjarnia.com\/produkt\/zakladka-jana-chryzostoma-paska\/\",\"name\":\"Zak\u0142adka Jana Chryzostoma Paska - Persjarnia Zambrzyckich\",\"isPartOf\":{\"@id\":\"https:\/\/persjarnia.com\/en\/#website\"},\"primaryImageOfPage\":{\"@id\":\"https:\/\/persjarnia.com\/produkt\/zakladka-jana-chryzostoma-paska\/#primaryimage\"},\"image\":{\"@id\":\"https:\/\/persjarnia.com\/produkt\/zakladka-jana-chryzostoma-paska\/#primaryimage\"},\"thumbnailUrl\":\"https:\/\/persjarnia.com\/wp-content\/uploads\/2025\/09\/1-2.jpg\",\"datePublished\":\"2025-09-27T15:25:20+00:00\",\"dateModified\":\"2025-09-27T15:28:24+00:00\",\"breadcrumb\":{\"@id\":\"https:\/\/persjarnia.com\/produkt\/zakladka-jana-chryzostoma-paska\/#breadcrumb\"},\"inLanguage\":\"en-GB\",\"potentialAction\":[{\"@type\":\"ReadAction\",\"target\":[\"https:\/\/persjarnia.com\/produkt\/zakladka-jana-chryzostoma-paska\/\"]}]},{\"@type\":\"ImageObject\",\"inLanguage\":\"en-GB\",\"@id\":\"https:\/\/persjarnia.com\/produkt\/zakladka-jana-chryzostoma-paska\/#primaryimage\",\"url\":\"https:\/\/persjarnia.com\/wp-content\/uploads\/2025\/09\/1-2.jpg\",\"contentUrl\":\"https:\/\/persjarnia.com\/wp-content\/uploads\/2025\/09\/1-2.jpg\",\"width\":1600,\"height\":1600},{\"@type\":\"BreadcrumbList\",\"@id\":\"https:\/\/persjarnia.com\/produkt\/zakladka-jana-chryzostoma-paska\/#breadcrumb\",\"itemListElement\":[{\"@type\":\"ListItem\",\"position\":1,\"name\":\"Home\",\"item\":\"https:\/\/persjarnia.com\/en\/\"},{\"@type\":\"ListItem\",\"position\":2,\"name\":\"Products\",\"item\":\"https:\/\/persjarnia.com\/en\/shop\/\"},{\"@type\":\"ListItem\",\"position\":3,\"name\":\"Zak\u0142adka Jana Chryzostoma Paska\"}]},{\"@type\":\"WebSite\",\"@id\":\"https:\/\/persjarnia.com\/en\/#website\",\"url\":\"https:\/\/persjarnia.com\/en\/\",\"name\":\"Persjarnia Zambrzyckich\",\"description\":\"Pasy Kontuszowe, Makaty Buczackie\",\"publisher\":{\"@id\":\"https:\/\/persjarnia.com\/en\/#organization\"},\"potentialAction\":[{\"@type\":\"SearchAction\",\"target\":{\"@type\":\"EntryPoint\",\"urlTemplate\":\"https:\/\/persjarnia.com\/en\/?s={search_term_string}\"},\"query-input\":{\"@type\":\"PropertyValueSpecification\",\"valueRequired\":true,\"valueName\":\"search_term_string\"}}],\"inLanguage\":\"en-GB\"},{\"@type\":\"Organization\",\"@id\":\"https:\/\/persjarnia.com\/en\/#organization\",\"name\":\"Persjarnia Zambrzyckich\",\"url\":\"https:\/\/persjarnia.com\/en\/\",\"logo\":{\"@type\":\"ImageObject\",\"inLanguage\":\"en-GB\",\"@id\":\"https:\/\/persjarnia.com\/en\/#\/schema\/logo\/image\/\",\"url\":\"https:\/\/persjarnia.com\/wp-content\/uploads\/2017\/03\/cropped-logo1-sm.png\",\"contentUrl\":\"https:\/\/persjarnia.com\/wp-content\/uploads\/2017\/03\/cropped-logo1-sm.png\",\"width\":130,\"height\":75,\"caption\":\"Persjarnia Zambrzyckich\"},\"image\":{\"@id\":\"https:\/\/persjarnia.com\/en\/#\/schema\/logo\/image\/\"},\"sameAs\":[\"https:\/\/www.facebook.com\/persjarnia\"]}]}<\/script>\n<meta property=\"og:availability\" content=\"out of stock\" \/>\n<meta property=\"product:availability\" content=\"out of stock\" \/>\n<meta property=\"product:condition\" content=\"new\" \/>\n<!-- \/ Yoast SEO plugin. -->","yoast_head_json":{"title":"Zak\u0142adka Jana Chryzostoma Paska - Persjarnia Zambrzyckich","robots":{"index":"index","follow":"follow","max-snippet":"max-snippet:-1","max-image-preview":"max-image-preview:large","max-video-preview":"max-video-preview:-1"},"canonical":"https:\/\/persjarnia.com\/en\/product\/zakladka-jana-chryzostoma-paska\/","og_locale":"en_GB","og_type":"article","og_title":"Zak\u0142adka Jana Chryzostoma Paska - Persjarnia Zambrzyckich","og_description":"Pisarze, kt\u00f2rych pragniemy uczci\u0107 w pierwszej kolejno\u015bci, to piewcy kultury Rzeczypospolitej w najlepszym tej tradycji wydaniu.  Zak\u0142adka do ksi\u0105\u017cki to tkanina jednostronna w formie miniatury pasa kontuszowego,o rozmiarze 5cm na 25cm, zapakowana w przezroczyst\u0105 elastyczn\u0105 obwolut\u0119. Cena detaliczna: 10 z\u0142. W przypadku zam\u00f3wienia wy\u0142\u0105cznie suwenir\u00f2w-pami\u0105tek minimalne zam\u00f3wienie (przy dowolnej kombinacji zak\u0142adek i saszetek) wynosi 100z\u0142 plus wysy\u0142ka.  Na specjalne \u017cyczenie, mo\u017cemy Pa\u0144stwa zakup umie\u015bci\u0107 w eleganckim, podarunkowym pude\u0142ku, za dodatkowe 5z\u0142. W opakowaniu (12,5\u0441\u043c szeroko\u015bci i 32cm d\u0142ugo\u015bci) dobrze mie\u015bci si\u0119 kilka zak\u0142adek razem z portfelikiem, notesem i etui na okulary.","og_url":"https:\/\/persjarnia.com\/en\/product\/zakladka-jana-chryzostoma-paska\/","og_site_name":"Persjarnia Zambrzyckich","article_publisher":"https:\/\/www.facebook.com\/persjarnia","article_modified_time":"2025-09-27T15:28:24+00:00","og_image":[{"width":1600,"height":1600,"url":"https:\/\/persjarnia.com\/wp-content\/uploads\/2025\/09\/1-2.jpg","type":"image\/jpeg"}],"twitter_card":"summary_large_image","twitter_misc":{"Availability":"Out of stock"},"schema":{"@context":"https:\/\/schema.org","@graph":[{"@type":"WebPage","@id":"https:\/\/persjarnia.com\/produkt\/zakladka-jana-chryzostoma-paska\/","url":"https:\/\/persjarnia.com\/produkt\/zakladka-jana-chryzostoma-paska\/","name":"Zak\u0142adka Jana Chryzostoma Paska - Persjarnia Zambrzyckich","isPartOf":{"@id":"https:\/\/persjarnia.com\/en\/#website"},"primaryImageOfPage":{"@id":"https:\/\/persjarnia.com\/produkt\/zakladka-jana-chryzostoma-paska\/#primaryimage"},"image":{"@id":"https:\/\/persjarnia.com\/produkt\/zakladka-jana-chryzostoma-paska\/#primaryimage"},"thumbnailUrl":"https:\/\/persjarnia.com\/wp-content\/uploads\/2025\/09\/1-2.jpg","datePublished":"2025-09-27T15:25:20+00:00","dateModified":"2025-09-27T15:28:24+00:00","breadcrumb":{"@id":"https:\/\/persjarnia.com\/produkt\/zakladka-jana-chryzostoma-paska\/#breadcrumb"},"inLanguage":"en-GB","potentialAction":[{"@type":"ReadAction","target":["https:\/\/persjarnia.com\/produkt\/zakladka-jana-chryzostoma-paska\/"]}]},{"@type":"ImageObject","inLanguage":"en-GB","@id":"https:\/\/persjarnia.com\/produkt\/zakladka-jana-chryzostoma-paska\/#primaryimage","url":"https:\/\/persjarnia.com\/wp-content\/uploads\/2025\/09\/1-2.jpg","contentUrl":"https:\/\/persjarnia.com\/wp-content\/uploads\/2025\/09\/1-2.jpg","width":1600,"height":1600},{"@type":"BreadcrumbList","@id":"https:\/\/persjarnia.com\/produkt\/zakladka-jana-chryzostoma-paska\/#breadcrumb","itemListElement":[{"@type":"ListItem","position":1,"name":"Home","item":"https:\/\/persjarnia.com\/en\/"},{"@type":"ListItem","position":2,"name":"Products","item":"https:\/\/persjarnia.com\/en\/shop\/"},{"@type":"ListItem","position":3,"name":"Zak\u0142adka Jana Chryzostoma Paska"}]},{"@type":"WebSite","@id":"https:\/\/persjarnia.com\/en\/#website","url":"https:\/\/persjarnia.com\/en\/","name":"Persjarnia Zambrzyckich","description":"Kontush Sashes, Buczacz Tapestry","publisher":{"@id":"https:\/\/persjarnia.com\/en\/#organization"},"potentialAction":[{"@type":"SearchAction","target":{"@type":"EntryPoint","urlTemplate":"https:\/\/persjarnia.com\/en\/?s={search_term_string}"},"query-input":{"@type":"PropertyValueSpecification","valueRequired":true,"valueName":"search_term_string"}}],"inLanguage":"en-GB"},{"@type":"Organization","@id":"https:\/\/persjarnia.com\/en\/#organization","name":"Persjarnia Zambrzyckich","url":"https:\/\/persjarnia.com\/en\/","logo":{"@type":"ImageObject","inLanguage":"en-GB","@id":"https:\/\/persjarnia.com\/en\/#\/schema\/logo\/image\/","url":"https:\/\/persjarnia.com\/wp-content\/uploads\/2017\/03\/cropped-logo1-sm.png","contentUrl":"https:\/\/persjarnia.com\/wp-content\/uploads\/2017\/03\/cropped-logo1-sm.png","width":130,"height":75,"caption":"Persjarnia Zambrzyckich"},"image":{"@id":"https:\/\/persjarnia.com\/en\/#\/schema\/logo\/image\/"},"sameAs":["https:\/\/www.facebook.com\/persjarnia"]}]},"og_availability":"out of stock","product_availability":"out of stock","product_condition":"new"},"_links":{"self":[{"href":"https:\/\/persjarnia.com\/en\/wp-json\/wp\/v2\/product\/7474","targetHints":{"allow":["GET"]}}],"collection":[{"href":"https:\/\/persjarnia.com\/en\/wp-json\/wp\/v2\/product"}],"about":[{"href":"https:\/\/persjarnia.com\/en\/wp-json\/wp\/v2\/types\/product"}],"wp:featuredmedia":[{"embeddable":true,"href":"https:\/\/persjarnia.com\/en\/wp-json\/wp\/v2\/media\/7305"}],"wp:attachment":[{"href":"https:\/\/persjarnia.com\/en\/wp-json\/wp\/v2\/media?parent=7474"}],"wp:term":[{"taxonomy":"product_brand","embeddable":true,"href":"https:\/\/persjarnia.com\/en\/wp-json\/wp\/v2\/product_brand?post=7474"},{"taxonomy":"product_cat","embeddable":true,"href":"https:\/\/persjarnia.com\/en\/wp-json\/wp\/v2\/product_cat?post=7474"},{"taxonomy":"product_tag","embeddable":true,"href":"https:\/\/persjarnia.com\/en\/wp-json\/wp\/v2\/product_tag?post=7474"}],"curies":[{"name":"wp","href":"https:\/\/api.w.org\/{rel}","templated":true}]}}