{"id":7490,"date":"2025-09-27T17:25:21","date_gmt":"2025-09-27T15:25:21","guid":{"rendered":"https:\/\/persjarnia.com\/?post_type=product&#038;p=7490"},"modified":"2025-10-06T12:23:50","modified_gmt":"2025-10-06T10:23:50","slug":"tkana-miniatura-fragment-arrasu-wawelskiego-z-xviw-bocian-i-kroliki","status":"publish","type":"product","link":"https:\/\/persjarnia.com\/en\/product\/tkana-miniatura-fragment-arrasu-wawelskiego-z-xviw-bocian-i-kroliki\/","title":{"rendered":"Tkana miniatura &#8211; Fragment Arrasu Wawelskiego z XVIw &#8211; Bocian i Kr\u00f3liki"},"content":{"rendered":"","protected":false},"excerpt":{"rendered":"<p><strong>\u00a0Rozmiar: 19x25cm<\/strong><\/p>\n<p>MZK Wawel, nr. inv. 48, rozmiar ca\u0142ego Arrasu w oryginale 4.38 x 1.27m<\/p>\n<p><strong>Symbolika wizerunku:<\/strong><\/p>\n<p>Bocian w wielu kulturach jest symbolem dobroci i troskliwej opieki rodzicielskiej.<\/p>\n<p>&nbsp;<\/p>\n<p>W wierzeniach ludowych bocian jest patronem wiosny, odradzaj\u0105cej si\u0119 przyrody a tak\u017ce to w\u0142a\u015bnie bocian przynosi dzieci.<\/p>\n<p>&nbsp;<\/p>\n<p>Bocian zawsze by\u0142 nieod\u0142\u0105cznym elementem polskiego krajobrazu i pozostaje jednym z najbardziej ulubionych polskich ptak\u00f3w.<\/p>\n<div dir=\"auto\">Miniatur\u0119\u00a0 mo\u017cna kupi\u0107 razem ze specjalnie dobranym passepartout, kt\u00f3re pasuje do ramki 30 * 40cm.<\/div>\n<div dir=\"auto\">Opakowanie to celofanowa, przezroczysta koperta. Na podklejce z ty\u0142u znajduje si\u0119 opis po polsku i po angielsku.<\/div>\n<p>&nbsp;<\/p>","protected":false},"featured_media":6809,"template":"","meta":{"_acf_changed":false},"product_brand":[],"product_cat":[336],"product_tag":[],"class_list":{"0":"post-7490","1":"product","2":"type-product","3":"status-publish","4":"has-post-thumbnail","6":"product_cat-arrasy-miniatury","8":"first","9":"instock","10":"shipping-taxable","11":"purchasable","12":"product-type-variable"},"acf":[],"yoast_head":"<!-- This site is optimized with the Yoast SEO plugin v26.1 - https:\/\/yoast.com\/wordpress\/plugins\/seo\/ -->\n<title>Tkana miniatura - Fragment Arrasu Wawelskiego z XVIw - Bocian i Kr\u00f3liki - Persjarnia Zambrzyckich<\/title>\n<meta name=\"robots\" content=\"index, follow, max-snippet:-1, max-image-preview:large, max-video-preview:-1\" \/>\n<link rel=\"canonical\" href=\"https:\/\/persjarnia.com\/en\/product\/tkana-miniatura-fragment-arrasu-wawelskiego-z-xviw-bocian-i-kroliki\/\" \/>\n<meta property=\"og:locale\" content=\"en_GB\" \/>\n<meta property=\"og:type\" content=\"article\" \/>\n<meta property=\"og:title\" content=\"Tkana miniatura - Fragment Arrasu Wawelskiego z XVIw - Bocian i Kr\u00f3liki - Persjarnia Zambrzyckich\" \/>\n<meta property=\"og:description\" content=\"\u00a0Rozmiar: 19x25cm  MZK Wawel, nr. inv. 48, rozmiar ca\u0142ego Arrasu w oryginale 4.38 x 1.27m  Symbolika wizerunku:  Bocian w wielu kulturach jest symbolem dobroci i troskliwej opieki rodzicielskiej.  &nbsp;  W wierzeniach ludowych bocian jest patronem wiosny, odradzaj\u0105cej si\u0119 przyrody a tak\u017ce to w\u0142a\u015bnie bocian przynosi dzieci.  &nbsp;  Bocian zawsze by\u0142 nieod\u0142\u0105cznym elementem polskiego krajobrazu i pozostaje jednym z najbardziej ulubionych polskich ptak\u00f3w. Miniatur\u0119\u00a0 mo\u017cna kupi\u0107 razem ze specjalnie dobranym passepartout, kt\u00f3re pasuje do ramki 30 * 40cm. Opakowanie to celofanowa, przezroczysta koperta. Na podklejce z ty\u0142u znajduje si\u0119 opis po polsku i po angielsku. &nbsp;\" \/>\n<meta property=\"og:url\" content=\"https:\/\/persjarnia.com\/en\/product\/tkana-miniatura-fragment-arrasu-wawelskiego-z-xviw-bocian-i-kroliki\/\" \/>\n<meta property=\"og:site_name\" content=\"Persjarnia Zambrzyckich\" \/>\n<meta property=\"article:publisher\" content=\"https:\/\/www.facebook.com\/persjarnia\" \/>\n<meta property=\"article:modified_time\" content=\"2025-10-06T10:23:50+00:00\" \/>\n<meta property=\"og:image\" content=\"https:\/\/persjarnia.com\/wp-content\/uploads\/2025\/09\/IMG_2267.jpg\" \/>\n\t<meta property=\"og:image:width\" content=\"900\" \/>\n\t<meta property=\"og:image:height\" content=\"1200\" \/>\n\t<meta property=\"og:image:type\" content=\"image\/jpeg\" \/>\n<meta name=\"twitter:card\" content=\"summary_large_image\" \/>\n<meta name=\"twitter:label1\" content=\"Availability\" \/>\n\t<meta name=\"twitter:data1\" content=\"In stock\" \/>\n<script type=\"application\/ld+json\" class=\"yoast-schema-graph\">{\"@context\":\"https:\/\/schema.org\",\"@graph\":[{\"@type\":\"WebPage\",\"@id\":\"https:\/\/persjarnia.com\/pl\/produkt\/tkana-miniatura-fragment-arrasu-wawelskiego-z-xviw-bocian-i-kroliki\/\",\"url\":\"https:\/\/persjarnia.com\/pl\/produkt\/tkana-miniatura-fragment-arrasu-wawelskiego-z-xviw-bocian-i-kroliki\/\",\"name\":\"Tkana miniatura - Fragment Arrasu Wawelskiego z XVIw - Bocian i Kr\u00f3liki - Persjarnia Zambrzyckich\",\"isPartOf\":{\"@id\":\"https:\/\/persjarnia.com\/en\/#website\"},\"primaryImageOfPage\":{\"@id\":\"https:\/\/persjarnia.com\/pl\/produkt\/tkana-miniatura-fragment-arrasu-wawelskiego-z-xviw-bocian-i-kroliki\/#primaryimage\"},\"image\":{\"@id\":\"https:\/\/persjarnia.com\/pl\/produkt\/tkana-miniatura-fragment-arrasu-wawelskiego-z-xviw-bocian-i-kroliki\/#primaryimage\"},\"thumbnailUrl\":\"https:\/\/persjarnia.com\/wp-content\/uploads\/2025\/09\/IMG_2267.jpg\",\"datePublished\":\"2025-09-27T15:25:21+00:00\",\"dateModified\":\"2025-10-06T10:23:50+00:00\",\"breadcrumb\":{\"@id\":\"https:\/\/persjarnia.com\/pl\/produkt\/tkana-miniatura-fragment-arrasu-wawelskiego-z-xviw-bocian-i-kroliki\/#breadcrumb\"},\"inLanguage\":\"en-GB\",\"potentialAction\":[{\"@type\":\"ReadAction\",\"target\":[\"https:\/\/persjarnia.com\/pl\/produkt\/tkana-miniatura-fragment-arrasu-wawelskiego-z-xviw-bocian-i-kroliki\/\"]}]},{\"@type\":\"ImageObject\",\"inLanguage\":\"en-GB\",\"@id\":\"https:\/\/persjarnia.com\/pl\/produkt\/tkana-miniatura-fragment-arrasu-wawelskiego-z-xviw-bocian-i-kroliki\/#primaryimage\",\"url\":\"https:\/\/persjarnia.com\/wp-content\/uploads\/2025\/09\/IMG_2267.jpg\",\"contentUrl\":\"https:\/\/persjarnia.com\/wp-content\/uploads\/2025\/09\/IMG_2267.jpg\",\"width\":900,\"height\":1200},{\"@type\":\"BreadcrumbList\",\"@id\":\"https:\/\/persjarnia.com\/pl\/produkt\/tkana-miniatura-fragment-arrasu-wawelskiego-z-xviw-bocian-i-kroliki\/#breadcrumb\",\"itemListElement\":[{\"@type\":\"ListItem\",\"position\":1,\"name\":\"Home\",\"item\":\"https:\/\/persjarnia.com\/en\/\"},{\"@type\":\"ListItem\",\"position\":2,\"name\":\"Products\",\"item\":\"https:\/\/persjarnia.com\/en\/shop\/\"},{\"@type\":\"ListItem\",\"position\":3,\"name\":\"Tkana miniatura &#8211; Fragment Arrasu Wawelskiego z XVIw &#8211; Bocian i Kr\u00f3liki\"}]},{\"@type\":\"WebSite\",\"@id\":\"https:\/\/persjarnia.com\/en\/#website\",\"url\":\"https:\/\/persjarnia.com\/en\/\",\"name\":\"Persjarnia Zambrzyckich\",\"description\":\"Pasy Kontuszowe, Makaty Buczackie\",\"publisher\":{\"@id\":\"https:\/\/persjarnia.com\/en\/#organization\"},\"potentialAction\":[{\"@type\":\"SearchAction\",\"target\":{\"@type\":\"EntryPoint\",\"urlTemplate\":\"https:\/\/persjarnia.com\/en\/?s={search_term_string}\"},\"query-input\":{\"@type\":\"PropertyValueSpecification\",\"valueRequired\":true,\"valueName\":\"search_term_string\"}}],\"inLanguage\":\"en-GB\"},{\"@type\":\"Organization\",\"@id\":\"https:\/\/persjarnia.com\/en\/#organization\",\"name\":\"Persjarnia Zambrzyckich\",\"url\":\"https:\/\/persjarnia.com\/en\/\",\"logo\":{\"@type\":\"ImageObject\",\"inLanguage\":\"en-GB\",\"@id\":\"https:\/\/persjarnia.com\/en\/#\/schema\/logo\/image\/\",\"url\":\"https:\/\/persjarnia.com\/wp-content\/uploads\/2017\/03\/cropped-logo1-sm.png\",\"contentUrl\":\"https:\/\/persjarnia.com\/wp-content\/uploads\/2017\/03\/cropped-logo1-sm.png\",\"width\":130,\"height\":75,\"caption\":\"Persjarnia Zambrzyckich\"},\"image\":{\"@id\":\"https:\/\/persjarnia.com\/en\/#\/schema\/logo\/image\/\"},\"sameAs\":[\"https:\/\/www.facebook.com\/persjarnia\"]}]}<\/script>\n<meta property=\"og:availability\" content=\"instock\" \/>\n<meta property=\"product:availability\" content=\"instock\" \/>\n<meta property=\"product:condition\" content=\"new\" \/>\n<!-- \/ Yoast SEO plugin. -->","yoast_head_json":{"title":"Tkana miniatura - Fragment Arrasu Wawelskiego z XVIw - Bocian i Kr\u00f3liki - Persjarnia Zambrzyckich","robots":{"index":"index","follow":"follow","max-snippet":"max-snippet:-1","max-image-preview":"max-image-preview:large","max-video-preview":"max-video-preview:-1"},"canonical":"https:\/\/persjarnia.com\/en\/product\/tkana-miniatura-fragment-arrasu-wawelskiego-z-xviw-bocian-i-kroliki\/","og_locale":"en_GB","og_type":"article","og_title":"Tkana miniatura - Fragment Arrasu Wawelskiego z XVIw - Bocian i Kr\u00f3liki - Persjarnia Zambrzyckich","og_description":"\u00a0Rozmiar: 19x25cm  MZK Wawel, nr. inv. 48, rozmiar ca\u0142ego Arrasu w oryginale 4.38 x 1.27m  Symbolika wizerunku:  Bocian w wielu kulturach jest symbolem dobroci i troskliwej opieki rodzicielskiej.  &nbsp;  W wierzeniach ludowych bocian jest patronem wiosny, odradzaj\u0105cej si\u0119 przyrody a tak\u017ce to w\u0142a\u015bnie bocian przynosi dzieci.  &nbsp;  Bocian zawsze by\u0142 nieod\u0142\u0105cznym elementem polskiego krajobrazu i pozostaje jednym z najbardziej ulubionych polskich ptak\u00f3w. Miniatur\u0119\u00a0 mo\u017cna kupi\u0107 razem ze specjalnie dobranym passepartout, kt\u00f3re pasuje do ramki 30 * 40cm. Opakowanie to celofanowa, przezroczysta koperta. Na podklejce z ty\u0142u znajduje si\u0119 opis po polsku i po angielsku. &nbsp;","og_url":"https:\/\/persjarnia.com\/en\/product\/tkana-miniatura-fragment-arrasu-wawelskiego-z-xviw-bocian-i-kroliki\/","og_site_name":"Persjarnia Zambrzyckich","article_publisher":"https:\/\/www.facebook.com\/persjarnia","article_modified_time":"2025-10-06T10:23:50+00:00","og_image":[{"width":900,"height":1200,"url":"https:\/\/persjarnia.com\/wp-content\/uploads\/2025\/09\/IMG_2267.jpg","type":"image\/jpeg"}],"twitter_card":"summary_large_image","twitter_misc":{"Availability":"In stock"},"schema":{"@context":"https:\/\/schema.org","@graph":[{"@type":"WebPage","@id":"https:\/\/persjarnia.com\/pl\/produkt\/tkana-miniatura-fragment-arrasu-wawelskiego-z-xviw-bocian-i-kroliki\/","url":"https:\/\/persjarnia.com\/pl\/produkt\/tkana-miniatura-fragment-arrasu-wawelskiego-z-xviw-bocian-i-kroliki\/","name":"Tkana miniatura - Fragment Arrasu Wawelskiego z XVIw - Bocian i Kr\u00f3liki - Persjarnia Zambrzyckich","isPartOf":{"@id":"https:\/\/persjarnia.com\/en\/#website"},"primaryImageOfPage":{"@id":"https:\/\/persjarnia.com\/pl\/produkt\/tkana-miniatura-fragment-arrasu-wawelskiego-z-xviw-bocian-i-kroliki\/#primaryimage"},"image":{"@id":"https:\/\/persjarnia.com\/pl\/produkt\/tkana-miniatura-fragment-arrasu-wawelskiego-z-xviw-bocian-i-kroliki\/#primaryimage"},"thumbnailUrl":"https:\/\/persjarnia.com\/wp-content\/uploads\/2025\/09\/IMG_2267.jpg","datePublished":"2025-09-27T15:25:21+00:00","dateModified":"2025-10-06T10:23:50+00:00","breadcrumb":{"@id":"https:\/\/persjarnia.com\/pl\/produkt\/tkana-miniatura-fragment-arrasu-wawelskiego-z-xviw-bocian-i-kroliki\/#breadcrumb"},"inLanguage":"en-GB","potentialAction":[{"@type":"ReadAction","target":["https:\/\/persjarnia.com\/pl\/produkt\/tkana-miniatura-fragment-arrasu-wawelskiego-z-xviw-bocian-i-kroliki\/"]}]},{"@type":"ImageObject","inLanguage":"en-GB","@id":"https:\/\/persjarnia.com\/pl\/produkt\/tkana-miniatura-fragment-arrasu-wawelskiego-z-xviw-bocian-i-kroliki\/#primaryimage","url":"https:\/\/persjarnia.com\/wp-content\/uploads\/2025\/09\/IMG_2267.jpg","contentUrl":"https:\/\/persjarnia.com\/wp-content\/uploads\/2025\/09\/IMG_2267.jpg","width":900,"height":1200},{"@type":"BreadcrumbList","@id":"https:\/\/persjarnia.com\/pl\/produkt\/tkana-miniatura-fragment-arrasu-wawelskiego-z-xviw-bocian-i-kroliki\/#breadcrumb","itemListElement":[{"@type":"ListItem","position":1,"name":"Home","item":"https:\/\/persjarnia.com\/en\/"},{"@type":"ListItem","position":2,"name":"Products","item":"https:\/\/persjarnia.com\/en\/shop\/"},{"@type":"ListItem","position":3,"name":"Tkana miniatura &#8211; Fragment Arrasu Wawelskiego z XVIw &#8211; Bocian i Kr\u00f3liki"}]},{"@type":"WebSite","@id":"https:\/\/persjarnia.com\/en\/#website","url":"https:\/\/persjarnia.com\/en\/","name":"Persjarnia Zambrzyckich","description":"Kontush Sashes, Buczacz Tapestry","publisher":{"@id":"https:\/\/persjarnia.com\/en\/#organization"},"potentialAction":[{"@type":"SearchAction","target":{"@type":"EntryPoint","urlTemplate":"https:\/\/persjarnia.com\/en\/?s={search_term_string}"},"query-input":{"@type":"PropertyValueSpecification","valueRequired":true,"valueName":"search_term_string"}}],"inLanguage":"en-GB"},{"@type":"Organization","@id":"https:\/\/persjarnia.com\/en\/#organization","name":"Persjarnia Zambrzyckich","url":"https:\/\/persjarnia.com\/en\/","logo":{"@type":"ImageObject","inLanguage":"en-GB","@id":"https:\/\/persjarnia.com\/en\/#\/schema\/logo\/image\/","url":"https:\/\/persjarnia.com\/wp-content\/uploads\/2017\/03\/cropped-logo1-sm.png","contentUrl":"https:\/\/persjarnia.com\/wp-content\/uploads\/2017\/03\/cropped-logo1-sm.png","width":130,"height":75,"caption":"Persjarnia Zambrzyckich"},"image":{"@id":"https:\/\/persjarnia.com\/en\/#\/schema\/logo\/image\/"},"sameAs":["https:\/\/www.facebook.com\/persjarnia"]}]},"og_availability":"instock","product_availability":"instock","product_condition":"new"},"_links":{"self":[{"href":"https:\/\/persjarnia.com\/en\/wp-json\/wp\/v2\/product\/7490","targetHints":{"allow":["GET"]}}],"collection":[{"href":"https:\/\/persjarnia.com\/en\/wp-json\/wp\/v2\/product"}],"about":[{"href":"https:\/\/persjarnia.com\/en\/wp-json\/wp\/v2\/types\/product"}],"wp:featuredmedia":[{"embeddable":true,"href":"https:\/\/persjarnia.com\/en\/wp-json\/wp\/v2\/media\/6809"}],"wp:attachment":[{"href":"https:\/\/persjarnia.com\/en\/wp-json\/wp\/v2\/media?parent=7490"}],"wp:term":[{"taxonomy":"product_brand","embeddable":true,"href":"https:\/\/persjarnia.com\/en\/wp-json\/wp\/v2\/product_brand?post=7490"},{"taxonomy":"product_cat","embeddable":true,"href":"https:\/\/persjarnia.com\/en\/wp-json\/wp\/v2\/product_cat?post=7490"},{"taxonomy":"product_tag","embeddable":true,"href":"https:\/\/persjarnia.com\/en\/wp-json\/wp\/v2\/product_tag?post=7490"}],"curies":[{"name":"wp","href":"https:\/\/api.w.org\/{rel}","templated":true}]}}