{"id":7517,"date":"2025-09-27T17:25:36","date_gmt":"2025-09-27T15:25:36","guid":{"rendered":"https:\/\/persjarnia.com\/?post_type=product&#038;p=7517"},"modified":"2025-09-27T17:26:18","modified_gmt":"2025-09-27T15:26:18","slug":"szalik-jedwabny-jacek-soplica-sangria-brunatny","status":"publish","type":"product","link":"https:\/\/persjarnia.com\/en\/product\/szalik-jedwabny-jacek-soplica-sangria-brunatny\/","title":{"rendered":"Szalik jedwabny Jacek Soplica (sangria &#038; brunatny)"},"content":{"rendered":"","protected":false},"excerpt":{"rendered":"<p>Tymi oto s\u0142owy Wieszcz nasz &#8211; Adam Mickiewicz opisa\u0142 uniwersaln\u0105 prawd\u0119 w eposie \u201ePan Tadeusz\u201d:<\/p>\n<p>\u201eJe\u015bli kto i czu\u0142 wtenczas, \u017ce polskie ubranie<\/p>\n<p>Pi\u0119kniejsze jest ni\u017c obcej mody ma\u0142powanie,<\/p>\n<p>Milcza\u0142; bo by krzycza\u0142a m\u0142odzie\u017c, \u017ce przeszkadza<\/p>\n<p>Kulturze, \u017ce tamuje progresy, \u017ce zdradza<\/p>\n<p>&nbsp;<\/p>\n<p>W trosce o krzepkie zdrowie zwolennik\u00f3w elegancji ponadczasowej &#8211; polskiej, by pomimo jesiennych ch\u0142od\u00f3w g\u0142os mieli dono\u015bniejszy ni\u017c szum marnych krzykaczy &#8211; z czystego jedwabiu szal nazwany \u201eJacek Soplica\u201d gor\u0105co rekomendujemy. Wz\u00f3r bardzo modny w Rzeczypospolitej w XVIIIw, zwany \u201ekarpi\u0105 \u0142usk\u0105\u201d oraz kompozycj\u0119 ca\u0142\u0105 wed\u0142ug pas\u00f3w starych dok\u0142adnie odtworzyli\u015bmy.\u00a0\u00a0 Seria \u201eJacek Soplica\u201d to szale jedwabne uszyte z dw\u00f3ch warstw jedwabnej materii.<\/p>\n<p>&nbsp;<\/p>\n<p>Szalik dwustronny<\/p>\n<p>Podw\u00f3jna tkanina \u2013 100% jedwab<\/p>\n<p>Wymiary:\u00a0 d\u0142ugo\u015b\u0107 175cm, szeroko\u015b\u0107 28cm<\/p>\n<p>At your request, we can pack your purchase in the elegant gift box for additional 30 PLN. Please click the appropriate button before adding to cart.<\/p>\n<p>Czy\u015bci\u0107 wy\u0142\u0105cznie w pralni chemicznej. Prasowa\u0107 w temperaturze nie wy\u017cszej ni\u017c ukazana dla jedwabiu.<\/p>","protected":false},"featured_media":0,"template":"","meta":{"_acf_changed":false},"product_brand":[],"product_cat":[222],"product_tag":[],"class_list":{"0":"post-7517","1":"product","2":"type-product","3":"status-publish","5":"product_cat-bez-kategorii","6":"pa_packing-without-packaging","7":"pa_packing-with-packing","9":"first","10":"outofstock","11":"shipping-taxable","12":"product-type-variable","13":"has-default-attributes"},"acf":[],"yoast_head":"<!-- This site is optimized with the Yoast SEO plugin v26.1 - https:\/\/yoast.com\/wordpress\/plugins\/seo\/ -->\n<title>Szalik jedwabny Jacek Soplica (sangria &amp; brunatny) - Persjarnia Zambrzyckich<\/title>\n<meta name=\"robots\" content=\"index, follow, max-snippet:-1, max-image-preview:large, max-video-preview:-1\" \/>\n<link rel=\"canonical\" href=\"https:\/\/persjarnia.com\/en\/product\/szalik-jedwabny-jacek-soplica-sangria-brunatny\/\" \/>\n<meta property=\"og:locale\" content=\"en_GB\" \/>\n<meta property=\"og:type\" content=\"article\" \/>\n<meta property=\"og:title\" content=\"Szalik jedwabny Jacek Soplica (sangria &amp; brunatny) - Persjarnia Zambrzyckich\" \/>\n<meta property=\"og:description\" content=\"Tymi oto s\u0142owy Wieszcz nasz - Adam Mickiewicz opisa\u0142 uniwersaln\u0105 prawd\u0119 w eposie \u201ePan Tadeusz\u201d:  \u201eJe\u015bli kto i czu\u0142 wtenczas, \u017ce polskie ubranie  Pi\u0119kniejsze jest ni\u017c obcej mody ma\u0142powanie,  Milcza\u0142; bo by krzycza\u0142a m\u0142odzie\u017c, \u017ce przeszkadza  Kulturze, \u017ce tamuje progresy, \u017ce zdradza  &nbsp;  W trosce o krzepkie zdrowie zwolennik\u00f3w elegancji ponadczasowej - polskiej, by pomimo jesiennych ch\u0142od\u00f3w g\u0142os mieli dono\u015bniejszy ni\u017c szum marnych krzykaczy - z czystego jedwabiu szal nazwany \u201eJacek Soplica\u201d gor\u0105co rekomendujemy. Wz\u00f3r bardzo modny w Rzeczypospolitej w XVIIIw, zwany \u201ekarpi\u0105 \u0142usk\u0105\u201d oraz kompozycj\u0119 ca\u0142\u0105 wed\u0142ug pas\u00f3w starych dok\u0142adnie odtworzyli\u015bmy.\u00a0\u00a0 Seria \u201eJacek Soplica\u201d to szale jedwabne uszyte z dw\u00f3ch warstw jedwabnej materii.  &nbsp;  Szalik dwustronny  Podw\u00f3jna tkanina \u2013 100% jedwab  Wymiary:\u00a0 d\u0142ugo\u015b\u0107 175cm, szeroko\u015b\u0107 28cm  Na specjalne \u017cyczenie, mo\u017cemy Pa\u0144stwa zakup umie\u015bci\u0107 w eleganckim, podarunkowym pude\u0142ku, za dodatkowe 30 z\u0142. Prosimy wybra\u0107 odpowiedni\u0105 opcj\u0119 przed dodaniem do koszyka.  Czy\u015bci\u0107 wy\u0142\u0105cznie w pralni chemicznej. Prasowa\u0107 w temperaturze nie wy\u017cszej ni\u017c ukazana dla jedwabiu.\" \/>\n<meta property=\"og:url\" content=\"https:\/\/persjarnia.com\/en\/product\/szalik-jedwabny-jacek-soplica-sangria-brunatny\/\" \/>\n<meta property=\"og:site_name\" content=\"Persjarnia Zambrzyckich\" \/>\n<meta property=\"article:publisher\" content=\"https:\/\/www.facebook.com\/persjarnia\" \/>\n<meta property=\"article:modified_time\" content=\"2025-09-27T15:26:18+00:00\" \/>\n<meta property=\"og:image\" content=\"https:\/\/persjarnia.com\/wp-content\/uploads\/2025\/09\/Podkomorzy-2-1.jpg\" \/>\n\t<meta property=\"og:image:width\" content=\"1200\" \/>\n\t<meta property=\"og:image:height\" content=\"1200\" \/>\n\t<meta property=\"og:image:type\" content=\"image\/jpeg\" \/>\n<meta name=\"twitter:card\" content=\"summary_large_image\" \/>\n<meta name=\"twitter:label1\" content=\"Availability\" \/>\n\t<meta name=\"twitter:data1\" content=\"Out of stock\" \/>\n<script type=\"application\/ld+json\" class=\"yoast-schema-graph\">{\"@context\":\"https:\/\/schema.org\",\"@graph\":[{\"@type\":\"WebPage\",\"@id\":\"https:\/\/persjarnia.com\/pl\/produkt\/szalik-jedwabny-jacek-soplica-sangria-brunatny\/\",\"url\":\"https:\/\/persjarnia.com\/pl\/produkt\/szalik-jedwabny-jacek-soplica-sangria-brunatny\/\",\"name\":\"Szalik jedwabny Jacek Soplica (sangria & brunatny) - Persjarnia Zambrzyckich\",\"isPartOf\":{\"@id\":\"https:\/\/persjarnia.com\/en\/#website\"},\"datePublished\":\"2025-09-27T15:25:36+00:00\",\"dateModified\":\"2025-09-27T15:26:18+00:00\",\"breadcrumb\":{\"@id\":\"https:\/\/persjarnia.com\/pl\/produkt\/szalik-jedwabny-jacek-soplica-sangria-brunatny\/#breadcrumb\"},\"inLanguage\":\"en-GB\",\"potentialAction\":[{\"@type\":\"ReadAction\",\"target\":[\"https:\/\/persjarnia.com\/pl\/produkt\/szalik-jedwabny-jacek-soplica-sangria-brunatny\/\"]}]},{\"@type\":\"BreadcrumbList\",\"@id\":\"https:\/\/persjarnia.com\/pl\/produkt\/szalik-jedwabny-jacek-soplica-sangria-brunatny\/#breadcrumb\",\"itemListElement\":[{\"@type\":\"ListItem\",\"position\":1,\"name\":\"Home\",\"item\":\"https:\/\/persjarnia.com\/en\/\"},{\"@type\":\"ListItem\",\"position\":2,\"name\":\"Products\",\"item\":\"https:\/\/persjarnia.com\/en\/shop\/\"},{\"@type\":\"ListItem\",\"position\":3,\"name\":\"Szalik jedwabny Jacek Soplica (sangria &#038; brunatny)\"}]},{\"@type\":\"WebSite\",\"@id\":\"https:\/\/persjarnia.com\/en\/#website\",\"url\":\"https:\/\/persjarnia.com\/en\/\",\"name\":\"Persjarnia Zambrzyckich\",\"description\":\"Pasy Kontuszowe, Makaty Buczackie\",\"publisher\":{\"@id\":\"https:\/\/persjarnia.com\/en\/#organization\"},\"potentialAction\":[{\"@type\":\"SearchAction\",\"target\":{\"@type\":\"EntryPoint\",\"urlTemplate\":\"https:\/\/persjarnia.com\/en\/?s={search_term_string}\"},\"query-input\":{\"@type\":\"PropertyValueSpecification\",\"valueRequired\":true,\"valueName\":\"search_term_string\"}}],\"inLanguage\":\"en-GB\"},{\"@type\":\"Organization\",\"@id\":\"https:\/\/persjarnia.com\/en\/#organization\",\"name\":\"Persjarnia Zambrzyckich\",\"url\":\"https:\/\/persjarnia.com\/en\/\",\"logo\":{\"@type\":\"ImageObject\",\"inLanguage\":\"en-GB\",\"@id\":\"https:\/\/persjarnia.com\/en\/#\/schema\/logo\/image\/\",\"url\":\"https:\/\/persjarnia.com\/wp-content\/uploads\/2017\/03\/cropped-logo1-sm.png\",\"contentUrl\":\"https:\/\/persjarnia.com\/wp-content\/uploads\/2017\/03\/cropped-logo1-sm.png\",\"width\":130,\"height\":75,\"caption\":\"Persjarnia Zambrzyckich\"},\"image\":{\"@id\":\"https:\/\/persjarnia.com\/en\/#\/schema\/logo\/image\/\"},\"sameAs\":[\"https:\/\/www.facebook.com\/persjarnia\"]}]}<\/script>\n<meta property=\"og:availability\" content=\"out of stock\" \/>\n<meta property=\"product:availability\" content=\"out of stock\" \/>\n<meta property=\"product:condition\" content=\"new\" \/>\n<!-- \/ Yoast SEO plugin. -->","yoast_head_json":{"title":"Szalik jedwabny Jacek Soplica (sangria & brunatny) - Persjarnia Zambrzyckich","robots":{"index":"index","follow":"follow","max-snippet":"max-snippet:-1","max-image-preview":"max-image-preview:large","max-video-preview":"max-video-preview:-1"},"canonical":"https:\/\/persjarnia.com\/en\/product\/szalik-jedwabny-jacek-soplica-sangria-brunatny\/","og_locale":"en_GB","og_type":"article","og_title":"Szalik jedwabny Jacek Soplica (sangria & brunatny) - Persjarnia Zambrzyckich","og_description":"Tymi oto s\u0142owy Wieszcz nasz - Adam Mickiewicz opisa\u0142 uniwersaln\u0105 prawd\u0119 w eposie \u201ePan Tadeusz\u201d:  \u201eJe\u015bli kto i czu\u0142 wtenczas, \u017ce polskie ubranie  Pi\u0119kniejsze jest ni\u017c obcej mody ma\u0142powanie,  Milcza\u0142; bo by krzycza\u0142a m\u0142odzie\u017c, \u017ce przeszkadza  Kulturze, \u017ce tamuje progresy, \u017ce zdradza  &nbsp;  W trosce o krzepkie zdrowie zwolennik\u00f3w elegancji ponadczasowej - polskiej, by pomimo jesiennych ch\u0142od\u00f3w g\u0142os mieli dono\u015bniejszy ni\u017c szum marnych krzykaczy - z czystego jedwabiu szal nazwany \u201eJacek Soplica\u201d gor\u0105co rekomendujemy. Wz\u00f3r bardzo modny w Rzeczypospolitej w XVIIIw, zwany \u201ekarpi\u0105 \u0142usk\u0105\u201d oraz kompozycj\u0119 ca\u0142\u0105 wed\u0142ug pas\u00f3w starych dok\u0142adnie odtworzyli\u015bmy.\u00a0\u00a0 Seria \u201eJacek Soplica\u201d to szale jedwabne uszyte z dw\u00f3ch warstw jedwabnej materii.  &nbsp;  Szalik dwustronny  Podw\u00f3jna tkanina \u2013 100% jedwab  Wymiary:\u00a0 d\u0142ugo\u015b\u0107 175cm, szeroko\u015b\u0107 28cm  Na specjalne \u017cyczenie, mo\u017cemy Pa\u0144stwa zakup umie\u015bci\u0107 w eleganckim, podarunkowym pude\u0142ku, za dodatkowe 30 z\u0142. Prosimy wybra\u0107 odpowiedni\u0105 opcj\u0119 przed dodaniem do koszyka.  Czy\u015bci\u0107 wy\u0142\u0105cznie w pralni chemicznej. Prasowa\u0107 w temperaturze nie wy\u017cszej ni\u017c ukazana dla jedwabiu.","og_url":"https:\/\/persjarnia.com\/en\/product\/szalik-jedwabny-jacek-soplica-sangria-brunatny\/","og_site_name":"Persjarnia Zambrzyckich","article_publisher":"https:\/\/www.facebook.com\/persjarnia","article_modified_time":"2025-09-27T15:26:18+00:00","og_image":[{"width":1200,"height":1200,"url":"https:\/\/persjarnia.com\/wp-content\/uploads\/2025\/09\/Podkomorzy-2-1.jpg","type":"image\/jpeg"}],"twitter_card":"summary_large_image","twitter_misc":{"Availability":"Out of stock"},"schema":{"@context":"https:\/\/schema.org","@graph":[{"@type":"WebPage","@id":"https:\/\/persjarnia.com\/pl\/produkt\/szalik-jedwabny-jacek-soplica-sangria-brunatny\/","url":"https:\/\/persjarnia.com\/pl\/produkt\/szalik-jedwabny-jacek-soplica-sangria-brunatny\/","name":"Szalik jedwabny Jacek Soplica (sangria & brunatny) - Persjarnia Zambrzyckich","isPartOf":{"@id":"https:\/\/persjarnia.com\/en\/#website"},"datePublished":"2025-09-27T15:25:36+00:00","dateModified":"2025-09-27T15:26:18+00:00","breadcrumb":{"@id":"https:\/\/persjarnia.com\/pl\/produkt\/szalik-jedwabny-jacek-soplica-sangria-brunatny\/#breadcrumb"},"inLanguage":"en-GB","potentialAction":[{"@type":"ReadAction","target":["https:\/\/persjarnia.com\/pl\/produkt\/szalik-jedwabny-jacek-soplica-sangria-brunatny\/"]}]},{"@type":"BreadcrumbList","@id":"https:\/\/persjarnia.com\/pl\/produkt\/szalik-jedwabny-jacek-soplica-sangria-brunatny\/#breadcrumb","itemListElement":[{"@type":"ListItem","position":1,"name":"Home","item":"https:\/\/persjarnia.com\/en\/"},{"@type":"ListItem","position":2,"name":"Products","item":"https:\/\/persjarnia.com\/en\/shop\/"},{"@type":"ListItem","position":3,"name":"Szalik jedwabny Jacek Soplica (sangria &#038; brunatny)"}]},{"@type":"WebSite","@id":"https:\/\/persjarnia.com\/en\/#website","url":"https:\/\/persjarnia.com\/en\/","name":"Persjarnia Zambrzyckich","description":"Kontush Sashes, Buczacz Tapestry","publisher":{"@id":"https:\/\/persjarnia.com\/en\/#organization"},"potentialAction":[{"@type":"SearchAction","target":{"@type":"EntryPoint","urlTemplate":"https:\/\/persjarnia.com\/en\/?s={search_term_string}"},"query-input":{"@type":"PropertyValueSpecification","valueRequired":true,"valueName":"search_term_string"}}],"inLanguage":"en-GB"},{"@type":"Organization","@id":"https:\/\/persjarnia.com\/en\/#organization","name":"Persjarnia Zambrzyckich","url":"https:\/\/persjarnia.com\/en\/","logo":{"@type":"ImageObject","inLanguage":"en-GB","@id":"https:\/\/persjarnia.com\/en\/#\/schema\/logo\/image\/","url":"https:\/\/persjarnia.com\/wp-content\/uploads\/2017\/03\/cropped-logo1-sm.png","contentUrl":"https:\/\/persjarnia.com\/wp-content\/uploads\/2017\/03\/cropped-logo1-sm.png","width":130,"height":75,"caption":"Persjarnia Zambrzyckich"},"image":{"@id":"https:\/\/persjarnia.com\/en\/#\/schema\/logo\/image\/"},"sameAs":["https:\/\/www.facebook.com\/persjarnia"]}]},"og_availability":"out of stock","product_availability":"out of stock","product_condition":"new"},"_links":{"self":[{"href":"https:\/\/persjarnia.com\/en\/wp-json\/wp\/v2\/product\/7517","targetHints":{"allow":["GET"]}}],"collection":[{"href":"https:\/\/persjarnia.com\/en\/wp-json\/wp\/v2\/product"}],"about":[{"href":"https:\/\/persjarnia.com\/en\/wp-json\/wp\/v2\/types\/product"}],"wp:attachment":[{"href":"https:\/\/persjarnia.com\/en\/wp-json\/wp\/v2\/media?parent=7517"}],"wp:term":[{"taxonomy":"product_brand","embeddable":true,"href":"https:\/\/persjarnia.com\/en\/wp-json\/wp\/v2\/product_brand?post=7517"},{"taxonomy":"product_cat","embeddable":true,"href":"https:\/\/persjarnia.com\/en\/wp-json\/wp\/v2\/product_cat?post=7517"},{"taxonomy":"product_tag","embeddable":true,"href":"https:\/\/persjarnia.com\/en\/wp-json\/wp\/v2\/product_tag?post=7517"}],"curies":[{"name":"wp","href":"https:\/\/api.w.org\/{rel}","templated":true}]}}