{"id":7522,"date":"2025-09-27T17:25:36","date_gmt":"2025-09-27T15:25:36","guid":{"rendered":"https:\/\/persjarnia.com\/?post_type=product&#038;p=7522"},"modified":"2025-10-06T12:23:26","modified_gmt":"2025-10-06T10:23:26","slug":"tkana-mini%d0%b0tura-arrasu-z-xviw","status":"publish","type":"product","link":"https:\/\/persjarnia.com\/en\/product\/tkana-mini%d0%b0tura-arrasu-z-xviw\/","title":{"rendered":"Tkana Mini\u0430tura Arrasu z XVIw."},"content":{"rendered":"","protected":false},"excerpt":{"rendered":"<div dir=\"auto\">Kopia arrasu herbowego ze zbioru Kr\u00f3la Zygmunta Augusta Jagiellona.<\/div>\n<div dir=\"auto\">Wymiary zbli\u017cone do formatu A4 (19cm \u00a0na 30cm).<\/div>\n<div dir=\"auto\">Tkanina jednostronna.<\/div>\n<div dir=\"auto\"><\/div>\n<div dir=\"auto\">Arras zam\u00f3wiony przez Kr\u00f3la Zygmunta Augusta oko\u0142o po\u0142owy XVI w. we Flandrii. Najprawdopodobniej utkano go do dekoracji wile\u0144skiego zamku. Pod ksi\u0105\u017c\u0119c\u0105 mitr\u0105 Umieszczone zosta\u0142y god\u0142a ziem wchodz\u0105cych w sk\u0142ad Pa\u0144stwa Polsko-Litewskiego: Orze\u0142 Bia\u0142y z monogramem SA na piersi &#8211; god\u0142o Polski, Pogo\u0144 &#8211; god\u0142o Litwy oraz herby ziem: kijowskiej \u2013 Archanio\u0142 Gabriel, wo\u0142y\u0144skiej \u2013 Krzy\u017c i smole\u0144skiej \u2013 Nied\u017awied\u017a. W polu sercowym umieszczono herb Kr\u00f3lewskiej Matki &#8211; Kr\u00f3lowej Bony Sforzy \u2013 W\u0119\u017ca\/Smoka. Ca\u0142o\u015b\u0107 otacza renesansowa bordiura pe\u0142na maszkaron\u00f3w, owoc\u00f3w i kwiat\u00f3w oraz ptak\u00f3w. Arras ten pojawi\u0142 si\u0119 na rynku antykwarycznym w 2009 r. \u2013 do tego czasu by\u0142 nieznany.<\/div>\n<div dir=\"auto\"><\/div>\n<div dir=\"auto\">Miniatur\u0119 arras\u00f3w mo\u017cna kupi\u0107 razem ze specjalnie dobranym passepartout, kt\u00f3re pasuje do ramki 30 * 40cm.<\/div>\n<div dir=\"auto\">Opakowanie to celofanowa, przezroczysta koperta. Na podklejce z ty\u0142u znajduje si\u0119 opis po polsku i po angielsku.<\/div>\n<div dir=\"auto\"><\/div>","protected":false},"featured_media":7200,"template":"","meta":{"_acf_changed":false},"product_brand":[],"product_cat":[336],"product_tag":[],"class_list":{"0":"post-7522","1":"product","2":"type-product","3":"status-publish","4":"has-post-thumbnail","6":"product_cat-arrasy-miniatury","8":"first","9":"instock","10":"shipping-taxable","11":"purchasable","12":"product-type-variable"},"acf":[],"yoast_head":"<!-- This site is optimized with the Yoast SEO plugin v26.1 - https:\/\/yoast.com\/wordpress\/plugins\/seo\/ -->\n<title>Tkana Mini\u0430tura Arrasu z XVIw. - Persjarnia Zambrzyckich<\/title>\n<meta name=\"robots\" content=\"index, follow, max-snippet:-1, max-image-preview:large, max-video-preview:-1\" \/>\n<link rel=\"canonical\" href=\"https:\/\/persjarnia.com\/en\/product\/tkana-mini\u0430tura-arrasu-z-xviw\/\" \/>\n<meta property=\"og:locale\" content=\"en_GB\" \/>\n<meta property=\"og:type\" content=\"article\" \/>\n<meta property=\"og:title\" content=\"Tkana Mini\u0430tura Arrasu z XVIw. - Persjarnia Zambrzyckich\" \/>\n<meta property=\"og:description\" content=\"Kopia arrasu herbowego ze zbioru Kr\u00f3la Zygmunta Augusta Jagiellona. Wymiary zbli\u017cone do formatu A4 (19cm \u00a0na 30cm). Tkanina jednostronna.  Arras zam\u00f3wiony przez Kr\u00f3la Zygmunta Augusta oko\u0142o po\u0142owy XVI w. we Flandrii. Najprawdopodobniej utkano go do dekoracji wile\u0144skiego zamku. Pod ksi\u0105\u017c\u0119c\u0105 mitr\u0105 Umieszczone zosta\u0142y god\u0142a ziem wchodz\u0105cych w sk\u0142ad Pa\u0144stwa Polsko-Litewskiego: Orze\u0142 Bia\u0142y z monogramem SA na piersi - god\u0142o Polski, Pogo\u0144 - god\u0142o Litwy oraz herby ziem: kijowskiej \u2013 Archanio\u0142 Gabriel, wo\u0142y\u0144skiej \u2013 Krzy\u017c i smole\u0144skiej \u2013 Nied\u017awied\u017a. W polu sercowym umieszczono herb Kr\u00f3lewskiej Matki - Kr\u00f3lowej Bony Sforzy \u2013 W\u0119\u017ca\/Smoka. Ca\u0142o\u015b\u0107 otacza renesansowa bordiura pe\u0142na maszkaron\u00f3w, owoc\u00f3w i kwiat\u00f3w oraz ptak\u00f3w. Arras ten pojawi\u0142 si\u0119 na rynku antykwarycznym w 2009 r. \u2013 do tego czasu by\u0142 nieznany.  Miniatur\u0119 arras\u00f3w mo\u017cna kupi\u0107 razem ze specjalnie dobranym passepartout, kt\u00f3re pasuje do ramki 30 * 40cm. Opakowanie to celofanowa, przezroczysta koperta. Na podklejce z ty\u0142u znajduje si\u0119 opis po polsku i po angielsku.\" \/>\n<meta property=\"og:url\" content=\"https:\/\/persjarnia.com\/en\/product\/tkana-mini\u0430tura-arrasu-z-xviw\/\" \/>\n<meta property=\"og:site_name\" content=\"Persjarnia Zambrzyckich\" \/>\n<meta property=\"article:publisher\" content=\"https:\/\/www.facebook.com\/persjarnia\" \/>\n<meta property=\"article:modified_time\" content=\"2025-10-06T10:23:26+00:00\" \/>\n<meta property=\"og:image\" content=\"https:\/\/persjarnia.com\/wp-content\/uploads\/2025\/09\/IMG_2327.jpg\" \/>\n\t<meta property=\"og:image:width\" content=\"900\" \/>\n\t<meta property=\"og:image:height\" content=\"1200\" \/>\n\t<meta property=\"og:image:type\" content=\"image\/jpeg\" \/>\n<meta name=\"twitter:card\" content=\"summary_large_image\" \/>\n<meta name=\"twitter:label1\" content=\"Availability\" \/>\n\t<meta name=\"twitter:data1\" content=\"In stock\" \/>\n<script type=\"application\/ld+json\" class=\"yoast-schema-graph\">{\"@context\":\"https:\/\/schema.org\",\"@graph\":[{\"@type\":\"WebPage\",\"@id\":\"https:\/\/persjarnia.com\/pl\/produkt\/tkana-mini%d0%b0tura-arrasu-z-xviw\/\",\"url\":\"https:\/\/persjarnia.com\/pl\/produkt\/tkana-mini%d0%b0tura-arrasu-z-xviw\/\",\"name\":\"Tkana Mini\u0430tura Arrasu z XVIw. - Persjarnia Zambrzyckich\",\"isPartOf\":{\"@id\":\"https:\/\/persjarnia.com\/en\/#website\"},\"primaryImageOfPage\":{\"@id\":\"https:\/\/persjarnia.com\/pl\/produkt\/tkana-mini%d0%b0tura-arrasu-z-xviw\/#primaryimage\"},\"image\":{\"@id\":\"https:\/\/persjarnia.com\/pl\/produkt\/tkana-mini%d0%b0tura-arrasu-z-xviw\/#primaryimage\"},\"thumbnailUrl\":\"https:\/\/persjarnia.com\/wp-content\/uploads\/2025\/09\/IMG_2327.jpg\",\"datePublished\":\"2025-09-27T15:25:36+00:00\",\"dateModified\":\"2025-10-06T10:23:26+00:00\",\"breadcrumb\":{\"@id\":\"https:\/\/persjarnia.com\/pl\/produkt\/tkana-mini%d0%b0tura-arrasu-z-xviw\/#breadcrumb\"},\"inLanguage\":\"en-GB\",\"potentialAction\":[{\"@type\":\"ReadAction\",\"target\":[\"https:\/\/persjarnia.com\/pl\/produkt\/tkana-mini%d0%b0tura-arrasu-z-xviw\/\"]}]},{\"@type\":\"ImageObject\",\"inLanguage\":\"en-GB\",\"@id\":\"https:\/\/persjarnia.com\/pl\/produkt\/tkana-mini%d0%b0tura-arrasu-z-xviw\/#primaryimage\",\"url\":\"https:\/\/persjarnia.com\/wp-content\/uploads\/2025\/09\/IMG_2327.jpg\",\"contentUrl\":\"https:\/\/persjarnia.com\/wp-content\/uploads\/2025\/09\/IMG_2327.jpg\",\"width\":900,\"height\":1200},{\"@type\":\"BreadcrumbList\",\"@id\":\"https:\/\/persjarnia.com\/pl\/produkt\/tkana-mini%d0%b0tura-arrasu-z-xviw\/#breadcrumb\",\"itemListElement\":[{\"@type\":\"ListItem\",\"position\":1,\"name\":\"Home\",\"item\":\"https:\/\/persjarnia.com\/en\/\"},{\"@type\":\"ListItem\",\"position\":2,\"name\":\"Products\",\"item\":\"https:\/\/persjarnia.com\/en\/shop\/\"},{\"@type\":\"ListItem\",\"position\":3,\"name\":\"Tkana Mini\u0430tura Arrasu z XVIw.\"}]},{\"@type\":\"WebSite\",\"@id\":\"https:\/\/persjarnia.com\/en\/#website\",\"url\":\"https:\/\/persjarnia.com\/en\/\",\"name\":\"Persjarnia Zambrzyckich\",\"description\":\"Pasy Kontuszowe, Makaty Buczackie\",\"publisher\":{\"@id\":\"https:\/\/persjarnia.com\/en\/#organization\"},\"potentialAction\":[{\"@type\":\"SearchAction\",\"target\":{\"@type\":\"EntryPoint\",\"urlTemplate\":\"https:\/\/persjarnia.com\/en\/?s={search_term_string}\"},\"query-input\":{\"@type\":\"PropertyValueSpecification\",\"valueRequired\":true,\"valueName\":\"search_term_string\"}}],\"inLanguage\":\"en-GB\"},{\"@type\":\"Organization\",\"@id\":\"https:\/\/persjarnia.com\/en\/#organization\",\"name\":\"Persjarnia Zambrzyckich\",\"url\":\"https:\/\/persjarnia.com\/en\/\",\"logo\":{\"@type\":\"ImageObject\",\"inLanguage\":\"en-GB\",\"@id\":\"https:\/\/persjarnia.com\/en\/#\/schema\/logo\/image\/\",\"url\":\"https:\/\/persjarnia.com\/wp-content\/uploads\/2017\/03\/cropped-logo1-sm.png\",\"contentUrl\":\"https:\/\/persjarnia.com\/wp-content\/uploads\/2017\/03\/cropped-logo1-sm.png\",\"width\":130,\"height\":75,\"caption\":\"Persjarnia Zambrzyckich\"},\"image\":{\"@id\":\"https:\/\/persjarnia.com\/en\/#\/schema\/logo\/image\/\"},\"sameAs\":[\"https:\/\/www.facebook.com\/persjarnia\"]}]}<\/script>\n<meta property=\"og:availability\" content=\"instock\" \/>\n<meta property=\"product:availability\" content=\"instock\" \/>\n<meta property=\"product:condition\" content=\"new\" \/>\n<!-- \/ Yoast SEO plugin. -->","yoast_head_json":{"title":"Tkana Mini\u0430tura Arrasu z XVIw. - Persjarnia Zambrzyckich","robots":{"index":"index","follow":"follow","max-snippet":"max-snippet:-1","max-image-preview":"max-image-preview:large","max-video-preview":"max-video-preview:-1"},"canonical":"https:\/\/persjarnia.com\/en\/product\/tkana-mini\u0430tura-arrasu-z-xviw\/","og_locale":"en_GB","og_type":"article","og_title":"Tkana Mini\u0430tura Arrasu z XVIw. - Persjarnia Zambrzyckich","og_description":"Kopia arrasu herbowego ze zbioru Kr\u00f3la Zygmunta Augusta Jagiellona. Wymiary zbli\u017cone do formatu A4 (19cm \u00a0na 30cm). Tkanina jednostronna.  Arras zam\u00f3wiony przez Kr\u00f3la Zygmunta Augusta oko\u0142o po\u0142owy XVI w. we Flandrii. Najprawdopodobniej utkano go do dekoracji wile\u0144skiego zamku. Pod ksi\u0105\u017c\u0119c\u0105 mitr\u0105 Umieszczone zosta\u0142y god\u0142a ziem wchodz\u0105cych w sk\u0142ad Pa\u0144stwa Polsko-Litewskiego: Orze\u0142 Bia\u0142y z monogramem SA na piersi - god\u0142o Polski, Pogo\u0144 - god\u0142o Litwy oraz herby ziem: kijowskiej \u2013 Archanio\u0142 Gabriel, wo\u0142y\u0144skiej \u2013 Krzy\u017c i smole\u0144skiej \u2013 Nied\u017awied\u017a. W polu sercowym umieszczono herb Kr\u00f3lewskiej Matki - Kr\u00f3lowej Bony Sforzy \u2013 W\u0119\u017ca\/Smoka. Ca\u0142o\u015b\u0107 otacza renesansowa bordiura pe\u0142na maszkaron\u00f3w, owoc\u00f3w i kwiat\u00f3w oraz ptak\u00f3w. Arras ten pojawi\u0142 si\u0119 na rynku antykwarycznym w 2009 r. \u2013 do tego czasu by\u0142 nieznany.  Miniatur\u0119 arras\u00f3w mo\u017cna kupi\u0107 razem ze specjalnie dobranym passepartout, kt\u00f3re pasuje do ramki 30 * 40cm. Opakowanie to celofanowa, przezroczysta koperta. Na podklejce z ty\u0142u znajduje si\u0119 opis po polsku i po angielsku.","og_url":"https:\/\/persjarnia.com\/en\/product\/tkana-mini\u0430tura-arrasu-z-xviw\/","og_site_name":"Persjarnia Zambrzyckich","article_publisher":"https:\/\/www.facebook.com\/persjarnia","article_modified_time":"2025-10-06T10:23:26+00:00","og_image":[{"width":900,"height":1200,"url":"https:\/\/persjarnia.com\/wp-content\/uploads\/2025\/09\/IMG_2327.jpg","type":"image\/jpeg"}],"twitter_card":"summary_large_image","twitter_misc":{"Availability":"In stock"},"schema":{"@context":"https:\/\/schema.org","@graph":[{"@type":"WebPage","@id":"https:\/\/persjarnia.com\/pl\/produkt\/tkana-mini%d0%b0tura-arrasu-z-xviw\/","url":"https:\/\/persjarnia.com\/pl\/produkt\/tkana-mini%d0%b0tura-arrasu-z-xviw\/","name":"Tkana Mini\u0430tura Arrasu z XVIw. - Persjarnia Zambrzyckich","isPartOf":{"@id":"https:\/\/persjarnia.com\/en\/#website"},"primaryImageOfPage":{"@id":"https:\/\/persjarnia.com\/pl\/produkt\/tkana-mini%d0%b0tura-arrasu-z-xviw\/#primaryimage"},"image":{"@id":"https:\/\/persjarnia.com\/pl\/produkt\/tkana-mini%d0%b0tura-arrasu-z-xviw\/#primaryimage"},"thumbnailUrl":"https:\/\/persjarnia.com\/wp-content\/uploads\/2025\/09\/IMG_2327.jpg","datePublished":"2025-09-27T15:25:36+00:00","dateModified":"2025-10-06T10:23:26+00:00","breadcrumb":{"@id":"https:\/\/persjarnia.com\/pl\/produkt\/tkana-mini%d0%b0tura-arrasu-z-xviw\/#breadcrumb"},"inLanguage":"en-GB","potentialAction":[{"@type":"ReadAction","target":["https:\/\/persjarnia.com\/pl\/produkt\/tkana-mini%d0%b0tura-arrasu-z-xviw\/"]}]},{"@type":"ImageObject","inLanguage":"en-GB","@id":"https:\/\/persjarnia.com\/pl\/produkt\/tkana-mini%d0%b0tura-arrasu-z-xviw\/#primaryimage","url":"https:\/\/persjarnia.com\/wp-content\/uploads\/2025\/09\/IMG_2327.jpg","contentUrl":"https:\/\/persjarnia.com\/wp-content\/uploads\/2025\/09\/IMG_2327.jpg","width":900,"height":1200},{"@type":"BreadcrumbList","@id":"https:\/\/persjarnia.com\/pl\/produkt\/tkana-mini%d0%b0tura-arrasu-z-xviw\/#breadcrumb","itemListElement":[{"@type":"ListItem","position":1,"name":"Home","item":"https:\/\/persjarnia.com\/en\/"},{"@type":"ListItem","position":2,"name":"Products","item":"https:\/\/persjarnia.com\/en\/shop\/"},{"@type":"ListItem","position":3,"name":"Tkana Mini\u0430tura Arrasu z XVIw."}]},{"@type":"WebSite","@id":"https:\/\/persjarnia.com\/en\/#website","url":"https:\/\/persjarnia.com\/en\/","name":"Persjarnia Zambrzyckich","description":"Kontush Sashes, Buczacz Tapestry","publisher":{"@id":"https:\/\/persjarnia.com\/en\/#organization"},"potentialAction":[{"@type":"SearchAction","target":{"@type":"EntryPoint","urlTemplate":"https:\/\/persjarnia.com\/en\/?s={search_term_string}"},"query-input":{"@type":"PropertyValueSpecification","valueRequired":true,"valueName":"search_term_string"}}],"inLanguage":"en-GB"},{"@type":"Organization","@id":"https:\/\/persjarnia.com\/en\/#organization","name":"Persjarnia Zambrzyckich","url":"https:\/\/persjarnia.com\/en\/","logo":{"@type":"ImageObject","inLanguage":"en-GB","@id":"https:\/\/persjarnia.com\/en\/#\/schema\/logo\/image\/","url":"https:\/\/persjarnia.com\/wp-content\/uploads\/2017\/03\/cropped-logo1-sm.png","contentUrl":"https:\/\/persjarnia.com\/wp-content\/uploads\/2017\/03\/cropped-logo1-sm.png","width":130,"height":75,"caption":"Persjarnia Zambrzyckich"},"image":{"@id":"https:\/\/persjarnia.com\/en\/#\/schema\/logo\/image\/"},"sameAs":["https:\/\/www.facebook.com\/persjarnia"]}]},"og_availability":"instock","product_availability":"instock","product_condition":"new"},"_links":{"self":[{"href":"https:\/\/persjarnia.com\/en\/wp-json\/wp\/v2\/product\/7522","targetHints":{"allow":["GET"]}}],"collection":[{"href":"https:\/\/persjarnia.com\/en\/wp-json\/wp\/v2\/product"}],"about":[{"href":"https:\/\/persjarnia.com\/en\/wp-json\/wp\/v2\/types\/product"}],"wp:featuredmedia":[{"embeddable":true,"href":"https:\/\/persjarnia.com\/en\/wp-json\/wp\/v2\/media\/7200"}],"wp:attachment":[{"href":"https:\/\/persjarnia.com\/en\/wp-json\/wp\/v2\/media?parent=7522"}],"wp:term":[{"taxonomy":"product_brand","embeddable":true,"href":"https:\/\/persjarnia.com\/en\/wp-json\/wp\/v2\/product_brand?post=7522"},{"taxonomy":"product_cat","embeddable":true,"href":"https:\/\/persjarnia.com\/en\/wp-json\/wp\/v2\/product_cat?post=7522"},{"taxonomy":"product_tag","embeddable":true,"href":"https:\/\/persjarnia.com\/en\/wp-json\/wp\/v2\/product_tag?post=7522"}],"curies":[{"name":"wp","href":"https:\/\/api.w.org\/{rel}","templated":true}]}}