{"id":7543,"date":"2025-09-27T17:25:38","date_gmt":"2025-09-27T15:25:38","guid":{"rendered":"https:\/\/persjarnia.com\/?post_type=product&#038;p=7543"},"modified":"2025-10-05T21:58:41","modified_gmt":"2025-10-05T19:58:41","slug":"bieznik-tryumf-sobieskiego-30220cm-z-fredzlami","status":"publish","type":"product","link":"https:\/\/persjarnia.com\/en\/product\/bieznik-tryumf-sobieskiego-30220cm-z-fredzlami\/","title":{"rendered":"Bie\u017cnik  Tryumf Sobieskiego  30*220cm z fr\u0119dzlami"},"content":{"rendered":"","protected":false},"excerpt":{"rendered":"<p>Bie\u017cnik na st\u00f3\u0142 utkany we wz\u00f3r historycznego pasa kontuszowego. Bie\u017cnik w kolorach na kt\u00f3rych zna\u0142 si\u0119 Kr\u00f3l Jan III. Najlepsze gatunki herbat, czekolady i kawy (a z drugiej strony kawa z piank\u0105) tocz\u0105 tu zaciek\u0142y b\u00f3j o kr\u00f3lewski st\u00f3\u0142.<\/p>\n<p>Na specjalne \u017cyczenie, mo\u017cemy Pa\u0144stwa zakup umie\u015bci\u0107 w eleganckim, podarunkowym pude\u0142ku, za dodatkowe 15z\u0142. Prosimy wybra\u0107 odpowiedni\u0105 opcj\u0119 przed dodaniem do koszyka.<\/p>\n<p>Bie\u017cnik ma rozmiar: 30*220cm (je\u015bli liczy\u0107 z fr\u0119dzlami, to 30*240cm).<\/p>\n<p>Sk\u0142ad: poliwiskoza<\/p>\n<p>Piel\u0119gnacja: pranie r\u0119czne lub w pralce w temperaturze nie wy\u017cszej ni\u017c 40\u2070 C.<\/p>\n<p>Prasowa\u0107 po ustawieniu \u017celazka na JEDWAB i par\u0119.<\/p>\n<p>Fr\u0119dzle rozczesa\u0107 po wyschni\u0119ciu.<\/p>","protected":false},"featured_media":6953,"template":"","meta":{"_acf_changed":false},"product_brand":[],"product_cat":[151,222],"product_tag":[],"class_list":{"0":"post-7543","1":"product","2":"type-product","3":"status-publish","4":"has-post-thumbnail","6":"product_cat-biezniki","7":"product_cat-bez-kategorii","8":"pa_packing-without-packaging","9":"pa_packing-with-packing","11":"first","12":"instock","13":"shipping-taxable","14":"purchasable","15":"product-type-variable"},"acf":[],"yoast_head":"<!-- This site is optimized with the Yoast SEO plugin v26.1 - https:\/\/yoast.com\/wordpress\/plugins\/seo\/ -->\n<title>Bie\u017cnik Tryumf Sobieskiego 30*220cm z fr\u0119dzlami - Persjarnia Zambrzyckich<\/title>\n<meta name=\"robots\" content=\"index, follow, max-snippet:-1, max-image-preview:large, max-video-preview:-1\" \/>\n<link rel=\"canonical\" href=\"https:\/\/persjarnia.com\/en\/product\/bieznik-tryumf-sobieskiego-30220cm-z-fredzlami\/\" \/>\n<meta property=\"og:locale\" content=\"en_GB\" \/>\n<meta property=\"og:type\" content=\"article\" \/>\n<meta property=\"og:title\" content=\"Bie\u017cnik Tryumf Sobieskiego 30*220cm z fr\u0119dzlami - Persjarnia Zambrzyckich\" \/>\n<meta property=\"og:description\" content=\"Bie\u017cnik na st\u00f3\u0142 utkany we wz\u00f3r historycznego pasa kontuszowego. Bie\u017cnik w kolorach na kt\u00f3rych zna\u0142 si\u0119 Kr\u00f3l Jan III. Najlepsze gatunki herbat, czekolady i kawy (a z drugiej strony kawa z piank\u0105) tocz\u0105 tu zaciek\u0142y b\u00f3j o kr\u00f3lewski st\u00f3\u0142.  Na specjalne \u017cyczenie, mo\u017cemy Pa\u0144stwa zakup umie\u015bci\u0107 w eleganckim, podarunkowym pude\u0142ku, za dodatkowe 15z\u0142. Prosimy wybra\u0107 odpowiedni\u0105 opcj\u0119 przed dodaniem do koszyka.  Bie\u017cnik ma rozmiar: 30*220cm (je\u015bli liczy\u0107 z fr\u0119dzlami, to 30*240cm).  Sk\u0142ad: poliwiskoza  Piel\u0119gnacja: pranie r\u0119czne lub w pralce w temperaturze nie wy\u017cszej ni\u017c 40\u2070 C.  Prasowa\u0107 po ustawieniu \u017celazka na JEDWAB i par\u0119.  Fr\u0119dzle rozczesa\u0107 po wyschni\u0119ciu.\" \/>\n<meta property=\"og:url\" content=\"https:\/\/persjarnia.com\/en\/product\/bieznik-tryumf-sobieskiego-30220cm-z-fredzlami\/\" \/>\n<meta property=\"og:site_name\" content=\"Persjarnia Zambrzyckich\" \/>\n<meta property=\"article:publisher\" content=\"https:\/\/www.facebook.com\/persjarnia\" \/>\n<meta property=\"article:modified_time\" content=\"2025-10-05T19:58:41+00:00\" \/>\n<meta property=\"og:image\" content=\"https:\/\/persjarnia.com\/wp-content\/uploads\/2025\/09\/IMG_4508.jpeg\" \/>\n\t<meta property=\"og:image:width\" content=\"1200\" \/>\n\t<meta property=\"og:image:height\" content=\"1200\" \/>\n\t<meta property=\"og:image:type\" content=\"image\/jpeg\" \/>\n<meta name=\"twitter:card\" content=\"summary_large_image\" \/>\n<meta name=\"twitter:label1\" content=\"Availability\" \/>\n\t<meta name=\"twitter:data1\" content=\"In stock\" \/>\n<script type=\"application\/ld+json\" class=\"yoast-schema-graph\">{\"@context\":\"https:\/\/schema.org\",\"@graph\":[{\"@type\":\"WebPage\",\"@id\":\"https:\/\/persjarnia.com\/en\/product\/bieznik-tryumf-sobieskiego-30220cm-z-fredzlami\/\",\"url\":\"https:\/\/persjarnia.com\/en\/product\/bieznik-tryumf-sobieskiego-30220cm-z-fredzlami\/\",\"name\":\"Bie\u017cnik Tryumf Sobieskiego 30*220cm z fr\u0119dzlami - Persjarnia Zambrzyckich\",\"isPartOf\":{\"@id\":\"https:\/\/persjarnia.com\/en\/#website\"},\"primaryImageOfPage\":{\"@id\":\"https:\/\/persjarnia.com\/en\/product\/bieznik-tryumf-sobieskiego-30220cm-z-fredzlami\/#primaryimage\"},\"image\":{\"@id\":\"https:\/\/persjarnia.com\/en\/product\/bieznik-tryumf-sobieskiego-30220cm-z-fredzlami\/#primaryimage\"},\"thumbnailUrl\":\"https:\/\/persjarnia.com\/wp-content\/uploads\/2025\/09\/IMG_4508.jpeg\",\"datePublished\":\"2025-09-27T15:25:38+00:00\",\"dateModified\":\"2025-10-05T19:58:41+00:00\",\"breadcrumb\":{\"@id\":\"https:\/\/persjarnia.com\/en\/product\/bieznik-tryumf-sobieskiego-30220cm-z-fredzlami\/#breadcrumb\"},\"inLanguage\":\"en-GB\",\"potentialAction\":[{\"@type\":\"ReadAction\",\"target\":[\"https:\/\/persjarnia.com\/en\/product\/bieznik-tryumf-sobieskiego-30220cm-z-fredzlami\/\"]}]},{\"@type\":\"ImageObject\",\"inLanguage\":\"en-GB\",\"@id\":\"https:\/\/persjarnia.com\/en\/product\/bieznik-tryumf-sobieskiego-30220cm-z-fredzlami\/#primaryimage\",\"url\":\"https:\/\/persjarnia.com\/wp-content\/uploads\/2025\/09\/IMG_4508.jpeg\",\"contentUrl\":\"https:\/\/persjarnia.com\/wp-content\/uploads\/2025\/09\/IMG_4508.jpeg\",\"width\":1200,\"height\":1200},{\"@type\":\"BreadcrumbList\",\"@id\":\"https:\/\/persjarnia.com\/en\/product\/bieznik-tryumf-sobieskiego-30220cm-z-fredzlami\/#breadcrumb\",\"itemListElement\":[{\"@type\":\"ListItem\",\"position\":1,\"name\":\"Home\",\"item\":\"https:\/\/persjarnia.com\/en\/\"},{\"@type\":\"ListItem\",\"position\":2,\"name\":\"Products\",\"item\":\"https:\/\/persjarnia.com\/en\/shop\/\"},{\"@type\":\"ListItem\",\"position\":3,\"name\":\"Bie\u017cnik Tryumf Sobieskiego 30*220cm z fr\u0119dzlami\"}]},{\"@type\":\"WebSite\",\"@id\":\"https:\/\/persjarnia.com\/en\/#website\",\"url\":\"https:\/\/persjarnia.com\/en\/\",\"name\":\"Persjarnia Zambrzyckich\",\"description\":\"Pasy Kontuszowe, Makaty Buczackie\",\"publisher\":{\"@id\":\"https:\/\/persjarnia.com\/en\/#organization\"},\"potentialAction\":[{\"@type\":\"SearchAction\",\"target\":{\"@type\":\"EntryPoint\",\"urlTemplate\":\"https:\/\/persjarnia.com\/en\/?s={search_term_string}\"},\"query-input\":{\"@type\":\"PropertyValueSpecification\",\"valueRequired\":true,\"valueName\":\"search_term_string\"}}],\"inLanguage\":\"en-GB\"},{\"@type\":\"Organization\",\"@id\":\"https:\/\/persjarnia.com\/en\/#organization\",\"name\":\"Persjarnia Zambrzyckich\",\"url\":\"https:\/\/persjarnia.com\/en\/\",\"logo\":{\"@type\":\"ImageObject\",\"inLanguage\":\"en-GB\",\"@id\":\"https:\/\/persjarnia.com\/en\/#\/schema\/logo\/image\/\",\"url\":\"https:\/\/persjarnia.com\/wp-content\/uploads\/2017\/03\/cropped-logo1-sm.png\",\"contentUrl\":\"https:\/\/persjarnia.com\/wp-content\/uploads\/2017\/03\/cropped-logo1-sm.png\",\"width\":130,\"height\":75,\"caption\":\"Persjarnia Zambrzyckich\"},\"image\":{\"@id\":\"https:\/\/persjarnia.com\/en\/#\/schema\/logo\/image\/\"},\"sameAs\":[\"https:\/\/www.facebook.com\/persjarnia\"]}]}<\/script>\n<meta property=\"og:availability\" content=\"instock\" \/>\n<meta property=\"product:availability\" content=\"instock\" \/>\n<meta property=\"product:condition\" content=\"new\" \/>\n<!-- \/ Yoast SEO plugin. -->","yoast_head_json":{"title":"Bie\u017cnik Tryumf Sobieskiego 30*220cm z fr\u0119dzlami - Persjarnia Zambrzyckich","robots":{"index":"index","follow":"follow","max-snippet":"max-snippet:-1","max-image-preview":"max-image-preview:large","max-video-preview":"max-video-preview:-1"},"canonical":"https:\/\/persjarnia.com\/en\/product\/bieznik-tryumf-sobieskiego-30220cm-z-fredzlami\/","og_locale":"en_GB","og_type":"article","og_title":"Bie\u017cnik Tryumf Sobieskiego 30*220cm z fr\u0119dzlami - Persjarnia Zambrzyckich","og_description":"Bie\u017cnik na st\u00f3\u0142 utkany we wz\u00f3r historycznego pasa kontuszowego. Bie\u017cnik w kolorach na kt\u00f3rych zna\u0142 si\u0119 Kr\u00f3l Jan III. Najlepsze gatunki herbat, czekolady i kawy (a z drugiej strony kawa z piank\u0105) tocz\u0105 tu zaciek\u0142y b\u00f3j o kr\u00f3lewski st\u00f3\u0142.  Na specjalne \u017cyczenie, mo\u017cemy Pa\u0144stwa zakup umie\u015bci\u0107 w eleganckim, podarunkowym pude\u0142ku, za dodatkowe 15z\u0142. Prosimy wybra\u0107 odpowiedni\u0105 opcj\u0119 przed dodaniem do koszyka.  Bie\u017cnik ma rozmiar: 30*220cm (je\u015bli liczy\u0107 z fr\u0119dzlami, to 30*240cm).  Sk\u0142ad: poliwiskoza  Piel\u0119gnacja: pranie r\u0119czne lub w pralce w temperaturze nie wy\u017cszej ni\u017c 40\u2070 C.  Prasowa\u0107 po ustawieniu \u017celazka na JEDWAB i par\u0119.  Fr\u0119dzle rozczesa\u0107 po wyschni\u0119ciu.","og_url":"https:\/\/persjarnia.com\/en\/product\/bieznik-tryumf-sobieskiego-30220cm-z-fredzlami\/","og_site_name":"Persjarnia Zambrzyckich","article_publisher":"https:\/\/www.facebook.com\/persjarnia","article_modified_time":"2025-10-05T19:58:41+00:00","og_image":[{"width":1200,"height":1200,"url":"https:\/\/persjarnia.com\/wp-content\/uploads\/2025\/09\/IMG_4508.jpeg","type":"image\/jpeg"}],"twitter_card":"summary_large_image","twitter_misc":{"Availability":"In stock"},"schema":{"@context":"https:\/\/schema.org","@graph":[{"@type":"WebPage","@id":"https:\/\/persjarnia.com\/en\/product\/bieznik-tryumf-sobieskiego-30220cm-z-fredzlami\/","url":"https:\/\/persjarnia.com\/en\/product\/bieznik-tryumf-sobieskiego-30220cm-z-fredzlami\/","name":"Bie\u017cnik Tryumf Sobieskiego 30*220cm z fr\u0119dzlami - Persjarnia Zambrzyckich","isPartOf":{"@id":"https:\/\/persjarnia.com\/en\/#website"},"primaryImageOfPage":{"@id":"https:\/\/persjarnia.com\/en\/product\/bieznik-tryumf-sobieskiego-30220cm-z-fredzlami\/#primaryimage"},"image":{"@id":"https:\/\/persjarnia.com\/en\/product\/bieznik-tryumf-sobieskiego-30220cm-z-fredzlami\/#primaryimage"},"thumbnailUrl":"https:\/\/persjarnia.com\/wp-content\/uploads\/2025\/09\/IMG_4508.jpeg","datePublished":"2025-09-27T15:25:38+00:00","dateModified":"2025-10-05T19:58:41+00:00","breadcrumb":{"@id":"https:\/\/persjarnia.com\/en\/product\/bieznik-tryumf-sobieskiego-30220cm-z-fredzlami\/#breadcrumb"},"inLanguage":"en-GB","potentialAction":[{"@type":"ReadAction","target":["https:\/\/persjarnia.com\/en\/product\/bieznik-tryumf-sobieskiego-30220cm-z-fredzlami\/"]}]},{"@type":"ImageObject","inLanguage":"en-GB","@id":"https:\/\/persjarnia.com\/en\/product\/bieznik-tryumf-sobieskiego-30220cm-z-fredzlami\/#primaryimage","url":"https:\/\/persjarnia.com\/wp-content\/uploads\/2025\/09\/IMG_4508.jpeg","contentUrl":"https:\/\/persjarnia.com\/wp-content\/uploads\/2025\/09\/IMG_4508.jpeg","width":1200,"height":1200},{"@type":"BreadcrumbList","@id":"https:\/\/persjarnia.com\/en\/product\/bieznik-tryumf-sobieskiego-30220cm-z-fredzlami\/#breadcrumb","itemListElement":[{"@type":"ListItem","position":1,"name":"Home","item":"https:\/\/persjarnia.com\/en\/"},{"@type":"ListItem","position":2,"name":"Products","item":"https:\/\/persjarnia.com\/en\/shop\/"},{"@type":"ListItem","position":3,"name":"Bie\u017cnik Tryumf Sobieskiego 30*220cm z fr\u0119dzlami"}]},{"@type":"WebSite","@id":"https:\/\/persjarnia.com\/en\/#website","url":"https:\/\/persjarnia.com\/en\/","name":"Persjarnia Zambrzyckich","description":"Kontush Sashes, Buczacz Tapestry","publisher":{"@id":"https:\/\/persjarnia.com\/en\/#organization"},"potentialAction":[{"@type":"SearchAction","target":{"@type":"EntryPoint","urlTemplate":"https:\/\/persjarnia.com\/en\/?s={search_term_string}"},"query-input":{"@type":"PropertyValueSpecification","valueRequired":true,"valueName":"search_term_string"}}],"inLanguage":"en-GB"},{"@type":"Organization","@id":"https:\/\/persjarnia.com\/en\/#organization","name":"Persjarnia Zambrzyckich","url":"https:\/\/persjarnia.com\/en\/","logo":{"@type":"ImageObject","inLanguage":"en-GB","@id":"https:\/\/persjarnia.com\/en\/#\/schema\/logo\/image\/","url":"https:\/\/persjarnia.com\/wp-content\/uploads\/2017\/03\/cropped-logo1-sm.png","contentUrl":"https:\/\/persjarnia.com\/wp-content\/uploads\/2017\/03\/cropped-logo1-sm.png","width":130,"height":75,"caption":"Persjarnia Zambrzyckich"},"image":{"@id":"https:\/\/persjarnia.com\/en\/#\/schema\/logo\/image\/"},"sameAs":["https:\/\/www.facebook.com\/persjarnia"]}]},"og_availability":"instock","product_availability":"instock","product_condition":"new"},"_links":{"self":[{"href":"https:\/\/persjarnia.com\/en\/wp-json\/wp\/v2\/product\/7543","targetHints":{"allow":["GET"]}}],"collection":[{"href":"https:\/\/persjarnia.com\/en\/wp-json\/wp\/v2\/product"}],"about":[{"href":"https:\/\/persjarnia.com\/en\/wp-json\/wp\/v2\/types\/product"}],"wp:featuredmedia":[{"embeddable":true,"href":"https:\/\/persjarnia.com\/en\/wp-json\/wp\/v2\/media\/6953"}],"wp:attachment":[{"href":"https:\/\/persjarnia.com\/en\/wp-json\/wp\/v2\/media?parent=7543"}],"wp:term":[{"taxonomy":"product_brand","embeddable":true,"href":"https:\/\/persjarnia.com\/en\/wp-json\/wp\/v2\/product_brand?post=7543"},{"taxonomy":"product_cat","embeddable":true,"href":"https:\/\/persjarnia.com\/en\/wp-json\/wp\/v2\/product_cat?post=7543"},{"taxonomy":"product_tag","embeddable":true,"href":"https:\/\/persjarnia.com\/en\/wp-json\/wp\/v2\/product_tag?post=7543"}],"curies":[{"name":"wp","href":"https:\/\/api.w.org\/{rel}","templated":true}]}}