{"id":7636,"date":"2025-09-27T17:26:17","date_gmt":"2025-09-27T15:26:17","guid":{"rendered":"https:\/\/persjarnia.com\/?post_type=product&#038;p=7636"},"modified":"2025-09-27T17:26:40","modified_gmt":"2025-09-27T15:26:40","slug":"makata-tryumf-sobieskiego-176x145cm","status":"publish","type":"product","link":"https:\/\/persjarnia.com\/en\/product\/makata-tryumf-sobieskiego-176x145cm\/","title":{"rendered":"Makata  Tryumf Sobieskiego 176x145cm"},"content":{"rendered":"","protected":false},"excerpt":{"rendered":"<p>Kr\u00f3l Jan III uwielbia\u0142 wszelkiego rodzaju nowinki. Za jego kadencji rozwin\u0105\u0142 si\u0119 obyczaj picia kawy, a tak\u017ce czekolady. Kr\u00f3l zna\u0142 si\u0119 \u015bwietnie na wszystkim, co smaczne. W li\u015bcie do ukochanej Kr\u00f3lowej prosi o przys\u0142anie mu ziaren czekolady wraz z ulubionym, specjalnie do tego przeszkolonym kubeczkiem. Dzi\u0119ki jego tryumfowi pod Wiedniem, Jerzy Kulczycki sprawi\u0142, \u017ce orientalna kawa zacz\u0119\u0142a zdobywa\u0107 \u015bwiat.<\/p>\n<p><strong>Size:<\/strong>\u00a0108cm na 145cm<br \/>\nTwo sided Tapestry<\/p>\n<p>Ca\u0142o\u015b\u0107 makaty skomponowana z pas\u00f3w kontuszowych.<\/p>\n<p>Makaty buczackie by\u0142y t\u0142em na kt\u00f3rym wieszano rodzinne pami\u0105tki, zdj\u0119cia, star\u0105 bro\u0144.<\/p>","protected":false},"featured_media":6988,"template":"","meta":{"_acf_changed":false},"product_brand":[],"product_cat":[45],"product_tag":[],"class_list":{"0":"post-7636","1":"product","2":"type-product","3":"status-publish","4":"has-post-thumbnail","6":"product_cat-makaty-buczackie","8":"first","9":"instock","10":"shipping-taxable","11":"purchasable","12":"product-type-simple"},"acf":[],"yoast_head":"<!-- This site is optimized with the Yoast SEO plugin v26.1 - https:\/\/yoast.com\/wordpress\/plugins\/seo\/ -->\n<title>Makata Tryumf Sobieskiego 176x145cm - Persjarnia Zambrzyckich<\/title>\n<meta name=\"robots\" content=\"index, follow, max-snippet:-1, max-image-preview:large, max-video-preview:-1\" \/>\n<link rel=\"canonical\" href=\"https:\/\/persjarnia.com\/en\/product\/makata-tryumf-sobieskiego-176x145cm\/\" \/>\n<meta property=\"og:locale\" content=\"en_GB\" \/>\n<meta property=\"og:type\" content=\"article\" \/>\n<meta property=\"og:title\" content=\"Makata Tryumf Sobieskiego 176x145cm - Persjarnia Zambrzyckich\" \/>\n<meta property=\"og:description\" content=\"Kr\u00f3l Jan III uwielbia\u0142 wszelkiego rodzaju nowinki. Za jego kadencji rozwin\u0105\u0142 si\u0119 obyczaj picia kawy, a tak\u017ce czekolady. Kr\u00f3l zna\u0142 si\u0119 \u015bwietnie na wszystkim, co smaczne. W li\u015bcie do ukochanej Kr\u00f3lowej prosi o przys\u0142anie mu ziaren czekolady wraz z ulubionym, specjalnie do tego przeszkolonym kubeczkiem. Dzi\u0119ki jego tryumfowi pod Wiedniem, Jerzy Kulczycki sprawi\u0142, \u017ce orientalna kawa zacz\u0119\u0142a zdobywa\u0107 \u015bwiat.  Rozmiar:\u00a0108cm na 145cm Makata dwustronna  Ca\u0142o\u015b\u0107 makaty skomponowana z pas\u00f3w kontuszowych.  Makaty buczackie by\u0142y t\u0142em na kt\u00f3rym wieszano rodzinne pami\u0105tki, zdj\u0119cia, star\u0105 bro\u0144.\" \/>\n<meta property=\"og:url\" content=\"https:\/\/persjarnia.com\/en\/product\/makata-tryumf-sobieskiego-176x145cm\/\" \/>\n<meta property=\"og:site_name\" content=\"Persjarnia Zambrzyckich\" \/>\n<meta property=\"article:publisher\" content=\"https:\/\/www.facebook.com\/persjarnia\" \/>\n<meta property=\"article:modified_time\" content=\"2025-09-27T15:26:40+00:00\" \/>\n<meta property=\"og:image\" content=\"https:\/\/persjarnia.com\/wp-content\/uploads\/2025\/09\/IMG_4572.jpeg\" \/>\n\t<meta property=\"og:image:width\" content=\"1200\" \/>\n\t<meta property=\"og:image:height\" content=\"1001\" \/>\n\t<meta property=\"og:image:type\" content=\"image\/jpeg\" \/>\n<meta name=\"twitter:card\" content=\"summary_large_image\" \/>\n<meta name=\"twitter:label1\" content=\"Price\" \/>\n\t<meta name=\"twitter:data1\" content=\"825&nbsp;&#122;&#322;\" \/>\n\t<meta name=\"twitter:label2\" content=\"Availability\" \/>\n\t<meta name=\"twitter:data2\" content=\"In stock\" \/>\n<script type=\"application\/ld+json\" class=\"yoast-schema-graph\">{\"@context\":\"https:\/\/schema.org\",\"@graph\":[{\"@type\":\"WebPage\",\"@id\":\"https:\/\/persjarnia.com\/pl\/produkt\/makata-tryumf-sobieskiego-176x145cm\/\",\"url\":\"https:\/\/persjarnia.com\/pl\/produkt\/makata-tryumf-sobieskiego-176x145cm\/\",\"name\":\"Makata Tryumf Sobieskiego 176x145cm - Persjarnia Zambrzyckich\",\"isPartOf\":{\"@id\":\"https:\/\/persjarnia.com\/en\/#website\"},\"primaryImageOfPage\":{\"@id\":\"https:\/\/persjarnia.com\/pl\/produkt\/makata-tryumf-sobieskiego-176x145cm\/#primaryimage\"},\"image\":{\"@id\":\"https:\/\/persjarnia.com\/pl\/produkt\/makata-tryumf-sobieskiego-176x145cm\/#primaryimage\"},\"thumbnailUrl\":\"https:\/\/persjarnia.com\/wp-content\/uploads\/2025\/09\/IMG_4572.jpeg\",\"datePublished\":\"2025-09-27T15:26:17+00:00\",\"dateModified\":\"2025-09-27T15:26:40+00:00\",\"breadcrumb\":{\"@id\":\"https:\/\/persjarnia.com\/pl\/produkt\/makata-tryumf-sobieskiego-176x145cm\/#breadcrumb\"},\"inLanguage\":\"en-GB\",\"potentialAction\":[{\"@type\":\"ReadAction\",\"target\":[\"https:\/\/persjarnia.com\/pl\/produkt\/makata-tryumf-sobieskiego-176x145cm\/\"]}]},{\"@type\":\"ImageObject\",\"inLanguage\":\"en-GB\",\"@id\":\"https:\/\/persjarnia.com\/pl\/produkt\/makata-tryumf-sobieskiego-176x145cm\/#primaryimage\",\"url\":\"https:\/\/persjarnia.com\/wp-content\/uploads\/2025\/09\/IMG_4572.jpeg\",\"contentUrl\":\"https:\/\/persjarnia.com\/wp-content\/uploads\/2025\/09\/IMG_4572.jpeg\",\"width\":1200,\"height\":1001},{\"@type\":\"BreadcrumbList\",\"@id\":\"https:\/\/persjarnia.com\/pl\/produkt\/makata-tryumf-sobieskiego-176x145cm\/#breadcrumb\",\"itemListElement\":[{\"@type\":\"ListItem\",\"position\":1,\"name\":\"Home\",\"item\":\"https:\/\/persjarnia.com\/en\/\"},{\"@type\":\"ListItem\",\"position\":2,\"name\":\"Products\",\"item\":\"https:\/\/persjarnia.com\/en\/shop\/\"},{\"@type\":\"ListItem\",\"position\":3,\"name\":\"Makata Tryumf Sobieskiego 176x145cm\"}]},{\"@type\":\"WebSite\",\"@id\":\"https:\/\/persjarnia.com\/en\/#website\",\"url\":\"https:\/\/persjarnia.com\/en\/\",\"name\":\"Persjarnia Zambrzyckich\",\"description\":\"Pasy Kontuszowe, Makaty Buczackie\",\"publisher\":{\"@id\":\"https:\/\/persjarnia.com\/en\/#organization\"},\"potentialAction\":[{\"@type\":\"SearchAction\",\"target\":{\"@type\":\"EntryPoint\",\"urlTemplate\":\"https:\/\/persjarnia.com\/en\/?s={search_term_string}\"},\"query-input\":{\"@type\":\"PropertyValueSpecification\",\"valueRequired\":true,\"valueName\":\"search_term_string\"}}],\"inLanguage\":\"en-GB\"},{\"@type\":\"Organization\",\"@id\":\"https:\/\/persjarnia.com\/en\/#organization\",\"name\":\"Persjarnia Zambrzyckich\",\"url\":\"https:\/\/persjarnia.com\/en\/\",\"logo\":{\"@type\":\"ImageObject\",\"inLanguage\":\"en-GB\",\"@id\":\"https:\/\/persjarnia.com\/en\/#\/schema\/logo\/image\/\",\"url\":\"https:\/\/persjarnia.com\/wp-content\/uploads\/2017\/03\/cropped-logo1-sm.png\",\"contentUrl\":\"https:\/\/persjarnia.com\/wp-content\/uploads\/2017\/03\/cropped-logo1-sm.png\",\"width\":130,\"height\":75,\"caption\":\"Persjarnia Zambrzyckich\"},\"image\":{\"@id\":\"https:\/\/persjarnia.com\/en\/#\/schema\/logo\/image\/\"},\"sameAs\":[\"https:\/\/www.facebook.com\/persjarnia\"]}]}<\/script>\n<meta property=\"product:price:amount\" content=\"825\" \/>\n<meta property=\"product:price:currency\" content=\"PLN\" \/>\n<meta property=\"og:availability\" content=\"instock\" \/>\n<meta property=\"product:availability\" content=\"instock\" \/>\n<meta property=\"product:condition\" content=\"new\" \/>\n<!-- \/ Yoast SEO plugin. -->","yoast_head_json":{"title":"Makata Tryumf Sobieskiego 176x145cm - Persjarnia Zambrzyckich","robots":{"index":"index","follow":"follow","max-snippet":"max-snippet:-1","max-image-preview":"max-image-preview:large","max-video-preview":"max-video-preview:-1"},"canonical":"https:\/\/persjarnia.com\/en\/product\/makata-tryumf-sobieskiego-176x145cm\/","og_locale":"en_GB","og_type":"article","og_title":"Makata Tryumf Sobieskiego 176x145cm - Persjarnia Zambrzyckich","og_description":"Kr\u00f3l Jan III uwielbia\u0142 wszelkiego rodzaju nowinki. Za jego kadencji rozwin\u0105\u0142 si\u0119 obyczaj picia kawy, a tak\u017ce czekolady. Kr\u00f3l zna\u0142 si\u0119 \u015bwietnie na wszystkim, co smaczne. W li\u015bcie do ukochanej Kr\u00f3lowej prosi o przys\u0142anie mu ziaren czekolady wraz z ulubionym, specjalnie do tego przeszkolonym kubeczkiem. Dzi\u0119ki jego tryumfowi pod Wiedniem, Jerzy Kulczycki sprawi\u0142, \u017ce orientalna kawa zacz\u0119\u0142a zdobywa\u0107 \u015bwiat.  Rozmiar:\u00a0108cm na 145cm Makata dwustronna  Ca\u0142o\u015b\u0107 makaty skomponowana z pas\u00f3w kontuszowych.  Makaty buczackie by\u0142y t\u0142em na kt\u00f3rym wieszano rodzinne pami\u0105tki, zdj\u0119cia, star\u0105 bro\u0144.","og_url":"https:\/\/persjarnia.com\/en\/product\/makata-tryumf-sobieskiego-176x145cm\/","og_site_name":"Persjarnia Zambrzyckich","article_publisher":"https:\/\/www.facebook.com\/persjarnia","article_modified_time":"2025-09-27T15:26:40+00:00","og_image":[{"width":1200,"height":1001,"url":"https:\/\/persjarnia.com\/wp-content\/uploads\/2025\/09\/IMG_4572.jpeg","type":"image\/jpeg"}],"twitter_card":"summary_large_image","twitter_misc":{"Price":"825&nbsp;&#122;&#322;","Availability":"In stock"},"schema":{"@context":"https:\/\/schema.org","@graph":[{"@type":"WebPage","@id":"https:\/\/persjarnia.com\/pl\/produkt\/makata-tryumf-sobieskiego-176x145cm\/","url":"https:\/\/persjarnia.com\/pl\/produkt\/makata-tryumf-sobieskiego-176x145cm\/","name":"Makata Tryumf Sobieskiego 176x145cm - Persjarnia Zambrzyckich","isPartOf":{"@id":"https:\/\/persjarnia.com\/en\/#website"},"primaryImageOfPage":{"@id":"https:\/\/persjarnia.com\/pl\/produkt\/makata-tryumf-sobieskiego-176x145cm\/#primaryimage"},"image":{"@id":"https:\/\/persjarnia.com\/pl\/produkt\/makata-tryumf-sobieskiego-176x145cm\/#primaryimage"},"thumbnailUrl":"https:\/\/persjarnia.com\/wp-content\/uploads\/2025\/09\/IMG_4572.jpeg","datePublished":"2025-09-27T15:26:17+00:00","dateModified":"2025-09-27T15:26:40+00:00","breadcrumb":{"@id":"https:\/\/persjarnia.com\/pl\/produkt\/makata-tryumf-sobieskiego-176x145cm\/#breadcrumb"},"inLanguage":"en-GB","potentialAction":[{"@type":"ReadAction","target":["https:\/\/persjarnia.com\/pl\/produkt\/makata-tryumf-sobieskiego-176x145cm\/"]}]},{"@type":"ImageObject","inLanguage":"en-GB","@id":"https:\/\/persjarnia.com\/pl\/produkt\/makata-tryumf-sobieskiego-176x145cm\/#primaryimage","url":"https:\/\/persjarnia.com\/wp-content\/uploads\/2025\/09\/IMG_4572.jpeg","contentUrl":"https:\/\/persjarnia.com\/wp-content\/uploads\/2025\/09\/IMG_4572.jpeg","width":1200,"height":1001},{"@type":"BreadcrumbList","@id":"https:\/\/persjarnia.com\/pl\/produkt\/makata-tryumf-sobieskiego-176x145cm\/#breadcrumb","itemListElement":[{"@type":"ListItem","position":1,"name":"Home","item":"https:\/\/persjarnia.com\/en\/"},{"@type":"ListItem","position":2,"name":"Products","item":"https:\/\/persjarnia.com\/en\/shop\/"},{"@type":"ListItem","position":3,"name":"Makata Tryumf Sobieskiego 176x145cm"}]},{"@type":"WebSite","@id":"https:\/\/persjarnia.com\/en\/#website","url":"https:\/\/persjarnia.com\/en\/","name":"Persjarnia Zambrzyckich","description":"Kontush Sashes, Buczacz Tapestry","publisher":{"@id":"https:\/\/persjarnia.com\/en\/#organization"},"potentialAction":[{"@type":"SearchAction","target":{"@type":"EntryPoint","urlTemplate":"https:\/\/persjarnia.com\/en\/?s={search_term_string}"},"query-input":{"@type":"PropertyValueSpecification","valueRequired":true,"valueName":"search_term_string"}}],"inLanguage":"en-GB"},{"@type":"Organization","@id":"https:\/\/persjarnia.com\/en\/#organization","name":"Persjarnia Zambrzyckich","url":"https:\/\/persjarnia.com\/en\/","logo":{"@type":"ImageObject","inLanguage":"en-GB","@id":"https:\/\/persjarnia.com\/en\/#\/schema\/logo\/image\/","url":"https:\/\/persjarnia.com\/wp-content\/uploads\/2017\/03\/cropped-logo1-sm.png","contentUrl":"https:\/\/persjarnia.com\/wp-content\/uploads\/2017\/03\/cropped-logo1-sm.png","width":130,"height":75,"caption":"Persjarnia Zambrzyckich"},"image":{"@id":"https:\/\/persjarnia.com\/en\/#\/schema\/logo\/image\/"},"sameAs":["https:\/\/www.facebook.com\/persjarnia"]}]},"product_price_amount":"825","product_price_currency":"PLN","og_availability":"instock","product_availability":"instock","product_condition":"new"},"_links":{"self":[{"href":"https:\/\/persjarnia.com\/en\/wp-json\/wp\/v2\/product\/7636","targetHints":{"allow":["GET"]}}],"collection":[{"href":"https:\/\/persjarnia.com\/en\/wp-json\/wp\/v2\/product"}],"about":[{"href":"https:\/\/persjarnia.com\/en\/wp-json\/wp\/v2\/types\/product"}],"wp:featuredmedia":[{"embeddable":true,"href":"https:\/\/persjarnia.com\/en\/wp-json\/wp\/v2\/media\/6988"}],"wp:attachment":[{"href":"https:\/\/persjarnia.com\/en\/wp-json\/wp\/v2\/media?parent=7636"}],"wp:term":[{"taxonomy":"product_brand","embeddable":true,"href":"https:\/\/persjarnia.com\/en\/wp-json\/wp\/v2\/product_brand?post=7636"},{"taxonomy":"product_cat","embeddable":true,"href":"https:\/\/persjarnia.com\/en\/wp-json\/wp\/v2\/product_cat?post=7636"},{"taxonomy":"product_tag","embeddable":true,"href":"https:\/\/persjarnia.com\/en\/wp-json\/wp\/v2\/product_tag?post=7636"}],"curies":[{"name":"wp","href":"https:\/\/api.w.org\/{rel}","templated":true}]}}