{"id":7639,"date":"2025-09-27T17:26:17","date_gmt":"2025-09-27T15:26:17","guid":{"rendered":"https:\/\/persjarnia.com\/?post_type=product&#038;p=7639"},"modified":"2026-02-16T16:33:57","modified_gmt":"2026-02-16T15:33:57","slug":"makata-purpura-oleska-108x145cm","status":"publish","type":"product","link":"https:\/\/persjarnia.com\/en\/product\/makata-purpura-oleska-108x145cm\/","title":{"rendered":"Makata Purpura Oleska 108x145cm"},"content":{"rendered":"","protected":false},"excerpt":{"rendered":"<p>Purple is a timeless color. So it happens that it harmonizes with gold extremely well.<\/p>\n<p>John III Sobieski \u2013 was born On August 17 1629. According to byzantine tradition in the Olesko castle there was a special purple room. An ancient term porphyrogenitus \u2013 born in purple \u2013 was reserved for the highest aristocracy. The little child was placed on a huge marble table in the Purple Room\u2026..and the table cracked. Thus the prophecy \u2013 that the giant was born. The prophecy was fulfilled.<\/p>\n<p><strong>Size:<\/strong> 108cm na 145cm<br \/>\nTwo sided Tapestry<\/p>","protected":false},"featured_media":7010,"template":"","meta":{"_acf_changed":false},"product_brand":[],"product_cat":[45],"product_tag":[],"class_list":{"0":"post-7639","1":"product","2":"type-product","3":"status-publish","4":"has-post-thumbnail","6":"product_cat-makaty-buczackie","8":"first","9":"instock","10":"shipping-taxable","11":"purchasable","12":"product-type-simple"},"acf":[],"yoast_head":"<!-- This site is optimized with the Yoast SEO plugin v26.1 - https:\/\/yoast.com\/wordpress\/plugins\/seo\/ -->\n<title>Makata Purpura Oleska 108x145cm - Persjarnia Zambrzyckich<\/title>\n<meta name=\"robots\" content=\"index, follow, max-snippet:-1, max-image-preview:large, max-video-preview:-1\" \/>\n<link rel=\"canonical\" href=\"https:\/\/persjarnia.com\/en\/product\/makata-purpura-oleska-108x145cm\/\" \/>\n<meta property=\"og:locale\" content=\"en_GB\" \/>\n<meta property=\"og:type\" content=\"article\" \/>\n<meta property=\"og:title\" content=\"Makata Purpura Oleska 108x145cm - Persjarnia Zambrzyckich\" \/>\n<meta property=\"og:description\" content=\"Purpura jest kolorem ponadczasowym. Jako\u015b tak si\u0119 od wiek\u00f3w sk\u0142ada, \u017ce \u015bwietnie si\u0119 komponuje ze z\u0142otem.  17 sierpnia 1629 roku urodzi\u0142 si\u0119 Jan III Sobieski. Wed\u0142ug tradycji bizantyjskiej w zamku w Olesku by\u0142a przygotowana purpurowa komnata. Staro\u017cytny termin porphyrogenitus \u2013 czyli urodzony w purpurze \u2013 by\u0142 od wiek\u00f3w zarezerwowany dla najlepiej urodzonych. Ma\u0142ego Jana po\u0142o\u017cono na ogromny marmurowy st\u00f3\u0142 w purpurowej komnacie\u2026 i st\u00f3\u0142 p\u0119k\u0142. St\u0105d si\u0119 wzi\u0119\u0142a legenda, \u017ce narodzi\u0142 si\u0119 mocarz. Wszystko si\u0119 sprawdzi\u0142o.  Rozmiar: 108cm na 145cm Makata dwustronna\" \/>\n<meta property=\"og:url\" content=\"https:\/\/persjarnia.com\/en\/product\/makata-purpura-oleska-108x145cm\/\" \/>\n<meta property=\"og:site_name\" content=\"Persjarnia Zambrzyckich\" \/>\n<meta property=\"article:publisher\" content=\"https:\/\/www.facebook.com\/persjarnia\" \/>\n<meta property=\"article:modified_time\" content=\"2026-02-16T15:33:57+00:00\" \/>\n<meta property=\"og:image\" content=\"https:\/\/persjarnia.com\/wp-content\/uploads\/2025\/09\/image00009.jpg\" \/>\n\t<meta property=\"og:image:width\" content=\"900\" \/>\n\t<meta property=\"og:image:height\" content=\"1200\" \/>\n\t<meta property=\"og:image:type\" content=\"image\/jpeg\" \/>\n<meta name=\"twitter:card\" content=\"summary_large_image\" \/>\n<meta name=\"twitter:label1\" content=\"Price\" \/>\n\t<meta name=\"twitter:data1\" content=\"495&nbsp;&#122;&#322;\" \/>\n\t<meta name=\"twitter:label2\" content=\"Availability\" \/>\n\t<meta name=\"twitter:data2\" content=\"In stock\" \/>\n<script type=\"application\/ld+json\" class=\"yoast-schema-graph\">{\"@context\":\"https:\/\/schema.org\",\"@graph\":[{\"@type\":\"WebPage\",\"@id\":\"https:\/\/persjarnia.com\/pl\/produkt\/makata-purpura-oleska-108x145cm\/\",\"url\":\"https:\/\/persjarnia.com\/pl\/produkt\/makata-purpura-oleska-108x145cm\/\",\"name\":\"Makata Purpura Oleska 108x145cm - Persjarnia Zambrzyckich\",\"isPartOf\":{\"@id\":\"https:\/\/persjarnia.com\/en\/#website\"},\"primaryImageOfPage\":{\"@id\":\"https:\/\/persjarnia.com\/pl\/produkt\/makata-purpura-oleska-108x145cm\/#primaryimage\"},\"image\":{\"@id\":\"https:\/\/persjarnia.com\/pl\/produkt\/makata-purpura-oleska-108x145cm\/#primaryimage\"},\"thumbnailUrl\":\"https:\/\/persjarnia.com\/wp-content\/uploads\/2025\/09\/image00009.jpg\",\"datePublished\":\"2025-09-27T15:26:17+00:00\",\"dateModified\":\"2026-02-16T15:33:57+00:00\",\"breadcrumb\":{\"@id\":\"https:\/\/persjarnia.com\/pl\/produkt\/makata-purpura-oleska-108x145cm\/#breadcrumb\"},\"inLanguage\":\"en-GB\",\"potentialAction\":[{\"@type\":\"ReadAction\",\"target\":[\"https:\/\/persjarnia.com\/pl\/produkt\/makata-purpura-oleska-108x145cm\/\"]}]},{\"@type\":\"ImageObject\",\"inLanguage\":\"en-GB\",\"@id\":\"https:\/\/persjarnia.com\/pl\/produkt\/makata-purpura-oleska-108x145cm\/#primaryimage\",\"url\":\"https:\/\/persjarnia.com\/wp-content\/uploads\/2025\/09\/image00009.jpg\",\"contentUrl\":\"https:\/\/persjarnia.com\/wp-content\/uploads\/2025\/09\/image00009.jpg\",\"width\":900,\"height\":1200},{\"@type\":\"BreadcrumbList\",\"@id\":\"https:\/\/persjarnia.com\/pl\/produkt\/makata-purpura-oleska-108x145cm\/#breadcrumb\",\"itemListElement\":[{\"@type\":\"ListItem\",\"position\":1,\"name\":\"Home\",\"item\":\"https:\/\/persjarnia.com\/en\/\"},{\"@type\":\"ListItem\",\"position\":2,\"name\":\"Products\",\"item\":\"https:\/\/persjarnia.com\/en\/shop\/\"},{\"@type\":\"ListItem\",\"position\":3,\"name\":\"Makata Purpura Oleska 108x145cm\"}]},{\"@type\":\"WebSite\",\"@id\":\"https:\/\/persjarnia.com\/en\/#website\",\"url\":\"https:\/\/persjarnia.com\/en\/\",\"name\":\"Persjarnia Zambrzyckich\",\"description\":\"Pasy Kontuszowe, Makaty Buczackie\",\"publisher\":{\"@id\":\"https:\/\/persjarnia.com\/en\/#organization\"},\"potentialAction\":[{\"@type\":\"SearchAction\",\"target\":{\"@type\":\"EntryPoint\",\"urlTemplate\":\"https:\/\/persjarnia.com\/en\/?s={search_term_string}\"},\"query-input\":{\"@type\":\"PropertyValueSpecification\",\"valueRequired\":true,\"valueName\":\"search_term_string\"}}],\"inLanguage\":\"en-GB\"},{\"@type\":\"Organization\",\"@id\":\"https:\/\/persjarnia.com\/en\/#organization\",\"name\":\"Persjarnia Zambrzyckich\",\"url\":\"https:\/\/persjarnia.com\/en\/\",\"logo\":{\"@type\":\"ImageObject\",\"inLanguage\":\"en-GB\",\"@id\":\"https:\/\/persjarnia.com\/en\/#\/schema\/logo\/image\/\",\"url\":\"https:\/\/persjarnia.com\/wp-content\/uploads\/2017\/03\/cropped-logo1-sm.png\",\"contentUrl\":\"https:\/\/persjarnia.com\/wp-content\/uploads\/2017\/03\/cropped-logo1-sm.png\",\"width\":130,\"height\":75,\"caption\":\"Persjarnia Zambrzyckich\"},\"image\":{\"@id\":\"https:\/\/persjarnia.com\/en\/#\/schema\/logo\/image\/\"},\"sameAs\":[\"https:\/\/www.facebook.com\/persjarnia\"]}]}<\/script>\n<meta property=\"product:price:amount\" content=\"495\" \/>\n<meta property=\"product:price:currency\" content=\"PLN\" \/>\n<meta property=\"og:availability\" content=\"instock\" \/>\n<meta property=\"product:availability\" content=\"instock\" \/>\n<meta property=\"product:condition\" content=\"new\" \/>\n<!-- \/ Yoast SEO plugin. -->","yoast_head_json":{"title":"Makata Purpura Oleska 108x145cm - Persjarnia Zambrzyckich","robots":{"index":"index","follow":"follow","max-snippet":"max-snippet:-1","max-image-preview":"max-image-preview:large","max-video-preview":"max-video-preview:-1"},"canonical":"https:\/\/persjarnia.com\/en\/product\/makata-purpura-oleska-108x145cm\/","og_locale":"en_GB","og_type":"article","og_title":"Makata Purpura Oleska 108x145cm - Persjarnia Zambrzyckich","og_description":"Purpura jest kolorem ponadczasowym. Jako\u015b tak si\u0119 od wiek\u00f3w sk\u0142ada, \u017ce \u015bwietnie si\u0119 komponuje ze z\u0142otem.  17 sierpnia 1629 roku urodzi\u0142 si\u0119 Jan III Sobieski. Wed\u0142ug tradycji bizantyjskiej w zamku w Olesku by\u0142a przygotowana purpurowa komnata. Staro\u017cytny termin porphyrogenitus \u2013 czyli urodzony w purpurze \u2013 by\u0142 od wiek\u00f3w zarezerwowany dla najlepiej urodzonych. Ma\u0142ego Jana po\u0142o\u017cono na ogromny marmurowy st\u00f3\u0142 w purpurowej komnacie\u2026 i st\u00f3\u0142 p\u0119k\u0142. St\u0105d si\u0119 wzi\u0119\u0142a legenda, \u017ce narodzi\u0142 si\u0119 mocarz. Wszystko si\u0119 sprawdzi\u0142o.  Rozmiar: 108cm na 145cm Makata dwustronna","og_url":"https:\/\/persjarnia.com\/en\/product\/makata-purpura-oleska-108x145cm\/","og_site_name":"Persjarnia Zambrzyckich","article_publisher":"https:\/\/www.facebook.com\/persjarnia","article_modified_time":"2026-02-16T15:33:57+00:00","og_image":[{"width":900,"height":1200,"url":"https:\/\/persjarnia.com\/wp-content\/uploads\/2025\/09\/image00009.jpg","type":"image\/jpeg"}],"twitter_card":"summary_large_image","twitter_misc":{"Price":"495&nbsp;&#122;&#322;","Availability":"In stock"},"schema":{"@context":"https:\/\/schema.org","@graph":[{"@type":"WebPage","@id":"https:\/\/persjarnia.com\/pl\/produkt\/makata-purpura-oleska-108x145cm\/","url":"https:\/\/persjarnia.com\/pl\/produkt\/makata-purpura-oleska-108x145cm\/","name":"Makata Purpura Oleska 108x145cm - Persjarnia Zambrzyckich","isPartOf":{"@id":"https:\/\/persjarnia.com\/en\/#website"},"primaryImageOfPage":{"@id":"https:\/\/persjarnia.com\/pl\/produkt\/makata-purpura-oleska-108x145cm\/#primaryimage"},"image":{"@id":"https:\/\/persjarnia.com\/pl\/produkt\/makata-purpura-oleska-108x145cm\/#primaryimage"},"thumbnailUrl":"https:\/\/persjarnia.com\/wp-content\/uploads\/2025\/09\/image00009.jpg","datePublished":"2025-09-27T15:26:17+00:00","dateModified":"2026-02-16T15:33:57+00:00","breadcrumb":{"@id":"https:\/\/persjarnia.com\/pl\/produkt\/makata-purpura-oleska-108x145cm\/#breadcrumb"},"inLanguage":"en-GB","potentialAction":[{"@type":"ReadAction","target":["https:\/\/persjarnia.com\/pl\/produkt\/makata-purpura-oleska-108x145cm\/"]}]},{"@type":"ImageObject","inLanguage":"en-GB","@id":"https:\/\/persjarnia.com\/pl\/produkt\/makata-purpura-oleska-108x145cm\/#primaryimage","url":"https:\/\/persjarnia.com\/wp-content\/uploads\/2025\/09\/image00009.jpg","contentUrl":"https:\/\/persjarnia.com\/wp-content\/uploads\/2025\/09\/image00009.jpg","width":900,"height":1200},{"@type":"BreadcrumbList","@id":"https:\/\/persjarnia.com\/pl\/produkt\/makata-purpura-oleska-108x145cm\/#breadcrumb","itemListElement":[{"@type":"ListItem","position":1,"name":"Home","item":"https:\/\/persjarnia.com\/en\/"},{"@type":"ListItem","position":2,"name":"Products","item":"https:\/\/persjarnia.com\/en\/shop\/"},{"@type":"ListItem","position":3,"name":"Makata Purpura Oleska 108x145cm"}]},{"@type":"WebSite","@id":"https:\/\/persjarnia.com\/en\/#website","url":"https:\/\/persjarnia.com\/en\/","name":"Persjarnia Zambrzyckich","description":"Kontush Sashes, Buczacz Tapestry","publisher":{"@id":"https:\/\/persjarnia.com\/en\/#organization"},"potentialAction":[{"@type":"SearchAction","target":{"@type":"EntryPoint","urlTemplate":"https:\/\/persjarnia.com\/en\/?s={search_term_string}"},"query-input":{"@type":"PropertyValueSpecification","valueRequired":true,"valueName":"search_term_string"}}],"inLanguage":"en-GB"},{"@type":"Organization","@id":"https:\/\/persjarnia.com\/en\/#organization","name":"Persjarnia Zambrzyckich","url":"https:\/\/persjarnia.com\/en\/","logo":{"@type":"ImageObject","inLanguage":"en-GB","@id":"https:\/\/persjarnia.com\/en\/#\/schema\/logo\/image\/","url":"https:\/\/persjarnia.com\/wp-content\/uploads\/2017\/03\/cropped-logo1-sm.png","contentUrl":"https:\/\/persjarnia.com\/wp-content\/uploads\/2017\/03\/cropped-logo1-sm.png","width":130,"height":75,"caption":"Persjarnia Zambrzyckich"},"image":{"@id":"https:\/\/persjarnia.com\/en\/#\/schema\/logo\/image\/"},"sameAs":["https:\/\/www.facebook.com\/persjarnia"]}]},"product_price_amount":"495","product_price_currency":"PLN","og_availability":"instock","product_availability":"instock","product_condition":"new"},"_links":{"self":[{"href":"https:\/\/persjarnia.com\/en\/wp-json\/wp\/v2\/product\/7639","targetHints":{"allow":["GET"]}}],"collection":[{"href":"https:\/\/persjarnia.com\/en\/wp-json\/wp\/v2\/product"}],"about":[{"href":"https:\/\/persjarnia.com\/en\/wp-json\/wp\/v2\/types\/product"}],"wp:featuredmedia":[{"embeddable":true,"href":"https:\/\/persjarnia.com\/en\/wp-json\/wp\/v2\/media\/7010"}],"wp:attachment":[{"href":"https:\/\/persjarnia.com\/en\/wp-json\/wp\/v2\/media?parent=7639"}],"wp:term":[{"taxonomy":"product_brand","embeddable":true,"href":"https:\/\/persjarnia.com\/en\/wp-json\/wp\/v2\/product_brand?post=7639"},{"taxonomy":"product_cat","embeddable":true,"href":"https:\/\/persjarnia.com\/en\/wp-json\/wp\/v2\/product_cat?post=7639"},{"taxonomy":"product_tag","embeddable":true,"href":"https:\/\/persjarnia.com\/en\/wp-json\/wp\/v2\/product_tag?post=7639"}],"curies":[{"name":"wp","href":"https:\/\/api.w.org\/{rel}","templated":true}]}}