{"id":7641,"date":"2025-09-27T17:26:17","date_gmt":"2025-09-27T15:26:17","guid":{"rendered":"https:\/\/persjarnia.com\/?post_type=product&#038;p=7641"},"modified":"2026-02-16T16:31:16","modified_gmt":"2026-02-16T15:31:16","slug":"makata-szafir-roksolany-108x145","status":"publish","type":"product","link":"https:\/\/persjarnia.com\/en\/product\/makata-szafir-roksolany-108x145\/","title":{"rendered":"Makata Szafir Roksolany 108&#215;145"},"content":{"rendered":"","protected":false},"excerpt":{"rendered":"<p style=\"margin: 0cm 0cm 11.25pt 0cm;\"><span style=\"font-size: 11.5pt; font-family: 'Segoe UI Historic',sans-serif; color: #050505; background: #E4E6EB;\">Jest rok 1520. W porwanej z Polski m<\/span><span style=\"font-size: 11.5pt; font-family: 'Calibri',sans-serif; color: #050505; background: #E4E6EB;\">\u0142<\/span><span style=\"font-size: 11.5pt; font-family: 'Segoe UI Historic',sans-serif; color: #050505; background: #E4E6EB;\">odziutkiej Aleksandrze Lisowskiej zakochuje si<\/span><span style=\"font-size: 11.5pt; font-family: 'Calibri',sans-serif; color: #050505; background: #E4E6EB;\">\u0119<\/span><span style=\"font-size: 11.5pt; font-family: 'Segoe UI Historic',sans-serif; color: #050505; background: #E4E6EB;\"> na um\u00f3r pot<\/span><span style=\"font-size: 11.5pt; font-family: 'Calibri',sans-serif; color: #050505; background: #E4E6EB;\">\u0119\u017c<\/span><span style=\"font-size: 11.5pt; font-family: 'Segoe UI Historic',sans-serif; color: #050505; background: #E4E6EB;\">ny monarcha &#8211; Sulejman Wspania<\/span><span style=\"font-size: 11.5pt; font-family: 'Calibri',sans-serif; color: #050505; background: #E4E6EB;\">\u0142<\/span><span style=\"font-size: 11.5pt; font-family: 'Segoe UI Historic',sans-serif; color: #050505; background: #E4E6EB;\">y. <\/span><span style=\"font-size: 11.5pt; font-family: 'Calibri',sans-serif; color: #050505; background: #E4E6EB;\">\u015a<\/span><span style=\"font-size: 11.5pt; font-family: 'Segoe UI Historic',sans-serif; color: #050505; background: #E4E6EB;\">liczna dziewczyna otrzymuje jako prezent zar<\/span><span style=\"font-size: 11.5pt; font-family: 'Calibri',sans-serif; color: #050505; background: #E4E6EB;\">\u0119<\/span><span style=\"font-size: 11.5pt; font-family: 'Segoe UI Historic',sans-serif; color: #050505; background: #E4E6EB;\">czynowy olbrzymi, szafir o wadze sze<\/span><span style=\"font-size: 11.5pt; font-family: 'Calibri',sans-serif; color: #050505; background: #E4E6EB;\">\u015b<\/span><span style=\"font-size: 11.5pt; font-family: 'Segoe UI Historic',sans-serif; color: #050505; background: #E4E6EB;\">ciuset karat\u00f3w. Rudow<\/span><span style=\"font-size: 11.5pt; font-family: 'Calibri',sans-serif; color: #050505; background: #E4E6EB;\">\u0142<\/span><span style=\"font-size: 11.5pt; font-family: 'Segoe UI Historic',sans-serif; color: #050505; background: #E4E6EB;\">osa niebieskooka pi<\/span><span style=\"font-size: 11.5pt; font-family: 'Calibri',sans-serif; color: #050505; background: #E4E6EB;\">\u0119<\/span><span style=\"font-size: 11.5pt; font-family: 'Segoe UI Historic',sans-serif; color: #050505; background: #E4E6EB;\">kno<\/span><span style=\"font-size: 11.5pt; font-family: 'Calibri',sans-serif; color: #050505; background: #E4E6EB;\">\u015b\u0107<\/span><span style=\"font-size: 11.5pt; font-family: 'Segoe UI Historic',sans-serif; color: #050505; background: #E4E6EB;\"> nie rozstaje si<\/span><span style=\"font-size: 11.5pt; font-family: 'Calibri',sans-serif; color: #050505; background: #E4E6EB;\">\u0119<\/span><span style=\"font-size: 11.5pt; font-family: 'Segoe UI Historic',sans-serif; color: #050505; background: #E4E6EB;\"> z oprawnym w z<\/span><span style=\"font-size: 11.5pt; font-family: 'Calibri',sans-serif; color: #050505; background: #E4E6EB;\">\u0142<\/span><span style=\"font-size: 11.5pt; font-family: 'Segoe UI Historic',sans-serif; color: #050505; background: #E4E6EB;\">oto kamieniem o kolorze nieba w bezwietrzne po<\/span><span style=\"font-size: 11.5pt; font-family: 'Calibri',sans-serif; color: #050505; background: #E4E6EB;\">\u0142<\/span><span style=\"font-size: 11.5pt; font-family: 'Segoe UI Historic',sans-serif; color: #050505; background: #E4E6EB;\">udnie. Nasza tkanina to uk<\/span><span style=\"font-size: 11.5pt; font-family: 'Calibri',sans-serif; color: #050505; background: #E4E6EB;\">\u0142<\/span><span style=\"font-size: 11.5pt; font-family: 'Segoe UI Historic',sans-serif; color: #050505; background: #E4E6EB;\">on w stron<\/span><span style=\"font-size: 11.5pt; font-family: 'Calibri',sans-serif; color: #050505; background: #E4E6EB;\">\u0119<\/span><span style=\"font-size: 11.5pt; font-family: 'Segoe UI Historic',sans-serif; color: #050505; background: #E4E6EB;\"> kolor\u00f3w kt\u00f3re przynosi<\/span><span style=\"font-size: 11.5pt; font-family: 'Calibri',sans-serif; color: #050505; background: #E4E6EB;\">\u0142<\/span><span style=\"font-size: 11.5pt; font-family: 'Segoe UI Historic',sans-serif; color: #050505; background: #E4E6EB;\">y szcz<\/span><span style=\"font-size: 11.5pt; font-family: 'Calibri',sans-serif; color: #050505; background: #E4E6EB;\">\u0119\u015b<\/span><span style=\"font-size: 11.5pt; font-family: 'Segoe UI Historic',sans-serif; color: #050505; background: #E4E6EB;\">cie wielkiej Kr\u00f3lowej. Pr\u00f3cz granatu i z<\/span><span style=\"font-size: 11.5pt; font-family: 'Calibri',sans-serif; color: #050505; background: #E4E6EB;\">\u0142<\/span><span style=\"font-size: 11.5pt; font-family: 'Segoe UI Historic',sans-serif; color: #050505; background: #E4E6EB;\">ota jest tam kolor jej w<\/span><span style=\"font-size: 11.5pt; font-family: 'Calibri',sans-serif; color: #050505; background: #E4E6EB;\">\u0142<\/span><span style=\"font-size: 11.5pt; font-family: 'Segoe UI Historic',sans-serif; color: #050505; background: #E4E6EB;\">os\u00f3w i b<\/span><span style=\"font-size: 11.5pt; font-family: 'Calibri',sans-serif; color: #050505; background: #E4E6EB;\">\u0142\u0119<\/span><span style=\"font-size: 11.5pt; font-family: 'Segoe UI Historic',sans-serif; color: #050505; background: #E4E6EB;\">kit jej oczu.<\/span><\/p>\n<p><strong>Size:<\/strong> 108cm na 145 cm<br \/>\nTwo sided Tapestry<\/p>","protected":false},"featured_media":7014,"template":"","meta":{"_acf_changed":false},"product_brand":[],"product_cat":[45],"product_tag":[],"class_list":{"0":"post-7641","1":"product","2":"type-product","3":"status-publish","4":"has-post-thumbnail","6":"product_cat-makaty-buczackie","8":"first","9":"instock","10":"shipping-taxable","11":"purchasable","12":"product-type-simple"},"acf":[],"yoast_head":"<!-- This site is optimized with the Yoast SEO plugin v26.1 - https:\/\/yoast.com\/wordpress\/plugins\/seo\/ -->\n<title>Makata Szafir Roksolany 108x145 - Persjarnia Zambrzyckich<\/title>\n<meta name=\"robots\" content=\"index, follow, max-snippet:-1, max-image-preview:large, max-video-preview:-1\" \/>\n<link rel=\"canonical\" href=\"https:\/\/persjarnia.com\/en\/product\/makata-szafir-roksolany-108x145\/\" \/>\n<meta property=\"og:locale\" content=\"en_GB\" \/>\n<meta property=\"og:type\" content=\"article\" \/>\n<meta property=\"og:title\" content=\"Makata Szafir Roksolany 108x145 - Persjarnia Zambrzyckich\" \/>\n<meta property=\"og:description\" content=\"Jest rok 1520. W porwanej z Polski m\u0142odziutkiej Aleksandrze Lisowskiej zakochuje si\u0119 na um\u00f3r pot\u0119\u017cny monarcha - Sulejman Wspania\u0142y. \u015aliczna dziewczyna otrzymuje jako prezent zar\u0119czynowy olbrzymi, szafir o wadze sze\u015bciuset karat\u00f3w. Rudow\u0142osa niebieskooka pi\u0119kno\u015b\u0107 nie rozstaje si\u0119 z oprawnym w z\u0142oto kamieniem o kolorze nieba w bezwietrzne po\u0142udnie. Nasza tkanina to uk\u0142on w stron\u0119 kolor\u00f3w kt\u00f3re przynosi\u0142y szcz\u0119\u015bcie wielkiej Kr\u00f3lowej. Pr\u00f3cz granatu i z\u0142ota jest tam kolor jej w\u0142os\u00f3w i b\u0142\u0119kit jej oczu. Rozmiar: 108cm na 145 cm Makata dwustronna\" \/>\n<meta property=\"og:url\" content=\"https:\/\/persjarnia.com\/en\/product\/makata-szafir-roksolany-108x145\/\" \/>\n<meta property=\"og:site_name\" content=\"Persjarnia Zambrzyckich\" \/>\n<meta property=\"article:publisher\" content=\"https:\/\/www.facebook.com\/persjarnia\" \/>\n<meta property=\"article:modified_time\" content=\"2026-02-16T15:31:16+00:00\" \/>\n<meta property=\"og:image\" content=\"https:\/\/persjarnia.com\/wp-content\/uploads\/2025\/09\/image00011.jpg\" \/>\n\t<meta property=\"og:image:width\" content=\"900\" \/>\n\t<meta property=\"og:image:height\" content=\"1200\" \/>\n\t<meta property=\"og:image:type\" content=\"image\/jpeg\" \/>\n<meta name=\"twitter:card\" content=\"summary_large_image\" \/>\n<meta name=\"twitter:label1\" content=\"Price\" \/>\n\t<meta name=\"twitter:data1\" content=\"495&nbsp;&#122;&#322;\" \/>\n\t<meta name=\"twitter:label2\" content=\"Availability\" \/>\n\t<meta name=\"twitter:data2\" content=\"In stock\" \/>\n<script type=\"application\/ld+json\" class=\"yoast-schema-graph\">{\"@context\":\"https:\/\/schema.org\",\"@graph\":[{\"@type\":\"WebPage\",\"@id\":\"https:\/\/persjarnia.com\/pl\/produkt\/makata-szafir-roksolany-108x145\/\",\"url\":\"https:\/\/persjarnia.com\/pl\/produkt\/makata-szafir-roksolany-108x145\/\",\"name\":\"Makata Szafir Roksolany 108x145 - Persjarnia Zambrzyckich\",\"isPartOf\":{\"@id\":\"https:\/\/persjarnia.com\/en\/#website\"},\"primaryImageOfPage\":{\"@id\":\"https:\/\/persjarnia.com\/pl\/produkt\/makata-szafir-roksolany-108x145\/#primaryimage\"},\"image\":{\"@id\":\"https:\/\/persjarnia.com\/pl\/produkt\/makata-szafir-roksolany-108x145\/#primaryimage\"},\"thumbnailUrl\":\"https:\/\/persjarnia.com\/wp-content\/uploads\/2025\/09\/image00011.jpg\",\"datePublished\":\"2025-09-27T15:26:17+00:00\",\"dateModified\":\"2026-02-16T15:31:16+00:00\",\"breadcrumb\":{\"@id\":\"https:\/\/persjarnia.com\/pl\/produkt\/makata-szafir-roksolany-108x145\/#breadcrumb\"},\"inLanguage\":\"en-GB\",\"potentialAction\":[{\"@type\":\"ReadAction\",\"target\":[\"https:\/\/persjarnia.com\/pl\/produkt\/makata-szafir-roksolany-108x145\/\"]}]},{\"@type\":\"ImageObject\",\"inLanguage\":\"en-GB\",\"@id\":\"https:\/\/persjarnia.com\/pl\/produkt\/makata-szafir-roksolany-108x145\/#primaryimage\",\"url\":\"https:\/\/persjarnia.com\/wp-content\/uploads\/2025\/09\/image00011.jpg\",\"contentUrl\":\"https:\/\/persjarnia.com\/wp-content\/uploads\/2025\/09\/image00011.jpg\",\"width\":900,\"height\":1200},{\"@type\":\"BreadcrumbList\",\"@id\":\"https:\/\/persjarnia.com\/pl\/produkt\/makata-szafir-roksolany-108x145\/#breadcrumb\",\"itemListElement\":[{\"@type\":\"ListItem\",\"position\":1,\"name\":\"Home\",\"item\":\"https:\/\/persjarnia.com\/en\/\"},{\"@type\":\"ListItem\",\"position\":2,\"name\":\"Products\",\"item\":\"https:\/\/persjarnia.com\/en\/shop\/\"},{\"@type\":\"ListItem\",\"position\":3,\"name\":\"Makata Szafir Roksolany 108&#215;145\"}]},{\"@type\":\"WebSite\",\"@id\":\"https:\/\/persjarnia.com\/en\/#website\",\"url\":\"https:\/\/persjarnia.com\/en\/\",\"name\":\"Persjarnia Zambrzyckich\",\"description\":\"Pasy Kontuszowe, Makaty Buczackie\",\"publisher\":{\"@id\":\"https:\/\/persjarnia.com\/en\/#organization\"},\"potentialAction\":[{\"@type\":\"SearchAction\",\"target\":{\"@type\":\"EntryPoint\",\"urlTemplate\":\"https:\/\/persjarnia.com\/en\/?s={search_term_string}\"},\"query-input\":{\"@type\":\"PropertyValueSpecification\",\"valueRequired\":true,\"valueName\":\"search_term_string\"}}],\"inLanguage\":\"en-GB\"},{\"@type\":\"Organization\",\"@id\":\"https:\/\/persjarnia.com\/en\/#organization\",\"name\":\"Persjarnia Zambrzyckich\",\"url\":\"https:\/\/persjarnia.com\/en\/\",\"logo\":{\"@type\":\"ImageObject\",\"inLanguage\":\"en-GB\",\"@id\":\"https:\/\/persjarnia.com\/en\/#\/schema\/logo\/image\/\",\"url\":\"https:\/\/persjarnia.com\/wp-content\/uploads\/2017\/03\/cropped-logo1-sm.png\",\"contentUrl\":\"https:\/\/persjarnia.com\/wp-content\/uploads\/2017\/03\/cropped-logo1-sm.png\",\"width\":130,\"height\":75,\"caption\":\"Persjarnia Zambrzyckich\"},\"image\":{\"@id\":\"https:\/\/persjarnia.com\/en\/#\/schema\/logo\/image\/\"},\"sameAs\":[\"https:\/\/www.facebook.com\/persjarnia\"]}]}<\/script>\n<meta property=\"product:price:amount\" content=\"495\" \/>\n<meta property=\"product:price:currency\" content=\"PLN\" \/>\n<meta property=\"og:availability\" content=\"instock\" \/>\n<meta property=\"product:availability\" content=\"instock\" \/>\n<meta property=\"product:condition\" content=\"new\" \/>\n<!-- \/ Yoast SEO plugin. -->","yoast_head_json":{"title":"Makata Szafir Roksolany 108x145 - Persjarnia Zambrzyckich","robots":{"index":"index","follow":"follow","max-snippet":"max-snippet:-1","max-image-preview":"max-image-preview:large","max-video-preview":"max-video-preview:-1"},"canonical":"https:\/\/persjarnia.com\/en\/product\/makata-szafir-roksolany-108x145\/","og_locale":"en_GB","og_type":"article","og_title":"Makata Szafir Roksolany 108x145 - Persjarnia Zambrzyckich","og_description":"Jest rok 1520. W porwanej z Polski m\u0142odziutkiej Aleksandrze Lisowskiej zakochuje si\u0119 na um\u00f3r pot\u0119\u017cny monarcha - Sulejman Wspania\u0142y. \u015aliczna dziewczyna otrzymuje jako prezent zar\u0119czynowy olbrzymi, szafir o wadze sze\u015bciuset karat\u00f3w. Rudow\u0142osa niebieskooka pi\u0119kno\u015b\u0107 nie rozstaje si\u0119 z oprawnym w z\u0142oto kamieniem o kolorze nieba w bezwietrzne po\u0142udnie. Nasza tkanina to uk\u0142on w stron\u0119 kolor\u00f3w kt\u00f3re przynosi\u0142y szcz\u0119\u015bcie wielkiej Kr\u00f3lowej. Pr\u00f3cz granatu i z\u0142ota jest tam kolor jej w\u0142os\u00f3w i b\u0142\u0119kit jej oczu. Rozmiar: 108cm na 145 cm Makata dwustronna","og_url":"https:\/\/persjarnia.com\/en\/product\/makata-szafir-roksolany-108x145\/","og_site_name":"Persjarnia Zambrzyckich","article_publisher":"https:\/\/www.facebook.com\/persjarnia","article_modified_time":"2026-02-16T15:31:16+00:00","og_image":[{"width":900,"height":1200,"url":"https:\/\/persjarnia.com\/wp-content\/uploads\/2025\/09\/image00011.jpg","type":"image\/jpeg"}],"twitter_card":"summary_large_image","twitter_misc":{"Price":"495&nbsp;&#122;&#322;","Availability":"In stock"},"schema":{"@context":"https:\/\/schema.org","@graph":[{"@type":"WebPage","@id":"https:\/\/persjarnia.com\/pl\/produkt\/makata-szafir-roksolany-108x145\/","url":"https:\/\/persjarnia.com\/pl\/produkt\/makata-szafir-roksolany-108x145\/","name":"Makata Szafir Roksolany 108x145 - Persjarnia Zambrzyckich","isPartOf":{"@id":"https:\/\/persjarnia.com\/en\/#website"},"primaryImageOfPage":{"@id":"https:\/\/persjarnia.com\/pl\/produkt\/makata-szafir-roksolany-108x145\/#primaryimage"},"image":{"@id":"https:\/\/persjarnia.com\/pl\/produkt\/makata-szafir-roksolany-108x145\/#primaryimage"},"thumbnailUrl":"https:\/\/persjarnia.com\/wp-content\/uploads\/2025\/09\/image00011.jpg","datePublished":"2025-09-27T15:26:17+00:00","dateModified":"2026-02-16T15:31:16+00:00","breadcrumb":{"@id":"https:\/\/persjarnia.com\/pl\/produkt\/makata-szafir-roksolany-108x145\/#breadcrumb"},"inLanguage":"en-GB","potentialAction":[{"@type":"ReadAction","target":["https:\/\/persjarnia.com\/pl\/produkt\/makata-szafir-roksolany-108x145\/"]}]},{"@type":"ImageObject","inLanguage":"en-GB","@id":"https:\/\/persjarnia.com\/pl\/produkt\/makata-szafir-roksolany-108x145\/#primaryimage","url":"https:\/\/persjarnia.com\/wp-content\/uploads\/2025\/09\/image00011.jpg","contentUrl":"https:\/\/persjarnia.com\/wp-content\/uploads\/2025\/09\/image00011.jpg","width":900,"height":1200},{"@type":"BreadcrumbList","@id":"https:\/\/persjarnia.com\/pl\/produkt\/makata-szafir-roksolany-108x145\/#breadcrumb","itemListElement":[{"@type":"ListItem","position":1,"name":"Home","item":"https:\/\/persjarnia.com\/en\/"},{"@type":"ListItem","position":2,"name":"Products","item":"https:\/\/persjarnia.com\/en\/shop\/"},{"@type":"ListItem","position":3,"name":"Makata Szafir Roksolany 108&#215;145"}]},{"@type":"WebSite","@id":"https:\/\/persjarnia.com\/en\/#website","url":"https:\/\/persjarnia.com\/en\/","name":"Persjarnia Zambrzyckich","description":"Kontush Sashes, Buczacz Tapestry","publisher":{"@id":"https:\/\/persjarnia.com\/en\/#organization"},"potentialAction":[{"@type":"SearchAction","target":{"@type":"EntryPoint","urlTemplate":"https:\/\/persjarnia.com\/en\/?s={search_term_string}"},"query-input":{"@type":"PropertyValueSpecification","valueRequired":true,"valueName":"search_term_string"}}],"inLanguage":"en-GB"},{"@type":"Organization","@id":"https:\/\/persjarnia.com\/en\/#organization","name":"Persjarnia Zambrzyckich","url":"https:\/\/persjarnia.com\/en\/","logo":{"@type":"ImageObject","inLanguage":"en-GB","@id":"https:\/\/persjarnia.com\/en\/#\/schema\/logo\/image\/","url":"https:\/\/persjarnia.com\/wp-content\/uploads\/2017\/03\/cropped-logo1-sm.png","contentUrl":"https:\/\/persjarnia.com\/wp-content\/uploads\/2017\/03\/cropped-logo1-sm.png","width":130,"height":75,"caption":"Persjarnia Zambrzyckich"},"image":{"@id":"https:\/\/persjarnia.com\/en\/#\/schema\/logo\/image\/"},"sameAs":["https:\/\/www.facebook.com\/persjarnia"]}]},"product_price_amount":"495","product_price_currency":"PLN","og_availability":"instock","product_availability":"instock","product_condition":"new"},"_links":{"self":[{"href":"https:\/\/persjarnia.com\/en\/wp-json\/wp\/v2\/product\/7641","targetHints":{"allow":["GET"]}}],"collection":[{"href":"https:\/\/persjarnia.com\/en\/wp-json\/wp\/v2\/product"}],"about":[{"href":"https:\/\/persjarnia.com\/en\/wp-json\/wp\/v2\/types\/product"}],"wp:featuredmedia":[{"embeddable":true,"href":"https:\/\/persjarnia.com\/en\/wp-json\/wp\/v2\/media\/7014"}],"wp:attachment":[{"href":"https:\/\/persjarnia.com\/en\/wp-json\/wp\/v2\/media?parent=7641"}],"wp:term":[{"taxonomy":"product_brand","embeddable":true,"href":"https:\/\/persjarnia.com\/en\/wp-json\/wp\/v2\/product_brand?post=7641"},{"taxonomy":"product_cat","embeddable":true,"href":"https:\/\/persjarnia.com\/en\/wp-json\/wp\/v2\/product_cat?post=7641"},{"taxonomy":"product_tag","embeddable":true,"href":"https:\/\/persjarnia.com\/en\/wp-json\/wp\/v2\/product_tag?post=7641"}],"curies":[{"name":"wp","href":"https:\/\/api.w.org\/{rel}","templated":true}]}}