{"id":7661,"date":"2025-09-27T17:26:39","date_gmt":"2025-09-27T15:26:39","guid":{"rendered":"https:\/\/persjarnia.com\/?post_type=product&#038;p=7661"},"modified":"2025-09-27T17:27:08","modified_gmt":"2025-09-27T15:27:08","slug":"pas-sarmacki-z-mucha-tryumf-sobieskiego-bialo-zloty","status":"publish","type":"product","link":"https:\/\/persjarnia.com\/en\/product\/pas-sarmacki-z-mucha-tryumf-sobieskiego-bialo-zloty\/","title":{"rendered":"Pas Sarmacki z much\u0105 Tryumf Sobieskiego bia\u0142o-z\u0142oty"},"content":{"rendered":"","protected":false},"excerpt":{"rendered":"<p>The whole set consisting of the double sided belt and bow tie.<\/p>\n<p>Two sided belt<\/p>\n<p>Wz\u00f3r \u2013 jak zwykle jest dok\u0142adn\u0105 kopi\u0105 zabytkowego pasa.<\/p>\n<p>Ornament woven with shiny silver and gold \u2013 like yarn.<\/p>\n<p align=\"justify\">D\u0142ugo\u015b\u0107 cz\u0119\u015bci ozdobnej 65cm, wysoko\u015b\u0107 14cm. Regulowana ta\u015bma elastyczna pozwala na za\u0142o\u017cenie pasa przy obwodzie talii od 80cm do 120cm<\/p>\n<p align=\"justify\">Ka\u017cdy pas pakujemy z szacunkiem do tradycji \u2014 w eleganckie pude\u0142ko prezentowe, gotowe do podarowania lub przechowania jak skarb. Bez dodatkowych op\u0142at.<\/p>","protected":false},"featured_media":7064,"template":"","meta":{"_acf_changed":false},"product_brand":[],"product_cat":[105],"product_tag":[],"class_list":{"0":"post-7661","1":"product","2":"type-product","3":"status-publish","4":"has-post-thumbnail","6":"product_cat-pasy-sarmackie-do-garnituru","7":"pa_packing-without-packaging","8":"pa_packing-with-packing","10":"first","11":"instock","12":"shipping-taxable","13":"purchasable","14":"product-type-simple"},"acf":[],"yoast_head":"<!-- This site is optimized with the Yoast SEO plugin v26.1 - https:\/\/yoast.com\/wordpress\/plugins\/seo\/ -->\n<title>Pas Sarmacki z much\u0105 Tryumf Sobieskiego bia\u0142o-z\u0142oty - Persjarnia Zambrzyckich<\/title>\n<meta name=\"robots\" content=\"index, follow, max-snippet:-1, max-image-preview:large, max-video-preview:-1\" \/>\n<link rel=\"canonical\" href=\"https:\/\/persjarnia.com\/en\/product\/pas-sarmacki-z-mucha-tryumf-sobieskiego-bialo-zloty\/\" \/>\n<meta property=\"og:locale\" content=\"en_GB\" \/>\n<meta property=\"og:type\" content=\"article\" \/>\n<meta property=\"og:title\" content=\"Pas Sarmacki z much\u0105 Tryumf Sobieskiego bia\u0142o-z\u0142oty - Persjarnia Zambrzyckich\" \/>\n<meta property=\"og:description\" content=\"Komplet sk\u0142adaj\u0105cy si\u0119 z pasa i muszki.  Pas dwustronny.  Wz\u00f3r \u2013 jak zwykle jest dok\u0142adn\u0105 kopi\u0105 zabytkowego pasa.  Ornament tkany. D\u0142ugo\u015b\u0107 cz\u0119\u015bci ozdobnej 65cm, wysoko\u015b\u0107 14cm. Regulowana ta\u015bma elastyczna pozwala na za\u0142o\u017cenie pasa przy obwodzie talii od 80cm do 120cm Ka\u017cdy pas pakujemy z szacunkiem do tradycji \u2014 w eleganckie pude\u0142ko prezentowe, gotowe do podarowania lub przechowania jak skarb. Bez dodatkowych op\u0142at.\" \/>\n<meta property=\"og:url\" content=\"https:\/\/persjarnia.com\/en\/product\/pas-sarmacki-z-mucha-tryumf-sobieskiego-bialo-zloty\/\" \/>\n<meta property=\"og:site_name\" content=\"Persjarnia Zambrzyckich\" \/>\n<meta property=\"article:publisher\" content=\"https:\/\/www.facebook.com\/persjarnia\" \/>\n<meta property=\"article:modified_time\" content=\"2025-09-27T15:27:08+00:00\" \/>\n<meta property=\"og:image\" content=\"https:\/\/persjarnia.com\/wp-content\/uploads\/2025\/09\/7531-1.jpg\" \/>\n\t<meta property=\"og:image:width\" content=\"1200\" \/>\n\t<meta property=\"og:image:height\" content=\"1200\" \/>\n\t<meta property=\"og:image:type\" content=\"image\/jpeg\" \/>\n<meta name=\"twitter:card\" content=\"summary_large_image\" \/>\n<meta name=\"twitter:label1\" content=\"Price\" \/>\n\t<meta name=\"twitter:data1\" content=\"360&nbsp;&#122;&#322;\" \/>\n\t<meta name=\"twitter:label2\" content=\"Availability\" \/>\n\t<meta name=\"twitter:data2\" content=\"In stock\" \/>\n<script type=\"application\/ld+json\" class=\"yoast-schema-graph\">{\"@context\":\"https:\/\/schema.org\",\"@graph\":[{\"@type\":\"WebPage\",\"@id\":\"https:\/\/persjarnia.com\/pl\/produkt\/pas-sarmacki-z-mucha-tryumf-sobieskiego-bialo-zloty\/\",\"url\":\"https:\/\/persjarnia.com\/pl\/produkt\/pas-sarmacki-z-mucha-tryumf-sobieskiego-bialo-zloty\/\",\"name\":\"Pas Sarmacki z much\u0105 Tryumf Sobieskiego bia\u0142o-z\u0142oty - Persjarnia Zambrzyckich\",\"isPartOf\":{\"@id\":\"https:\/\/persjarnia.com\/en\/#website\"},\"primaryImageOfPage\":{\"@id\":\"https:\/\/persjarnia.com\/pl\/produkt\/pas-sarmacki-z-mucha-tryumf-sobieskiego-bialo-zloty\/#primaryimage\"},\"image\":{\"@id\":\"https:\/\/persjarnia.com\/pl\/produkt\/pas-sarmacki-z-mucha-tryumf-sobieskiego-bialo-zloty\/#primaryimage\"},\"thumbnailUrl\":\"https:\/\/persjarnia.com\/wp-content\/uploads\/2025\/09\/7531-1.jpg\",\"datePublished\":\"2025-09-27T15:26:39+00:00\",\"dateModified\":\"2025-09-27T15:27:08+00:00\",\"breadcrumb\":{\"@id\":\"https:\/\/persjarnia.com\/pl\/produkt\/pas-sarmacki-z-mucha-tryumf-sobieskiego-bialo-zloty\/#breadcrumb\"},\"inLanguage\":\"en-GB\",\"potentialAction\":[{\"@type\":\"ReadAction\",\"target\":[\"https:\/\/persjarnia.com\/pl\/produkt\/pas-sarmacki-z-mucha-tryumf-sobieskiego-bialo-zloty\/\"]}]},{\"@type\":\"ImageObject\",\"inLanguage\":\"en-GB\",\"@id\":\"https:\/\/persjarnia.com\/pl\/produkt\/pas-sarmacki-z-mucha-tryumf-sobieskiego-bialo-zloty\/#primaryimage\",\"url\":\"https:\/\/persjarnia.com\/wp-content\/uploads\/2025\/09\/7531-1.jpg\",\"contentUrl\":\"https:\/\/persjarnia.com\/wp-content\/uploads\/2025\/09\/7531-1.jpg\",\"width\":1200,\"height\":1200},{\"@type\":\"BreadcrumbList\",\"@id\":\"https:\/\/persjarnia.com\/pl\/produkt\/pas-sarmacki-z-mucha-tryumf-sobieskiego-bialo-zloty\/#breadcrumb\",\"itemListElement\":[{\"@type\":\"ListItem\",\"position\":1,\"name\":\"Home\",\"item\":\"https:\/\/persjarnia.com\/en\/\"},{\"@type\":\"ListItem\",\"position\":2,\"name\":\"Products\",\"item\":\"https:\/\/persjarnia.com\/en\/shop\/\"},{\"@type\":\"ListItem\",\"position\":3,\"name\":\"Pas Sarmacki z much\u0105 Tryumf Sobieskiego bia\u0142o-z\u0142oty\"}]},{\"@type\":\"WebSite\",\"@id\":\"https:\/\/persjarnia.com\/en\/#website\",\"url\":\"https:\/\/persjarnia.com\/en\/\",\"name\":\"Persjarnia Zambrzyckich\",\"description\":\"Pasy Kontuszowe, Makaty Buczackie\",\"publisher\":{\"@id\":\"https:\/\/persjarnia.com\/en\/#organization\"},\"potentialAction\":[{\"@type\":\"SearchAction\",\"target\":{\"@type\":\"EntryPoint\",\"urlTemplate\":\"https:\/\/persjarnia.com\/en\/?s={search_term_string}\"},\"query-input\":{\"@type\":\"PropertyValueSpecification\",\"valueRequired\":true,\"valueName\":\"search_term_string\"}}],\"inLanguage\":\"en-GB\"},{\"@type\":\"Organization\",\"@id\":\"https:\/\/persjarnia.com\/en\/#organization\",\"name\":\"Persjarnia Zambrzyckich\",\"url\":\"https:\/\/persjarnia.com\/en\/\",\"logo\":{\"@type\":\"ImageObject\",\"inLanguage\":\"en-GB\",\"@id\":\"https:\/\/persjarnia.com\/en\/#\/schema\/logo\/image\/\",\"url\":\"https:\/\/persjarnia.com\/wp-content\/uploads\/2017\/03\/cropped-logo1-sm.png\",\"contentUrl\":\"https:\/\/persjarnia.com\/wp-content\/uploads\/2017\/03\/cropped-logo1-sm.png\",\"width\":130,\"height\":75,\"caption\":\"Persjarnia Zambrzyckich\"},\"image\":{\"@id\":\"https:\/\/persjarnia.com\/en\/#\/schema\/logo\/image\/\"},\"sameAs\":[\"https:\/\/www.facebook.com\/persjarnia\"]}]}<\/script>\n<meta property=\"product:price:amount\" content=\"360\" \/>\n<meta property=\"product:price:currency\" content=\"PLN\" \/>\n<meta property=\"og:availability\" content=\"instock\" \/>\n<meta property=\"product:availability\" content=\"instock\" \/>\n<meta property=\"product:condition\" content=\"new\" \/>\n<!-- \/ Yoast SEO plugin. -->","yoast_head_json":{"title":"Pas Sarmacki z much\u0105 Tryumf Sobieskiego bia\u0142o-z\u0142oty - Persjarnia Zambrzyckich","robots":{"index":"index","follow":"follow","max-snippet":"max-snippet:-1","max-image-preview":"max-image-preview:large","max-video-preview":"max-video-preview:-1"},"canonical":"https:\/\/persjarnia.com\/en\/product\/pas-sarmacki-z-mucha-tryumf-sobieskiego-bialo-zloty\/","og_locale":"en_GB","og_type":"article","og_title":"Pas Sarmacki z much\u0105 Tryumf Sobieskiego bia\u0142o-z\u0142oty - Persjarnia Zambrzyckich","og_description":"Komplet sk\u0142adaj\u0105cy si\u0119 z pasa i muszki.  Pas dwustronny.  Wz\u00f3r \u2013 jak zwykle jest dok\u0142adn\u0105 kopi\u0105 zabytkowego pasa.  Ornament tkany. D\u0142ugo\u015b\u0107 cz\u0119\u015bci ozdobnej 65cm, wysoko\u015b\u0107 14cm. Regulowana ta\u015bma elastyczna pozwala na za\u0142o\u017cenie pasa przy obwodzie talii od 80cm do 120cm Ka\u017cdy pas pakujemy z szacunkiem do tradycji \u2014 w eleganckie pude\u0142ko prezentowe, gotowe do podarowania lub przechowania jak skarb. Bez dodatkowych op\u0142at.","og_url":"https:\/\/persjarnia.com\/en\/product\/pas-sarmacki-z-mucha-tryumf-sobieskiego-bialo-zloty\/","og_site_name":"Persjarnia Zambrzyckich","article_publisher":"https:\/\/www.facebook.com\/persjarnia","article_modified_time":"2025-09-27T15:27:08+00:00","og_image":[{"width":1200,"height":1200,"url":"https:\/\/persjarnia.com\/wp-content\/uploads\/2025\/09\/7531-1.jpg","type":"image\/jpeg"}],"twitter_card":"summary_large_image","twitter_misc":{"Price":"360&nbsp;&#122;&#322;","Availability":"In stock"},"schema":{"@context":"https:\/\/schema.org","@graph":[{"@type":"WebPage","@id":"https:\/\/persjarnia.com\/pl\/produkt\/pas-sarmacki-z-mucha-tryumf-sobieskiego-bialo-zloty\/","url":"https:\/\/persjarnia.com\/pl\/produkt\/pas-sarmacki-z-mucha-tryumf-sobieskiego-bialo-zloty\/","name":"Pas Sarmacki z much\u0105 Tryumf Sobieskiego bia\u0142o-z\u0142oty - Persjarnia Zambrzyckich","isPartOf":{"@id":"https:\/\/persjarnia.com\/en\/#website"},"primaryImageOfPage":{"@id":"https:\/\/persjarnia.com\/pl\/produkt\/pas-sarmacki-z-mucha-tryumf-sobieskiego-bialo-zloty\/#primaryimage"},"image":{"@id":"https:\/\/persjarnia.com\/pl\/produkt\/pas-sarmacki-z-mucha-tryumf-sobieskiego-bialo-zloty\/#primaryimage"},"thumbnailUrl":"https:\/\/persjarnia.com\/wp-content\/uploads\/2025\/09\/7531-1.jpg","datePublished":"2025-09-27T15:26:39+00:00","dateModified":"2025-09-27T15:27:08+00:00","breadcrumb":{"@id":"https:\/\/persjarnia.com\/pl\/produkt\/pas-sarmacki-z-mucha-tryumf-sobieskiego-bialo-zloty\/#breadcrumb"},"inLanguage":"en-GB","potentialAction":[{"@type":"ReadAction","target":["https:\/\/persjarnia.com\/pl\/produkt\/pas-sarmacki-z-mucha-tryumf-sobieskiego-bialo-zloty\/"]}]},{"@type":"ImageObject","inLanguage":"en-GB","@id":"https:\/\/persjarnia.com\/pl\/produkt\/pas-sarmacki-z-mucha-tryumf-sobieskiego-bialo-zloty\/#primaryimage","url":"https:\/\/persjarnia.com\/wp-content\/uploads\/2025\/09\/7531-1.jpg","contentUrl":"https:\/\/persjarnia.com\/wp-content\/uploads\/2025\/09\/7531-1.jpg","width":1200,"height":1200},{"@type":"BreadcrumbList","@id":"https:\/\/persjarnia.com\/pl\/produkt\/pas-sarmacki-z-mucha-tryumf-sobieskiego-bialo-zloty\/#breadcrumb","itemListElement":[{"@type":"ListItem","position":1,"name":"Home","item":"https:\/\/persjarnia.com\/en\/"},{"@type":"ListItem","position":2,"name":"Products","item":"https:\/\/persjarnia.com\/en\/shop\/"},{"@type":"ListItem","position":3,"name":"Pas Sarmacki z much\u0105 Tryumf Sobieskiego bia\u0142o-z\u0142oty"}]},{"@type":"WebSite","@id":"https:\/\/persjarnia.com\/en\/#website","url":"https:\/\/persjarnia.com\/en\/","name":"Persjarnia Zambrzyckich","description":"Kontush Sashes, Buczacz Tapestry","publisher":{"@id":"https:\/\/persjarnia.com\/en\/#organization"},"potentialAction":[{"@type":"SearchAction","target":{"@type":"EntryPoint","urlTemplate":"https:\/\/persjarnia.com\/en\/?s={search_term_string}"},"query-input":{"@type":"PropertyValueSpecification","valueRequired":true,"valueName":"search_term_string"}}],"inLanguage":"en-GB"},{"@type":"Organization","@id":"https:\/\/persjarnia.com\/en\/#organization","name":"Persjarnia Zambrzyckich","url":"https:\/\/persjarnia.com\/en\/","logo":{"@type":"ImageObject","inLanguage":"en-GB","@id":"https:\/\/persjarnia.com\/en\/#\/schema\/logo\/image\/","url":"https:\/\/persjarnia.com\/wp-content\/uploads\/2017\/03\/cropped-logo1-sm.png","contentUrl":"https:\/\/persjarnia.com\/wp-content\/uploads\/2017\/03\/cropped-logo1-sm.png","width":130,"height":75,"caption":"Persjarnia Zambrzyckich"},"image":{"@id":"https:\/\/persjarnia.com\/en\/#\/schema\/logo\/image\/"},"sameAs":["https:\/\/www.facebook.com\/persjarnia"]}]},"product_price_amount":"360","product_price_currency":"PLN","og_availability":"instock","product_availability":"instock","product_condition":"new"},"_links":{"self":[{"href":"https:\/\/persjarnia.com\/en\/wp-json\/wp\/v2\/product\/7661","targetHints":{"allow":["GET"]}}],"collection":[{"href":"https:\/\/persjarnia.com\/en\/wp-json\/wp\/v2\/product"}],"about":[{"href":"https:\/\/persjarnia.com\/en\/wp-json\/wp\/v2\/types\/product"}],"wp:featuredmedia":[{"embeddable":true,"href":"https:\/\/persjarnia.com\/en\/wp-json\/wp\/v2\/media\/7064"}],"wp:attachment":[{"href":"https:\/\/persjarnia.com\/en\/wp-json\/wp\/v2\/media?parent=7661"}],"wp:term":[{"taxonomy":"product_brand","embeddable":true,"href":"https:\/\/persjarnia.com\/en\/wp-json\/wp\/v2\/product_brand?post=7661"},{"taxonomy":"product_cat","embeddable":true,"href":"https:\/\/persjarnia.com\/en\/wp-json\/wp\/v2\/product_cat?post=7661"},{"taxonomy":"product_tag","embeddable":true,"href":"https:\/\/persjarnia.com\/en\/wp-json\/wp\/v2\/product_tag?post=7661"}],"curies":[{"name":"wp","href":"https:\/\/api.w.org\/{rel}","templated":true}]}}