{"id":7687,"date":"2025-09-27T17:27:04","date_gmt":"2025-09-27T15:27:04","guid":{"rendered":"https:\/\/persjarnia.com\/?post_type=product&#038;p=7687"},"modified":"2026-03-30T14:22:22","modified_gmt":"2026-03-30T12:22:22","slug":"podkladka-pod-talerz-szafir-roksolany-z-bukietem","status":"publish","type":"product","link":"https:\/\/persjarnia.com\/en\/product\/podkladka-pod-talerz-szafir-roksolany-z-bukietem\/","title":{"rendered":"Podk\u0142adka pod talerz Szafir Roksolany z bukietem"},"content":{"rendered":"","protected":false},"excerpt":{"rendered":"<div dir=\"auto\">Podk\u0142adka pod talerz z historycznymi wzorami, zaczerpni\u0119tymi z pas\u00f3w kontuszowych.<\/div>\n<div dir=\"auto\">Dwustronna.<\/div>\n<div dir=\"auto\">Rozmiar 25x44cm<\/div>\n<div dir=\"auto\"><strong data-start=\"80\" data-end=\"107\">Limit ilo\u015bci: 3 sztuki.<\/strong><\/div>\n<div dir=\"auto\"><\/div>","protected":false},"featured_media":7110,"template":"","meta":{"_acf_changed":false},"product_brand":[],"product_cat":[343],"product_tag":[],"class_list":{"0":"post-7687","1":"product","2":"type-product","3":"status-publish","4":"has-post-thumbnail","6":"product_cat-serwetki","8":"first","9":"outofstock","10":"shipping-taxable","11":"purchasable","12":"product-type-simple"},"acf":[],"yoast_head":"<!-- This site is optimized with the Yoast SEO plugin v26.1 - https:\/\/yoast.com\/wordpress\/plugins\/seo\/ -->\n<title>Podk\u0142adka pod talerz Szafir Roksolany z bukietem - Persjarnia Zambrzyckich<\/title>\n<meta name=\"robots\" content=\"index, follow, max-snippet:-1, max-image-preview:large, max-video-preview:-1\" \/>\n<link rel=\"canonical\" href=\"https:\/\/persjarnia.com\/en\/product\/podkladka-pod-talerz-szafir-roksolany-z-bukietem\/\" \/>\n<meta property=\"og:locale\" content=\"en_GB\" \/>\n<meta property=\"og:type\" content=\"article\" \/>\n<meta property=\"og:title\" content=\"Podk\u0142adka pod talerz Szafir Roksolany z bukietem - Persjarnia Zambrzyckich\" \/>\n<meta property=\"og:description\" content=\"Podk\u0142adka pod talerz z historycznymi wzorami, zaczerpni\u0119tymi z pas\u00f3w kontuszowych. Dwustronna. Rozmiar 25x44cm Limit ilo\u015bci: 3 sztuki.\" \/>\n<meta property=\"og:url\" content=\"https:\/\/persjarnia.com\/en\/product\/podkladka-pod-talerz-szafir-roksolany-z-bukietem\/\" \/>\n<meta property=\"og:site_name\" content=\"Persjarnia Zambrzyckich\" \/>\n<meta property=\"article:publisher\" content=\"https:\/\/www.facebook.com\/persjarnia\" \/>\n<meta property=\"article:modified_time\" content=\"2026-03-30T12:22:22+00:00\" \/>\n<meta property=\"og:image\" content=\"https:\/\/persjarnia.com\/wp-content\/uploads\/2025\/09\/IMG_3686.jpg\" \/>\n\t<meta property=\"og:image:width\" content=\"1200\" \/>\n\t<meta property=\"og:image:height\" content=\"862\" \/>\n\t<meta property=\"og:image:type\" content=\"image\/jpeg\" \/>\n<meta name=\"twitter:card\" content=\"summary_large_image\" \/>\n<meta name=\"twitter:label1\" content=\"Price\" \/>\n\t<meta name=\"twitter:data1\" content=\"50&nbsp;&#122;&#322;\" \/>\n\t<meta name=\"twitter:label2\" content=\"Availability\" \/>\n\t<meta name=\"twitter:data2\" content=\"Out of stock\" \/>\n<script type=\"application\/ld+json\" class=\"yoast-schema-graph\">{\"@context\":\"https:\/\/schema.org\",\"@graph\":[{\"@type\":\"WebPage\",\"@id\":\"https:\/\/persjarnia.com\/produkt\/podkladka-pod-talerz-szafir-roksolany-z-bukietem\/\",\"url\":\"https:\/\/persjarnia.com\/produkt\/podkladka-pod-talerz-szafir-roksolany-z-bukietem\/\",\"name\":\"Podk\u0142adka pod talerz Szafir Roksolany z bukietem - Persjarnia Zambrzyckich\",\"isPartOf\":{\"@id\":\"https:\/\/persjarnia.com\/en\/#website\"},\"primaryImageOfPage\":{\"@id\":\"https:\/\/persjarnia.com\/produkt\/podkladka-pod-talerz-szafir-roksolany-z-bukietem\/#primaryimage\"},\"image\":{\"@id\":\"https:\/\/persjarnia.com\/produkt\/podkladka-pod-talerz-szafir-roksolany-z-bukietem\/#primaryimage\"},\"thumbnailUrl\":\"https:\/\/persjarnia.com\/wp-content\/uploads\/2025\/09\/IMG_3686.jpg\",\"datePublished\":\"2025-09-27T15:27:04+00:00\",\"dateModified\":\"2026-03-30T12:22:22+00:00\",\"breadcrumb\":{\"@id\":\"https:\/\/persjarnia.com\/produkt\/podkladka-pod-talerz-szafir-roksolany-z-bukietem\/#breadcrumb\"},\"inLanguage\":\"en-GB\",\"potentialAction\":[{\"@type\":\"ReadAction\",\"target\":[\"https:\/\/persjarnia.com\/produkt\/podkladka-pod-talerz-szafir-roksolany-z-bukietem\/\"]}]},{\"@type\":\"ImageObject\",\"inLanguage\":\"en-GB\",\"@id\":\"https:\/\/persjarnia.com\/produkt\/podkladka-pod-talerz-szafir-roksolany-z-bukietem\/#primaryimage\",\"url\":\"https:\/\/persjarnia.com\/wp-content\/uploads\/2025\/09\/IMG_3686.jpg\",\"contentUrl\":\"https:\/\/persjarnia.com\/wp-content\/uploads\/2025\/09\/IMG_3686.jpg\",\"width\":1200,\"height\":862},{\"@type\":\"BreadcrumbList\",\"@id\":\"https:\/\/persjarnia.com\/produkt\/podkladka-pod-talerz-szafir-roksolany-z-bukietem\/#breadcrumb\",\"itemListElement\":[{\"@type\":\"ListItem\",\"position\":1,\"name\":\"Home\",\"item\":\"https:\/\/persjarnia.com\/en\/\"},{\"@type\":\"ListItem\",\"position\":2,\"name\":\"Products\",\"item\":\"https:\/\/persjarnia.com\/en\/shop\/\"},{\"@type\":\"ListItem\",\"position\":3,\"name\":\"Podk\u0142adka pod talerz Szafir Roksolany z bukietem\"}]},{\"@type\":\"WebSite\",\"@id\":\"https:\/\/persjarnia.com\/en\/#website\",\"url\":\"https:\/\/persjarnia.com\/en\/\",\"name\":\"Persjarnia Zambrzyckich\",\"description\":\"Pasy Kontuszowe, Makaty Buczackie\",\"publisher\":{\"@id\":\"https:\/\/persjarnia.com\/en\/#organization\"},\"potentialAction\":[{\"@type\":\"SearchAction\",\"target\":{\"@type\":\"EntryPoint\",\"urlTemplate\":\"https:\/\/persjarnia.com\/en\/?s={search_term_string}\"},\"query-input\":{\"@type\":\"PropertyValueSpecification\",\"valueRequired\":true,\"valueName\":\"search_term_string\"}}],\"inLanguage\":\"en-GB\"},{\"@type\":\"Organization\",\"@id\":\"https:\/\/persjarnia.com\/en\/#organization\",\"name\":\"Persjarnia Zambrzyckich\",\"url\":\"https:\/\/persjarnia.com\/en\/\",\"logo\":{\"@type\":\"ImageObject\",\"inLanguage\":\"en-GB\",\"@id\":\"https:\/\/persjarnia.com\/en\/#\/schema\/logo\/image\/\",\"url\":\"https:\/\/persjarnia.com\/wp-content\/uploads\/2017\/03\/cropped-logo1-sm.png\",\"contentUrl\":\"https:\/\/persjarnia.com\/wp-content\/uploads\/2017\/03\/cropped-logo1-sm.png\",\"width\":130,\"height\":75,\"caption\":\"Persjarnia Zambrzyckich\"},\"image\":{\"@id\":\"https:\/\/persjarnia.com\/en\/#\/schema\/logo\/image\/\"},\"sameAs\":[\"https:\/\/www.facebook.com\/persjarnia\"]}]}<\/script>\n<meta property=\"product:price:amount\" content=\"50\" \/>\n<meta property=\"product:price:currency\" content=\"PLN\" \/>\n<meta property=\"og:availability\" content=\"out of stock\" \/>\n<meta property=\"product:availability\" content=\"out of stock\" \/>\n<meta property=\"product:condition\" content=\"new\" \/>\n<!-- \/ Yoast SEO plugin. -->","yoast_head_json":{"title":"Podk\u0142adka pod talerz Szafir Roksolany z bukietem - Persjarnia Zambrzyckich","robots":{"index":"index","follow":"follow","max-snippet":"max-snippet:-1","max-image-preview":"max-image-preview:large","max-video-preview":"max-video-preview:-1"},"canonical":"https:\/\/persjarnia.com\/en\/product\/podkladka-pod-talerz-szafir-roksolany-z-bukietem\/","og_locale":"en_GB","og_type":"article","og_title":"Podk\u0142adka pod talerz Szafir Roksolany z bukietem - Persjarnia Zambrzyckich","og_description":"Podk\u0142adka pod talerz z historycznymi wzorami, zaczerpni\u0119tymi z pas\u00f3w kontuszowych. Dwustronna. Rozmiar 25x44cm Limit ilo\u015bci: 3 sztuki.","og_url":"https:\/\/persjarnia.com\/en\/product\/podkladka-pod-talerz-szafir-roksolany-z-bukietem\/","og_site_name":"Persjarnia Zambrzyckich","article_publisher":"https:\/\/www.facebook.com\/persjarnia","article_modified_time":"2026-03-30T12:22:22+00:00","og_image":[{"width":1200,"height":862,"url":"https:\/\/persjarnia.com\/wp-content\/uploads\/2025\/09\/IMG_3686.jpg","type":"image\/jpeg"}],"twitter_card":"summary_large_image","twitter_misc":{"Price":"50&nbsp;&#122;&#322;","Availability":"Out of stock"},"schema":{"@context":"https:\/\/schema.org","@graph":[{"@type":"WebPage","@id":"https:\/\/persjarnia.com\/produkt\/podkladka-pod-talerz-szafir-roksolany-z-bukietem\/","url":"https:\/\/persjarnia.com\/produkt\/podkladka-pod-talerz-szafir-roksolany-z-bukietem\/","name":"Podk\u0142adka pod talerz Szafir Roksolany z bukietem - Persjarnia Zambrzyckich","isPartOf":{"@id":"https:\/\/persjarnia.com\/en\/#website"},"primaryImageOfPage":{"@id":"https:\/\/persjarnia.com\/produkt\/podkladka-pod-talerz-szafir-roksolany-z-bukietem\/#primaryimage"},"image":{"@id":"https:\/\/persjarnia.com\/produkt\/podkladka-pod-talerz-szafir-roksolany-z-bukietem\/#primaryimage"},"thumbnailUrl":"https:\/\/persjarnia.com\/wp-content\/uploads\/2025\/09\/IMG_3686.jpg","datePublished":"2025-09-27T15:27:04+00:00","dateModified":"2026-03-30T12:22:22+00:00","breadcrumb":{"@id":"https:\/\/persjarnia.com\/produkt\/podkladka-pod-talerz-szafir-roksolany-z-bukietem\/#breadcrumb"},"inLanguage":"en-GB","potentialAction":[{"@type":"ReadAction","target":["https:\/\/persjarnia.com\/produkt\/podkladka-pod-talerz-szafir-roksolany-z-bukietem\/"]}]},{"@type":"ImageObject","inLanguage":"en-GB","@id":"https:\/\/persjarnia.com\/produkt\/podkladka-pod-talerz-szafir-roksolany-z-bukietem\/#primaryimage","url":"https:\/\/persjarnia.com\/wp-content\/uploads\/2025\/09\/IMG_3686.jpg","contentUrl":"https:\/\/persjarnia.com\/wp-content\/uploads\/2025\/09\/IMG_3686.jpg","width":1200,"height":862},{"@type":"BreadcrumbList","@id":"https:\/\/persjarnia.com\/produkt\/podkladka-pod-talerz-szafir-roksolany-z-bukietem\/#breadcrumb","itemListElement":[{"@type":"ListItem","position":1,"name":"Home","item":"https:\/\/persjarnia.com\/en\/"},{"@type":"ListItem","position":2,"name":"Products","item":"https:\/\/persjarnia.com\/en\/shop\/"},{"@type":"ListItem","position":3,"name":"Podk\u0142adka pod talerz Szafir Roksolany z bukietem"}]},{"@type":"WebSite","@id":"https:\/\/persjarnia.com\/en\/#website","url":"https:\/\/persjarnia.com\/en\/","name":"Persjarnia Zambrzyckich","description":"Kontush Sashes, Buczacz Tapestry","publisher":{"@id":"https:\/\/persjarnia.com\/en\/#organization"},"potentialAction":[{"@type":"SearchAction","target":{"@type":"EntryPoint","urlTemplate":"https:\/\/persjarnia.com\/en\/?s={search_term_string}"},"query-input":{"@type":"PropertyValueSpecification","valueRequired":true,"valueName":"search_term_string"}}],"inLanguage":"en-GB"},{"@type":"Organization","@id":"https:\/\/persjarnia.com\/en\/#organization","name":"Persjarnia Zambrzyckich","url":"https:\/\/persjarnia.com\/en\/","logo":{"@type":"ImageObject","inLanguage":"en-GB","@id":"https:\/\/persjarnia.com\/en\/#\/schema\/logo\/image\/","url":"https:\/\/persjarnia.com\/wp-content\/uploads\/2017\/03\/cropped-logo1-sm.png","contentUrl":"https:\/\/persjarnia.com\/wp-content\/uploads\/2017\/03\/cropped-logo1-sm.png","width":130,"height":75,"caption":"Persjarnia Zambrzyckich"},"image":{"@id":"https:\/\/persjarnia.com\/en\/#\/schema\/logo\/image\/"},"sameAs":["https:\/\/www.facebook.com\/persjarnia"]}]},"product_price_amount":"50","product_price_currency":"PLN","og_availability":"out of stock","product_availability":"out of stock","product_condition":"new"},"_links":{"self":[{"href":"https:\/\/persjarnia.com\/en\/wp-json\/wp\/v2\/product\/7687","targetHints":{"allow":["GET"]}}],"collection":[{"href":"https:\/\/persjarnia.com\/en\/wp-json\/wp\/v2\/product"}],"about":[{"href":"https:\/\/persjarnia.com\/en\/wp-json\/wp\/v2\/types\/product"}],"wp:featuredmedia":[{"embeddable":true,"href":"https:\/\/persjarnia.com\/en\/wp-json\/wp\/v2\/media\/7110"}],"wp:attachment":[{"href":"https:\/\/persjarnia.com\/en\/wp-json\/wp\/v2\/media?parent=7687"}],"wp:term":[{"taxonomy":"product_brand","embeddable":true,"href":"https:\/\/persjarnia.com\/en\/wp-json\/wp\/v2\/product_brand?post=7687"},{"taxonomy":"product_cat","embeddable":true,"href":"https:\/\/persjarnia.com\/en\/wp-json\/wp\/v2\/product_cat?post=7687"},{"taxonomy":"product_tag","embeddable":true,"href":"https:\/\/persjarnia.com\/en\/wp-json\/wp\/v2\/product_tag?post=7687"}],"curies":[{"name":"wp","href":"https:\/\/api.w.org\/{rel}","templated":true}]}}