{"id":7725,"date":"2025-09-27T17:27:23","date_gmt":"2025-09-27T15:27:23","guid":{"rendered":"https:\/\/persjarnia.com\/?post_type=product&#038;p=7725"},"modified":"2025-09-27T17:28:01","modified_gmt":"2025-09-27T15:28:01","slug":"miecznik-sash","status":"publish","type":"product","link":"https:\/\/persjarnia.com\/en\/product\/miecznik-sash\/","title":{"rendered":"MIECZNIK sash"},"content":{"rendered":"","protected":false},"excerpt":{"rendered":"<p align=\"justify\">Miecznik (polish: Sword-bearer). In the old days he was responsible for the royal armory and he had the honor of carrying the sword (symbol of supreme military power) in front of the monarch. The sash is woven of the golden royal splendor and the blue of the steel armor.<\/p>\n<p>Two-sided sash.<\/p>\n<p>Ornament woven with shiny silver and gold \u2013 like yarn.<\/p>\n<p>Length together with fringes  430cm, width  30cm<\/p>\n<p>At your request, we can pack your purchase in the elegant gift box for additional 20 PLN. Please click the appropriate button before adding to cart.<\/p>","protected":false},"featured_media":0,"template":"","meta":{"_acf_changed":false},"product_brand":[],"product_cat":[222],"product_tag":[],"class_list":{"0":"post-7725","1":"product","2":"type-product","3":"status-publish","5":"product_cat-bez-kategorii","6":"pa_packing-without-packaging","7":"pa_packing-with-packing","9":"first","10":"outofstock","11":"shipping-taxable","12":"product-type-simple"},"acf":[],"yoast_head":"<!-- This site is optimized with the Yoast SEO plugin v26.1 - https:\/\/yoast.com\/wordpress\/plugins\/seo\/ -->\n<title>MIECZNIK sash - Persjarnia Zambrzyckich<\/title>\n<meta name=\"robots\" content=\"index, follow, max-snippet:-1, max-image-preview:large, max-video-preview:-1\" \/>\n<link rel=\"canonical\" href=\"https:\/\/persjarnia.com\/en\/product\/miecznik-sash\/\" \/>\n<meta property=\"og:locale\" content=\"en_GB\" \/>\n<meta property=\"og:type\" content=\"article\" \/>\n<meta property=\"og:title\" content=\"MIECZNIK sash - Persjarnia Zambrzyckich\" \/>\n<meta property=\"og:description\" content=\"Miecznik \u2013 dostojnik odpowiedzialny za zbrojowni\u0119 panuj\u0105cego i nosz\u0105cy przed nim miecz \u2013 symbol w\u0142adzy wojskowej. Pas jest utkany ze splendoru kr\u00f3lewskiego z\u0142ota i b\u0142\u0119kitu stalowego or\u0119\u017ca. Pas kontuszowy dwustronny.  Ornament tkany.  D\u0142ugo\u015b\u0107 razem z frendzlami 430 cm, szeroko\u015b\u0107 30 cm.  Na specjalne \u017cyczenie, mo\u017cemy Pa\u0144stwa zakup umie\u015bci\u0107 w eleganckim, podarunkowym pude\u0142ku, za dodatkowe 20z\u0142. Prosimy wybra\u0107 odpowiedni\u0105 opcj\u0119 przed dodaniem do koszyka.\" \/>\n<meta property=\"og:url\" content=\"https:\/\/persjarnia.com\/en\/product\/miecznik-sash\/\" \/>\n<meta property=\"og:site_name\" content=\"Persjarnia Zambrzyckich\" \/>\n<meta property=\"article:publisher\" content=\"https:\/\/www.facebook.com\/persjarnia\" \/>\n<meta property=\"article:modified_time\" content=\"2025-09-27T15:28:01+00:00\" \/>\n<meta property=\"og:image\" content=\"https:\/\/persjarnia.com\/wp-content\/uploads\/2025\/09\/Podkomorzy-2-1.jpg\" \/>\n\t<meta property=\"og:image:width\" content=\"1200\" \/>\n\t<meta property=\"og:image:height\" content=\"1200\" \/>\n\t<meta property=\"og:image:type\" content=\"image\/jpeg\" \/>\n<meta name=\"twitter:card\" content=\"summary_large_image\" \/>\n<meta name=\"twitter:label1\" content=\"Price\" \/>\n\t<meta name=\"twitter:data1\" content=\"\" \/>\n\t<meta name=\"twitter:label2\" content=\"Availability\" \/>\n\t<meta name=\"twitter:data2\" content=\"Out of stock\" \/>\n<script type=\"application\/ld+json\" class=\"yoast-schema-graph\">{\"@context\":\"https:\/\/schema.org\",\"@graph\":[{\"@type\":\"WebPage\",\"@id\":\"https:\/\/persjarnia.com\/produkt\/miecznik-sash\/\",\"url\":\"https:\/\/persjarnia.com\/produkt\/miecznik-sash\/\",\"name\":\"MIECZNIK sash - Persjarnia Zambrzyckich\",\"isPartOf\":{\"@id\":\"https:\/\/persjarnia.com\/en\/#website\"},\"datePublished\":\"2025-09-27T15:27:23+00:00\",\"dateModified\":\"2025-09-27T15:28:01+00:00\",\"breadcrumb\":{\"@id\":\"https:\/\/persjarnia.com\/produkt\/miecznik-sash\/#breadcrumb\"},\"inLanguage\":\"en-GB\",\"potentialAction\":[{\"@type\":\"ReadAction\",\"target\":[\"https:\/\/persjarnia.com\/produkt\/miecznik-sash\/\"]}]},{\"@type\":\"BreadcrumbList\",\"@id\":\"https:\/\/persjarnia.com\/produkt\/miecznik-sash\/#breadcrumb\",\"itemListElement\":[{\"@type\":\"ListItem\",\"position\":1,\"name\":\"Home\",\"item\":\"https:\/\/persjarnia.com\/en\/\"},{\"@type\":\"ListItem\",\"position\":2,\"name\":\"Products\",\"item\":\"https:\/\/persjarnia.com\/en\/shop\/\"},{\"@type\":\"ListItem\",\"position\":3,\"name\":\"MIECZNIK sash\"}]},{\"@type\":\"WebSite\",\"@id\":\"https:\/\/persjarnia.com\/en\/#website\",\"url\":\"https:\/\/persjarnia.com\/en\/\",\"name\":\"Persjarnia Zambrzyckich\",\"description\":\"Pasy Kontuszowe, Makaty Buczackie\",\"publisher\":{\"@id\":\"https:\/\/persjarnia.com\/en\/#organization\"},\"potentialAction\":[{\"@type\":\"SearchAction\",\"target\":{\"@type\":\"EntryPoint\",\"urlTemplate\":\"https:\/\/persjarnia.com\/en\/?s={search_term_string}\"},\"query-input\":{\"@type\":\"PropertyValueSpecification\",\"valueRequired\":true,\"valueName\":\"search_term_string\"}}],\"inLanguage\":\"en-GB\"},{\"@type\":\"Organization\",\"@id\":\"https:\/\/persjarnia.com\/en\/#organization\",\"name\":\"Persjarnia Zambrzyckich\",\"url\":\"https:\/\/persjarnia.com\/en\/\",\"logo\":{\"@type\":\"ImageObject\",\"inLanguage\":\"en-GB\",\"@id\":\"https:\/\/persjarnia.com\/en\/#\/schema\/logo\/image\/\",\"url\":\"https:\/\/persjarnia.com\/wp-content\/uploads\/2017\/03\/cropped-logo1-sm.png\",\"contentUrl\":\"https:\/\/persjarnia.com\/wp-content\/uploads\/2017\/03\/cropped-logo1-sm.png\",\"width\":130,\"height\":75,\"caption\":\"Persjarnia Zambrzyckich\"},\"image\":{\"@id\":\"https:\/\/persjarnia.com\/en\/#\/schema\/logo\/image\/\"},\"sameAs\":[\"https:\/\/www.facebook.com\/persjarnia\"]}]}<\/script>\n<meta property=\"product:price:amount\" content=\"0\" \/>\n<meta property=\"product:price:currency\" content=\"PLN\" \/>\n<meta property=\"og:availability\" content=\"out of stock\" \/>\n<meta property=\"product:availability\" content=\"out of stock\" \/>\n<meta property=\"product:retailer_item_id\" content=\"pas-miecznik\" \/>\n<meta property=\"product:condition\" content=\"new\" \/>\n<!-- \/ Yoast SEO plugin. -->","yoast_head_json":{"title":"MIECZNIK sash - Persjarnia Zambrzyckich","robots":{"index":"index","follow":"follow","max-snippet":"max-snippet:-1","max-image-preview":"max-image-preview:large","max-video-preview":"max-video-preview:-1"},"canonical":"https:\/\/persjarnia.com\/en\/product\/miecznik-sash\/","og_locale":"en_GB","og_type":"article","og_title":"MIECZNIK sash - Persjarnia Zambrzyckich","og_description":"Miecznik \u2013 dostojnik odpowiedzialny za zbrojowni\u0119 panuj\u0105cego i nosz\u0105cy przed nim miecz \u2013 symbol w\u0142adzy wojskowej. Pas jest utkany ze splendoru kr\u00f3lewskiego z\u0142ota i b\u0142\u0119kitu stalowego or\u0119\u017ca. Pas kontuszowy dwustronny.  Ornament tkany.  D\u0142ugo\u015b\u0107 razem z frendzlami 430 cm, szeroko\u015b\u0107 30 cm.  Na specjalne \u017cyczenie, mo\u017cemy Pa\u0144stwa zakup umie\u015bci\u0107 w eleganckim, podarunkowym pude\u0142ku, za dodatkowe 20z\u0142. Prosimy wybra\u0107 odpowiedni\u0105 opcj\u0119 przed dodaniem do koszyka.","og_url":"https:\/\/persjarnia.com\/en\/product\/miecznik-sash\/","og_site_name":"Persjarnia Zambrzyckich","article_publisher":"https:\/\/www.facebook.com\/persjarnia","article_modified_time":"2025-09-27T15:28:01+00:00","og_image":[{"width":1200,"height":1200,"url":"https:\/\/persjarnia.com\/wp-content\/uploads\/2025\/09\/Podkomorzy-2-1.jpg","type":"image\/jpeg"}],"twitter_card":"summary_large_image","twitter_misc":{"Price":"","Availability":"Out of stock"},"schema":{"@context":"https:\/\/schema.org","@graph":[{"@type":"WebPage","@id":"https:\/\/persjarnia.com\/produkt\/miecznik-sash\/","url":"https:\/\/persjarnia.com\/produkt\/miecznik-sash\/","name":"MIECZNIK sash - Persjarnia Zambrzyckich","isPartOf":{"@id":"https:\/\/persjarnia.com\/en\/#website"},"datePublished":"2025-09-27T15:27:23+00:00","dateModified":"2025-09-27T15:28:01+00:00","breadcrumb":{"@id":"https:\/\/persjarnia.com\/produkt\/miecznik-sash\/#breadcrumb"},"inLanguage":"en-GB","potentialAction":[{"@type":"ReadAction","target":["https:\/\/persjarnia.com\/produkt\/miecznik-sash\/"]}]},{"@type":"BreadcrumbList","@id":"https:\/\/persjarnia.com\/produkt\/miecznik-sash\/#breadcrumb","itemListElement":[{"@type":"ListItem","position":1,"name":"Home","item":"https:\/\/persjarnia.com\/en\/"},{"@type":"ListItem","position":2,"name":"Products","item":"https:\/\/persjarnia.com\/en\/shop\/"},{"@type":"ListItem","position":3,"name":"MIECZNIK sash"}]},{"@type":"WebSite","@id":"https:\/\/persjarnia.com\/en\/#website","url":"https:\/\/persjarnia.com\/en\/","name":"Persjarnia Zambrzyckich","description":"Kontush Sashes, Buczacz Tapestry","publisher":{"@id":"https:\/\/persjarnia.com\/en\/#organization"},"potentialAction":[{"@type":"SearchAction","target":{"@type":"EntryPoint","urlTemplate":"https:\/\/persjarnia.com\/en\/?s={search_term_string}"},"query-input":{"@type":"PropertyValueSpecification","valueRequired":true,"valueName":"search_term_string"}}],"inLanguage":"en-GB"},{"@type":"Organization","@id":"https:\/\/persjarnia.com\/en\/#organization","name":"Persjarnia Zambrzyckich","url":"https:\/\/persjarnia.com\/en\/","logo":{"@type":"ImageObject","inLanguage":"en-GB","@id":"https:\/\/persjarnia.com\/en\/#\/schema\/logo\/image\/","url":"https:\/\/persjarnia.com\/wp-content\/uploads\/2017\/03\/cropped-logo1-sm.png","contentUrl":"https:\/\/persjarnia.com\/wp-content\/uploads\/2017\/03\/cropped-logo1-sm.png","width":130,"height":75,"caption":"Persjarnia Zambrzyckich"},"image":{"@id":"https:\/\/persjarnia.com\/en\/#\/schema\/logo\/image\/"},"sameAs":["https:\/\/www.facebook.com\/persjarnia"]}]},"product_price_currency":"PLN","og_availability":"out of stock","product_availability":"out of stock","product_retailer_item_id":"pas-miecznik","product_condition":"new"},"_links":{"self":[{"href":"https:\/\/persjarnia.com\/en\/wp-json\/wp\/v2\/product\/7725","targetHints":{"allow":["GET"]}}],"collection":[{"href":"https:\/\/persjarnia.com\/en\/wp-json\/wp\/v2\/product"}],"about":[{"href":"https:\/\/persjarnia.com\/en\/wp-json\/wp\/v2\/types\/product"}],"wp:attachment":[{"href":"https:\/\/persjarnia.com\/en\/wp-json\/wp\/v2\/media?parent=7725"}],"wp:term":[{"taxonomy":"product_brand","embeddable":true,"href":"https:\/\/persjarnia.com\/en\/wp-json\/wp\/v2\/product_brand?post=7725"},{"taxonomy":"product_cat","embeddable":true,"href":"https:\/\/persjarnia.com\/en\/wp-json\/wp\/v2\/product_cat?post=7725"},{"taxonomy":"product_tag","embeddable":true,"href":"https:\/\/persjarnia.com\/en\/wp-json\/wp\/v2\/product_tag?post=7725"}],"curies":[{"name":"wp","href":"https:\/\/api.w.org\/{rel}","templated":true}]}}