{"id":7761,"date":"2025-09-27T17:28:09","date_gmt":"2025-09-27T15:28:09","guid":{"rendered":"https:\/\/persjarnia.com\/?post_type=product&#038;p=7761"},"modified":"2025-09-27T17:29:13","modified_gmt":"2025-09-27T15:29:13","slug":"poszewka-na-poduszke-szafir-roksolany-fale-bosforu","status":"publish","type":"product","link":"https:\/\/persjarnia.com\/en\/product\/poszewka-na-poduszke-szafir-roksolany-fale-bosforu\/","title":{"rendered":"Poszewka na poduszk\u0119 Szafir Roksolany Fale Bosforu"},"content":{"rendered":"","protected":false},"excerpt":{"rendered":"<p>Poszewka na poduszk\u0119 Szafir Roksolany Fale Bosforu 45cmx45cm<\/p>\n<p>Jest rok 1520. W m\u0142odziutkiej Aleksandrze Lisowskiej zakochuje si\u0119 na um\u00f3r najpot\u0119\u017cniejszy monarcha Europy, Azji i Afryki &#8211; Sulejman Wspania\u0142y. \u015aliczna dziewczyna, co pisze wiersze, kt\u00f3rej anielski g\u0142os rozja\u015bnia pie\u015bni\u0105, jesienne niebo otrzymuje prezent zar\u0119czynowy &#8211; olbrzymi szafir o wadze sze\u015bciuset ziaren drzewa karobowego.<\/p>\n<p>W 1530, podczas \u015blubnej ceremonii rudow\u0142osa pi\u0119kno\u015b\u0107 przywdziewa ju\u017c oprawny w z\u0142oto kamie\u0144 kt\u00f3ry &#8211; jak m\u00f3wi\u0105 legendy &#8211; jest stra\u017cnikiem rodzinnego szcz\u0119\u015bcia.<\/p>\n<p>Jest matk\u0105 kr\u00f3l\u00f3w, w\u0142a\u015bcicielk\u0105 ogromnej floty handlowej i ukochan\u0105 \u017con\u0105 najpot\u0119\u017cniejszego w\u0142adcy na \u015bwiecie. Jest pi\u0119kna, zdolna, bogata i szcz\u0119\u015bliwa.<\/p>\n<p>Szafir o kolorze czystego nieba wype\u0142ni\u0142 obietnic\u0119.<\/p>\n<p>Nasza tkanina to uk\u0142on w stron\u0119 kolor\u00f3w kt\u00f3re przynosi\u0142y szcz\u0119\u015bcie wielkiej Kr\u00f3lowej. Pr\u00f3cz granatu i z\u0142ota jest tam kolor jej w\u0142os\u00f3w i b\u0142\u0119kit jej oczu.<\/p>\n<p>Roksolan\u0119 pochowano u boku Sulejmana.<\/p>\n<p>Podczas jesiennego przesilenia niebo nad jej mauzoleum i wody Bosforu maj\u0105 w po\u0142udnie kolor jej zar\u0119czynowego szafira.<\/p>\n<p>Nasze poduszki (45cm x 45cm) szyjemy z materia\u0142u tkanego we wzory dawnych pas\u00f3w kontuszowych z XVIII wieku.<\/p>\n<p>There is a large flower design on one side and a striped floral design on the reverse side of each pillow.<\/p>\n<p>The fabric is made of natural fiber (viscose) mixed with some synthetic fibers. Pillows have a hidden zipper along one of the edges.<\/p>\n<p>The filler can be <a href=\"http:\/\/persjarnia.com\/en\/katalog\/silicon-pillow\/\" target=\"_blank\" rel=\"noopener noreferrer\">ordered separately<\/a>.<\/p>\n<p>&nbsp;<\/p>","protected":false},"featured_media":7804,"template":"","meta":{"_acf_changed":false},"product_brand":[],"product_cat":[261],"product_tag":[],"class_list":{"0":"post-7761","1":"product","2":"type-product","3":"status-publish","4":"has-post-thumbnail","6":"product_cat-poduszki","7":"pa_packing-without-packaging","8":"pa_packing-with-packing","10":"first","11":"instock","12":"shipping-taxable","13":"purchasable","14":"product-type-simple"},"acf":[],"yoast_head":"<!-- This site is optimized with the Yoast SEO plugin v26.1 - https:\/\/yoast.com\/wordpress\/plugins\/seo\/ -->\n<title>Poszewka na poduszk\u0119 Szafir Roksolany Fale Bosforu - Persjarnia Zambrzyckich<\/title>\n<meta name=\"robots\" content=\"index, follow, max-snippet:-1, max-image-preview:large, max-video-preview:-1\" \/>\n<link rel=\"canonical\" href=\"https:\/\/persjarnia.com\/en\/product\/poszewka-na-poduszke-szafir-roksolany-fale-bosforu\/\" \/>\n<meta property=\"og:locale\" content=\"en_GB\" \/>\n<meta property=\"og:type\" content=\"article\" \/>\n<meta property=\"og:title\" content=\"Poszewka na poduszk\u0119 Szafir Roksolany Fale Bosforu - Persjarnia Zambrzyckich\" \/>\n<meta property=\"og:description\" content=\"Poszewka na poduszk\u0119 Szafir Roksolany Fale Bosforu 45cmx45cm  Jest rok 1520. W m\u0142odziutkiej Aleksandrze Lisowskiej zakochuje si\u0119 na um\u00f3r najpot\u0119\u017cniejszy monarcha Europy, Azji i Afryki - Sulejman Wspania\u0142y. \u015aliczna dziewczyna, co pisze wiersze, kt\u00f3rej anielski g\u0142os rozja\u015bnia pie\u015bni\u0105, jesienne niebo otrzymuje prezent zar\u0119czynowy - olbrzymi szafir o wadze sze\u015bciuset ziaren drzewa karobowego.  W 1530, podczas \u015blubnej ceremonii rudow\u0142osa pi\u0119kno\u015b\u0107 przywdziewa ju\u017c oprawny w z\u0142oto kamie\u0144 kt\u00f3ry - jak m\u00f3wi\u0105 legendy - jest stra\u017cnikiem rodzinnego szcz\u0119\u015bcia.  Jest matk\u0105 kr\u00f3l\u00f3w, w\u0142a\u015bcicielk\u0105 ogromnej floty handlowej i ukochan\u0105 \u017con\u0105 najpot\u0119\u017cniejszego w\u0142adcy na \u015bwiecie. Jest pi\u0119kna, zdolna, bogata i szcz\u0119\u015bliwa.  Szafir o kolorze czystego nieba wype\u0142ni\u0142 obietnic\u0119.  Nasza tkanina to uk\u0142on w stron\u0119 kolor\u00f3w kt\u00f3re przynosi\u0142y szcz\u0119\u015bcie wielkiej Kr\u00f3lowej. Pr\u00f3cz granatu i z\u0142ota jest tam kolor jej w\u0142os\u00f3w i b\u0142\u0119kit jej oczu.  Roksolan\u0119 pochowano u boku Sulejmana.  Podczas jesiennego przesilenia niebo nad jej mauzoleum i wody Bosforu maj\u0105 w po\u0142udnie kolor jej zar\u0119czynowego szafira.  Nasze poduszki (45cm x 45cm) szyjemy z materia\u0142u tkanego we wzory dawnych pas\u00f3w kontuszowych z XVIII wieku.  Ka\u017cda poduszka ma wzory z\u0142o\u017cone z du\u017cych bukiet\u00f2w (g\u0142\u00f2w pas\u00f2w) z jednej strony, a z drugiej pr\u0105\u017ckowany ornament ro\u015blinny.  Tkanina poduszki wykonana z w\u0142\u00f2kien naturalnych (wiskoza) z domieszk\u0105 syntetyki \u017ceby zapobiec odkszta\u0142caniu si\u0119. Zamek b\u0142yskawiczny jest ukryty w jednej z kraw\u0119dzi poduszki.  Wk\u0142ad mo\u017cna u nas zam\u00f3wi\u0107 osobno.  &nbsp;\" \/>\n<meta property=\"og:url\" content=\"https:\/\/persjarnia.com\/en\/product\/poszewka-na-poduszke-szafir-roksolany-fale-bosforu\/\" \/>\n<meta property=\"og:site_name\" content=\"Persjarnia Zambrzyckich\" \/>\n<meta property=\"article:publisher\" content=\"https:\/\/www.facebook.com\/persjarnia\" \/>\n<meta property=\"article:modified_time\" content=\"2025-09-27T15:29:13+00:00\" \/>\n<meta property=\"og:image\" content=\"https:\/\/persjarnia.com\/wp-content\/uploads\/2025\/09\/IMG_0656.jpg\" \/>\n\t<meta property=\"og:image:width\" content=\"1200\" \/>\n\t<meta property=\"og:image:height\" content=\"1200\" \/>\n\t<meta property=\"og:image:type\" content=\"image\/jpeg\" \/>\n<meta name=\"twitter:card\" content=\"summary_large_image\" \/>\n<meta name=\"twitter:label1\" content=\"Price\" \/>\n\t<meta name=\"twitter:data1\" content=\"130&nbsp;&#122;&#322;\" \/>\n\t<meta name=\"twitter:label2\" content=\"Availability\" \/>\n\t<meta name=\"twitter:data2\" content=\"In stock\" \/>\n<script type=\"application\/ld+json\" class=\"yoast-schema-graph\">{\"@context\":\"https:\/\/schema.org\",\"@graph\":[{\"@type\":\"WebPage\",\"@id\":\"https:\/\/persjarnia.com\/pl\/produkt\/poszewka-na-poduszke-szafir-roksolany-fale-bosforu\/\",\"url\":\"https:\/\/persjarnia.com\/pl\/produkt\/poszewka-na-poduszke-szafir-roksolany-fale-bosforu\/\",\"name\":\"Poszewka na poduszk\u0119 Szafir Roksolany Fale Bosforu - Persjarnia Zambrzyckich\",\"isPartOf\":{\"@id\":\"https:\/\/persjarnia.com\/en\/#website\"},\"primaryImageOfPage\":{\"@id\":\"https:\/\/persjarnia.com\/pl\/produkt\/poszewka-na-poduszke-szafir-roksolany-fale-bosforu\/#primaryimage\"},\"image\":{\"@id\":\"https:\/\/persjarnia.com\/pl\/produkt\/poszewka-na-poduszke-szafir-roksolany-fale-bosforu\/#primaryimage\"},\"thumbnailUrl\":\"https:\/\/persjarnia.com\/wp-content\/uploads\/2025\/09\/IMG_0656.jpg\",\"datePublished\":\"2025-09-27T15:28:09+00:00\",\"dateModified\":\"2025-09-27T15:29:13+00:00\",\"breadcrumb\":{\"@id\":\"https:\/\/persjarnia.com\/pl\/produkt\/poszewka-na-poduszke-szafir-roksolany-fale-bosforu\/#breadcrumb\"},\"inLanguage\":\"en-GB\",\"potentialAction\":[{\"@type\":\"ReadAction\",\"target\":[\"https:\/\/persjarnia.com\/pl\/produkt\/poszewka-na-poduszke-szafir-roksolany-fale-bosforu\/\"]}]},{\"@type\":\"ImageObject\",\"inLanguage\":\"en-GB\",\"@id\":\"https:\/\/persjarnia.com\/pl\/produkt\/poszewka-na-poduszke-szafir-roksolany-fale-bosforu\/#primaryimage\",\"url\":\"https:\/\/persjarnia.com\/wp-content\/uploads\/2025\/09\/IMG_0656.jpg\",\"contentUrl\":\"https:\/\/persjarnia.com\/wp-content\/uploads\/2025\/09\/IMG_0656.jpg\",\"width\":1200,\"height\":1200},{\"@type\":\"BreadcrumbList\",\"@id\":\"https:\/\/persjarnia.com\/pl\/produkt\/poszewka-na-poduszke-szafir-roksolany-fale-bosforu\/#breadcrumb\",\"itemListElement\":[{\"@type\":\"ListItem\",\"position\":1,\"name\":\"Home\",\"item\":\"https:\/\/persjarnia.com\/en\/\"},{\"@type\":\"ListItem\",\"position\":2,\"name\":\"Products\",\"item\":\"https:\/\/persjarnia.com\/en\/shop\/\"},{\"@type\":\"ListItem\",\"position\":3,\"name\":\"Poszewka na poduszk\u0119 Szafir Roksolany Fale Bosforu\"}]},{\"@type\":\"WebSite\",\"@id\":\"https:\/\/persjarnia.com\/en\/#website\",\"url\":\"https:\/\/persjarnia.com\/en\/\",\"name\":\"Persjarnia Zambrzyckich\",\"description\":\"Pasy Kontuszowe, Makaty Buczackie\",\"publisher\":{\"@id\":\"https:\/\/persjarnia.com\/en\/#organization\"},\"potentialAction\":[{\"@type\":\"SearchAction\",\"target\":{\"@type\":\"EntryPoint\",\"urlTemplate\":\"https:\/\/persjarnia.com\/en\/?s={search_term_string}\"},\"query-input\":{\"@type\":\"PropertyValueSpecification\",\"valueRequired\":true,\"valueName\":\"search_term_string\"}}],\"inLanguage\":\"en-GB\"},{\"@type\":\"Organization\",\"@id\":\"https:\/\/persjarnia.com\/en\/#organization\",\"name\":\"Persjarnia Zambrzyckich\",\"url\":\"https:\/\/persjarnia.com\/en\/\",\"logo\":{\"@type\":\"ImageObject\",\"inLanguage\":\"en-GB\",\"@id\":\"https:\/\/persjarnia.com\/en\/#\/schema\/logo\/image\/\",\"url\":\"https:\/\/persjarnia.com\/wp-content\/uploads\/2017\/03\/cropped-logo1-sm.png\",\"contentUrl\":\"https:\/\/persjarnia.com\/wp-content\/uploads\/2017\/03\/cropped-logo1-sm.png\",\"width\":130,\"height\":75,\"caption\":\"Persjarnia Zambrzyckich\"},\"image\":{\"@id\":\"https:\/\/persjarnia.com\/en\/#\/schema\/logo\/image\/\"},\"sameAs\":[\"https:\/\/www.facebook.com\/persjarnia\"]}]}<\/script>\n<meta property=\"product:price:amount\" content=\"130\" \/>\n<meta property=\"product:price:currency\" content=\"PLN\" \/>\n<meta property=\"og:availability\" content=\"instock\" \/>\n<meta property=\"product:availability\" content=\"instock\" \/>\n<meta property=\"product:retailer_item_id\" content=\"pillow-003\" \/>\n<meta property=\"product:condition\" content=\"new\" \/>\n<!-- \/ Yoast SEO plugin. -->","yoast_head_json":{"title":"Poszewka na poduszk\u0119 Szafir Roksolany Fale Bosforu - Persjarnia Zambrzyckich","robots":{"index":"index","follow":"follow","max-snippet":"max-snippet:-1","max-image-preview":"max-image-preview:large","max-video-preview":"max-video-preview:-1"},"canonical":"https:\/\/persjarnia.com\/en\/product\/poszewka-na-poduszke-szafir-roksolany-fale-bosforu\/","og_locale":"en_GB","og_type":"article","og_title":"Poszewka na poduszk\u0119 Szafir Roksolany Fale Bosforu - Persjarnia Zambrzyckich","og_description":"Poszewka na poduszk\u0119 Szafir Roksolany Fale Bosforu 45cmx45cm  Jest rok 1520. W m\u0142odziutkiej Aleksandrze Lisowskiej zakochuje si\u0119 na um\u00f3r najpot\u0119\u017cniejszy monarcha Europy, Azji i Afryki - Sulejman Wspania\u0142y. \u015aliczna dziewczyna, co pisze wiersze, kt\u00f3rej anielski g\u0142os rozja\u015bnia pie\u015bni\u0105, jesienne niebo otrzymuje prezent zar\u0119czynowy - olbrzymi szafir o wadze sze\u015bciuset ziaren drzewa karobowego.  W 1530, podczas \u015blubnej ceremonii rudow\u0142osa pi\u0119kno\u015b\u0107 przywdziewa ju\u017c oprawny w z\u0142oto kamie\u0144 kt\u00f3ry - jak m\u00f3wi\u0105 legendy - jest stra\u017cnikiem rodzinnego szcz\u0119\u015bcia.  Jest matk\u0105 kr\u00f3l\u00f3w, w\u0142a\u015bcicielk\u0105 ogromnej floty handlowej i ukochan\u0105 \u017con\u0105 najpot\u0119\u017cniejszego w\u0142adcy na \u015bwiecie. Jest pi\u0119kna, zdolna, bogata i szcz\u0119\u015bliwa.  Szafir o kolorze czystego nieba wype\u0142ni\u0142 obietnic\u0119.  Nasza tkanina to uk\u0142on w stron\u0119 kolor\u00f3w kt\u00f3re przynosi\u0142y szcz\u0119\u015bcie wielkiej Kr\u00f3lowej. Pr\u00f3cz granatu i z\u0142ota jest tam kolor jej w\u0142os\u00f3w i b\u0142\u0119kit jej oczu.  Roksolan\u0119 pochowano u boku Sulejmana.  Podczas jesiennego przesilenia niebo nad jej mauzoleum i wody Bosforu maj\u0105 w po\u0142udnie kolor jej zar\u0119czynowego szafira.  Nasze poduszki (45cm x 45cm) szyjemy z materia\u0142u tkanego we wzory dawnych pas\u00f3w kontuszowych z XVIII wieku.  Ka\u017cda poduszka ma wzory z\u0142o\u017cone z du\u017cych bukiet\u00f2w (g\u0142\u00f2w pas\u00f2w) z jednej strony, a z drugiej pr\u0105\u017ckowany ornament ro\u015blinny.  Tkanina poduszki wykonana z w\u0142\u00f2kien naturalnych (wiskoza) z domieszk\u0105 syntetyki \u017ceby zapobiec odkszta\u0142caniu si\u0119. Zamek b\u0142yskawiczny jest ukryty w jednej z kraw\u0119dzi poduszki.  Wk\u0142ad mo\u017cna u nas zam\u00f3wi\u0107 osobno.  &nbsp;","og_url":"https:\/\/persjarnia.com\/en\/product\/poszewka-na-poduszke-szafir-roksolany-fale-bosforu\/","og_site_name":"Persjarnia Zambrzyckich","article_publisher":"https:\/\/www.facebook.com\/persjarnia","article_modified_time":"2025-09-27T15:29:13+00:00","og_image":[{"width":1200,"height":1200,"url":"https:\/\/persjarnia.com\/wp-content\/uploads\/2025\/09\/IMG_0656.jpg","type":"image\/jpeg"}],"twitter_card":"summary_large_image","twitter_misc":{"Price":"130&nbsp;&#122;&#322;","Availability":"In stock"},"schema":{"@context":"https:\/\/schema.org","@graph":[{"@type":"WebPage","@id":"https:\/\/persjarnia.com\/pl\/produkt\/poszewka-na-poduszke-szafir-roksolany-fale-bosforu\/","url":"https:\/\/persjarnia.com\/pl\/produkt\/poszewka-na-poduszke-szafir-roksolany-fale-bosforu\/","name":"Poszewka na poduszk\u0119 Szafir Roksolany Fale Bosforu - Persjarnia Zambrzyckich","isPartOf":{"@id":"https:\/\/persjarnia.com\/en\/#website"},"primaryImageOfPage":{"@id":"https:\/\/persjarnia.com\/pl\/produkt\/poszewka-na-poduszke-szafir-roksolany-fale-bosforu\/#primaryimage"},"image":{"@id":"https:\/\/persjarnia.com\/pl\/produkt\/poszewka-na-poduszke-szafir-roksolany-fale-bosforu\/#primaryimage"},"thumbnailUrl":"https:\/\/persjarnia.com\/wp-content\/uploads\/2025\/09\/IMG_0656.jpg","datePublished":"2025-09-27T15:28:09+00:00","dateModified":"2025-09-27T15:29:13+00:00","breadcrumb":{"@id":"https:\/\/persjarnia.com\/pl\/produkt\/poszewka-na-poduszke-szafir-roksolany-fale-bosforu\/#breadcrumb"},"inLanguage":"en-GB","potentialAction":[{"@type":"ReadAction","target":["https:\/\/persjarnia.com\/pl\/produkt\/poszewka-na-poduszke-szafir-roksolany-fale-bosforu\/"]}]},{"@type":"ImageObject","inLanguage":"en-GB","@id":"https:\/\/persjarnia.com\/pl\/produkt\/poszewka-na-poduszke-szafir-roksolany-fale-bosforu\/#primaryimage","url":"https:\/\/persjarnia.com\/wp-content\/uploads\/2025\/09\/IMG_0656.jpg","contentUrl":"https:\/\/persjarnia.com\/wp-content\/uploads\/2025\/09\/IMG_0656.jpg","width":1200,"height":1200},{"@type":"BreadcrumbList","@id":"https:\/\/persjarnia.com\/pl\/produkt\/poszewka-na-poduszke-szafir-roksolany-fale-bosforu\/#breadcrumb","itemListElement":[{"@type":"ListItem","position":1,"name":"Home","item":"https:\/\/persjarnia.com\/en\/"},{"@type":"ListItem","position":2,"name":"Products","item":"https:\/\/persjarnia.com\/en\/shop\/"},{"@type":"ListItem","position":3,"name":"Poszewka na poduszk\u0119 Szafir Roksolany Fale Bosforu"}]},{"@type":"WebSite","@id":"https:\/\/persjarnia.com\/en\/#website","url":"https:\/\/persjarnia.com\/en\/","name":"Persjarnia Zambrzyckich","description":"Kontush Sashes, Buczacz Tapestry","publisher":{"@id":"https:\/\/persjarnia.com\/en\/#organization"},"potentialAction":[{"@type":"SearchAction","target":{"@type":"EntryPoint","urlTemplate":"https:\/\/persjarnia.com\/en\/?s={search_term_string}"},"query-input":{"@type":"PropertyValueSpecification","valueRequired":true,"valueName":"search_term_string"}}],"inLanguage":"en-GB"},{"@type":"Organization","@id":"https:\/\/persjarnia.com\/en\/#organization","name":"Persjarnia Zambrzyckich","url":"https:\/\/persjarnia.com\/en\/","logo":{"@type":"ImageObject","inLanguage":"en-GB","@id":"https:\/\/persjarnia.com\/en\/#\/schema\/logo\/image\/","url":"https:\/\/persjarnia.com\/wp-content\/uploads\/2017\/03\/cropped-logo1-sm.png","contentUrl":"https:\/\/persjarnia.com\/wp-content\/uploads\/2017\/03\/cropped-logo1-sm.png","width":130,"height":75,"caption":"Persjarnia Zambrzyckich"},"image":{"@id":"https:\/\/persjarnia.com\/en\/#\/schema\/logo\/image\/"},"sameAs":["https:\/\/www.facebook.com\/persjarnia"]}]},"product_price_amount":"130","product_price_currency":"PLN","og_availability":"instock","product_availability":"instock","product_retailer_item_id":"pillow-003","product_condition":"new"},"_links":{"self":[{"href":"https:\/\/persjarnia.com\/en\/wp-json\/wp\/v2\/product\/7761","targetHints":{"allow":["GET"]}}],"collection":[{"href":"https:\/\/persjarnia.com\/en\/wp-json\/wp\/v2\/product"}],"about":[{"href":"https:\/\/persjarnia.com\/en\/wp-json\/wp\/v2\/types\/product"}],"wp:featuredmedia":[{"embeddable":true,"href":"https:\/\/persjarnia.com\/en\/wp-json\/wp\/v2\/media\/7804"}],"wp:attachment":[{"href":"https:\/\/persjarnia.com\/en\/wp-json\/wp\/v2\/media?parent=7761"}],"wp:term":[{"taxonomy":"product_brand","embeddable":true,"href":"https:\/\/persjarnia.com\/en\/wp-json\/wp\/v2\/product_brand?post=7761"},{"taxonomy":"product_cat","embeddable":true,"href":"https:\/\/persjarnia.com\/en\/wp-json\/wp\/v2\/product_cat?post=7761"},{"taxonomy":"product_tag","embeddable":true,"href":"https:\/\/persjarnia.com\/en\/wp-json\/wp\/v2\/product_tag?post=7761"}],"curies":[{"name":"wp","href":"https:\/\/api.w.org\/{rel}","templated":true}]}}