{"id":7784,"date":"2025-09-27T17:28:31","date_gmt":"2025-09-27T15:28:31","guid":{"rendered":"https:\/\/persjarnia.com\/?post_type=product&#038;p=7784"},"modified":"2025-10-11T18:24:29","modified_gmt":"2025-10-11T16:24:29","slug":"pas-kochajmy-sie-zloty-warkocz-i-granat-munduru-legionisty","status":"publish","type":"product","link":"https:\/\/persjarnia.com\/en\/product\/pas-kochajmy-sie-zloty-warkocz-i-granat-munduru-legionisty\/","title":{"rendered":"Pas Kochajmy si\u0119 &#8211; z\u0142oty warkocz i granat munduru Legionisty"},"content":{"rendered":"","protected":false},"excerpt":{"rendered":"<p>Nowym wydaniem pas\u00f3w, pragniemy uczci\u0107 wspania\u0142y epos Adama Mickiewicza \u201ePan Tadeusz\u201d. Mowa w nim o braterstwie Polski i Litwy, co jest tematem, kt\u00f3ry zawsze warto czci\u0107.<\/p>\n<p>Warto\u015bci, bro\u0144, pasy kontuszowe, kt\u00f3re tworz\u0105 &#8222;scenografi\u0119&#8221; do &#8222;Ostatniego Zajazdu na Litwie&#8221; ju\u017c wtedy mia\u0142y za sob\u0105 kilka wiek\u00f3w tradycji.<\/p>\n<p>Four sided Sash<\/p>\n<p>Wz\u00f3r &#8211; jak zwykle jest dok\u0142adn\u0105 kopi\u0105 zabytkowego pasa.<\/p>\n<p>Ornament woven with shiny silver and gold \u2013 like yarn.<\/p>\n<p>D\u0142ugo\u015b\u0107 razem z fr\u0119dzlami 410 cm, szeroko\u015b\u0107 30 cm.<\/p>\n<p>Ka\u017cdy pas pakujemy z szacunkiem do tradycji \u2014 w eleganckie pude\u0142ko prezentowe, gotowe do podarowania lub przechowania jak skarb. Bez dodatkowych op\u0142at.<\/p>\n<p>Sk\u0142ad: poliwiskoza<\/p>\n<p>Piel\u0119gnacja: pranie r\u0119czne lub w pralce w temperaturze 40\u2070 C.<\/p>\n<p>Prasowa\u0107 po ustawieniu \u017celazka na JEDWAB i par\u0119.<\/p>\n<p>Fr\u0119dzle rozczesa\u0107 po wyschni\u0119ciu.<\/p>","protected":false},"featured_media":7381,"template":"","meta":{"_acf_changed":false},"product_brand":[],"product_cat":[62],"product_tag":[],"class_list":{"0":"post-7784","1":"product","2":"type-product","3":"status-publish","4":"has-post-thumbnail","6":"product_cat-pasy-kontuszowe","7":"pa_packing-without-packaging","8":"pa_packing-with-packing","10":"first","11":"instock","12":"shipping-taxable","13":"purchasable","14":"product-type-simple"},"acf":[],"yoast_head":"<!-- This site is optimized with the Yoast SEO plugin v26.1 - https:\/\/yoast.com\/wordpress\/plugins\/seo\/ -->\n<title>Pas Kochajmy si\u0119 - z\u0142oty warkocz i granat munduru Legionisty - Persjarnia Zambrzyckich<\/title>\n<meta name=\"robots\" content=\"index, follow, max-snippet:-1, max-image-preview:large, max-video-preview:-1\" \/>\n<link rel=\"canonical\" href=\"https:\/\/persjarnia.com\/en\/product\/pas-kochajmy-sie-zloty-warkocz-i-granat-munduru-legionisty\/\" \/>\n<meta property=\"og:locale\" content=\"en_GB\" \/>\n<meta property=\"og:type\" content=\"article\" \/>\n<meta property=\"og:title\" content=\"Pas Kochajmy si\u0119 - z\u0142oty warkocz i granat munduru Legionisty - Persjarnia Zambrzyckich\" \/>\n<meta property=\"og:description\" content=\"Nowym wydaniem pas\u00f3w, pragniemy uczci\u0107 wspania\u0142y epos Adama Mickiewicza \u201ePan Tadeusz\u201d. Mowa w nim o braterstwie Polski i Litwy, co jest tematem, kt\u00f3ry zawsze warto czci\u0107.  Warto\u015bci, bro\u0144, pasy kontuszowe, kt\u00f3re tworz\u0105 &quot;scenografi\u0119&quot; do &quot;Ostatniego Zajazdu na Litwie&quot; ju\u017c wtedy mia\u0142y za sob\u0105 kilka wiek\u00f3w tradycji.  Pas kontuszowy czterostronny.  Wz\u00f3r - jak zwykle jest dok\u0142adn\u0105 kopi\u0105 zabytkowego pasa.  Ornament tkany.  D\u0142ugo\u015b\u0107 razem z fr\u0119dzlami 410 cm, szeroko\u015b\u0107 30 cm.  Ka\u017cdy pas pakujemy z szacunkiem do tradycji \u2014 w eleganckie pude\u0142ko prezentowe, gotowe do podarowania lub przechowania jak skarb. Bez dodatkowych op\u0142at.  Sk\u0142ad: poliwiskoza  Piel\u0119gnacja: pranie r\u0119czne lub w pralce w temperaturze 40\u2070 C.  Prasowa\u0107 po ustawieniu \u017celazka na JEDWAB i par\u0119.  Fr\u0119dzle rozczesa\u0107 po wyschni\u0119ciu.\" \/>\n<meta property=\"og:url\" content=\"https:\/\/persjarnia.com\/en\/product\/pas-kochajmy-sie-zloty-warkocz-i-granat-munduru-legionisty\/\" \/>\n<meta property=\"og:site_name\" content=\"Persjarnia Zambrzyckich\" \/>\n<meta property=\"article:publisher\" content=\"https:\/\/www.facebook.com\/persjarnia\" \/>\n<meta property=\"article:modified_time\" content=\"2025-10-11T16:24:29+00:00\" \/>\n<meta property=\"og:image\" content=\"https:\/\/persjarnia.com\/wp-content\/uploads\/2025\/09\/1-2-1.jpg\" \/>\n\t<meta property=\"og:image:width\" content=\"1000\" \/>\n\t<meta property=\"og:image:height\" content=\"1000\" \/>\n\t<meta property=\"og:image:type\" content=\"image\/jpeg\" \/>\n<meta name=\"twitter:card\" content=\"summary_large_image\" \/>\n<meta name=\"twitter:label1\" content=\"Price\" \/>\n\t<meta name=\"twitter:data1\" content=\"700&nbsp;&#122;&#322;\" \/>\n\t<meta name=\"twitter:label2\" content=\"Availability\" \/>\n\t<meta name=\"twitter:data2\" content=\"In stock\" \/>\n<script type=\"application\/ld+json\" class=\"yoast-schema-graph\">{\"@context\":\"https:\/\/schema.org\",\"@graph\":[{\"@type\":\"WebPage\",\"@id\":\"https:\/\/persjarnia.com\/pl\/produkt\/pas-kochajmy-sie-zloty-warkocz-i-granat-munduru-legionisty\/\",\"url\":\"https:\/\/persjarnia.com\/pl\/produkt\/pas-kochajmy-sie-zloty-warkocz-i-granat-munduru-legionisty\/\",\"name\":\"Pas Kochajmy si\u0119 - z\u0142oty warkocz i granat munduru Legionisty - Persjarnia Zambrzyckich\",\"isPartOf\":{\"@id\":\"https:\/\/persjarnia.com\/en\/#website\"},\"primaryImageOfPage\":{\"@id\":\"https:\/\/persjarnia.com\/pl\/produkt\/pas-kochajmy-sie-zloty-warkocz-i-granat-munduru-legionisty\/#primaryimage\"},\"image\":{\"@id\":\"https:\/\/persjarnia.com\/pl\/produkt\/pas-kochajmy-sie-zloty-warkocz-i-granat-munduru-legionisty\/#primaryimage\"},\"thumbnailUrl\":\"https:\/\/persjarnia.com\/wp-content\/uploads\/2025\/09\/1-2-1.jpg\",\"datePublished\":\"2025-09-27T15:28:31+00:00\",\"dateModified\":\"2025-10-11T16:24:29+00:00\",\"breadcrumb\":{\"@id\":\"https:\/\/persjarnia.com\/pl\/produkt\/pas-kochajmy-sie-zloty-warkocz-i-granat-munduru-legionisty\/#breadcrumb\"},\"inLanguage\":\"en-GB\",\"potentialAction\":[{\"@type\":\"ReadAction\",\"target\":[\"https:\/\/persjarnia.com\/pl\/produkt\/pas-kochajmy-sie-zloty-warkocz-i-granat-munduru-legionisty\/\"]}]},{\"@type\":\"ImageObject\",\"inLanguage\":\"en-GB\",\"@id\":\"https:\/\/persjarnia.com\/pl\/produkt\/pas-kochajmy-sie-zloty-warkocz-i-granat-munduru-legionisty\/#primaryimage\",\"url\":\"https:\/\/persjarnia.com\/wp-content\/uploads\/2025\/09\/1-2-1.jpg\",\"contentUrl\":\"https:\/\/persjarnia.com\/wp-content\/uploads\/2025\/09\/1-2-1.jpg\",\"width\":1000,\"height\":1000},{\"@type\":\"BreadcrumbList\",\"@id\":\"https:\/\/persjarnia.com\/pl\/produkt\/pas-kochajmy-sie-zloty-warkocz-i-granat-munduru-legionisty\/#breadcrumb\",\"itemListElement\":[{\"@type\":\"ListItem\",\"position\":1,\"name\":\"Home\",\"item\":\"https:\/\/persjarnia.com\/en\/\"},{\"@type\":\"ListItem\",\"position\":2,\"name\":\"Products\",\"item\":\"https:\/\/persjarnia.com\/en\/shop\/\"},{\"@type\":\"ListItem\",\"position\":3,\"name\":\"Pas Kochajmy si\u0119 &#8211; z\u0142oty warkocz i granat munduru Legionisty\"}]},{\"@type\":\"WebSite\",\"@id\":\"https:\/\/persjarnia.com\/en\/#website\",\"url\":\"https:\/\/persjarnia.com\/en\/\",\"name\":\"Persjarnia Zambrzyckich\",\"description\":\"Pasy Kontuszowe, Makaty Buczackie\",\"publisher\":{\"@id\":\"https:\/\/persjarnia.com\/en\/#organization\"},\"potentialAction\":[{\"@type\":\"SearchAction\",\"target\":{\"@type\":\"EntryPoint\",\"urlTemplate\":\"https:\/\/persjarnia.com\/en\/?s={search_term_string}\"},\"query-input\":{\"@type\":\"PropertyValueSpecification\",\"valueRequired\":true,\"valueName\":\"search_term_string\"}}],\"inLanguage\":\"en-GB\"},{\"@type\":\"Organization\",\"@id\":\"https:\/\/persjarnia.com\/en\/#organization\",\"name\":\"Persjarnia Zambrzyckich\",\"url\":\"https:\/\/persjarnia.com\/en\/\",\"logo\":{\"@type\":\"ImageObject\",\"inLanguage\":\"en-GB\",\"@id\":\"https:\/\/persjarnia.com\/en\/#\/schema\/logo\/image\/\",\"url\":\"https:\/\/persjarnia.com\/wp-content\/uploads\/2017\/03\/cropped-logo1-sm.png\",\"contentUrl\":\"https:\/\/persjarnia.com\/wp-content\/uploads\/2017\/03\/cropped-logo1-sm.png\",\"width\":130,\"height\":75,\"caption\":\"Persjarnia Zambrzyckich\"},\"image\":{\"@id\":\"https:\/\/persjarnia.com\/en\/#\/schema\/logo\/image\/\"},\"sameAs\":[\"https:\/\/www.facebook.com\/persjarnia\"]}]}<\/script>\n<meta property=\"product:price:amount\" content=\"700\" \/>\n<meta property=\"product:price:currency\" content=\"PLN\" \/>\n<meta property=\"og:availability\" content=\"instock\" \/>\n<meta property=\"product:availability\" content=\"instock\" \/>\n<meta property=\"product:condition\" content=\"new\" \/>\n<!-- \/ Yoast SEO plugin. -->","yoast_head_json":{"title":"Pas Kochajmy si\u0119 - z\u0142oty warkocz i granat munduru Legionisty - Persjarnia Zambrzyckich","robots":{"index":"index","follow":"follow","max-snippet":"max-snippet:-1","max-image-preview":"max-image-preview:large","max-video-preview":"max-video-preview:-1"},"canonical":"https:\/\/persjarnia.com\/en\/product\/pas-kochajmy-sie-zloty-warkocz-i-granat-munduru-legionisty\/","og_locale":"en_GB","og_type":"article","og_title":"Pas Kochajmy si\u0119 - z\u0142oty warkocz i granat munduru Legionisty - Persjarnia Zambrzyckich","og_description":"Nowym wydaniem pas\u00f3w, pragniemy uczci\u0107 wspania\u0142y epos Adama Mickiewicza \u201ePan Tadeusz\u201d. Mowa w nim o braterstwie Polski i Litwy, co jest tematem, kt\u00f3ry zawsze warto czci\u0107.  Warto\u015bci, bro\u0144, pasy kontuszowe, kt\u00f3re tworz\u0105 \"scenografi\u0119\" do \"Ostatniego Zajazdu na Litwie\" ju\u017c wtedy mia\u0142y za sob\u0105 kilka wiek\u00f3w tradycji.  Pas kontuszowy czterostronny.  Wz\u00f3r - jak zwykle jest dok\u0142adn\u0105 kopi\u0105 zabytkowego pasa.  Ornament tkany.  D\u0142ugo\u015b\u0107 razem z fr\u0119dzlami 410 cm, szeroko\u015b\u0107 30 cm.  Ka\u017cdy pas pakujemy z szacunkiem do tradycji \u2014 w eleganckie pude\u0142ko prezentowe, gotowe do podarowania lub przechowania jak skarb. Bez dodatkowych op\u0142at.  Sk\u0142ad: poliwiskoza  Piel\u0119gnacja: pranie r\u0119czne lub w pralce w temperaturze 40\u2070 C.  Prasowa\u0107 po ustawieniu \u017celazka na JEDWAB i par\u0119.  Fr\u0119dzle rozczesa\u0107 po wyschni\u0119ciu.","og_url":"https:\/\/persjarnia.com\/en\/product\/pas-kochajmy-sie-zloty-warkocz-i-granat-munduru-legionisty\/","og_site_name":"Persjarnia Zambrzyckich","article_publisher":"https:\/\/www.facebook.com\/persjarnia","article_modified_time":"2025-10-11T16:24:29+00:00","og_image":[{"width":1000,"height":1000,"url":"https:\/\/persjarnia.com\/wp-content\/uploads\/2025\/09\/1-2-1.jpg","type":"image\/jpeg"}],"twitter_card":"summary_large_image","twitter_misc":{"Price":"700&nbsp;&#122;&#322;","Availability":"In stock"},"schema":{"@context":"https:\/\/schema.org","@graph":[{"@type":"WebPage","@id":"https:\/\/persjarnia.com\/pl\/produkt\/pas-kochajmy-sie-zloty-warkocz-i-granat-munduru-legionisty\/","url":"https:\/\/persjarnia.com\/pl\/produkt\/pas-kochajmy-sie-zloty-warkocz-i-granat-munduru-legionisty\/","name":"Pas Kochajmy si\u0119 - z\u0142oty warkocz i granat munduru Legionisty - Persjarnia Zambrzyckich","isPartOf":{"@id":"https:\/\/persjarnia.com\/en\/#website"},"primaryImageOfPage":{"@id":"https:\/\/persjarnia.com\/pl\/produkt\/pas-kochajmy-sie-zloty-warkocz-i-granat-munduru-legionisty\/#primaryimage"},"image":{"@id":"https:\/\/persjarnia.com\/pl\/produkt\/pas-kochajmy-sie-zloty-warkocz-i-granat-munduru-legionisty\/#primaryimage"},"thumbnailUrl":"https:\/\/persjarnia.com\/wp-content\/uploads\/2025\/09\/1-2-1.jpg","datePublished":"2025-09-27T15:28:31+00:00","dateModified":"2025-10-11T16:24:29+00:00","breadcrumb":{"@id":"https:\/\/persjarnia.com\/pl\/produkt\/pas-kochajmy-sie-zloty-warkocz-i-granat-munduru-legionisty\/#breadcrumb"},"inLanguage":"en-GB","potentialAction":[{"@type":"ReadAction","target":["https:\/\/persjarnia.com\/pl\/produkt\/pas-kochajmy-sie-zloty-warkocz-i-granat-munduru-legionisty\/"]}]},{"@type":"ImageObject","inLanguage":"en-GB","@id":"https:\/\/persjarnia.com\/pl\/produkt\/pas-kochajmy-sie-zloty-warkocz-i-granat-munduru-legionisty\/#primaryimage","url":"https:\/\/persjarnia.com\/wp-content\/uploads\/2025\/09\/1-2-1.jpg","contentUrl":"https:\/\/persjarnia.com\/wp-content\/uploads\/2025\/09\/1-2-1.jpg","width":1000,"height":1000},{"@type":"BreadcrumbList","@id":"https:\/\/persjarnia.com\/pl\/produkt\/pas-kochajmy-sie-zloty-warkocz-i-granat-munduru-legionisty\/#breadcrumb","itemListElement":[{"@type":"ListItem","position":1,"name":"Home","item":"https:\/\/persjarnia.com\/en\/"},{"@type":"ListItem","position":2,"name":"Products","item":"https:\/\/persjarnia.com\/en\/shop\/"},{"@type":"ListItem","position":3,"name":"Pas Kochajmy si\u0119 &#8211; z\u0142oty warkocz i granat munduru Legionisty"}]},{"@type":"WebSite","@id":"https:\/\/persjarnia.com\/en\/#website","url":"https:\/\/persjarnia.com\/en\/","name":"Persjarnia Zambrzyckich","description":"Kontush Sashes, Buczacz Tapestry","publisher":{"@id":"https:\/\/persjarnia.com\/en\/#organization"},"potentialAction":[{"@type":"SearchAction","target":{"@type":"EntryPoint","urlTemplate":"https:\/\/persjarnia.com\/en\/?s={search_term_string}"},"query-input":{"@type":"PropertyValueSpecification","valueRequired":true,"valueName":"search_term_string"}}],"inLanguage":"en-GB"},{"@type":"Organization","@id":"https:\/\/persjarnia.com\/en\/#organization","name":"Persjarnia Zambrzyckich","url":"https:\/\/persjarnia.com\/en\/","logo":{"@type":"ImageObject","inLanguage":"en-GB","@id":"https:\/\/persjarnia.com\/en\/#\/schema\/logo\/image\/","url":"https:\/\/persjarnia.com\/wp-content\/uploads\/2017\/03\/cropped-logo1-sm.png","contentUrl":"https:\/\/persjarnia.com\/wp-content\/uploads\/2017\/03\/cropped-logo1-sm.png","width":130,"height":75,"caption":"Persjarnia Zambrzyckich"},"image":{"@id":"https:\/\/persjarnia.com\/en\/#\/schema\/logo\/image\/"},"sameAs":["https:\/\/www.facebook.com\/persjarnia"]}]},"product_price_amount":"700","product_price_currency":"PLN","og_availability":"instock","product_availability":"instock","product_condition":"new"},"_links":{"self":[{"href":"https:\/\/persjarnia.com\/en\/wp-json\/wp\/v2\/product\/7784","targetHints":{"allow":["GET"]}}],"collection":[{"href":"https:\/\/persjarnia.com\/en\/wp-json\/wp\/v2\/product"}],"about":[{"href":"https:\/\/persjarnia.com\/en\/wp-json\/wp\/v2\/types\/product"}],"wp:featuredmedia":[{"embeddable":true,"href":"https:\/\/persjarnia.com\/en\/wp-json\/wp\/v2\/media\/7381"}],"wp:attachment":[{"href":"https:\/\/persjarnia.com\/en\/wp-json\/wp\/v2\/media?parent=7784"}],"wp:term":[{"taxonomy":"product_brand","embeddable":true,"href":"https:\/\/persjarnia.com\/en\/wp-json\/wp\/v2\/product_brand?post=7784"},{"taxonomy":"product_cat","embeddable":true,"href":"https:\/\/persjarnia.com\/en\/wp-json\/wp\/v2\/product_cat?post=7784"},{"taxonomy":"product_tag","embeddable":true,"href":"https:\/\/persjarnia.com\/en\/wp-json\/wp\/v2\/product_tag?post=7784"}],"curies":[{"name":"wp","href":"https:\/\/api.w.org\/{rel}","templated":true}]}}