{"id":7827,"date":"2025-09-27T17:29:56","date_gmt":"2025-09-27T15:29:56","guid":{"rendered":"https:\/\/persjarnia.com\/?post_type=product&#038;p=7827"},"modified":"2025-09-27T17:33:03","modified_gmt":"2025-09-27T15:33:03","slug":"wino-kamienca","status":"publish","type":"product","link":"https:\/\/persjarnia.com\/en\/product\/wino-kamienca\/","title":{"rendered":"Wino Kamienca"},"content":{"rendered":"","protected":false},"excerpt":{"rendered":"<p align=\"justify\">Wino Kamienca &#8211; makata buczacka<br \/>\nW Kamiencu Podolskim Ormianie wybudowali bastion przy moscie nad Smotryczem. Bastion ten strzegl dostepu do miasta i mia\u0142 na siebie brac najwieksze uderzenie rozszalalej armii napastnika. W podziemiach bastionu kupcy ormianscy skladowali wielkie ilosci wina o zadziwiajacym kolorze i smaku. Jeszcze bardzo dawno temu szepy winorosli przywieziono do Kamienca z okolic Iczmiadzin. Wedlug tradycji wina tego uzywal do mszy sam Georgii Oswieciciel. Legenda glosi ze Krol Jan Sobieski zawsze wozil ze soba beczke tego wina z Kamienca. Posluzylo ono jako wino mszalne po odbytym zwyciestwie pod wiedniem. W tle makaty udalo nam si\u0119 utrafic kolor tego slawnego ormianskiego wina.<\/p>\n<p><b>Size:<\/b> 1.77m (nie licz\u0105c fr\u0119ndzli) na 1.69m.<br \/>\nTwo sided Tapestry<\/p>\n<p>&nbsp;<\/p>","protected":false},"featured_media":7409,"template":"","meta":{"_acf_changed":false},"product_brand":[],"product_cat":[45],"product_tag":[],"class_list":{"0":"post-7827","1":"product","2":"type-product","3":"status-publish","4":"has-post-thumbnail","6":"product_cat-makaty-buczackie","7":"pa_packing-without-packaging","8":"pa_packing-with-packing","10":"first","11":"instock","12":"shipping-taxable","13":"purchasable","14":"product-type-simple"},"acf":[],"yoast_head":"<!-- This site is optimized with the Yoast SEO plugin v26.1 - https:\/\/yoast.com\/wordpress\/plugins\/seo\/ -->\n<title>Wino Kamienca - Persjarnia Zambrzyckich<\/title>\n<meta name=\"robots\" content=\"index, follow, max-snippet:-1, max-image-preview:large, max-video-preview:-1\" \/>\n<link rel=\"canonical\" href=\"https:\/\/persjarnia.com\/en\/product\/wino-kamienca\/\" \/>\n<meta property=\"og:locale\" content=\"en_GB\" \/>\n<meta property=\"og:type\" content=\"article\" \/>\n<meta property=\"og:title\" content=\"Wino Kamienca - Persjarnia Zambrzyckich\" \/>\n<meta property=\"og:description\" content=\"Wino Kamienca - makata buczacka W Kamiencu Podolskim Ormianie wybudowali bastion przy moscie nad Smotryczem. Bastion ten strzegl dostepu do miasta i mia\u0142 na siebie brac najwieksze uderzenie rozszalalej armii napastnika. W podziemiach bastionu kupcy ormianscy skladowali wielkie ilosci wina o zadziwiajacym kolorze i smaku. Jeszcze bardzo dawno temu szepy winorosli przywieziono do Kamienca z okolic Iczmiadzin. Wedlug tradycji wina tego uzywal do mszy sam Georgii Oswieciciel. Legenda glosi ze Krol Jan Sobieski zawsze wozil ze soba beczke tego wina z Kamienca. Posluzylo ono jako wino mszalne po odbytym zwyciestwie pod wiedniem. W tle makaty udalo nam si\u0119 utrafic kolor tego slawnego ormianskiego wina. Rozmiar: 1.77m (nie licz\u0105c fr\u0119ndzli) na 1.69m. Makata dwustronna  &nbsp;\" \/>\n<meta property=\"og:url\" content=\"https:\/\/persjarnia.com\/en\/product\/wino-kamienca\/\" \/>\n<meta property=\"og:site_name\" content=\"Persjarnia Zambrzyckich\" \/>\n<meta property=\"article:publisher\" content=\"https:\/\/www.facebook.com\/persjarnia\" \/>\n<meta property=\"article:modified_time\" content=\"2025-09-27T15:33:03+00:00\" \/>\n<meta property=\"og:image\" content=\"https:\/\/persjarnia.com\/wp-content\/uploads\/2025\/09\/IMG_8535_2.jpg\" \/>\n\t<meta property=\"og:image:width\" content=\"1012\" \/>\n\t<meta property=\"og:image:height\" content=\"1200\" \/>\n\t<meta property=\"og:image:type\" content=\"image\/jpeg\" \/>\n<meta name=\"twitter:card\" content=\"summary_large_image\" \/>\n<meta name=\"twitter:label1\" content=\"Price\" \/>\n\t<meta name=\"twitter:data1\" content=\"825&nbsp;&#122;&#322;\" \/>\n\t<meta name=\"twitter:label2\" content=\"Availability\" \/>\n\t<meta name=\"twitter:data2\" content=\"In stock\" \/>\n<script type=\"application\/ld+json\" class=\"yoast-schema-graph\">{\"@context\":\"https:\/\/schema.org\",\"@graph\":[{\"@type\":\"WebPage\",\"@id\":\"https:\/\/persjarnia.com\/pl\/produkt\/wino-kamienca\/\",\"url\":\"https:\/\/persjarnia.com\/pl\/produkt\/wino-kamienca\/\",\"name\":\"Wino Kamienca - Persjarnia Zambrzyckich\",\"isPartOf\":{\"@id\":\"https:\/\/persjarnia.com\/en\/#website\"},\"primaryImageOfPage\":{\"@id\":\"https:\/\/persjarnia.com\/pl\/produkt\/wino-kamienca\/#primaryimage\"},\"image\":{\"@id\":\"https:\/\/persjarnia.com\/pl\/produkt\/wino-kamienca\/#primaryimage\"},\"thumbnailUrl\":\"https:\/\/persjarnia.com\/wp-content\/uploads\/2025\/09\/IMG_8535_2.jpg\",\"datePublished\":\"2025-09-27T15:29:56+00:00\",\"dateModified\":\"2025-09-27T15:33:03+00:00\",\"breadcrumb\":{\"@id\":\"https:\/\/persjarnia.com\/pl\/produkt\/wino-kamienca\/#breadcrumb\"},\"inLanguage\":\"en-GB\",\"potentialAction\":[{\"@type\":\"ReadAction\",\"target\":[\"https:\/\/persjarnia.com\/pl\/produkt\/wino-kamienca\/\"]}]},{\"@type\":\"ImageObject\",\"inLanguage\":\"en-GB\",\"@id\":\"https:\/\/persjarnia.com\/pl\/produkt\/wino-kamienca\/#primaryimage\",\"url\":\"https:\/\/persjarnia.com\/wp-content\/uploads\/2025\/09\/IMG_8535_2.jpg\",\"contentUrl\":\"https:\/\/persjarnia.com\/wp-content\/uploads\/2025\/09\/IMG_8535_2.jpg\",\"width\":1012,\"height\":1200},{\"@type\":\"BreadcrumbList\",\"@id\":\"https:\/\/persjarnia.com\/pl\/produkt\/wino-kamienca\/#breadcrumb\",\"itemListElement\":[{\"@type\":\"ListItem\",\"position\":1,\"name\":\"Home\",\"item\":\"https:\/\/persjarnia.com\/en\/\"},{\"@type\":\"ListItem\",\"position\":2,\"name\":\"Products\",\"item\":\"https:\/\/persjarnia.com\/en\/shop\/\"},{\"@type\":\"ListItem\",\"position\":3,\"name\":\"Wino Kamienca\"}]},{\"@type\":\"WebSite\",\"@id\":\"https:\/\/persjarnia.com\/en\/#website\",\"url\":\"https:\/\/persjarnia.com\/en\/\",\"name\":\"Persjarnia Zambrzyckich\",\"description\":\"Pasy Kontuszowe, Makaty Buczackie\",\"publisher\":{\"@id\":\"https:\/\/persjarnia.com\/en\/#organization\"},\"potentialAction\":[{\"@type\":\"SearchAction\",\"target\":{\"@type\":\"EntryPoint\",\"urlTemplate\":\"https:\/\/persjarnia.com\/en\/?s={search_term_string}\"},\"query-input\":{\"@type\":\"PropertyValueSpecification\",\"valueRequired\":true,\"valueName\":\"search_term_string\"}}],\"inLanguage\":\"en-GB\"},{\"@type\":\"Organization\",\"@id\":\"https:\/\/persjarnia.com\/en\/#organization\",\"name\":\"Persjarnia Zambrzyckich\",\"url\":\"https:\/\/persjarnia.com\/en\/\",\"logo\":{\"@type\":\"ImageObject\",\"inLanguage\":\"en-GB\",\"@id\":\"https:\/\/persjarnia.com\/en\/#\/schema\/logo\/image\/\",\"url\":\"https:\/\/persjarnia.com\/wp-content\/uploads\/2017\/03\/cropped-logo1-sm.png\",\"contentUrl\":\"https:\/\/persjarnia.com\/wp-content\/uploads\/2017\/03\/cropped-logo1-sm.png\",\"width\":130,\"height\":75,\"caption\":\"Persjarnia Zambrzyckich\"},\"image\":{\"@id\":\"https:\/\/persjarnia.com\/en\/#\/schema\/logo\/image\/\"},\"sameAs\":[\"https:\/\/www.facebook.com\/persjarnia\"]}]}<\/script>\n<meta property=\"product:price:amount\" content=\"825\" \/>\n<meta property=\"product:price:currency\" content=\"PLN\" \/>\n<meta property=\"og:availability\" content=\"instock\" \/>\n<meta property=\"product:availability\" content=\"instock\" \/>\n<meta property=\"product:condition\" content=\"new\" \/>\n<!-- \/ Yoast SEO plugin. -->","yoast_head_json":{"title":"Wino Kamienca - Persjarnia Zambrzyckich","robots":{"index":"index","follow":"follow","max-snippet":"max-snippet:-1","max-image-preview":"max-image-preview:large","max-video-preview":"max-video-preview:-1"},"canonical":"https:\/\/persjarnia.com\/en\/product\/wino-kamienca\/","og_locale":"en_GB","og_type":"article","og_title":"Wino Kamienca - Persjarnia Zambrzyckich","og_description":"Wino Kamienca - makata buczacka W Kamiencu Podolskim Ormianie wybudowali bastion przy moscie nad Smotryczem. Bastion ten strzegl dostepu do miasta i mia\u0142 na siebie brac najwieksze uderzenie rozszalalej armii napastnika. W podziemiach bastionu kupcy ormianscy skladowali wielkie ilosci wina o zadziwiajacym kolorze i smaku. Jeszcze bardzo dawno temu szepy winorosli przywieziono do Kamienca z okolic Iczmiadzin. Wedlug tradycji wina tego uzywal do mszy sam Georgii Oswieciciel. Legenda glosi ze Krol Jan Sobieski zawsze wozil ze soba beczke tego wina z Kamienca. Posluzylo ono jako wino mszalne po odbytym zwyciestwie pod wiedniem. W tle makaty udalo nam si\u0119 utrafic kolor tego slawnego ormianskiego wina. Rozmiar: 1.77m (nie licz\u0105c fr\u0119ndzli) na 1.69m. Makata dwustronna  &nbsp;","og_url":"https:\/\/persjarnia.com\/en\/product\/wino-kamienca\/","og_site_name":"Persjarnia Zambrzyckich","article_publisher":"https:\/\/www.facebook.com\/persjarnia","article_modified_time":"2025-09-27T15:33:03+00:00","og_image":[{"width":1012,"height":1200,"url":"https:\/\/persjarnia.com\/wp-content\/uploads\/2025\/09\/IMG_8535_2.jpg","type":"image\/jpeg"}],"twitter_card":"summary_large_image","twitter_misc":{"Price":"825&nbsp;&#122;&#322;","Availability":"In stock"},"schema":{"@context":"https:\/\/schema.org","@graph":[{"@type":"WebPage","@id":"https:\/\/persjarnia.com\/pl\/produkt\/wino-kamienca\/","url":"https:\/\/persjarnia.com\/pl\/produkt\/wino-kamienca\/","name":"Wino Kamienca - Persjarnia Zambrzyckich","isPartOf":{"@id":"https:\/\/persjarnia.com\/en\/#website"},"primaryImageOfPage":{"@id":"https:\/\/persjarnia.com\/pl\/produkt\/wino-kamienca\/#primaryimage"},"image":{"@id":"https:\/\/persjarnia.com\/pl\/produkt\/wino-kamienca\/#primaryimage"},"thumbnailUrl":"https:\/\/persjarnia.com\/wp-content\/uploads\/2025\/09\/IMG_8535_2.jpg","datePublished":"2025-09-27T15:29:56+00:00","dateModified":"2025-09-27T15:33:03+00:00","breadcrumb":{"@id":"https:\/\/persjarnia.com\/pl\/produkt\/wino-kamienca\/#breadcrumb"},"inLanguage":"en-GB","potentialAction":[{"@type":"ReadAction","target":["https:\/\/persjarnia.com\/pl\/produkt\/wino-kamienca\/"]}]},{"@type":"ImageObject","inLanguage":"en-GB","@id":"https:\/\/persjarnia.com\/pl\/produkt\/wino-kamienca\/#primaryimage","url":"https:\/\/persjarnia.com\/wp-content\/uploads\/2025\/09\/IMG_8535_2.jpg","contentUrl":"https:\/\/persjarnia.com\/wp-content\/uploads\/2025\/09\/IMG_8535_2.jpg","width":1012,"height":1200},{"@type":"BreadcrumbList","@id":"https:\/\/persjarnia.com\/pl\/produkt\/wino-kamienca\/#breadcrumb","itemListElement":[{"@type":"ListItem","position":1,"name":"Home","item":"https:\/\/persjarnia.com\/en\/"},{"@type":"ListItem","position":2,"name":"Products","item":"https:\/\/persjarnia.com\/en\/shop\/"},{"@type":"ListItem","position":3,"name":"Wino Kamienca"}]},{"@type":"WebSite","@id":"https:\/\/persjarnia.com\/en\/#website","url":"https:\/\/persjarnia.com\/en\/","name":"Persjarnia Zambrzyckich","description":"Kontush Sashes, Buczacz Tapestry","publisher":{"@id":"https:\/\/persjarnia.com\/en\/#organization"},"potentialAction":[{"@type":"SearchAction","target":{"@type":"EntryPoint","urlTemplate":"https:\/\/persjarnia.com\/en\/?s={search_term_string}"},"query-input":{"@type":"PropertyValueSpecification","valueRequired":true,"valueName":"search_term_string"}}],"inLanguage":"en-GB"},{"@type":"Organization","@id":"https:\/\/persjarnia.com\/en\/#organization","name":"Persjarnia Zambrzyckich","url":"https:\/\/persjarnia.com\/en\/","logo":{"@type":"ImageObject","inLanguage":"en-GB","@id":"https:\/\/persjarnia.com\/en\/#\/schema\/logo\/image\/","url":"https:\/\/persjarnia.com\/wp-content\/uploads\/2017\/03\/cropped-logo1-sm.png","contentUrl":"https:\/\/persjarnia.com\/wp-content\/uploads\/2017\/03\/cropped-logo1-sm.png","width":130,"height":75,"caption":"Persjarnia Zambrzyckich"},"image":{"@id":"https:\/\/persjarnia.com\/en\/#\/schema\/logo\/image\/"},"sameAs":["https:\/\/www.facebook.com\/persjarnia"]}]},"product_price_amount":"825","product_price_currency":"PLN","og_availability":"instock","product_availability":"instock","product_condition":"new"},"_links":{"self":[{"href":"https:\/\/persjarnia.com\/en\/wp-json\/wp\/v2\/product\/7827","targetHints":{"allow":["GET"]}}],"collection":[{"href":"https:\/\/persjarnia.com\/en\/wp-json\/wp\/v2\/product"}],"about":[{"href":"https:\/\/persjarnia.com\/en\/wp-json\/wp\/v2\/types\/product"}],"wp:featuredmedia":[{"embeddable":true,"href":"https:\/\/persjarnia.com\/en\/wp-json\/wp\/v2\/media\/7409"}],"wp:attachment":[{"href":"https:\/\/persjarnia.com\/en\/wp-json\/wp\/v2\/media?parent=7827"}],"wp:term":[{"taxonomy":"product_brand","embeddable":true,"href":"https:\/\/persjarnia.com\/en\/wp-json\/wp\/v2\/product_brand?post=7827"},{"taxonomy":"product_cat","embeddable":true,"href":"https:\/\/persjarnia.com\/en\/wp-json\/wp\/v2\/product_cat?post=7827"},{"taxonomy":"product_tag","embeddable":true,"href":"https:\/\/persjarnia.com\/en\/wp-json\/wp\/v2\/product_tag?post=7827"}],"curies":[{"name":"wp","href":"https:\/\/api.w.org\/{rel}","templated":true}]}}