{"id":7828,"date":"2025-09-27T17:29:56","date_gmt":"2025-09-27T15:29:56","guid":{"rendered":"https:\/\/persjarnia.com\/?post_type=product&#038;p=7828"},"modified":"2025-09-27T17:33:03","modified_gmt":"2025-09-27T15:33:03","slug":"wody-dniestru","status":"publish","type":"product","link":"https:\/\/persjarnia.com\/en\/product\/wody-dniestru\/","title":{"rendered":"The Waters of Dnestr River"},"content":{"rendered":"","protected":false},"excerpt":{"rendered":"<p align=\"justify\">When you stand on the walls of Chocim Castle and you look down, you will see that the waters of Dnestr have a dark blue color. The river is deep near the castle and it runs slowly. The small waves reflect the clouds \u2013 gilded with the last rays of sunset. When you go several miles down the river and you climb the walls of the Soroki fortress, you will see that Dnestr is very shallow there. The yellow sand will shine thru the waters and the tiny waves reflect the blue sky.<\/p>\n<p align=\"justify\">Buczacz brocade panel, Buczacz tapestry (2,2m x 1,6m) \u2013 front side.<\/p>\n<p><strong>Size:<\/strong> 2,2 m na 1,6 m<br \/>\nTwo sided Tapestry<\/p>\n<p>&nbsp;<\/p>","protected":false},"featured_media":7415,"template":"","meta":{"_acf_changed":false},"product_brand":[],"product_cat":[45],"product_tag":[],"class_list":{"0":"post-7828","1":"product","2":"type-product","3":"status-publish","4":"has-post-thumbnail","6":"product_cat-makaty-buczackie","7":"pa_packing-without-packaging","8":"pa_packing-with-packing","10":"first","11":"instock","12":"shipping-taxable","13":"purchasable","14":"product-type-simple"},"acf":[],"yoast_head":"<!-- This site is optimized with the Yoast SEO plugin v26.1 - https:\/\/yoast.com\/wordpress\/plugins\/seo\/ -->\n<title>Wody Dniestru - Persjarnia Zambrzyckich<\/title>\n<meta name=\"robots\" content=\"index, follow, max-snippet:-1, max-image-preview:large, max-video-preview:-1\" \/>\n<link rel=\"canonical\" href=\"https:\/\/persjarnia.com\/en\/product\/wody-dniestru\/\" \/>\n<meta property=\"og:locale\" content=\"en_GB\" \/>\n<meta property=\"og:type\" content=\"article\" \/>\n<meta property=\"og:title\" content=\"Wody Dniestru - Persjarnia Zambrzyckich\" \/>\n<meta property=\"og:description\" content=\"Kiedy stoi si\u0119 na murach Chocimia to wody Dniestru w dole maj\u0105 g\u0142\u0119boki granatowy kolor. Rzeka pod zamkiem jest g\u0142\u0119boka i toczy wody powoli. Drobna fala odbija chmury oz\u0142ocone zachodem s\u0142o\u0144ca. Warto tam pojecha\u0107 \u017ceby zobaczy\u0107 \u017ce w\u0142a\u015bnie tak to wygl\u0105da. Troch\u0119 dalej w d\u00f3\u0142 Dniestru jest zupe\u0142nie odwrotnie. Z mur\u00f3w twierdzy Soroki wida\u0107 p\u0142ytki br\u00f3d. Przez wod\u0119 \u015bwieci zloty piasek a drobna fala odbija b\u0142\u0119kit nieba. W tej wersji tkaniny u\u017cyli\u015bmy dw\u00f3ch odcieni z\u0142otej nitki na granatowym tle. Rozmiar: 2,2 m na 1,6 m Makata dwustronna  &nbsp;\" \/>\n<meta property=\"og:url\" content=\"https:\/\/persjarnia.com\/en\/product\/wody-dniestru\/\" \/>\n<meta property=\"og:site_name\" content=\"Persjarnia Zambrzyckich\" \/>\n<meta property=\"article:publisher\" content=\"https:\/\/www.facebook.com\/persjarnia\" \/>\n<meta property=\"article:modified_time\" content=\"2025-09-27T15:33:03+00:00\" \/>\n<meta property=\"og:image\" content=\"https:\/\/persjarnia.com\/wp-content\/uploads\/2025\/09\/wody-dniestru.jpg\" \/>\n\t<meta property=\"og:image:width\" content=\"1200\" \/>\n\t<meta property=\"og:image:height\" content=\"840\" \/>\n\t<meta property=\"og:image:type\" content=\"image\/jpeg\" \/>\n<meta name=\"twitter:card\" content=\"summary_large_image\" \/>\n<meta name=\"twitter:label1\" content=\"Price\" \/>\n\t<meta name=\"twitter:data1\" content=\"1470&nbsp;&#122;&#322;\" \/>\n\t<meta name=\"twitter:label2\" content=\"Availability\" \/>\n\t<meta name=\"twitter:data2\" content=\"In stock\" \/>\n<script type=\"application\/ld+json\" class=\"yoast-schema-graph\">{\"@context\":\"https:\/\/schema.org\",\"@graph\":[{\"@type\":\"WebPage\",\"@id\":\"https:\/\/persjarnia.com\/pl\/produkt\/wody-dniestru\/\",\"url\":\"https:\/\/persjarnia.com\/pl\/produkt\/wody-dniestru\/\",\"name\":\"Wody Dniestru - Persjarnia Zambrzyckich\",\"isPartOf\":{\"@id\":\"https:\/\/persjarnia.com\/en\/#website\"},\"primaryImageOfPage\":{\"@id\":\"https:\/\/persjarnia.com\/pl\/produkt\/wody-dniestru\/#primaryimage\"},\"image\":{\"@id\":\"https:\/\/persjarnia.com\/pl\/produkt\/wody-dniestru\/#primaryimage\"},\"thumbnailUrl\":\"https:\/\/persjarnia.com\/wp-content\/uploads\/2025\/09\/wody-dniestru.jpg\",\"datePublished\":\"2025-09-27T15:29:56+00:00\",\"dateModified\":\"2025-09-27T15:33:03+00:00\",\"breadcrumb\":{\"@id\":\"https:\/\/persjarnia.com\/pl\/produkt\/wody-dniestru\/#breadcrumb\"},\"inLanguage\":\"en-GB\",\"potentialAction\":[{\"@type\":\"ReadAction\",\"target\":[\"https:\/\/persjarnia.com\/pl\/produkt\/wody-dniestru\/\"]}]},{\"@type\":\"ImageObject\",\"inLanguage\":\"en-GB\",\"@id\":\"https:\/\/persjarnia.com\/pl\/produkt\/wody-dniestru\/#primaryimage\",\"url\":\"https:\/\/persjarnia.com\/wp-content\/uploads\/2025\/09\/wody-dniestru.jpg\",\"contentUrl\":\"https:\/\/persjarnia.com\/wp-content\/uploads\/2025\/09\/wody-dniestru.jpg\",\"width\":1200,\"height\":840},{\"@type\":\"BreadcrumbList\",\"@id\":\"https:\/\/persjarnia.com\/pl\/produkt\/wody-dniestru\/#breadcrumb\",\"itemListElement\":[{\"@type\":\"ListItem\",\"position\":1,\"name\":\"Home\",\"item\":\"https:\/\/persjarnia.com\/en\/\"},{\"@type\":\"ListItem\",\"position\":2,\"name\":\"Products\",\"item\":\"https:\/\/persjarnia.com\/en\/shop\/\"},{\"@type\":\"ListItem\",\"position\":3,\"name\":\"Wody Dniestru\"}]},{\"@type\":\"WebSite\",\"@id\":\"https:\/\/persjarnia.com\/en\/#website\",\"url\":\"https:\/\/persjarnia.com\/en\/\",\"name\":\"Persjarnia Zambrzyckich\",\"description\":\"Pasy Kontuszowe, Makaty Buczackie\",\"publisher\":{\"@id\":\"https:\/\/persjarnia.com\/en\/#organization\"},\"potentialAction\":[{\"@type\":\"SearchAction\",\"target\":{\"@type\":\"EntryPoint\",\"urlTemplate\":\"https:\/\/persjarnia.com\/en\/?s={search_term_string}\"},\"query-input\":{\"@type\":\"PropertyValueSpecification\",\"valueRequired\":true,\"valueName\":\"search_term_string\"}}],\"inLanguage\":\"en-GB\"},{\"@type\":\"Organization\",\"@id\":\"https:\/\/persjarnia.com\/en\/#organization\",\"name\":\"Persjarnia Zambrzyckich\",\"url\":\"https:\/\/persjarnia.com\/en\/\",\"logo\":{\"@type\":\"ImageObject\",\"inLanguage\":\"en-GB\",\"@id\":\"https:\/\/persjarnia.com\/en\/#\/schema\/logo\/image\/\",\"url\":\"https:\/\/persjarnia.com\/wp-content\/uploads\/2017\/03\/cropped-logo1-sm.png\",\"contentUrl\":\"https:\/\/persjarnia.com\/wp-content\/uploads\/2017\/03\/cropped-logo1-sm.png\",\"width\":130,\"height\":75,\"caption\":\"Persjarnia Zambrzyckich\"},\"image\":{\"@id\":\"https:\/\/persjarnia.com\/en\/#\/schema\/logo\/image\/\"},\"sameAs\":[\"https:\/\/www.facebook.com\/persjarnia\"]}]}<\/script>\n<meta property=\"product:price:amount\" content=\"1470\" \/>\n<meta property=\"product:price:currency\" content=\"PLN\" \/>\n<meta property=\"og:availability\" content=\"instock\" \/>\n<meta property=\"product:availability\" content=\"instock\" \/>\n<meta property=\"product:condition\" content=\"new\" \/>\n<!-- \/ Yoast SEO plugin. -->","yoast_head_json":{"title":"Wody Dniestru - Persjarnia Zambrzyckich","robots":{"index":"index","follow":"follow","max-snippet":"max-snippet:-1","max-image-preview":"max-image-preview:large","max-video-preview":"max-video-preview:-1"},"canonical":"https:\/\/persjarnia.com\/en\/product\/wody-dniestru\/","og_locale":"en_GB","og_type":"article","og_title":"Wody Dniestru - Persjarnia Zambrzyckich","og_description":"Kiedy stoi si\u0119 na murach Chocimia to wody Dniestru w dole maj\u0105 g\u0142\u0119boki granatowy kolor. Rzeka pod zamkiem jest g\u0142\u0119boka i toczy wody powoli. Drobna fala odbija chmury oz\u0142ocone zachodem s\u0142o\u0144ca. Warto tam pojecha\u0107 \u017ceby zobaczy\u0107 \u017ce w\u0142a\u015bnie tak to wygl\u0105da. Troch\u0119 dalej w d\u00f3\u0142 Dniestru jest zupe\u0142nie odwrotnie. Z mur\u00f3w twierdzy Soroki wida\u0107 p\u0142ytki br\u00f3d. Przez wod\u0119 \u015bwieci zloty piasek a drobna fala odbija b\u0142\u0119kit nieba. W tej wersji tkaniny u\u017cyli\u015bmy dw\u00f3ch odcieni z\u0142otej nitki na granatowym tle. Rozmiar: 2,2 m na 1,6 m Makata dwustronna  &nbsp;","og_url":"https:\/\/persjarnia.com\/en\/product\/wody-dniestru\/","og_site_name":"Persjarnia Zambrzyckich","article_publisher":"https:\/\/www.facebook.com\/persjarnia","article_modified_time":"2025-09-27T15:33:03+00:00","og_image":[{"width":1200,"height":840,"url":"https:\/\/persjarnia.com\/wp-content\/uploads\/2025\/09\/wody-dniestru.jpg","type":"image\/jpeg"}],"twitter_card":"summary_large_image","twitter_misc":{"Price":"1470&nbsp;&#122;&#322;","Availability":"In stock"},"schema":{"@context":"https:\/\/schema.org","@graph":[{"@type":"WebPage","@id":"https:\/\/persjarnia.com\/pl\/produkt\/wody-dniestru\/","url":"https:\/\/persjarnia.com\/pl\/produkt\/wody-dniestru\/","name":"Wody Dniestru - Persjarnia Zambrzyckich","isPartOf":{"@id":"https:\/\/persjarnia.com\/en\/#website"},"primaryImageOfPage":{"@id":"https:\/\/persjarnia.com\/pl\/produkt\/wody-dniestru\/#primaryimage"},"image":{"@id":"https:\/\/persjarnia.com\/pl\/produkt\/wody-dniestru\/#primaryimage"},"thumbnailUrl":"https:\/\/persjarnia.com\/wp-content\/uploads\/2025\/09\/wody-dniestru.jpg","datePublished":"2025-09-27T15:29:56+00:00","dateModified":"2025-09-27T15:33:03+00:00","breadcrumb":{"@id":"https:\/\/persjarnia.com\/pl\/produkt\/wody-dniestru\/#breadcrumb"},"inLanguage":"en-GB","potentialAction":[{"@type":"ReadAction","target":["https:\/\/persjarnia.com\/pl\/produkt\/wody-dniestru\/"]}]},{"@type":"ImageObject","inLanguage":"en-GB","@id":"https:\/\/persjarnia.com\/pl\/produkt\/wody-dniestru\/#primaryimage","url":"https:\/\/persjarnia.com\/wp-content\/uploads\/2025\/09\/wody-dniestru.jpg","contentUrl":"https:\/\/persjarnia.com\/wp-content\/uploads\/2025\/09\/wody-dniestru.jpg","width":1200,"height":840},{"@type":"BreadcrumbList","@id":"https:\/\/persjarnia.com\/pl\/produkt\/wody-dniestru\/#breadcrumb","itemListElement":[{"@type":"ListItem","position":1,"name":"Home","item":"https:\/\/persjarnia.com\/en\/"},{"@type":"ListItem","position":2,"name":"Products","item":"https:\/\/persjarnia.com\/en\/shop\/"},{"@type":"ListItem","position":3,"name":"Wody Dniestru"}]},{"@type":"WebSite","@id":"https:\/\/persjarnia.com\/en\/#website","url":"https:\/\/persjarnia.com\/en\/","name":"Persjarnia Zambrzyckich","description":"Kontush Sashes, Buczacz Tapestry","publisher":{"@id":"https:\/\/persjarnia.com\/en\/#organization"},"potentialAction":[{"@type":"SearchAction","target":{"@type":"EntryPoint","urlTemplate":"https:\/\/persjarnia.com\/en\/?s={search_term_string}"},"query-input":{"@type":"PropertyValueSpecification","valueRequired":true,"valueName":"search_term_string"}}],"inLanguage":"en-GB"},{"@type":"Organization","@id":"https:\/\/persjarnia.com\/en\/#organization","name":"Persjarnia Zambrzyckich","url":"https:\/\/persjarnia.com\/en\/","logo":{"@type":"ImageObject","inLanguage":"en-GB","@id":"https:\/\/persjarnia.com\/en\/#\/schema\/logo\/image\/","url":"https:\/\/persjarnia.com\/wp-content\/uploads\/2017\/03\/cropped-logo1-sm.png","contentUrl":"https:\/\/persjarnia.com\/wp-content\/uploads\/2017\/03\/cropped-logo1-sm.png","width":130,"height":75,"caption":"Persjarnia Zambrzyckich"},"image":{"@id":"https:\/\/persjarnia.com\/en\/#\/schema\/logo\/image\/"},"sameAs":["https:\/\/www.facebook.com\/persjarnia"]}]},"product_price_amount":"1470","product_price_currency":"PLN","og_availability":"instock","product_availability":"instock","product_condition":"new"},"_links":{"self":[{"href":"https:\/\/persjarnia.com\/en\/wp-json\/wp\/v2\/product\/7828","targetHints":{"allow":["GET"]}}],"collection":[{"href":"https:\/\/persjarnia.com\/en\/wp-json\/wp\/v2\/product"}],"about":[{"href":"https:\/\/persjarnia.com\/en\/wp-json\/wp\/v2\/types\/product"}],"wp:featuredmedia":[{"embeddable":true,"href":"https:\/\/persjarnia.com\/en\/wp-json\/wp\/v2\/media\/7415"}],"wp:attachment":[{"href":"https:\/\/persjarnia.com\/en\/wp-json\/wp\/v2\/media?parent=7828"}],"wp:term":[{"taxonomy":"product_brand","embeddable":true,"href":"https:\/\/persjarnia.com\/en\/wp-json\/wp\/v2\/product_brand?post=7828"},{"taxonomy":"product_cat","embeddable":true,"href":"https:\/\/persjarnia.com\/en\/wp-json\/wp\/v2\/product_cat?post=7828"},{"taxonomy":"product_tag","embeddable":true,"href":"https:\/\/persjarnia.com\/en\/wp-json\/wp\/v2\/product_tag?post=7828"}],"curies":[{"name":"wp","href":"https:\/\/api.w.org\/{rel}","templated":true}]}}