{"id":7830,"date":"2025-09-27T17:29:56","date_gmt":"2025-09-27T15:29:56","guid":{"rendered":"https:\/\/persjarnia.com\/?post_type=product&#038;p=7830"},"modified":"2025-09-27T17:33:10","modified_gmt":"2025-09-27T15:33:10","slug":"zloto-buczacza-1-77mx1-69m-z-fredzlami","status":"publish","type":"product","link":"https:\/\/persjarnia.com\/en\/product\/zloto-buczacza-1-77mx1-69m-z-fredzlami\/","title":{"rendered":"Z\u0142oto Buczacza 1.77mx1.69m z fr\u0119dzlami"},"content":{"rendered":"","protected":false},"excerpt":{"rendered":"<p align=\"justify\">The dowry of Maria Mohylanka \u2013 the daughter of the Valachian King who was married to Voivoda Stafan Potocki \u2013 consisted of enormous treasures, all of which she spent on fortifications of Buczacz. The legend says that after the city repelled numerous attacks of the Turks, Sultan Mehmet IV was speechless when he found out that Voivoda Potocki was at that time leading a battle elsewhere and that he actually had to do with the wife of the famous warrior he expected to defeat. The Sultan sent respectable gifts made of gold to The Countess and led his armies back to Turkey.<\/p>\n<p align=\"justify\">This time we made fabric out of two colors: yellow gold and red gold. It follows the exact combination of the colors we know from several original Buczacz fabrics. It serves especially well as a background for the collection of swords.<\/p>\n<p>Rozmiar makaty: 1.77m (nie licz\u0105c frendzli) na 1.69m.<br \/>\nTwo sided Tapestry<\/p>\n<p>&nbsp;<\/p>","protected":false},"featured_media":7433,"template":"","meta":{"_acf_changed":false},"product_brand":[],"product_cat":[45],"product_tag":[],"class_list":{"0":"post-7830","1":"product","2":"type-product","3":"status-publish","4":"has-post-thumbnail","6":"product_cat-makaty-buczackie","7":"pa_packing-without-packaging","8":"pa_packing-with-packing","10":"first","11":"instock","12":"shipping-taxable","13":"purchasable","14":"product-type-simple"},"acf":[],"yoast_head":"<!-- This site is optimized with the Yoast SEO plugin v26.1 - https:\/\/yoast.com\/wordpress\/plugins\/seo\/ -->\n<title>Z\u0142oto Buczacza 1.77mx1.69m z fr\u0119dzlami - Persjarnia Zambrzyckich<\/title>\n<meta name=\"robots\" content=\"index, follow, max-snippet:-1, max-image-preview:large, max-video-preview:-1\" \/>\n<link rel=\"canonical\" href=\"https:\/\/persjarnia.com\/en\/product\/zloto-buczacza-1-77mx1-69m-z-fredzlami\/\" \/>\n<meta property=\"og:locale\" content=\"en_GB\" \/>\n<meta property=\"og:type\" content=\"article\" \/>\n<meta property=\"og:title\" content=\"Z\u0142oto Buczacza 1.77mx1.69m z fr\u0119dzlami - Persjarnia Zambrzyckich\" \/>\n<meta property=\"og:description\" content=\"Wiano Marii Mohylanki \u2013 c\u00f3rki wo\u0142oskiego hospodara, wydanej za wojewod\u0119 Stefana Potockiego by\u0142o pot\u0119\u017cnym skarbem, kt\u00f3ry ksi\u0119\u017cna przeznaczy\u0142a na budow\u0119 klasztor\u00f3w i fortyfikacji miasta. Legenda g\u0142osi, \u017ce kt\u00f3rego\u015b dnia miasto odpar\u0142o kolejne ataki armii su\u0142tana Mehmeda IV-go. Su\u0142tan zdumia\u0142 si\u0119 wielce, kiedy si\u0119 dowiedzia\u0142, \u017ce Wojewoda Potocki prowadzi\u0142 w tym czasie bitw\u0119 daleko od rodzinnego Buczacza, a obron\u0105 miasta dowodzi\u0142a jego \u017cona. Su\u0142tan przes\u0142a\u0142 wspania\u0142e z\u0142ote dary walecznej damie i zaprzesta\u0142 obl\u0119\u017cenia. Makata z dw\u00f3ch kolor\u00f3w z\u0142ota: \u017c\u00f3\u0142tego i czerwonego. Taka kombinacja kolor\u00f3w stanowi \u015bwietne t\u0142o dla kolekcji broni bia\u0142ej. Rozmiar makaty: 1.77m (nie licz\u0105c frendzli) na 1.69m. Makata dwustronna  &nbsp;\" \/>\n<meta property=\"og:url\" content=\"https:\/\/persjarnia.com\/en\/product\/zloto-buczacza-1-77mx1-69m-z-fredzlami\/\" \/>\n<meta property=\"og:site_name\" content=\"Persjarnia Zambrzyckich\" \/>\n<meta property=\"article:publisher\" content=\"https:\/\/www.facebook.com\/persjarnia\" \/>\n<meta property=\"article:modified_time\" content=\"2025-09-27T15:33:10+00:00\" \/>\n<meta property=\"og:image\" content=\"https:\/\/persjarnia.com\/wp-content\/uploads\/2025\/09\/IMG_8511_.jpg\" \/>\n\t<meta property=\"og:image:width\" content=\"1076\" \/>\n\t<meta property=\"og:image:height\" content=\"1200\" \/>\n\t<meta property=\"og:image:type\" content=\"image\/jpeg\" \/>\n<meta name=\"twitter:card\" content=\"summary_large_image\" \/>\n<meta name=\"twitter:label1\" content=\"Price\" \/>\n\t<meta name=\"twitter:data1\" content=\"825&nbsp;&#122;&#322;\" \/>\n\t<meta name=\"twitter:label2\" content=\"Availability\" \/>\n\t<meta name=\"twitter:data2\" content=\"In stock\" \/>\n<script type=\"application\/ld+json\" class=\"yoast-schema-graph\">{\"@context\":\"https:\/\/schema.org\",\"@graph\":[{\"@type\":\"WebPage\",\"@id\":\"https:\/\/persjarnia.com\/pl\/produkt\/zloto-buczacza-1-77mx1-69m-z-fredzlami\/\",\"url\":\"https:\/\/persjarnia.com\/pl\/produkt\/zloto-buczacza-1-77mx1-69m-z-fredzlami\/\",\"name\":\"Z\u0142oto Buczacza 1.77mx1.69m z fr\u0119dzlami - Persjarnia Zambrzyckich\",\"isPartOf\":{\"@id\":\"https:\/\/persjarnia.com\/en\/#website\"},\"primaryImageOfPage\":{\"@id\":\"https:\/\/persjarnia.com\/pl\/produkt\/zloto-buczacza-1-77mx1-69m-z-fredzlami\/#primaryimage\"},\"image\":{\"@id\":\"https:\/\/persjarnia.com\/pl\/produkt\/zloto-buczacza-1-77mx1-69m-z-fredzlami\/#primaryimage\"},\"thumbnailUrl\":\"https:\/\/persjarnia.com\/wp-content\/uploads\/2025\/09\/IMG_8511_.jpg\",\"datePublished\":\"2025-09-27T15:29:56+00:00\",\"dateModified\":\"2025-09-27T15:33:10+00:00\",\"breadcrumb\":{\"@id\":\"https:\/\/persjarnia.com\/pl\/produkt\/zloto-buczacza-1-77mx1-69m-z-fredzlami\/#breadcrumb\"},\"inLanguage\":\"en-GB\",\"potentialAction\":[{\"@type\":\"ReadAction\",\"target\":[\"https:\/\/persjarnia.com\/pl\/produkt\/zloto-buczacza-1-77mx1-69m-z-fredzlami\/\"]}]},{\"@type\":\"ImageObject\",\"inLanguage\":\"en-GB\",\"@id\":\"https:\/\/persjarnia.com\/pl\/produkt\/zloto-buczacza-1-77mx1-69m-z-fredzlami\/#primaryimage\",\"url\":\"https:\/\/persjarnia.com\/wp-content\/uploads\/2025\/09\/IMG_8511_.jpg\",\"contentUrl\":\"https:\/\/persjarnia.com\/wp-content\/uploads\/2025\/09\/IMG_8511_.jpg\",\"width\":1076,\"height\":1200},{\"@type\":\"BreadcrumbList\",\"@id\":\"https:\/\/persjarnia.com\/pl\/produkt\/zloto-buczacza-1-77mx1-69m-z-fredzlami\/#breadcrumb\",\"itemListElement\":[{\"@type\":\"ListItem\",\"position\":1,\"name\":\"Home\",\"item\":\"https:\/\/persjarnia.com\/en\/\"},{\"@type\":\"ListItem\",\"position\":2,\"name\":\"Products\",\"item\":\"https:\/\/persjarnia.com\/en\/shop\/\"},{\"@type\":\"ListItem\",\"position\":3,\"name\":\"Z\u0142oto Buczacza 1.77mx1.69m z fr\u0119dzlami\"}]},{\"@type\":\"WebSite\",\"@id\":\"https:\/\/persjarnia.com\/en\/#website\",\"url\":\"https:\/\/persjarnia.com\/en\/\",\"name\":\"Persjarnia Zambrzyckich\",\"description\":\"Pasy Kontuszowe, Makaty Buczackie\",\"publisher\":{\"@id\":\"https:\/\/persjarnia.com\/en\/#organization\"},\"potentialAction\":[{\"@type\":\"SearchAction\",\"target\":{\"@type\":\"EntryPoint\",\"urlTemplate\":\"https:\/\/persjarnia.com\/en\/?s={search_term_string}\"},\"query-input\":{\"@type\":\"PropertyValueSpecification\",\"valueRequired\":true,\"valueName\":\"search_term_string\"}}],\"inLanguage\":\"en-GB\"},{\"@type\":\"Organization\",\"@id\":\"https:\/\/persjarnia.com\/en\/#organization\",\"name\":\"Persjarnia Zambrzyckich\",\"url\":\"https:\/\/persjarnia.com\/en\/\",\"logo\":{\"@type\":\"ImageObject\",\"inLanguage\":\"en-GB\",\"@id\":\"https:\/\/persjarnia.com\/en\/#\/schema\/logo\/image\/\",\"url\":\"https:\/\/persjarnia.com\/wp-content\/uploads\/2017\/03\/cropped-logo1-sm.png\",\"contentUrl\":\"https:\/\/persjarnia.com\/wp-content\/uploads\/2017\/03\/cropped-logo1-sm.png\",\"width\":130,\"height\":75,\"caption\":\"Persjarnia Zambrzyckich\"},\"image\":{\"@id\":\"https:\/\/persjarnia.com\/en\/#\/schema\/logo\/image\/\"},\"sameAs\":[\"https:\/\/www.facebook.com\/persjarnia\"]}]}<\/script>\n<meta property=\"product:price:amount\" content=\"825\" \/>\n<meta property=\"product:price:currency\" content=\"PLN\" \/>\n<meta property=\"og:availability\" content=\"instock\" \/>\n<meta property=\"product:availability\" content=\"instock\" \/>\n<meta property=\"product:condition\" content=\"new\" \/>\n<!-- \/ Yoast SEO plugin. -->","yoast_head_json":{"title":"Z\u0142oto Buczacza 1.77mx1.69m z fr\u0119dzlami - Persjarnia Zambrzyckich","robots":{"index":"index","follow":"follow","max-snippet":"max-snippet:-1","max-image-preview":"max-image-preview:large","max-video-preview":"max-video-preview:-1"},"canonical":"https:\/\/persjarnia.com\/en\/product\/zloto-buczacza-1-77mx1-69m-z-fredzlami\/","og_locale":"en_GB","og_type":"article","og_title":"Z\u0142oto Buczacza 1.77mx1.69m z fr\u0119dzlami - Persjarnia Zambrzyckich","og_description":"Wiano Marii Mohylanki \u2013 c\u00f3rki wo\u0142oskiego hospodara, wydanej za wojewod\u0119 Stefana Potockiego by\u0142o pot\u0119\u017cnym skarbem, kt\u00f3ry ksi\u0119\u017cna przeznaczy\u0142a na budow\u0119 klasztor\u00f3w i fortyfikacji miasta. Legenda g\u0142osi, \u017ce kt\u00f3rego\u015b dnia miasto odpar\u0142o kolejne ataki armii su\u0142tana Mehmeda IV-go. Su\u0142tan zdumia\u0142 si\u0119 wielce, kiedy si\u0119 dowiedzia\u0142, \u017ce Wojewoda Potocki prowadzi\u0142 w tym czasie bitw\u0119 daleko od rodzinnego Buczacza, a obron\u0105 miasta dowodzi\u0142a jego \u017cona. Su\u0142tan przes\u0142a\u0142 wspania\u0142e z\u0142ote dary walecznej damie i zaprzesta\u0142 obl\u0119\u017cenia. Makata z dw\u00f3ch kolor\u00f3w z\u0142ota: \u017c\u00f3\u0142tego i czerwonego. Taka kombinacja kolor\u00f3w stanowi \u015bwietne t\u0142o dla kolekcji broni bia\u0142ej. Rozmiar makaty: 1.77m (nie licz\u0105c frendzli) na 1.69m. Makata dwustronna  &nbsp;","og_url":"https:\/\/persjarnia.com\/en\/product\/zloto-buczacza-1-77mx1-69m-z-fredzlami\/","og_site_name":"Persjarnia Zambrzyckich","article_publisher":"https:\/\/www.facebook.com\/persjarnia","article_modified_time":"2025-09-27T15:33:10+00:00","og_image":[{"width":1076,"height":1200,"url":"https:\/\/persjarnia.com\/wp-content\/uploads\/2025\/09\/IMG_8511_.jpg","type":"image\/jpeg"}],"twitter_card":"summary_large_image","twitter_misc":{"Price":"825&nbsp;&#122;&#322;","Availability":"In stock"},"schema":{"@context":"https:\/\/schema.org","@graph":[{"@type":"WebPage","@id":"https:\/\/persjarnia.com\/pl\/produkt\/zloto-buczacza-1-77mx1-69m-z-fredzlami\/","url":"https:\/\/persjarnia.com\/pl\/produkt\/zloto-buczacza-1-77mx1-69m-z-fredzlami\/","name":"Z\u0142oto Buczacza 1.77mx1.69m z fr\u0119dzlami - Persjarnia Zambrzyckich","isPartOf":{"@id":"https:\/\/persjarnia.com\/en\/#website"},"primaryImageOfPage":{"@id":"https:\/\/persjarnia.com\/pl\/produkt\/zloto-buczacza-1-77mx1-69m-z-fredzlami\/#primaryimage"},"image":{"@id":"https:\/\/persjarnia.com\/pl\/produkt\/zloto-buczacza-1-77mx1-69m-z-fredzlami\/#primaryimage"},"thumbnailUrl":"https:\/\/persjarnia.com\/wp-content\/uploads\/2025\/09\/IMG_8511_.jpg","datePublished":"2025-09-27T15:29:56+00:00","dateModified":"2025-09-27T15:33:10+00:00","breadcrumb":{"@id":"https:\/\/persjarnia.com\/pl\/produkt\/zloto-buczacza-1-77mx1-69m-z-fredzlami\/#breadcrumb"},"inLanguage":"en-GB","potentialAction":[{"@type":"ReadAction","target":["https:\/\/persjarnia.com\/pl\/produkt\/zloto-buczacza-1-77mx1-69m-z-fredzlami\/"]}]},{"@type":"ImageObject","inLanguage":"en-GB","@id":"https:\/\/persjarnia.com\/pl\/produkt\/zloto-buczacza-1-77mx1-69m-z-fredzlami\/#primaryimage","url":"https:\/\/persjarnia.com\/wp-content\/uploads\/2025\/09\/IMG_8511_.jpg","contentUrl":"https:\/\/persjarnia.com\/wp-content\/uploads\/2025\/09\/IMG_8511_.jpg","width":1076,"height":1200},{"@type":"BreadcrumbList","@id":"https:\/\/persjarnia.com\/pl\/produkt\/zloto-buczacza-1-77mx1-69m-z-fredzlami\/#breadcrumb","itemListElement":[{"@type":"ListItem","position":1,"name":"Home","item":"https:\/\/persjarnia.com\/en\/"},{"@type":"ListItem","position":2,"name":"Products","item":"https:\/\/persjarnia.com\/en\/shop\/"},{"@type":"ListItem","position":3,"name":"Z\u0142oto Buczacza 1.77mx1.69m z fr\u0119dzlami"}]},{"@type":"WebSite","@id":"https:\/\/persjarnia.com\/en\/#website","url":"https:\/\/persjarnia.com\/en\/","name":"Persjarnia Zambrzyckich","description":"Kontush Sashes, Buczacz Tapestry","publisher":{"@id":"https:\/\/persjarnia.com\/en\/#organization"},"potentialAction":[{"@type":"SearchAction","target":{"@type":"EntryPoint","urlTemplate":"https:\/\/persjarnia.com\/en\/?s={search_term_string}"},"query-input":{"@type":"PropertyValueSpecification","valueRequired":true,"valueName":"search_term_string"}}],"inLanguage":"en-GB"},{"@type":"Organization","@id":"https:\/\/persjarnia.com\/en\/#organization","name":"Persjarnia Zambrzyckich","url":"https:\/\/persjarnia.com\/en\/","logo":{"@type":"ImageObject","inLanguage":"en-GB","@id":"https:\/\/persjarnia.com\/en\/#\/schema\/logo\/image\/","url":"https:\/\/persjarnia.com\/wp-content\/uploads\/2017\/03\/cropped-logo1-sm.png","contentUrl":"https:\/\/persjarnia.com\/wp-content\/uploads\/2017\/03\/cropped-logo1-sm.png","width":130,"height":75,"caption":"Persjarnia Zambrzyckich"},"image":{"@id":"https:\/\/persjarnia.com\/en\/#\/schema\/logo\/image\/"},"sameAs":["https:\/\/www.facebook.com\/persjarnia"]}]},"product_price_amount":"825","product_price_currency":"PLN","og_availability":"instock","product_availability":"instock","product_condition":"new"},"_links":{"self":[{"href":"https:\/\/persjarnia.com\/en\/wp-json\/wp\/v2\/product\/7830","targetHints":{"allow":["GET"]}}],"collection":[{"href":"https:\/\/persjarnia.com\/en\/wp-json\/wp\/v2\/product"}],"about":[{"href":"https:\/\/persjarnia.com\/en\/wp-json\/wp\/v2\/types\/product"}],"wp:featuredmedia":[{"embeddable":true,"href":"https:\/\/persjarnia.com\/en\/wp-json\/wp\/v2\/media\/7433"}],"wp:attachment":[{"href":"https:\/\/persjarnia.com\/en\/wp-json\/wp\/v2\/media?parent=7830"}],"wp:term":[{"taxonomy":"product_brand","embeddable":true,"href":"https:\/\/persjarnia.com\/en\/wp-json\/wp\/v2\/product_brand?post=7830"},{"taxonomy":"product_cat","embeddable":true,"href":"https:\/\/persjarnia.com\/en\/wp-json\/wp\/v2\/product_cat?post=7830"},{"taxonomy":"product_tag","embeddable":true,"href":"https:\/\/persjarnia.com\/en\/wp-json\/wp\/v2\/product_tag?post=7830"}],"curies":[{"name":"wp","href":"https:\/\/api.w.org\/{rel}","templated":true}]}}