{"id":15652,"date":"2026-03-06T21:27:58","date_gmt":"2026-03-06T20:27:58","guid":{"rendered":"https:\/\/persjarnia.com\/?post_type=product&#038;p=15652"},"modified":"2026-03-08T20:08:56","modified_gmt":"2026-03-08T19:08:56","slug":"portfelik-herby-krolestwa-polskiego-oraz-jego-sojusznikow","status":"publish","type":"product","link":"https:\/\/persjarnia.com\/pl\/produkt\/portfelik-herby-krolestwa-polskiego-oraz-jego-sojusznikow\/","title":{"rendered":"Portfelik &#8211; herby Kr\u00f3lestwa Polskiego oraz jego sojusznik\u00f3w"},"content":{"rendered":"","protected":false},"excerpt":{"rendered":"<p>Portfelik na p\u00f3\u0142grosze, denary i floreny.<\/p>\n<p>Tkany, o wymiarach 10 cm \u00d7 14 cm, zamykany na zamek b\u0142yskawiczny.<\/p>\n<p>Z jednej strony portfelika wida\u0107 herb Kr\u00f3lestwa Polskiego oraz herby ziem wchodz\u0105cych w sk\u0142ad unii polsko-litewskiej z ko\u0144ca XIV i pocz\u0105tku XV wieku.<\/p>\n<p>Opis herb\u00f3w od \u015brodka \u00a0i na prawo &#8222;wed\u0142ug wskaz\u00f3wki zegara&#8221;:<\/p>\n<ul>\n<li>W centrum: Herb Kr\u00f3lestwa Polskiego: w polu czerwonym orze\u0142 bia\u0142y<\/li>\n<li>Dalej: Herb Wielkiego Ksi\u0119cia Witolda: w polu czerwonym run \u201eS\u0142upy Giedymina\u201d z\u0142oty<\/li>\n<li>Herb Ksi\u0119stwa Ruskiego: w polu b\u0142\u0119kitnym z\u0142oty lew w koronie wspinaj\u0105cy si\u0119 na ska\u0142\u0119<\/li>\n<li>Herb Ksi\u0119stwa Kujawskiego: tarcza dwudzielna w pas, w prawym polu czerwonym po\u0142ulew bia\u0142y, w lewym polu z\u0142otym po\u0142uorze\u0142 czarny<\/li>\n<li>Herb Ksi\u0119stwa Kaliskiego: na bia\u0142o-czerwonej szachownicy w koronie tur czarny<\/li>\n<\/ul>\n<p>Po obwodzie widniej\u0105 nazwy pa\u0144stw po \u0142acinie, zapisane gotyck\u0105 czcionk\u0105<\/p>\n<p>(od \u015brodka u g\u00f3ry i na prawo): REGNUM POLONI\u00c6, MAG. DUCATUS LITHUANI\u00c6, DUC. RUTHENIAE, DUCATUS CUIAVIENSIS, CALISSI\u00c6 DUC.<\/p>\n<p>&nbsp;<\/p>\n<p>Z drugiej strony portfelika wida\u0107 herb Wielkiego Ksi\u0119stwa Litewskiego oraz herby sojusznik\u00f3w unii polsko-litewskiej na prze\u0142omie XIV i XV wieku.<\/p>\n<p>Opis herb\u00f3w od \u015brodka i na prawo:<\/p>\n<ul>\n<li>W centrum: Herb Wielkiego Ksi\u0119stwa Litewskiego (\u201ePogo\u0144\u201d): w polu czerwonym rycerz bia\u0142y<\/li>\n<li>Dalej: Herb Ksi\u0119stwa Mazowieckiego: w polu czerwonym orze\u0142 bia\u0142y<\/li>\n<li>Tamga rodu Su\u0142tana Gireja (symbol polskich Tatar\u00f3w): w polu b\u0142\u0119kitnym Girej\u00f3w run z\u0142oty<\/li>\n<li>Herb Ksi\u0119stwa Smole\u0144skiego: w polu czerwonym nied\u017awied\u017a bia\u0142y krocz\u0105cy<\/li>\n<li>Herb Ruchu Husyckiego: w polu czerwonym kielich z\u0142oty<\/li>\n<\/ul>\n<p>Na obwodzie widniej\u0105 nazwy pa\u0144stw po \u0142acinie, zapisane gotyck\u0105 czcionk\u0105<\/p>\n<p>(od \u015brodka u g\u00f3ry i na prawo): MAGNUS DUCATUS LITHUANI\u00c6, TARTARIA, DUCATUS SMOLENIENSIS, HUSITIAE, DUCATUS MASOVI\u00c6<\/p>\n<p>Idealny pomys\u0142 na prezent z Polski dla mi\u0142o\u015bnik\u00f3w historii, zamk\u00f3w i \u015bredniowiecznej kultury.<\/p>\n","protected":false},"featured_media":15671,"template":"","meta":{"_acf_changed":false},"product_brand":[],"product_cat":[351],"product_tag":[],"class_list":{"0":"post-15652","1":"product","2":"type-product","3":"status-publish","4":"has-post-thumbnail","6":"product_cat-herby","8":"first","9":"instock","10":"shipping-taxable","11":"purchasable","12":"product-type-simple"},"acf":[],"yoast_head":"<!-- This site is optimized with the Yoast SEO plugin v26.1 - https:\/\/yoast.com\/wordpress\/plugins\/seo\/ -->\n<title>Portfelik - herby Kr\u00f3lestwa Polskiego oraz jego sojusznik\u00f3w - Persjarnia Zambrzyckich<\/title>\n<meta name=\"description\" content=\"Portfelik inspirowany heraldyk\u0105 unii polsko-litewskiej z prze\u0142omu XIV i XV wieku. Tkany portfel o wymiarach 10 \u00d7 14 cm, zamykany na zamek b\u0142yskawiczny. Z obu stron przedstawia historyczne herby Kr\u00f3lestwa Polskiego, Wielkiego Ksi\u0119stwa Litewskiego oraz pa\u0144stw i ksi\u0119stw zwi\u0105zanych z uni\u0105, wraz z \u0142aci\u0144skimi nazwami zapisanymi gotyck\u0105 czcionk\u0105. Oryginalny, historyczny motyw sprawia, \u017ce portfelik jest wyj\u0105tkow\u0105 pami\u0105tk\u0105 inspirowan\u0105 \u015bredniowieczn\u0105 heraldyk\u0105 Europy \u015arodkowo-Wschodniej.\" \/>\n<meta name=\"robots\" content=\"index, follow, max-snippet:-1, max-image-preview:large, max-video-preview:-1\" \/>\n<link rel=\"canonical\" href=\"https:\/\/persjarnia.com\/pl\/produkt\/portfelik-herby-krolestwa-polskiego-oraz-jego-sojusznikow\/\" \/>\n<meta property=\"og:locale\" content=\"pl_PL\" \/>\n<meta property=\"og:type\" content=\"article\" \/>\n<meta property=\"og:title\" content=\"Portfelik - herby Kr\u00f3lestwa Polskiego oraz jego sojusznik\u00f3w - Persjarnia Zambrzyckich\" \/>\n<meta property=\"og:description\" content=\"Portfelik inspirowany heraldyk\u0105 unii polsko-litewskiej z prze\u0142omu XIV i XV wieku. Tkany portfel o wymiarach 10 \u00d7 14 cm, zamykany na zamek b\u0142yskawiczny. Z obu stron przedstawia historyczne herby Kr\u00f3lestwa Polskiego, Wielkiego Ksi\u0119stwa Litewskiego oraz pa\u0144stw i ksi\u0119stw zwi\u0105zanych z uni\u0105, wraz z \u0142aci\u0144skimi nazwami zapisanymi gotyck\u0105 czcionk\u0105. Oryginalny, historyczny motyw sprawia, \u017ce portfelik jest wyj\u0105tkow\u0105 pami\u0105tk\u0105 inspirowan\u0105 \u015bredniowieczn\u0105 heraldyk\u0105 Europy \u015arodkowo-Wschodniej.\" \/>\n<meta property=\"og:url\" content=\"https:\/\/persjarnia.com\/pl\/produkt\/portfelik-herby-krolestwa-polskiego-oraz-jego-sojusznikow\/\" \/>\n<meta property=\"og:site_name\" content=\"Persjarnia Zambrzyckich\" \/>\n<meta property=\"article:publisher\" content=\"https:\/\/www.facebook.com\/persjarnia\" \/>\n<meta property=\"article:modified_time\" content=\"2026-03-08T19:08:56+00:00\" \/>\n<meta property=\"og:image\" content=\"https:\/\/persjarnia.com\/wp-content\/uploads\/2026\/03\/IMG_5464.png\" \/>\n\t<meta property=\"og:image:width\" content=\"1000\" \/>\n\t<meta property=\"og:image:height\" content=\"1000\" \/>\n\t<meta property=\"og:image:type\" content=\"image\/png\" \/>\n<meta name=\"twitter:card\" content=\"summary_large_image\" \/>\n<meta name=\"twitter:label1\" content=\"Cena\" \/>\n\t<meta name=\"twitter:data1\" content=\"24&nbsp;&#122;&#322;\" \/>\n\t<meta name=\"twitter:label2\" content=\"Dost\u0119pno\u015b\u0107\" \/>\n\t<meta name=\"twitter:data2\" content=\"Dost\u0119pny\" \/>\n<script type=\"application\/ld+json\" class=\"yoast-schema-graph\">{\"@context\":\"https:\/\/schema.org\",\"@graph\":[{\"@type\":\"WebPage\",\"@id\":\"https:\/\/persjarnia.com\/pl\/produkt\/portfelik-herby-krolestwa-polskiego-oraz-jego-sojusznikow\/\",\"url\":\"https:\/\/persjarnia.com\/pl\/produkt\/portfelik-herby-krolestwa-polskiego-oraz-jego-sojusznikow\/\",\"name\":\"Portfelik - herby Kr\u00f3lestwa Polskiego oraz jego sojusznik\u00f3w - Persjarnia Zambrzyckich\",\"isPartOf\":{\"@id\":\"https:\/\/persjarnia.com\/en\/#website\"},\"primaryImageOfPage\":{\"@id\":\"https:\/\/persjarnia.com\/pl\/produkt\/portfelik-herby-krolestwa-polskiego-oraz-jego-sojusznikow\/#primaryimage\"},\"image\":{\"@id\":\"https:\/\/persjarnia.com\/pl\/produkt\/portfelik-herby-krolestwa-polskiego-oraz-jego-sojusznikow\/#primaryimage\"},\"thumbnailUrl\":\"https:\/\/persjarnia.com\/wp-content\/uploads\/2026\/03\/IMG_5464.png\",\"datePublished\":\"2026-03-06T20:27:58+00:00\",\"dateModified\":\"2026-03-08T19:08:56+00:00\",\"description\":\"Portfelik inspirowany heraldyk\u0105 unii polsko-litewskiej z prze\u0142omu XIV i XV wieku. Tkany portfel o wymiarach 10 \u00d7 14 cm, zamykany na zamek b\u0142yskawiczny. Z obu stron przedstawia historyczne herby Kr\u00f3lestwa Polskiego, Wielkiego Ksi\u0119stwa Litewskiego oraz pa\u0144stw i ksi\u0119stw zwi\u0105zanych z uni\u0105, wraz z \u0142aci\u0144skimi nazwami zapisanymi gotyck\u0105 czcionk\u0105. Oryginalny, historyczny motyw sprawia, \u017ce portfelik jest wyj\u0105tkow\u0105 pami\u0105tk\u0105 inspirowan\u0105 \u015bredniowieczn\u0105 heraldyk\u0105 Europy \u015arodkowo-Wschodniej.\",\"breadcrumb\":{\"@id\":\"https:\/\/persjarnia.com\/pl\/produkt\/portfelik-herby-krolestwa-polskiego-oraz-jego-sojusznikow\/#breadcrumb\"},\"inLanguage\":\"pl-PL\",\"potentialAction\":[{\"@type\":\"ReadAction\",\"target\":[\"https:\/\/persjarnia.com\/pl\/produkt\/portfelik-herby-krolestwa-polskiego-oraz-jego-sojusznikow\/\"]}]},{\"@type\":\"ImageObject\",\"inLanguage\":\"pl-PL\",\"@id\":\"https:\/\/persjarnia.com\/pl\/produkt\/portfelik-herby-krolestwa-polskiego-oraz-jego-sojusznikow\/#primaryimage\",\"url\":\"https:\/\/persjarnia.com\/wp-content\/uploads\/2026\/03\/IMG_5464.png\",\"contentUrl\":\"https:\/\/persjarnia.com\/wp-content\/uploads\/2026\/03\/IMG_5464.png\",\"width\":1000,\"height\":1000},{\"@type\":\"BreadcrumbList\",\"@id\":\"https:\/\/persjarnia.com\/pl\/produkt\/portfelik-herby-krolestwa-polskiego-oraz-jego-sojusznikow\/#breadcrumb\",\"itemListElement\":[{\"@type\":\"ListItem\",\"position\":1,\"name\":\"Home\",\"item\":\"https:\/\/persjarnia.com\/en\/\"},{\"@type\":\"ListItem\",\"position\":2,\"name\":\"Products\",\"item\":\"https:\/\/persjarnia.com\/en\/shop\/\"},{\"@type\":\"ListItem\",\"position\":3,\"name\":\"Portfelik &#8211; herby Kr\u00f3lestwa Polskiego oraz jego sojusznik\u00f3w\"}]},{\"@type\":\"WebSite\",\"@id\":\"https:\/\/persjarnia.com\/en\/#website\",\"url\":\"https:\/\/persjarnia.com\/en\/\",\"name\":\"Persjarnia Zambrzyckich\",\"description\":\"Pasy Kontuszowe, Makaty Buczackie\",\"publisher\":{\"@id\":\"https:\/\/persjarnia.com\/en\/#organization\"},\"potentialAction\":[{\"@type\":\"SearchAction\",\"target\":{\"@type\":\"EntryPoint\",\"urlTemplate\":\"https:\/\/persjarnia.com\/en\/?s={search_term_string}\"},\"query-input\":{\"@type\":\"PropertyValueSpecification\",\"valueRequired\":true,\"valueName\":\"search_term_string\"}}],\"inLanguage\":\"pl-PL\"},{\"@type\":\"Organization\",\"@id\":\"https:\/\/persjarnia.com\/en\/#organization\",\"name\":\"Persjarnia Zambrzyckich\",\"url\":\"https:\/\/persjarnia.com\/en\/\",\"logo\":{\"@type\":\"ImageObject\",\"inLanguage\":\"pl-PL\",\"@id\":\"https:\/\/persjarnia.com\/en\/#\/schema\/logo\/image\/\",\"url\":\"https:\/\/persjarnia.com\/wp-content\/uploads\/2017\/03\/cropped-logo1-sm.png\",\"contentUrl\":\"https:\/\/persjarnia.com\/wp-content\/uploads\/2017\/03\/cropped-logo1-sm.png\",\"width\":130,\"height\":75,\"caption\":\"Persjarnia Zambrzyckich\"},\"image\":{\"@id\":\"https:\/\/persjarnia.com\/en\/#\/schema\/logo\/image\/\"},\"sameAs\":[\"https:\/\/www.facebook.com\/persjarnia\"]}]}<\/script>\n<meta property=\"product:price:amount\" content=\"24\" \/>\n<meta property=\"product:price:currency\" content=\"PLN\" \/>\n<meta property=\"og:availability\" content=\"instock\" \/>\n<meta property=\"product:availability\" content=\"instock\" \/>\n<meta property=\"product:condition\" content=\"new\" \/>\n<!-- \/ Yoast SEO plugin. -->","yoast_head_json":{"title":"Portfelik - herby Kr\u00f3lestwa Polskiego oraz jego sojusznik\u00f3w - Persjarnia Zambrzyckich","description":"Portfelik inspirowany heraldyk\u0105 unii polsko-litewskiej z prze\u0142omu XIV i XV wieku. Tkany portfel o wymiarach 10 \u00d7 14 cm, zamykany na zamek b\u0142yskawiczny. Z obu stron przedstawia historyczne herby Kr\u00f3lestwa Polskiego, Wielkiego Ksi\u0119stwa Litewskiego oraz pa\u0144stw i ksi\u0119stw zwi\u0105zanych z uni\u0105, wraz z \u0142aci\u0144skimi nazwami zapisanymi gotyck\u0105 czcionk\u0105. Oryginalny, historyczny motyw sprawia, \u017ce portfelik jest wyj\u0105tkow\u0105 pami\u0105tk\u0105 inspirowan\u0105 \u015bredniowieczn\u0105 heraldyk\u0105 Europy \u015arodkowo-Wschodniej.","robots":{"index":"index","follow":"follow","max-snippet":"max-snippet:-1","max-image-preview":"max-image-preview:large","max-video-preview":"max-video-preview:-1"},"canonical":"https:\/\/persjarnia.com\/pl\/produkt\/portfelik-herby-krolestwa-polskiego-oraz-jego-sojusznikow\/","og_locale":"pl_PL","og_type":"article","og_title":"Portfelik - herby Kr\u00f3lestwa Polskiego oraz jego sojusznik\u00f3w - Persjarnia Zambrzyckich","og_description":"Portfelik inspirowany heraldyk\u0105 unii polsko-litewskiej z prze\u0142omu XIV i XV wieku. Tkany portfel o wymiarach 10 \u00d7 14 cm, zamykany na zamek b\u0142yskawiczny. Z obu stron przedstawia historyczne herby Kr\u00f3lestwa Polskiego, Wielkiego Ksi\u0119stwa Litewskiego oraz pa\u0144stw i ksi\u0119stw zwi\u0105zanych z uni\u0105, wraz z \u0142aci\u0144skimi nazwami zapisanymi gotyck\u0105 czcionk\u0105. Oryginalny, historyczny motyw sprawia, \u017ce portfelik jest wyj\u0105tkow\u0105 pami\u0105tk\u0105 inspirowan\u0105 \u015bredniowieczn\u0105 heraldyk\u0105 Europy \u015arodkowo-Wschodniej.","og_url":"https:\/\/persjarnia.com\/pl\/produkt\/portfelik-herby-krolestwa-polskiego-oraz-jego-sojusznikow\/","og_site_name":"Persjarnia Zambrzyckich","article_publisher":"https:\/\/www.facebook.com\/persjarnia","article_modified_time":"2026-03-08T19:08:56+00:00","og_image":[{"width":1000,"height":1000,"url":"https:\/\/persjarnia.com\/wp-content\/uploads\/2026\/03\/IMG_5464.png","type":"image\/png"}],"twitter_card":"summary_large_image","twitter_misc":{"Cena":"24&nbsp;&#122;&#322;","Dost\u0119pno\u015b\u0107":"Dost\u0119pny"},"schema":{"@context":"https:\/\/schema.org","@graph":[{"@type":"WebPage","@id":"https:\/\/persjarnia.com\/pl\/produkt\/portfelik-herby-krolestwa-polskiego-oraz-jego-sojusznikow\/","url":"https:\/\/persjarnia.com\/pl\/produkt\/portfelik-herby-krolestwa-polskiego-oraz-jego-sojusznikow\/","name":"Portfelik - herby Kr\u00f3lestwa Polskiego oraz jego sojusznik\u00f3w - Persjarnia Zambrzyckich","isPartOf":{"@id":"https:\/\/persjarnia.com\/en\/#website"},"primaryImageOfPage":{"@id":"https:\/\/persjarnia.com\/pl\/produkt\/portfelik-herby-krolestwa-polskiego-oraz-jego-sojusznikow\/#primaryimage"},"image":{"@id":"https:\/\/persjarnia.com\/pl\/produkt\/portfelik-herby-krolestwa-polskiego-oraz-jego-sojusznikow\/#primaryimage"},"thumbnailUrl":"https:\/\/persjarnia.com\/wp-content\/uploads\/2026\/03\/IMG_5464.png","datePublished":"2026-03-06T20:27:58+00:00","dateModified":"2026-03-08T19:08:56+00:00","description":"Portfelik inspirowany heraldyk\u0105 unii polsko-litewskiej z prze\u0142omu XIV i XV wieku. Tkany portfel o wymiarach 10 \u00d7 14 cm, zamykany na zamek b\u0142yskawiczny. Z obu stron przedstawia historyczne herby Kr\u00f3lestwa Polskiego, Wielkiego Ksi\u0119stwa Litewskiego oraz pa\u0144stw i ksi\u0119stw zwi\u0105zanych z uni\u0105, wraz z \u0142aci\u0144skimi nazwami zapisanymi gotyck\u0105 czcionk\u0105. Oryginalny, historyczny motyw sprawia, \u017ce portfelik jest wyj\u0105tkow\u0105 pami\u0105tk\u0105 inspirowan\u0105 \u015bredniowieczn\u0105 heraldyk\u0105 Europy \u015arodkowo-Wschodniej.","breadcrumb":{"@id":"https:\/\/persjarnia.com\/pl\/produkt\/portfelik-herby-krolestwa-polskiego-oraz-jego-sojusznikow\/#breadcrumb"},"inLanguage":"pl-PL","potentialAction":[{"@type":"ReadAction","target":["https:\/\/persjarnia.com\/pl\/produkt\/portfelik-herby-krolestwa-polskiego-oraz-jego-sojusznikow\/"]}]},{"@type":"ImageObject","inLanguage":"pl-PL","@id":"https:\/\/persjarnia.com\/pl\/produkt\/portfelik-herby-krolestwa-polskiego-oraz-jego-sojusznikow\/#primaryimage","url":"https:\/\/persjarnia.com\/wp-content\/uploads\/2026\/03\/IMG_5464.png","contentUrl":"https:\/\/persjarnia.com\/wp-content\/uploads\/2026\/03\/IMG_5464.png","width":1000,"height":1000},{"@type":"BreadcrumbList","@id":"https:\/\/persjarnia.com\/pl\/produkt\/portfelik-herby-krolestwa-polskiego-oraz-jego-sojusznikow\/#breadcrumb","itemListElement":[{"@type":"ListItem","position":1,"name":"Home","item":"https:\/\/persjarnia.com\/en\/"},{"@type":"ListItem","position":2,"name":"Products","item":"https:\/\/persjarnia.com\/en\/shop\/"},{"@type":"ListItem","position":3,"name":"Portfelik &#8211; herby Kr\u00f3lestwa Polskiego oraz jego sojusznik\u00f3w"}]},{"@type":"WebSite","@id":"https:\/\/persjarnia.com\/en\/#website","url":"https:\/\/persjarnia.com\/en\/","name":"Persjarnia Zambrzyckich","description":"Pasy Kontuszowe, Makaty Buczackie","publisher":{"@id":"https:\/\/persjarnia.com\/en\/#organization"},"potentialAction":[{"@type":"SearchAction","target":{"@type":"EntryPoint","urlTemplate":"https:\/\/persjarnia.com\/en\/?s={search_term_string}"},"query-input":{"@type":"PropertyValueSpecification","valueRequired":true,"valueName":"search_term_string"}}],"inLanguage":"pl-PL"},{"@type":"Organization","@id":"https:\/\/persjarnia.com\/en\/#organization","name":"Persjarnia Zambrzyckich","url":"https:\/\/persjarnia.com\/en\/","logo":{"@type":"ImageObject","inLanguage":"pl-PL","@id":"https:\/\/persjarnia.com\/en\/#\/schema\/logo\/image\/","url":"https:\/\/persjarnia.com\/wp-content\/uploads\/2017\/03\/cropped-logo1-sm.png","contentUrl":"https:\/\/persjarnia.com\/wp-content\/uploads\/2017\/03\/cropped-logo1-sm.png","width":130,"height":75,"caption":"Persjarnia Zambrzyckich"},"image":{"@id":"https:\/\/persjarnia.com\/en\/#\/schema\/logo\/image\/"},"sameAs":["https:\/\/www.facebook.com\/persjarnia"]}]},"product_price_amount":"24","product_price_currency":"PLN","og_availability":"instock","product_availability":"instock","product_condition":"new"},"_links":{"self":[{"href":"https:\/\/persjarnia.com\/pl\/wp-json\/wp\/v2\/product\/15652","targetHints":{"allow":["GET"]}}],"collection":[{"href":"https:\/\/persjarnia.com\/pl\/wp-json\/wp\/v2\/product"}],"about":[{"href":"https:\/\/persjarnia.com\/pl\/wp-json\/wp\/v2\/types\/product"}],"wp:featuredmedia":[{"embeddable":true,"href":"https:\/\/persjarnia.com\/pl\/wp-json\/wp\/v2\/media\/15671"}],"wp:attachment":[{"href":"https:\/\/persjarnia.com\/pl\/wp-json\/wp\/v2\/media?parent=15652"}],"wp:term":[{"taxonomy":"product_brand","embeddable":true,"href":"https:\/\/persjarnia.com\/pl\/wp-json\/wp\/v2\/product_brand?post=15652"},{"taxonomy":"product_cat","embeddable":true,"href":"https:\/\/persjarnia.com\/pl\/wp-json\/wp\/v2\/product_cat?post=15652"},{"taxonomy":"product_tag","embeddable":true,"href":"https:\/\/persjarnia.com\/pl\/wp-json\/wp\/v2\/product_tag?post=15652"}],"curies":[{"name":"wp","href":"https:\/\/api.w.org\/{rel}","templated":true}]}}