{"id":7468,"date":"2025-09-27T17:25:19","date_gmt":"2025-09-27T15:25:19","guid":{"rendered":"https:\/\/persjarnia.com\/?post_type=product&#038;p=7468"},"modified":"2025-09-27T18:28:36","modified_gmt":"2025-09-27T16:28:36","slug":"pas-zagloba-czerwono-bordowy","status":"publish","type":"product","link":"https:\/\/persjarnia.com\/pl\/produkt\/pas-zagloba-czerwono-bordowy\/","title":{"rendered":"Pas Zag\u0142oba czerwono-bordowy"},"content":{"rendered":"","protected":false},"excerpt":{"rendered":"<p>Wz\u00f3r \u2013 jak zwykle jest dok\u0142adn\u0105 kopi\u0105 zabytkowego pasa.<\/p>\n<p>Ornament tkany.<\/p>\n<p align=\"justify\">Komplet sk\u0142adaj\u0105cy si\u0119 z pasa i dw\u00f3ch muszek.<\/p>\n<p align=\"justify\">Pas obustronny.<\/p>\n<p align=\"justify\">D\u0142ugo\u015b\u0107 cz\u0119\u015bci ozdobnej 65cm, wysoko\u015b\u0107 14cm. Regulowana ta\u015bma elastyczna pozwala na za\u0142o\u017cenie pasa przy obwodzie talii od 80cm do 120cm<\/p>\n<p align=\"justify\">Na specjalne \u017cyczenie, mo\u017cemy Pa\u0144stwa zakup umie\u015bci\u0107 w eleganckim, podarunkowym pude\u0142ku, za dodatkowe 30z\u0142. Prosimy wybra\u0107 odpowiedni\u0105 opcj\u0119 przed dodaniem do koszyka.<\/p>\n","protected":false},"featured_media":7895,"template":"","meta":{"_acf_changed":false},"product_brand":[],"product_cat":[105],"product_tag":[],"class_list":{"0":"post-7468","1":"product","2":"type-product","3":"status-publish","4":"has-post-thumbnail","6":"product_cat-pasy-sarmackie-do-garnituru","7":"pa_packing-without-packaging","8":"pa_packing-with-packing","10":"first","11":"instock","12":"shipping-taxable","13":"purchasable","14":"product-type-variable"},"acf":[],"yoast_head":"<!-- This site is optimized with the Yoast SEO plugin v26.1 - https:\/\/yoast.com\/wordpress\/plugins\/seo\/ -->\n<title>Pas Zag\u0142oba czerwono-bordowy - Persjarnia Zambrzyckich<\/title>\n<meta name=\"robots\" content=\"index, follow, max-snippet:-1, max-image-preview:large, max-video-preview:-1\" \/>\n<link rel=\"canonical\" href=\"https:\/\/persjarnia.com\/pl\/produkt\/pas-zagloba-czerwono-bordowy\/\" \/>\n<meta property=\"og:locale\" content=\"pl_PL\" \/>\n<meta property=\"og:type\" content=\"article\" \/>\n<meta property=\"og:title\" content=\"Pas Zag\u0142oba czerwono-bordowy - Persjarnia Zambrzyckich\" \/>\n<meta property=\"og:description\" content=\"Wz\u00f3r \u2013 jak zwykle jest dok\u0142adn\u0105 kopi\u0105 zabytkowego pasa.  Ornament tkany. Komplet sk\u0142adaj\u0105cy si\u0119 z pasa i dw\u00f3ch muszek. Pas obustronny. D\u0142ugo\u015b\u0107 cz\u0119\u015bci ozdobnej 65cm, wysoko\u015b\u0107 14cm. Regulowana ta\u015bma elastyczna pozwala na za\u0142o\u017cenie pasa przy obwodzie talii od 80cm do 120cm Na specjalne \u017cyczenie, mo\u017cemy Pa\u0144stwa zakup umie\u015bci\u0107 w eleganckim, podarunkowym pude\u0142ku, za dodatkowe 30z\u0142. Prosimy wybra\u0107 odpowiedni\u0105 opcj\u0119 przed dodaniem do koszyka.\" \/>\n<meta property=\"og:url\" content=\"https:\/\/persjarnia.com\/pl\/produkt\/pas-zagloba-czerwono-bordowy\/\" \/>\n<meta property=\"og:site_name\" content=\"Persjarnia Zambrzyckich\" \/>\n<meta property=\"article:publisher\" content=\"https:\/\/www.facebook.com\/persjarnia\" \/>\n<meta property=\"article:modified_time\" content=\"2025-09-27T16:28:36+00:00\" \/>\n<meta property=\"og:image\" content=\"https:\/\/persjarnia.com\/wp-content\/uploads\/2025\/09\/DSC_0291.jpg\" \/>\n\t<meta property=\"og:image:width\" content=\"1200\" \/>\n\t<meta property=\"og:image:height\" content=\"1200\" \/>\n\t<meta property=\"og:image:type\" content=\"image\/jpeg\" \/>\n<meta name=\"twitter:card\" content=\"summary_large_image\" \/>\n<meta name=\"twitter:label1\" content=\"Dost\u0119pno\u015b\u0107\" \/>\n\t<meta name=\"twitter:data1\" content=\"Dost\u0119pny\" \/>\n<script type=\"application\/ld+json\" class=\"yoast-schema-graph\">{\"@context\":\"https:\/\/schema.org\",\"@graph\":[{\"@type\":\"WebPage\",\"@id\":\"https:\/\/persjarnia.com\/produkt\/pas-zagloba-czerwono-bordowy\/\",\"url\":\"https:\/\/persjarnia.com\/produkt\/pas-zagloba-czerwono-bordowy\/\",\"name\":\"Pas Zag\u0142oba czerwono-bordowy - Persjarnia Zambrzyckich\",\"isPartOf\":{\"@id\":\"https:\/\/persjarnia.com\/en\/#website\"},\"primaryImageOfPage\":{\"@id\":\"https:\/\/persjarnia.com\/produkt\/pas-zagloba-czerwono-bordowy\/#primaryimage\"},\"image\":{\"@id\":\"https:\/\/persjarnia.com\/produkt\/pas-zagloba-czerwono-bordowy\/#primaryimage\"},\"thumbnailUrl\":\"https:\/\/persjarnia.com\/wp-content\/uploads\/2025\/09\/DSC_0291.jpg\",\"datePublished\":\"2025-09-27T15:25:19+00:00\",\"dateModified\":\"2025-09-27T16:28:36+00:00\",\"breadcrumb\":{\"@id\":\"https:\/\/persjarnia.com\/produkt\/pas-zagloba-czerwono-bordowy\/#breadcrumb\"},\"inLanguage\":\"pl-PL\",\"potentialAction\":[{\"@type\":\"ReadAction\",\"target\":[\"https:\/\/persjarnia.com\/produkt\/pas-zagloba-czerwono-bordowy\/\"]}]},{\"@type\":\"ImageObject\",\"inLanguage\":\"pl-PL\",\"@id\":\"https:\/\/persjarnia.com\/produkt\/pas-zagloba-czerwono-bordowy\/#primaryimage\",\"url\":\"https:\/\/persjarnia.com\/wp-content\/uploads\/2025\/09\/DSC_0291.jpg\",\"contentUrl\":\"https:\/\/persjarnia.com\/wp-content\/uploads\/2025\/09\/DSC_0291.jpg\",\"width\":1200,\"height\":1200},{\"@type\":\"BreadcrumbList\",\"@id\":\"https:\/\/persjarnia.com\/produkt\/pas-zagloba-czerwono-bordowy\/#breadcrumb\",\"itemListElement\":[{\"@type\":\"ListItem\",\"position\":1,\"name\":\"Home\",\"item\":\"https:\/\/persjarnia.com\/en\/\"},{\"@type\":\"ListItem\",\"position\":2,\"name\":\"Products\",\"item\":\"https:\/\/persjarnia.com\/en\/shop\/\"},{\"@type\":\"ListItem\",\"position\":3,\"name\":\"Pas Zag\u0142oba czerwono-bordowy\"}]},{\"@type\":\"WebSite\",\"@id\":\"https:\/\/persjarnia.com\/en\/#website\",\"url\":\"https:\/\/persjarnia.com\/en\/\",\"name\":\"Persjarnia Zambrzyckich\",\"description\":\"Pasy Kontuszowe, Makaty Buczackie\",\"publisher\":{\"@id\":\"https:\/\/persjarnia.com\/en\/#organization\"},\"potentialAction\":[{\"@type\":\"SearchAction\",\"target\":{\"@type\":\"EntryPoint\",\"urlTemplate\":\"https:\/\/persjarnia.com\/en\/?s={search_term_string}\"},\"query-input\":{\"@type\":\"PropertyValueSpecification\",\"valueRequired\":true,\"valueName\":\"search_term_string\"}}],\"inLanguage\":\"pl-PL\"},{\"@type\":\"Organization\",\"@id\":\"https:\/\/persjarnia.com\/en\/#organization\",\"name\":\"Persjarnia Zambrzyckich\",\"url\":\"https:\/\/persjarnia.com\/en\/\",\"logo\":{\"@type\":\"ImageObject\",\"inLanguage\":\"pl-PL\",\"@id\":\"https:\/\/persjarnia.com\/en\/#\/schema\/logo\/image\/\",\"url\":\"https:\/\/persjarnia.com\/wp-content\/uploads\/2017\/03\/cropped-logo1-sm.png\",\"contentUrl\":\"https:\/\/persjarnia.com\/wp-content\/uploads\/2017\/03\/cropped-logo1-sm.png\",\"width\":130,\"height\":75,\"caption\":\"Persjarnia Zambrzyckich\"},\"image\":{\"@id\":\"https:\/\/persjarnia.com\/en\/#\/schema\/logo\/image\/\"},\"sameAs\":[\"https:\/\/www.facebook.com\/persjarnia\"]}]}<\/script>\n<meta property=\"og:availability\" content=\"instock\" \/>\n<meta property=\"product:availability\" content=\"instock\" \/>\n<meta property=\"product:retailer_item_id\" content=\"pas-czerwono-bordowy\" \/>\n<meta property=\"product:condition\" content=\"new\" \/>\n<!-- \/ Yoast SEO plugin. -->","yoast_head_json":{"title":"Pas Zag\u0142oba czerwono-bordowy - Persjarnia Zambrzyckich","robots":{"index":"index","follow":"follow","max-snippet":"max-snippet:-1","max-image-preview":"max-image-preview:large","max-video-preview":"max-video-preview:-1"},"canonical":"https:\/\/persjarnia.com\/pl\/produkt\/pas-zagloba-czerwono-bordowy\/","og_locale":"pl_PL","og_type":"article","og_title":"Pas Zag\u0142oba czerwono-bordowy - Persjarnia Zambrzyckich","og_description":"Wz\u00f3r \u2013 jak zwykle jest dok\u0142adn\u0105 kopi\u0105 zabytkowego pasa.  Ornament tkany. Komplet sk\u0142adaj\u0105cy si\u0119 z pasa i dw\u00f3ch muszek. Pas obustronny. D\u0142ugo\u015b\u0107 cz\u0119\u015bci ozdobnej 65cm, wysoko\u015b\u0107 14cm. Regulowana ta\u015bma elastyczna pozwala na za\u0142o\u017cenie pasa przy obwodzie talii od 80cm do 120cm Na specjalne \u017cyczenie, mo\u017cemy Pa\u0144stwa zakup umie\u015bci\u0107 w eleganckim, podarunkowym pude\u0142ku, za dodatkowe 30z\u0142. Prosimy wybra\u0107 odpowiedni\u0105 opcj\u0119 przed dodaniem do koszyka.","og_url":"https:\/\/persjarnia.com\/pl\/produkt\/pas-zagloba-czerwono-bordowy\/","og_site_name":"Persjarnia Zambrzyckich","article_publisher":"https:\/\/www.facebook.com\/persjarnia","article_modified_time":"2025-09-27T16:28:36+00:00","og_image":[{"width":1200,"height":1200,"url":"https:\/\/persjarnia.com\/wp-content\/uploads\/2025\/09\/DSC_0291.jpg","type":"image\/jpeg"}],"twitter_card":"summary_large_image","twitter_misc":{"Dost\u0119pno\u015b\u0107":"Dost\u0119pny"},"schema":{"@context":"https:\/\/schema.org","@graph":[{"@type":"WebPage","@id":"https:\/\/persjarnia.com\/produkt\/pas-zagloba-czerwono-bordowy\/","url":"https:\/\/persjarnia.com\/produkt\/pas-zagloba-czerwono-bordowy\/","name":"Pas Zag\u0142oba czerwono-bordowy - Persjarnia Zambrzyckich","isPartOf":{"@id":"https:\/\/persjarnia.com\/en\/#website"},"primaryImageOfPage":{"@id":"https:\/\/persjarnia.com\/produkt\/pas-zagloba-czerwono-bordowy\/#primaryimage"},"image":{"@id":"https:\/\/persjarnia.com\/produkt\/pas-zagloba-czerwono-bordowy\/#primaryimage"},"thumbnailUrl":"https:\/\/persjarnia.com\/wp-content\/uploads\/2025\/09\/DSC_0291.jpg","datePublished":"2025-09-27T15:25:19+00:00","dateModified":"2025-09-27T16:28:36+00:00","breadcrumb":{"@id":"https:\/\/persjarnia.com\/produkt\/pas-zagloba-czerwono-bordowy\/#breadcrumb"},"inLanguage":"pl-PL","potentialAction":[{"@type":"ReadAction","target":["https:\/\/persjarnia.com\/produkt\/pas-zagloba-czerwono-bordowy\/"]}]},{"@type":"ImageObject","inLanguage":"pl-PL","@id":"https:\/\/persjarnia.com\/produkt\/pas-zagloba-czerwono-bordowy\/#primaryimage","url":"https:\/\/persjarnia.com\/wp-content\/uploads\/2025\/09\/DSC_0291.jpg","contentUrl":"https:\/\/persjarnia.com\/wp-content\/uploads\/2025\/09\/DSC_0291.jpg","width":1200,"height":1200},{"@type":"BreadcrumbList","@id":"https:\/\/persjarnia.com\/produkt\/pas-zagloba-czerwono-bordowy\/#breadcrumb","itemListElement":[{"@type":"ListItem","position":1,"name":"Home","item":"https:\/\/persjarnia.com\/en\/"},{"@type":"ListItem","position":2,"name":"Products","item":"https:\/\/persjarnia.com\/en\/shop\/"},{"@type":"ListItem","position":3,"name":"Pas Zag\u0142oba czerwono-bordowy"}]},{"@type":"WebSite","@id":"https:\/\/persjarnia.com\/en\/#website","url":"https:\/\/persjarnia.com\/en\/","name":"Persjarnia Zambrzyckich","description":"Pasy Kontuszowe, Makaty Buczackie","publisher":{"@id":"https:\/\/persjarnia.com\/en\/#organization"},"potentialAction":[{"@type":"SearchAction","target":{"@type":"EntryPoint","urlTemplate":"https:\/\/persjarnia.com\/en\/?s={search_term_string}"},"query-input":{"@type":"PropertyValueSpecification","valueRequired":true,"valueName":"search_term_string"}}],"inLanguage":"pl-PL"},{"@type":"Organization","@id":"https:\/\/persjarnia.com\/en\/#organization","name":"Persjarnia Zambrzyckich","url":"https:\/\/persjarnia.com\/en\/","logo":{"@type":"ImageObject","inLanguage":"pl-PL","@id":"https:\/\/persjarnia.com\/en\/#\/schema\/logo\/image\/","url":"https:\/\/persjarnia.com\/wp-content\/uploads\/2017\/03\/cropped-logo1-sm.png","contentUrl":"https:\/\/persjarnia.com\/wp-content\/uploads\/2017\/03\/cropped-logo1-sm.png","width":130,"height":75,"caption":"Persjarnia Zambrzyckich"},"image":{"@id":"https:\/\/persjarnia.com\/en\/#\/schema\/logo\/image\/"},"sameAs":["https:\/\/www.facebook.com\/persjarnia"]}]},"og_availability":"instock","product_availability":"instock","product_retailer_item_id":"pas-czerwono-bordowy","product_condition":"new"},"_links":{"self":[{"href":"https:\/\/persjarnia.com\/pl\/wp-json\/wp\/v2\/product\/7468","targetHints":{"allow":["GET"]}}],"collection":[{"href":"https:\/\/persjarnia.com\/pl\/wp-json\/wp\/v2\/product"}],"about":[{"href":"https:\/\/persjarnia.com\/pl\/wp-json\/wp\/v2\/types\/product"}],"wp:featuredmedia":[{"embeddable":true,"href":"https:\/\/persjarnia.com\/pl\/wp-json\/wp\/v2\/media\/7895"}],"wp:attachment":[{"href":"https:\/\/persjarnia.com\/pl\/wp-json\/wp\/v2\/media?parent=7468"}],"wp:term":[{"taxonomy":"product_brand","embeddable":true,"href":"https:\/\/persjarnia.com\/pl\/wp-json\/wp\/v2\/product_brand?post=7468"},{"taxonomy":"product_cat","embeddable":true,"href":"https:\/\/persjarnia.com\/pl\/wp-json\/wp\/v2\/product_cat?post=7468"},{"taxonomy":"product_tag","embeddable":true,"href":"https:\/\/persjarnia.com\/pl\/wp-json\/wp\/v2\/product_tag?post=7468"}],"curies":[{"name":"wp","href":"https:\/\/api.w.org\/{rel}","templated":true}]}}