{"id":7491,"date":"2025-09-27T17:25:21","date_gmt":"2025-09-27T15:25:21","guid":{"rendered":"https:\/\/persjarnia.com\/?post_type=product&#038;p=7491"},"modified":"2025-10-06T12:23:42","modified_gmt":"2025-10-06T10:23:42","slug":"tkana-miniatura-fragment-herbowego-arrasu-wawelskiego-z-xviw-sowa","status":"publish","type":"product","link":"https:\/\/persjarnia.com\/pl\/produkt\/tkana-miniatura-fragment-herbowego-arrasu-wawelskiego-z-xviw-sowa\/","title":{"rendered":"Tkana miniatura &#8211; Fragment herbowego Arrasu Wawelskiego z XVIw &#8211; Sowa"},"content":{"rendered":"","protected":false},"excerpt":{"rendered":"<p>Rozmiar: 19x25cm<\/p>\n<p>MZK Wawel, nr. inv. 87.\u00a0 Rozmiar ca\u0142ego arrasu w oryginale: 1.55 x 2.92m<\/p>\n<p><strong>Symbolika wizerunku:<\/strong><\/p>\n<p>Sowa jest bardzo wa\u017cnym symbolem.\u00a0 Wed\u0142ug wierze\u0144 ludowych przynosi ona szcz\u0119\u015bcie i pomaga osi\u0105gn\u0105\u0107 sukces w nauce.<\/p>\n<p>W Staro\u017cytnej Grecji sowa by\u0142a \u015bwi\u0119tym zwierz\u0119ciem Ateny &#8211; bogini m\u0105dro\u015bci, strategicznego my\u015blenia i sprawiedliwej wojny.<\/p>\n<p>W Staro\u017cytnym Egipcie sowa by\u0142a symbolem matki Ozyrysa: pot\u0119\u017cnej Nut &#8211; bogini m\u0105dro\u015bci, magii i tajemniczo\u015bci.<\/p>\n<div dir=\"auto\">Miniatur\u0119 mo\u017cna kupi\u0107 razem ze specjalnie dobranym passepartout, kt\u00f3re pasuje do ramki 30 * 40cm.<\/div>\n<div dir=\"auto\">Opakowanie to celofanowa, przezroczysta koperta. Na podklejce z ty\u0142u znajduje si\u0119 opis po polsku i po angielsku.<\/div>\n<p>&nbsp;<\/p>\n","protected":false},"featured_media":6812,"template":"","meta":{"_acf_changed":false},"product_brand":[],"product_cat":[336],"product_tag":[],"class_list":{"0":"post-7491","1":"product","2":"type-product","3":"status-publish","4":"has-post-thumbnail","6":"product_cat-arrasy-miniatury","8":"first","9":"instock","10":"shipping-taxable","11":"purchasable","12":"product-type-variable"},"acf":[],"yoast_head":"<!-- This site is optimized with the Yoast SEO plugin v26.1 - https:\/\/yoast.com\/wordpress\/plugins\/seo\/ -->\n<title>Tkana miniatura - Fragment herbowego Arrasu Wawelskiego z XVIw - Sowa - Persjarnia Zambrzyckich<\/title>\n<meta name=\"robots\" content=\"index, follow, max-snippet:-1, max-image-preview:large, max-video-preview:-1\" \/>\n<link rel=\"canonical\" href=\"https:\/\/persjarnia.com\/pl\/produkt\/tkana-miniatura-fragment-herbowego-arrasu-wawelskiego-z-xviw-sowa\/\" \/>\n<meta property=\"og:locale\" content=\"pl_PL\" \/>\n<meta property=\"og:type\" content=\"article\" \/>\n<meta property=\"og:title\" content=\"Tkana miniatura - Fragment herbowego Arrasu Wawelskiego z XVIw - Sowa - Persjarnia Zambrzyckich\" \/>\n<meta property=\"og:description\" content=\"Rozmiar: 19x25cm  MZK Wawel, nr. inv. 87.\u00a0 Rozmiar ca\u0142ego arrasu w oryginale: 1.55 x 2.92m  Symbolika wizerunku:  Sowa jest bardzo wa\u017cnym symbolem.\u00a0 Wed\u0142ug wierze\u0144 ludowych przynosi ona szcz\u0119\u015bcie i pomaga osi\u0105gn\u0105\u0107 sukces w nauce.  W Staro\u017cytnej Grecji sowa by\u0142a \u015bwi\u0119tym zwierz\u0119ciem Ateny - bogini m\u0105dro\u015bci, strategicznego my\u015blenia i sprawiedliwej wojny.  W Staro\u017cytnym Egipcie sowa by\u0142a symbolem matki Ozyrysa: pot\u0119\u017cnej Nut - bogini m\u0105dro\u015bci, magii i tajemniczo\u015bci. Miniatur\u0119 mo\u017cna kupi\u0107 razem ze specjalnie dobranym passepartout, kt\u00f3re pasuje do ramki 30 * 40cm. Opakowanie to celofanowa, przezroczysta koperta. Na podklejce z ty\u0142u znajduje si\u0119 opis po polsku i po angielsku. &nbsp;\" \/>\n<meta property=\"og:url\" content=\"https:\/\/persjarnia.com\/pl\/produkt\/tkana-miniatura-fragment-herbowego-arrasu-wawelskiego-z-xviw-sowa\/\" \/>\n<meta property=\"og:site_name\" content=\"Persjarnia Zambrzyckich\" \/>\n<meta property=\"article:publisher\" content=\"https:\/\/www.facebook.com\/persjarnia\" \/>\n<meta property=\"article:modified_time\" content=\"2025-10-06T10:23:42+00:00\" \/>\n<meta property=\"og:image\" content=\"https:\/\/persjarnia.com\/wp-content\/uploads\/2025\/09\/IMG_2265.jpg\" \/>\n\t<meta property=\"og:image:width\" content=\"900\" \/>\n\t<meta property=\"og:image:height\" content=\"1200\" \/>\n\t<meta property=\"og:image:type\" content=\"image\/jpeg\" \/>\n<meta name=\"twitter:card\" content=\"summary_large_image\" \/>\n<meta name=\"twitter:label1\" content=\"Dost\u0119pno\u015b\u0107\" \/>\n\t<meta name=\"twitter:data1\" content=\"Dost\u0119pny\" \/>\n<script type=\"application\/ld+json\" class=\"yoast-schema-graph\">{\"@context\":\"https:\/\/schema.org\",\"@graph\":[{\"@type\":\"WebPage\",\"@id\":\"https:\/\/persjarnia.com\/pl\/produkt\/tkana-miniatura-fragment-herbowego-arrasu-wawelskiego-z-xviw-sowa\/\",\"url\":\"https:\/\/persjarnia.com\/pl\/produkt\/tkana-miniatura-fragment-herbowego-arrasu-wawelskiego-z-xviw-sowa\/\",\"name\":\"Tkana miniatura - Fragment herbowego Arrasu Wawelskiego z XVIw - Sowa - Persjarnia Zambrzyckich\",\"isPartOf\":{\"@id\":\"https:\/\/persjarnia.com\/en\/#website\"},\"primaryImageOfPage\":{\"@id\":\"https:\/\/persjarnia.com\/pl\/produkt\/tkana-miniatura-fragment-herbowego-arrasu-wawelskiego-z-xviw-sowa\/#primaryimage\"},\"image\":{\"@id\":\"https:\/\/persjarnia.com\/pl\/produkt\/tkana-miniatura-fragment-herbowego-arrasu-wawelskiego-z-xviw-sowa\/#primaryimage\"},\"thumbnailUrl\":\"https:\/\/persjarnia.com\/wp-content\/uploads\/2025\/09\/IMG_2265.jpg\",\"datePublished\":\"2025-09-27T15:25:21+00:00\",\"dateModified\":\"2025-10-06T10:23:42+00:00\",\"breadcrumb\":{\"@id\":\"https:\/\/persjarnia.com\/pl\/produkt\/tkana-miniatura-fragment-herbowego-arrasu-wawelskiego-z-xviw-sowa\/#breadcrumb\"},\"inLanguage\":\"pl-PL\",\"potentialAction\":[{\"@type\":\"ReadAction\",\"target\":[\"https:\/\/persjarnia.com\/pl\/produkt\/tkana-miniatura-fragment-herbowego-arrasu-wawelskiego-z-xviw-sowa\/\"]}]},{\"@type\":\"ImageObject\",\"inLanguage\":\"pl-PL\",\"@id\":\"https:\/\/persjarnia.com\/pl\/produkt\/tkana-miniatura-fragment-herbowego-arrasu-wawelskiego-z-xviw-sowa\/#primaryimage\",\"url\":\"https:\/\/persjarnia.com\/wp-content\/uploads\/2025\/09\/IMG_2265.jpg\",\"contentUrl\":\"https:\/\/persjarnia.com\/wp-content\/uploads\/2025\/09\/IMG_2265.jpg\",\"width\":900,\"height\":1200},{\"@type\":\"BreadcrumbList\",\"@id\":\"https:\/\/persjarnia.com\/pl\/produkt\/tkana-miniatura-fragment-herbowego-arrasu-wawelskiego-z-xviw-sowa\/#breadcrumb\",\"itemListElement\":[{\"@type\":\"ListItem\",\"position\":1,\"name\":\"Home\",\"item\":\"https:\/\/persjarnia.com\/en\/\"},{\"@type\":\"ListItem\",\"position\":2,\"name\":\"Products\",\"item\":\"https:\/\/persjarnia.com\/en\/shop\/\"},{\"@type\":\"ListItem\",\"position\":3,\"name\":\"Tkana miniatura &#8211; Fragment herbowego Arrasu Wawelskiego z XVIw &#8211; Sowa\"}]},{\"@type\":\"WebSite\",\"@id\":\"https:\/\/persjarnia.com\/en\/#website\",\"url\":\"https:\/\/persjarnia.com\/en\/\",\"name\":\"Persjarnia Zambrzyckich\",\"description\":\"Pasy Kontuszowe, Makaty Buczackie\",\"publisher\":{\"@id\":\"https:\/\/persjarnia.com\/en\/#organization\"},\"potentialAction\":[{\"@type\":\"SearchAction\",\"target\":{\"@type\":\"EntryPoint\",\"urlTemplate\":\"https:\/\/persjarnia.com\/en\/?s={search_term_string}\"},\"query-input\":{\"@type\":\"PropertyValueSpecification\",\"valueRequired\":true,\"valueName\":\"search_term_string\"}}],\"inLanguage\":\"pl-PL\"},{\"@type\":\"Organization\",\"@id\":\"https:\/\/persjarnia.com\/en\/#organization\",\"name\":\"Persjarnia Zambrzyckich\",\"url\":\"https:\/\/persjarnia.com\/en\/\",\"logo\":{\"@type\":\"ImageObject\",\"inLanguage\":\"pl-PL\",\"@id\":\"https:\/\/persjarnia.com\/en\/#\/schema\/logo\/image\/\",\"url\":\"https:\/\/persjarnia.com\/wp-content\/uploads\/2017\/03\/cropped-logo1-sm.png\",\"contentUrl\":\"https:\/\/persjarnia.com\/wp-content\/uploads\/2017\/03\/cropped-logo1-sm.png\",\"width\":130,\"height\":75,\"caption\":\"Persjarnia Zambrzyckich\"},\"image\":{\"@id\":\"https:\/\/persjarnia.com\/en\/#\/schema\/logo\/image\/\"},\"sameAs\":[\"https:\/\/www.facebook.com\/persjarnia\"]}]}<\/script>\n<meta property=\"og:availability\" content=\"instock\" \/>\n<meta property=\"product:availability\" content=\"instock\" \/>\n<meta property=\"product:condition\" content=\"new\" \/>\n<!-- \/ Yoast SEO plugin. -->","yoast_head_json":{"title":"Tkana miniatura - Fragment herbowego Arrasu Wawelskiego z XVIw - Sowa - Persjarnia Zambrzyckich","robots":{"index":"index","follow":"follow","max-snippet":"max-snippet:-1","max-image-preview":"max-image-preview:large","max-video-preview":"max-video-preview:-1"},"canonical":"https:\/\/persjarnia.com\/pl\/produkt\/tkana-miniatura-fragment-herbowego-arrasu-wawelskiego-z-xviw-sowa\/","og_locale":"pl_PL","og_type":"article","og_title":"Tkana miniatura - Fragment herbowego Arrasu Wawelskiego z XVIw - Sowa - Persjarnia Zambrzyckich","og_description":"Rozmiar: 19x25cm  MZK Wawel, nr. inv. 87.\u00a0 Rozmiar ca\u0142ego arrasu w oryginale: 1.55 x 2.92m  Symbolika wizerunku:  Sowa jest bardzo wa\u017cnym symbolem.\u00a0 Wed\u0142ug wierze\u0144 ludowych przynosi ona szcz\u0119\u015bcie i pomaga osi\u0105gn\u0105\u0107 sukces w nauce.  W Staro\u017cytnej Grecji sowa by\u0142a \u015bwi\u0119tym zwierz\u0119ciem Ateny - bogini m\u0105dro\u015bci, strategicznego my\u015blenia i sprawiedliwej wojny.  W Staro\u017cytnym Egipcie sowa by\u0142a symbolem matki Ozyrysa: pot\u0119\u017cnej Nut - bogini m\u0105dro\u015bci, magii i tajemniczo\u015bci. Miniatur\u0119 mo\u017cna kupi\u0107 razem ze specjalnie dobranym passepartout, kt\u00f3re pasuje do ramki 30 * 40cm. Opakowanie to celofanowa, przezroczysta koperta. Na podklejce z ty\u0142u znajduje si\u0119 opis po polsku i po angielsku. &nbsp;","og_url":"https:\/\/persjarnia.com\/pl\/produkt\/tkana-miniatura-fragment-herbowego-arrasu-wawelskiego-z-xviw-sowa\/","og_site_name":"Persjarnia Zambrzyckich","article_publisher":"https:\/\/www.facebook.com\/persjarnia","article_modified_time":"2025-10-06T10:23:42+00:00","og_image":[{"width":900,"height":1200,"url":"https:\/\/persjarnia.com\/wp-content\/uploads\/2025\/09\/IMG_2265.jpg","type":"image\/jpeg"}],"twitter_card":"summary_large_image","twitter_misc":{"Dost\u0119pno\u015b\u0107":"Dost\u0119pny"},"schema":{"@context":"https:\/\/schema.org","@graph":[{"@type":"WebPage","@id":"https:\/\/persjarnia.com\/pl\/produkt\/tkana-miniatura-fragment-herbowego-arrasu-wawelskiego-z-xviw-sowa\/","url":"https:\/\/persjarnia.com\/pl\/produkt\/tkana-miniatura-fragment-herbowego-arrasu-wawelskiego-z-xviw-sowa\/","name":"Tkana miniatura - Fragment herbowego Arrasu Wawelskiego z XVIw - Sowa - Persjarnia Zambrzyckich","isPartOf":{"@id":"https:\/\/persjarnia.com\/en\/#website"},"primaryImageOfPage":{"@id":"https:\/\/persjarnia.com\/pl\/produkt\/tkana-miniatura-fragment-herbowego-arrasu-wawelskiego-z-xviw-sowa\/#primaryimage"},"image":{"@id":"https:\/\/persjarnia.com\/pl\/produkt\/tkana-miniatura-fragment-herbowego-arrasu-wawelskiego-z-xviw-sowa\/#primaryimage"},"thumbnailUrl":"https:\/\/persjarnia.com\/wp-content\/uploads\/2025\/09\/IMG_2265.jpg","datePublished":"2025-09-27T15:25:21+00:00","dateModified":"2025-10-06T10:23:42+00:00","breadcrumb":{"@id":"https:\/\/persjarnia.com\/pl\/produkt\/tkana-miniatura-fragment-herbowego-arrasu-wawelskiego-z-xviw-sowa\/#breadcrumb"},"inLanguage":"pl-PL","potentialAction":[{"@type":"ReadAction","target":["https:\/\/persjarnia.com\/pl\/produkt\/tkana-miniatura-fragment-herbowego-arrasu-wawelskiego-z-xviw-sowa\/"]}]},{"@type":"ImageObject","inLanguage":"pl-PL","@id":"https:\/\/persjarnia.com\/pl\/produkt\/tkana-miniatura-fragment-herbowego-arrasu-wawelskiego-z-xviw-sowa\/#primaryimage","url":"https:\/\/persjarnia.com\/wp-content\/uploads\/2025\/09\/IMG_2265.jpg","contentUrl":"https:\/\/persjarnia.com\/wp-content\/uploads\/2025\/09\/IMG_2265.jpg","width":900,"height":1200},{"@type":"BreadcrumbList","@id":"https:\/\/persjarnia.com\/pl\/produkt\/tkana-miniatura-fragment-herbowego-arrasu-wawelskiego-z-xviw-sowa\/#breadcrumb","itemListElement":[{"@type":"ListItem","position":1,"name":"Home","item":"https:\/\/persjarnia.com\/en\/"},{"@type":"ListItem","position":2,"name":"Products","item":"https:\/\/persjarnia.com\/en\/shop\/"},{"@type":"ListItem","position":3,"name":"Tkana miniatura &#8211; Fragment herbowego Arrasu Wawelskiego z XVIw &#8211; Sowa"}]},{"@type":"WebSite","@id":"https:\/\/persjarnia.com\/en\/#website","url":"https:\/\/persjarnia.com\/en\/","name":"Persjarnia Zambrzyckich","description":"Pasy Kontuszowe, Makaty Buczackie","publisher":{"@id":"https:\/\/persjarnia.com\/en\/#organization"},"potentialAction":[{"@type":"SearchAction","target":{"@type":"EntryPoint","urlTemplate":"https:\/\/persjarnia.com\/en\/?s={search_term_string}"},"query-input":{"@type":"PropertyValueSpecification","valueRequired":true,"valueName":"search_term_string"}}],"inLanguage":"pl-PL"},{"@type":"Organization","@id":"https:\/\/persjarnia.com\/en\/#organization","name":"Persjarnia Zambrzyckich","url":"https:\/\/persjarnia.com\/en\/","logo":{"@type":"ImageObject","inLanguage":"pl-PL","@id":"https:\/\/persjarnia.com\/en\/#\/schema\/logo\/image\/","url":"https:\/\/persjarnia.com\/wp-content\/uploads\/2017\/03\/cropped-logo1-sm.png","contentUrl":"https:\/\/persjarnia.com\/wp-content\/uploads\/2017\/03\/cropped-logo1-sm.png","width":130,"height":75,"caption":"Persjarnia Zambrzyckich"},"image":{"@id":"https:\/\/persjarnia.com\/en\/#\/schema\/logo\/image\/"},"sameAs":["https:\/\/www.facebook.com\/persjarnia"]}]},"og_availability":"instock","product_availability":"instock","product_condition":"new"},"_links":{"self":[{"href":"https:\/\/persjarnia.com\/pl\/wp-json\/wp\/v2\/product\/7491","targetHints":{"allow":["GET"]}}],"collection":[{"href":"https:\/\/persjarnia.com\/pl\/wp-json\/wp\/v2\/product"}],"about":[{"href":"https:\/\/persjarnia.com\/pl\/wp-json\/wp\/v2\/types\/product"}],"wp:featuredmedia":[{"embeddable":true,"href":"https:\/\/persjarnia.com\/pl\/wp-json\/wp\/v2\/media\/6812"}],"wp:attachment":[{"href":"https:\/\/persjarnia.com\/pl\/wp-json\/wp\/v2\/media?parent=7491"}],"wp:term":[{"taxonomy":"product_brand","embeddable":true,"href":"https:\/\/persjarnia.com\/pl\/wp-json\/wp\/v2\/product_brand?post=7491"},{"taxonomy":"product_cat","embeddable":true,"href":"https:\/\/persjarnia.com\/pl\/wp-json\/wp\/v2\/product_cat?post=7491"},{"taxonomy":"product_tag","embeddable":true,"href":"https:\/\/persjarnia.com\/pl\/wp-json\/wp\/v2\/product_tag?post=7491"}],"curies":[{"name":"wp","href":"https:\/\/api.w.org\/{rel}","templated":true}]}}