{"id":7524,"date":"2025-09-27T17:25:36","date_gmt":"2025-09-27T15:25:36","guid":{"rendered":"https:\/\/persjarnia.com\/?post_type=product&#038;p=7524"},"modified":"2025-10-06T12:23:36","modified_gmt":"2025-10-06T10:23:36","slug":"tkana-miniatura-dywan-krolewski-z-xvii-w","status":"publish","type":"product","link":"https:\/\/persjarnia.com\/pl\/produkt\/tkana-miniatura-dywan-krolewski-z-xvii-w\/","title":{"rendered":"Tkana miniatura &#8211; Dywan Kr\u00f3lewski z XVII w."},"content":{"rendered":"","protected":false},"excerpt":{"rendered":"<div dir=\"auto\">Kopia dywanu z God\u0142em Rzeczypospolitej i herbem Kr\u00f3la Zygmunta III Wazy.<\/div>\n<div dir=\"auto\">Wymiary zbli\u017cone do formatu A4 (19cm \u00a0na 30cm).<\/div>\n<div dir=\"auto\">Tkanina jednostronna.<\/div>\n<div dir=\"auto\"><\/div>\n<div dir=\"auto\">\n<div class=\"x78zum5\" role=\"none\">\n<div class=\"x78zum5 x1iyjqo2 xs83m0k xeuugli\" role=\"none\" data-testid=\"message-container\">\n<div class=\"xkh2ocl x78zum5 xdt5ytf x1h91t0o x13a6bvl xcrg951 x1r145dm\" role=\"none\">\n<div class=\"x78zum5 xh8yej3\" role=\"none\">\n<div class=\"x1cy8zhl x78zum5 xdt5ytf x193iq5w x1n2onr6\">\n<div class=\"x78zum5 xh8yej3\" role=\"none\">\n<div class=\"x1y1aw1k xn6708d xwib8y2 x1ye3gou x1n2onr6 x6ikm8r x10wlt62 x1tlxs6b x1g8br2z x1gn5b1j x230xth x1mzt3pk x13faqbe x14ctfv x1okitfd x1vjfegm\" role=\"none\" data-testid=\"solid-message-bubble\">\n<div class=\"x9f619 x1n2onr6 x1ja2u2z __fb-light-mode\" role=\"none\">\n<div class=\"x1yc453h x126k92a x6prxxf x1fc57z9 xzsf02u\" dir=\"auto\" role=\"none\">Perski dywan z herbem Zygmunta III Wazy.<\/div>\n<div class=\"x1yc453h x126k92a x6prxxf x1fc57z9 xzsf02u\" dir=\"auto\" role=\"none\">Dywan ten zosta\u0142 podarowany polskiemu kr\u00f3lowi przez perskiego w\u0142adc\u0119 Abbasa I Wielkiego na znak przyja\u017ani. Mia\u0142o to zwi\u0105zek z polsko-persk\u0105 koalicj\u0105 skierowan\u0105 przeciwko Imperium Osma\u0144skiemu. Pod kr\u00f3lewsk\u0105 koron\u0105 umieszczono herb Zygmunta III jako w\u0142adcy Polski i Szwecji. W polu sercowym herb rodowy Waz\u00f3w \u2013 Snopek. Ca\u0142o\u015b\u0107 otacza bogata bordiura z postaciami kobiecymi, elementami florystycznymi, zoomorficznymi.<\/div>\n<div dir=\"auto\" role=\"none\"><\/div>\n<div dir=\"auto\" role=\"none\"><\/div>\n<\/div>\n<\/div>\n<div dir=\"auto\" role=\"none\">Miniatur\u0119 dywana\u00a0 mo\u017cna kupi\u0107 razem ze specjalnie dobranym passepartout, kt\u00f3re pasuje do ramki 30 * 40cm.<\/div>\n<div dir=\"auto\" role=\"none\">Opakowanie to celofanowa, przezroczysta koperta. Na podklejce z ty\u0142u znajduje si\u0119 opis po polsku i po angielsku.<\/div>\n<div class=\"xkh2ocl x78zum5 xdt5ytf x1h91t0o x13a6bvl x193iq5w x1iyjqo2 xcrg951\" role=\"none\">\n<div class=\"x1iyjqo2 x1r8uery\" role=\"none\"><\/div>\n<\/div>\n<\/div>\n<\/div>\n<div class=\"xkh2ocl x78zum5 xdt5ytf x1h91t0o x13a6bvl x193iq5w x1iyjqo2 xcrg951\" role=\"none\">\n<div class=\"x1iyjqo2 x1r8uery\" role=\"none\"><\/div>\n<\/div>\n<\/div>\n<div class=\"xkh2ocl x78zum5 xdt5ytf x1h91t0o x13a6bvl x193iq5w x1c4vz4f xcrg951\" role=\"none\"><\/div>\n<\/div>\n<div class=\"xkh2ocl x78zum5 xdt5ytf x1h91t0o x13a6bvl x193iq5w x1c4vz4f xcrg951\" role=\"none\">\n<div class=\"x2lah0s x78zum5 xdt5ytf x1ll7btr xl56j7k x1iyjqo2 x1n2onr6 x1n327nk x1t2a60a\" aria-hidden=\"true\">\n<div class=\"x6s0dn4 x1ll7btr x78zum5 x1q0g3np\" role=\"none\">\n<div class=\"x6s0dn4 x1ll7btr x78zum5 x1q0g3np\" role=\"none\">\n<div>\n<div class=\"x1i10hfl x1qjc9v5 xjbqb8w xjqpnuy xa49m3k xqeqjp1 x2hbi6w x13fuv20 xu3j5b3 x1q0q8m5 x26u7qi x972fbf xcfux6l x1qhh985 xm0m39n x9f619 x1ypdohk xdl72j9 x2lah0s xe8uvvx xdj266r x11i5rnm xat24cr x1mh8g0r x2lwn1j xeuugli xexx8yu x4uap5 x18d9i69 xkhd6sd x1n2onr6 x16tdsg8 x1hl2dhg xggy1nq x1ja2u2z x1t137rt x1o1ewxj x3x9cwd x1e5q0jg x13rtm0m x1q0g3np x87ps6o x1lku1pv x78zum5 x1a2a7pz\" tabindex=\"0\" role=\"button\" aria-expanded=\"false\" aria-haspopup=\"menu\" aria-label=\"\u041e\u0442\u0440\u0435\u0430\u0433\u0438\u0440\u043e\u0432\u0430\u0442\u044c\">\n<div class=\"x1mh8g0r x11i5rnm xvy4d1p xxk0z11 x78zum5 x14yjl9h xudhj91 x18nykt9 xww2gxu x2lah0s xc26acl x6s0dn4 xl56j7k x2b8uid x1ypdohk x15vn3sj x1n2onr6\">\n<div class=\"x17rw0jw x17z2i9w x197sbye x4gyw5p x1o7uuvo\"><\/div>\n<\/div>\n<\/div>\n<\/div>\n<div>\n<div class=\"x1mh8g0r x11i5rnm xvy4d1p xxk0z11 x78zum5 x14yjl9h xudhj91 x18nykt9 xww2gxu x2lah0s xc26acl x6s0dn4 xl56j7k x2b8uid x1ypdohk x15vn3sj x1n2onr6\">\n<div class=\"x1i10hfl x1qjc9v5 xjbqb8w xjqpnuy xa49m3k xqeqjp1 x2hbi6w x13fuv20 xu3j5b3 x1q0q8m5 x26u7qi x972fbf xcfux6l x1qhh985 xm0m39n x9f619 x1ypdohk xdl72j9 x2lah0s xe8uvvx xdj266r x11i5rnm xat24cr x1mh8g0r x2lwn1j xeuugli xexx8yu x4uap5 x18d9i69 xkhd6sd x1n2onr6 x16tdsg8 x1hl2dhg xggy1nq x1ja2u2z x1t137rt x1o1ewxj x3x9cwd x1e5q0jg x13rtm0m x1q0g3np x87ps6o x1lku1pv x78zum5 x1a2a7pz\" tabindex=\"0\" role=\"button\" aria-label=\"\u041e\u0442\u0432\u0435\u0442\u0438\u0442\u044c\">\n<div class=\"x17rw0jw x17z2i9w x197sbye x4gyw5p x1o7uuvo\"><\/div>\n<\/div>\n<\/div>\n<\/div>\n<div>\n<div class=\"x1i10hfl x1qjc9v5 xjbqb8w xjqpnuy xa49m3k xqeqjp1 x2hbi6w x13fuv20 xu3j5b3 x1q0q8m5 x26u7qi x972fbf xcfux6l x1qhh985 xm0m39n x9f619 x1ypdohk xdl72j9 x2lah0s xe8uvvx xdj266r x11i5rnm xat24cr x1mh8g0r x2lwn1j xeuugli xexx8yu x4uap5 x18d9i69 xkhd6sd x1n2onr6 x16tdsg8 x1hl2dhg xggy1nq x1ja2u2z x1t137rt x1o1ewxj x3x9cwd x1e5q0jg x13rtm0m x1q0g3np x87ps6o x1lku1pv x78zum5 x1a2a7pz\" tabindex=\"0\" role=\"button\" aria-expanded=\"false\" aria-haspopup=\"menu\" aria-label=\"\u0415\u0449\u0451\">\n<div class=\"x1mh8g0r x11i5rnm xvy4d1p xxk0z11 x78zum5 x14yjl9h xudhj91 x18nykt9 xww2gxu x2lah0s xc26acl x6s0dn4 xl56j7k x2b8uid x1ypdohk x15vn3sj x1n2onr6\">\n<div class=\"x17rw0jw x17z2i9w x197sbye x4gyw5p x1o7uuvo\"><\/div>\n<\/div>\n<\/div>\n<\/div>\n<\/div>\n<\/div>\n<\/div>\n<\/div>\n<div class=\"xkh2ocl x78zum5 xdt5ytf x1h91t0o x13a6bvl x193iq5w x1iyjqo2 xcrg951\" role=\"none\">\n<div class=\"x1iyjqo2 x1r8uery\" role=\"none\"><\/div>\n<\/div>\n<\/div>\n<div class=\"xkh2ocl x78zum5 xdt5ytf x1h91t0o x13a6bvl x193iq5w x1c4vz4f xcrg951\" role=\"none\">\n<div id=\"\" class=\"x78zum5 xuk3077 x6ikm8r x10wlt62 xw4jnvo\" role=\"none\" data-testid=\"messenger_delivery_status\">\n<div class=\"x2lah0s x17z2i9w\"><\/div>\n<\/div>\n<\/div>\n<\/div>\n<\/div>\n<div dir=\"auto\"><\/div>\n","protected":false},"featured_media":7197,"template":"","meta":{"_acf_changed":false},"product_brand":[],"product_cat":[336],"product_tag":[],"class_list":{"0":"post-7524","1":"product","2":"type-product","3":"status-publish","4":"has-post-thumbnail","6":"product_cat-arrasy-miniatury","8":"first","9":"instock","10":"shipping-taxable","11":"purchasable","12":"product-type-variable"},"acf":[],"yoast_head":"<!-- This site is optimized with the Yoast SEO plugin v26.1 - https:\/\/yoast.com\/wordpress\/plugins\/seo\/ -->\n<title>Tkana miniatura - Dywan Kr\u00f3lewski z XVII w. - Persjarnia Zambrzyckich<\/title>\n<meta name=\"robots\" content=\"index, follow, max-snippet:-1, max-image-preview:large, max-video-preview:-1\" \/>\n<link rel=\"canonical\" href=\"https:\/\/persjarnia.com\/pl\/produkt\/tkana-miniatura-dywan-krolewski-z-xvii-w\/\" \/>\n<meta property=\"og:locale\" content=\"pl_PL\" \/>\n<meta property=\"og:type\" content=\"article\" \/>\n<meta property=\"og:title\" content=\"Tkana miniatura - Dywan Kr\u00f3lewski z XVII w. - Persjarnia Zambrzyckich\" \/>\n<meta property=\"og:description\" content=\"Kopia dywanu z God\u0142em Rzeczypospolitej i herbem Kr\u00f3la Zygmunta III Wazy. Wymiary zbli\u017cone do formatu A4 (19cm \u00a0na 30cm). Tkanina jednostronna.           Perski dywan z herbem Zygmunta III Wazy. Dywan ten zosta\u0142 podarowany polskiemu kr\u00f3lowi przez perskiego w\u0142adc\u0119 Abbasa I Wielkiego na znak przyja\u017ani. Mia\u0142o to zwi\u0105zek z polsko-persk\u0105 koalicj\u0105 skierowan\u0105 przeciwko Imperium Osma\u0144skiemu. Pod kr\u00f3lewsk\u0105 koron\u0105 umieszczono herb Zygmunta III jako w\u0142adcy Polski i Szwecji. W polu sercowym herb rodowy Waz\u00f3w \u2013 Snopek. Ca\u0142o\u015b\u0107 otacza bogata bordiura z postaciami kobiecymi, elementami florystycznymi, zoomorficznymi.     Miniatur\u0119 dywana\u00a0 mo\u017cna kupi\u0107 razem ze specjalnie dobranym passepartout, kt\u00f3re pasuje do ramki 30 * 40cm. Opakowanie to celofanowa, przezroczysta koperta. Na podklejce z ty\u0142u znajduje si\u0119 opis po polsku i po angielsku.\" \/>\n<meta property=\"og:url\" content=\"https:\/\/persjarnia.com\/pl\/produkt\/tkana-miniatura-dywan-krolewski-z-xvii-w\/\" \/>\n<meta property=\"og:site_name\" content=\"Persjarnia Zambrzyckich\" \/>\n<meta property=\"article:publisher\" content=\"https:\/\/www.facebook.com\/persjarnia\" \/>\n<meta property=\"article:modified_time\" content=\"2025-10-06T10:23:36+00:00\" \/>\n<meta property=\"og:image\" content=\"https:\/\/persjarnia.com\/wp-content\/uploads\/2025\/09\/IMG_2322.jpg\" \/>\n\t<meta property=\"og:image:width\" content=\"900\" \/>\n\t<meta property=\"og:image:height\" content=\"1200\" \/>\n\t<meta property=\"og:image:type\" content=\"image\/jpeg\" \/>\n<meta name=\"twitter:card\" content=\"summary_large_image\" \/>\n<meta name=\"twitter:label1\" content=\"Dost\u0119pno\u015b\u0107\" \/>\n\t<meta name=\"twitter:data1\" content=\"Dost\u0119pny\" \/>\n<script type=\"application\/ld+json\" class=\"yoast-schema-graph\">{\"@context\":\"https:\/\/schema.org\",\"@graph\":[{\"@type\":\"WebPage\",\"@id\":\"https:\/\/persjarnia.com\/pl\/produkt\/tkana-miniatura-dywan-krolewski-z-xvii-w\/\",\"url\":\"https:\/\/persjarnia.com\/pl\/produkt\/tkana-miniatura-dywan-krolewski-z-xvii-w\/\",\"name\":\"Tkana miniatura - Dywan Kr\u00f3lewski z XVII w. - Persjarnia Zambrzyckich\",\"isPartOf\":{\"@id\":\"https:\/\/persjarnia.com\/en\/#website\"},\"primaryImageOfPage\":{\"@id\":\"https:\/\/persjarnia.com\/pl\/produkt\/tkana-miniatura-dywan-krolewski-z-xvii-w\/#primaryimage\"},\"image\":{\"@id\":\"https:\/\/persjarnia.com\/pl\/produkt\/tkana-miniatura-dywan-krolewski-z-xvii-w\/#primaryimage\"},\"thumbnailUrl\":\"https:\/\/persjarnia.com\/wp-content\/uploads\/2025\/09\/IMG_2322.jpg\",\"datePublished\":\"2025-09-27T15:25:36+00:00\",\"dateModified\":\"2025-10-06T10:23:36+00:00\",\"breadcrumb\":{\"@id\":\"https:\/\/persjarnia.com\/pl\/produkt\/tkana-miniatura-dywan-krolewski-z-xvii-w\/#breadcrumb\"},\"inLanguage\":\"pl-PL\",\"potentialAction\":[{\"@type\":\"ReadAction\",\"target\":[\"https:\/\/persjarnia.com\/pl\/produkt\/tkana-miniatura-dywan-krolewski-z-xvii-w\/\"]}]},{\"@type\":\"ImageObject\",\"inLanguage\":\"pl-PL\",\"@id\":\"https:\/\/persjarnia.com\/pl\/produkt\/tkana-miniatura-dywan-krolewski-z-xvii-w\/#primaryimage\",\"url\":\"https:\/\/persjarnia.com\/wp-content\/uploads\/2025\/09\/IMG_2322.jpg\",\"contentUrl\":\"https:\/\/persjarnia.com\/wp-content\/uploads\/2025\/09\/IMG_2322.jpg\",\"width\":900,\"height\":1200},{\"@type\":\"BreadcrumbList\",\"@id\":\"https:\/\/persjarnia.com\/pl\/produkt\/tkana-miniatura-dywan-krolewski-z-xvii-w\/#breadcrumb\",\"itemListElement\":[{\"@type\":\"ListItem\",\"position\":1,\"name\":\"Home\",\"item\":\"https:\/\/persjarnia.com\/en\/\"},{\"@type\":\"ListItem\",\"position\":2,\"name\":\"Products\",\"item\":\"https:\/\/persjarnia.com\/en\/shop\/\"},{\"@type\":\"ListItem\",\"position\":3,\"name\":\"Tkana miniatura &#8211; Dywan Kr\u00f3lewski z XVII w.\"}]},{\"@type\":\"WebSite\",\"@id\":\"https:\/\/persjarnia.com\/en\/#website\",\"url\":\"https:\/\/persjarnia.com\/en\/\",\"name\":\"Persjarnia Zambrzyckich\",\"description\":\"Pasy Kontuszowe, Makaty Buczackie\",\"publisher\":{\"@id\":\"https:\/\/persjarnia.com\/en\/#organization\"},\"potentialAction\":[{\"@type\":\"SearchAction\",\"target\":{\"@type\":\"EntryPoint\",\"urlTemplate\":\"https:\/\/persjarnia.com\/en\/?s={search_term_string}\"},\"query-input\":{\"@type\":\"PropertyValueSpecification\",\"valueRequired\":true,\"valueName\":\"search_term_string\"}}],\"inLanguage\":\"pl-PL\"},{\"@type\":\"Organization\",\"@id\":\"https:\/\/persjarnia.com\/en\/#organization\",\"name\":\"Persjarnia Zambrzyckich\",\"url\":\"https:\/\/persjarnia.com\/en\/\",\"logo\":{\"@type\":\"ImageObject\",\"inLanguage\":\"pl-PL\",\"@id\":\"https:\/\/persjarnia.com\/en\/#\/schema\/logo\/image\/\",\"url\":\"https:\/\/persjarnia.com\/wp-content\/uploads\/2017\/03\/cropped-logo1-sm.png\",\"contentUrl\":\"https:\/\/persjarnia.com\/wp-content\/uploads\/2017\/03\/cropped-logo1-sm.png\",\"width\":130,\"height\":75,\"caption\":\"Persjarnia Zambrzyckich\"},\"image\":{\"@id\":\"https:\/\/persjarnia.com\/en\/#\/schema\/logo\/image\/\"},\"sameAs\":[\"https:\/\/www.facebook.com\/persjarnia\"]}]}<\/script>\n<meta property=\"og:availability\" content=\"instock\" \/>\n<meta property=\"product:availability\" content=\"instock\" \/>\n<meta property=\"product:condition\" content=\"new\" \/>\n<!-- \/ Yoast SEO plugin. -->","yoast_head_json":{"title":"Tkana miniatura - Dywan Kr\u00f3lewski z XVII w. - Persjarnia Zambrzyckich","robots":{"index":"index","follow":"follow","max-snippet":"max-snippet:-1","max-image-preview":"max-image-preview:large","max-video-preview":"max-video-preview:-1"},"canonical":"https:\/\/persjarnia.com\/pl\/produkt\/tkana-miniatura-dywan-krolewski-z-xvii-w\/","og_locale":"pl_PL","og_type":"article","og_title":"Tkana miniatura - Dywan Kr\u00f3lewski z XVII w. - Persjarnia Zambrzyckich","og_description":"Kopia dywanu z God\u0142em Rzeczypospolitej i herbem Kr\u00f3la Zygmunta III Wazy. Wymiary zbli\u017cone do formatu A4 (19cm \u00a0na 30cm). Tkanina jednostronna.           Perski dywan z herbem Zygmunta III Wazy. Dywan ten zosta\u0142 podarowany polskiemu kr\u00f3lowi przez perskiego w\u0142adc\u0119 Abbasa I Wielkiego na znak przyja\u017ani. Mia\u0142o to zwi\u0105zek z polsko-persk\u0105 koalicj\u0105 skierowan\u0105 przeciwko Imperium Osma\u0144skiemu. Pod kr\u00f3lewsk\u0105 koron\u0105 umieszczono herb Zygmunta III jako w\u0142adcy Polski i Szwecji. W polu sercowym herb rodowy Waz\u00f3w \u2013 Snopek. Ca\u0142o\u015b\u0107 otacza bogata bordiura z postaciami kobiecymi, elementami florystycznymi, zoomorficznymi.     Miniatur\u0119 dywana\u00a0 mo\u017cna kupi\u0107 razem ze specjalnie dobranym passepartout, kt\u00f3re pasuje do ramki 30 * 40cm. Opakowanie to celofanowa, przezroczysta koperta. Na podklejce z ty\u0142u znajduje si\u0119 opis po polsku i po angielsku.","og_url":"https:\/\/persjarnia.com\/pl\/produkt\/tkana-miniatura-dywan-krolewski-z-xvii-w\/","og_site_name":"Persjarnia Zambrzyckich","article_publisher":"https:\/\/www.facebook.com\/persjarnia","article_modified_time":"2025-10-06T10:23:36+00:00","og_image":[{"width":900,"height":1200,"url":"https:\/\/persjarnia.com\/wp-content\/uploads\/2025\/09\/IMG_2322.jpg","type":"image\/jpeg"}],"twitter_card":"summary_large_image","twitter_misc":{"Dost\u0119pno\u015b\u0107":"Dost\u0119pny"},"schema":{"@context":"https:\/\/schema.org","@graph":[{"@type":"WebPage","@id":"https:\/\/persjarnia.com\/pl\/produkt\/tkana-miniatura-dywan-krolewski-z-xvii-w\/","url":"https:\/\/persjarnia.com\/pl\/produkt\/tkana-miniatura-dywan-krolewski-z-xvii-w\/","name":"Tkana miniatura - Dywan Kr\u00f3lewski z XVII w. - Persjarnia Zambrzyckich","isPartOf":{"@id":"https:\/\/persjarnia.com\/en\/#website"},"primaryImageOfPage":{"@id":"https:\/\/persjarnia.com\/pl\/produkt\/tkana-miniatura-dywan-krolewski-z-xvii-w\/#primaryimage"},"image":{"@id":"https:\/\/persjarnia.com\/pl\/produkt\/tkana-miniatura-dywan-krolewski-z-xvii-w\/#primaryimage"},"thumbnailUrl":"https:\/\/persjarnia.com\/wp-content\/uploads\/2025\/09\/IMG_2322.jpg","datePublished":"2025-09-27T15:25:36+00:00","dateModified":"2025-10-06T10:23:36+00:00","breadcrumb":{"@id":"https:\/\/persjarnia.com\/pl\/produkt\/tkana-miniatura-dywan-krolewski-z-xvii-w\/#breadcrumb"},"inLanguage":"pl-PL","potentialAction":[{"@type":"ReadAction","target":["https:\/\/persjarnia.com\/pl\/produkt\/tkana-miniatura-dywan-krolewski-z-xvii-w\/"]}]},{"@type":"ImageObject","inLanguage":"pl-PL","@id":"https:\/\/persjarnia.com\/pl\/produkt\/tkana-miniatura-dywan-krolewski-z-xvii-w\/#primaryimage","url":"https:\/\/persjarnia.com\/wp-content\/uploads\/2025\/09\/IMG_2322.jpg","contentUrl":"https:\/\/persjarnia.com\/wp-content\/uploads\/2025\/09\/IMG_2322.jpg","width":900,"height":1200},{"@type":"BreadcrumbList","@id":"https:\/\/persjarnia.com\/pl\/produkt\/tkana-miniatura-dywan-krolewski-z-xvii-w\/#breadcrumb","itemListElement":[{"@type":"ListItem","position":1,"name":"Home","item":"https:\/\/persjarnia.com\/en\/"},{"@type":"ListItem","position":2,"name":"Products","item":"https:\/\/persjarnia.com\/en\/shop\/"},{"@type":"ListItem","position":3,"name":"Tkana miniatura &#8211; Dywan Kr\u00f3lewski z XVII w."}]},{"@type":"WebSite","@id":"https:\/\/persjarnia.com\/en\/#website","url":"https:\/\/persjarnia.com\/en\/","name":"Persjarnia Zambrzyckich","description":"Pasy Kontuszowe, Makaty Buczackie","publisher":{"@id":"https:\/\/persjarnia.com\/en\/#organization"},"potentialAction":[{"@type":"SearchAction","target":{"@type":"EntryPoint","urlTemplate":"https:\/\/persjarnia.com\/en\/?s={search_term_string}"},"query-input":{"@type":"PropertyValueSpecification","valueRequired":true,"valueName":"search_term_string"}}],"inLanguage":"pl-PL"},{"@type":"Organization","@id":"https:\/\/persjarnia.com\/en\/#organization","name":"Persjarnia Zambrzyckich","url":"https:\/\/persjarnia.com\/en\/","logo":{"@type":"ImageObject","inLanguage":"pl-PL","@id":"https:\/\/persjarnia.com\/en\/#\/schema\/logo\/image\/","url":"https:\/\/persjarnia.com\/wp-content\/uploads\/2017\/03\/cropped-logo1-sm.png","contentUrl":"https:\/\/persjarnia.com\/wp-content\/uploads\/2017\/03\/cropped-logo1-sm.png","width":130,"height":75,"caption":"Persjarnia Zambrzyckich"},"image":{"@id":"https:\/\/persjarnia.com\/en\/#\/schema\/logo\/image\/"},"sameAs":["https:\/\/www.facebook.com\/persjarnia"]}]},"og_availability":"instock","product_availability":"instock","product_condition":"new"},"_links":{"self":[{"href":"https:\/\/persjarnia.com\/pl\/wp-json\/wp\/v2\/product\/7524","targetHints":{"allow":["GET"]}}],"collection":[{"href":"https:\/\/persjarnia.com\/pl\/wp-json\/wp\/v2\/product"}],"about":[{"href":"https:\/\/persjarnia.com\/pl\/wp-json\/wp\/v2\/types\/product"}],"wp:featuredmedia":[{"embeddable":true,"href":"https:\/\/persjarnia.com\/pl\/wp-json\/wp\/v2\/media\/7197"}],"wp:attachment":[{"href":"https:\/\/persjarnia.com\/pl\/wp-json\/wp\/v2\/media?parent=7524"}],"wp:term":[{"taxonomy":"product_brand","embeddable":true,"href":"https:\/\/persjarnia.com\/pl\/wp-json\/wp\/v2\/product_brand?post=7524"},{"taxonomy":"product_cat","embeddable":true,"href":"https:\/\/persjarnia.com\/pl\/wp-json\/wp\/v2\/product_cat?post=7524"},{"taxonomy":"product_tag","embeddable":true,"href":"https:\/\/persjarnia.com\/pl\/wp-json\/wp\/v2\/product_tag?post=7524"}],"curies":[{"name":"wp","href":"https:\/\/api.w.org\/{rel}","templated":true}]}}