{"id":7547,"date":"2025-09-27T17:25:38","date_gmt":"2025-09-27T15:25:38","guid":{"rendered":"https:\/\/persjarnia.com\/?post_type=product&#038;p=7547"},"modified":"2025-10-05T21:59:28","modified_gmt":"2025-10-05T19:59:28","slug":"bieznik-karmazyn-45x145cm","status":"publish","type":"product","link":"https:\/\/persjarnia.com\/pl\/produkt\/bieznik-karmazyn-45x145cm\/","title":{"rendered":"Bie\u017cnik Karmazyn 45x145cm"},"content":{"rendered":"","protected":false},"excerpt":{"rendered":"<p>&nbsp;<\/p>\n<p>Bie\u017cnik na st\u00f3\u0142 utkany we wz\u00f3r historycznego pasa kontuszowego. To jest tkanina dwustronna.<\/p>\n<p>Bie\u017cnik ma rozmiar: 45*145cm<\/p>\n<p>W tej &#8211; z\u0142otoczerwonej kombinacji kolor\u00f3w bie\u017cniki nosz\u0105 nazw\u0119 &#8222;Karmazyn&#8221;.<\/p>\n<p>S\u0142owo Karmazyn w dawnej Polsce oznacza\u0142o wielkiego wielmo\u017c\u0119, bo tylko bogaci nosili ubrania w kolorze karmazynowym.<\/p>\n<p>27 listopada 1633 roku do Rzymu wjecha\u0142 niezwykle bogaty orszak pos\u0142a z Rzeczypospolitej. Ludzie, konie, wielb\u0142\u0105dy okrywa\u0142y tkaniny ze z\u0142ota i czerwieni. Ca\u0142y orszak Jerzego Ossoli\u0144skiego, niczym bajkowy w\u0105\u017c przeszed\u0142 ulicami Wiecznego Miasta, a konie-ku uciesze Rzymian &#8211; gubi\u0142y mn\u00f3stwo z\u0142otych podk\u00f3w. Nic dziwnego, \u017ce podkowa sta\u0142a si\u0119 symbolem szcz\u0119\u015bcia. Niniejsza seria tkanin upami\u0119tnia uroczysty wjazd polskiego dyplomaty do Rzymu. Musi tu by\u0107 karmazyn, z\u0142oto, turkus i srebro. Musi by\u0107 splendor. Polski dom jest tego wart.<\/p>\n<p>Na specjalne \u017cyczenie, mo\u017cemy Pa\u0144stwa zakup umie\u015bci\u0107 w eleganckim, podarunkowym pude\u0142ku, za dodatkowe 15z\u0142. Prosimy wybra\u0107 odpowiedni\u0105 opcj\u0119 przed dodaniem do koszyka.<\/p>\n<p>Sk\u0142ad: poliwiskoza<\/p>\n<p>Piel\u0119gnacja: pranie r\u0119czne lub w pralce w temperaturze nie wy\u017cszej ni\u017c 40\u2070 C.<\/p>\n<p>Prasowa\u0107 po ustawieniu \u017celazka na JEDWAB i par\u0119.<\/p>\n<p>&nbsp;<\/p>\n<p>&nbsp;<\/p>\n","protected":false},"featured_media":6938,"template":"","meta":{"_acf_changed":false},"product_brand":[],"product_cat":[151],"product_tag":[],"class_list":{"0":"post-7547","1":"product","2":"type-product","3":"status-publish","4":"has-post-thumbnail","6":"product_cat-biezniki","7":"pa_packing-without-packaging","8":"pa_packing-with-packing","10":"first","11":"instock","12":"shipping-taxable","13":"purchasable","14":"product-type-variable"},"acf":[],"yoast_head":"<!-- This site is optimized with the Yoast SEO plugin v26.1 - https:\/\/yoast.com\/wordpress\/plugins\/seo\/ -->\n<title>Bie\u017cnik Karmazyn 45x145cm - Persjarnia Zambrzyckich<\/title>\n<meta name=\"robots\" content=\"index, follow, max-snippet:-1, max-image-preview:large, max-video-preview:-1\" \/>\n<link rel=\"canonical\" href=\"https:\/\/persjarnia.com\/pl\/produkt\/bieznik-karmazyn-45x145cm\/\" \/>\n<meta property=\"og:locale\" content=\"pl_PL\" \/>\n<meta property=\"og:type\" content=\"article\" \/>\n<meta property=\"og:title\" content=\"Bie\u017cnik Karmazyn 45x145cm - Persjarnia Zambrzyckich\" \/>\n<meta property=\"og:description\" content=\"&nbsp;  Bie\u017cnik na st\u00f3\u0142 utkany we wz\u00f3r historycznego pasa kontuszowego. To jest tkanina dwustronna.  Bie\u017cnik ma rozmiar: 45*145cm  W tej - z\u0142otoczerwonej kombinacji kolor\u00f3w bie\u017cniki nosz\u0105 nazw\u0119 &quot;Karmazyn&quot;.  S\u0142owo Karmazyn w dawnej Polsce oznacza\u0142o wielkiego wielmo\u017c\u0119, bo tylko bogaci nosili ubrania w kolorze karmazynowym.  27 listopada 1633 roku do Rzymu wjecha\u0142 niezwykle bogaty orszak pos\u0142a z Rzeczypospolitej. Ludzie, konie, wielb\u0142\u0105dy okrywa\u0142y tkaniny ze z\u0142ota i czerwieni. Ca\u0142y orszak Jerzego Ossoli\u0144skiego, niczym bajkowy w\u0105\u017c przeszed\u0142 ulicami Wiecznego Miasta, a konie-ku uciesze Rzymian - gubi\u0142y mn\u00f3stwo z\u0142otych podk\u00f3w. Nic dziwnego, \u017ce podkowa sta\u0142a si\u0119 symbolem szcz\u0119\u015bcia. Niniejsza seria tkanin upami\u0119tnia uroczysty wjazd polskiego dyplomaty do Rzymu. Musi tu by\u0107 karmazyn, z\u0142oto, turkus i srebro. Musi by\u0107 splendor. Polski dom jest tego wart.  Na specjalne \u017cyczenie, mo\u017cemy Pa\u0144stwa zakup umie\u015bci\u0107 w eleganckim, podarunkowym pude\u0142ku, za dodatkowe 15z\u0142. Prosimy wybra\u0107 odpowiedni\u0105 opcj\u0119 przed dodaniem do koszyka.  Sk\u0142ad: poliwiskoza  Piel\u0119gnacja: pranie r\u0119czne lub w pralce w temperaturze nie wy\u017cszej ni\u017c 40\u2070 C.  Prasowa\u0107 po ustawieniu \u017celazka na JEDWAB i par\u0119.  &nbsp;  &nbsp;\" \/>\n<meta property=\"og:url\" content=\"https:\/\/persjarnia.com\/pl\/produkt\/bieznik-karmazyn-45x145cm\/\" \/>\n<meta property=\"og:site_name\" content=\"Persjarnia Zambrzyckich\" \/>\n<meta property=\"article:publisher\" content=\"https:\/\/www.facebook.com\/persjarnia\" \/>\n<meta property=\"article:modified_time\" content=\"2025-10-05T19:59:28+00:00\" \/>\n<meta property=\"og:image\" content=\"https:\/\/persjarnia.com\/wp-content\/uploads\/2025\/09\/IMG_1301.jpg\" \/>\n\t<meta property=\"og:image:width\" content=\"1200\" \/>\n\t<meta property=\"og:image:height\" content=\"1200\" \/>\n\t<meta property=\"og:image:type\" content=\"image\/jpeg\" \/>\n<meta name=\"twitter:card\" content=\"summary_large_image\" \/>\n<meta name=\"twitter:label1\" content=\"Dost\u0119pno\u015b\u0107\" \/>\n\t<meta name=\"twitter:data1\" content=\"Dost\u0119pny\" \/>\n<script type=\"application\/ld+json\" class=\"yoast-schema-graph\">{\"@context\":\"https:\/\/schema.org\",\"@graph\":[{\"@type\":\"WebPage\",\"@id\":\"https:\/\/persjarnia.com\/en\/product\/bieznik-karmazyn-45x145cm\/\",\"url\":\"https:\/\/persjarnia.com\/en\/product\/bieznik-karmazyn-45x145cm\/\",\"name\":\"Bie\u017cnik Karmazyn 45x145cm - Persjarnia Zambrzyckich\",\"isPartOf\":{\"@id\":\"https:\/\/persjarnia.com\/en\/#website\"},\"primaryImageOfPage\":{\"@id\":\"https:\/\/persjarnia.com\/en\/product\/bieznik-karmazyn-45x145cm\/#primaryimage\"},\"image\":{\"@id\":\"https:\/\/persjarnia.com\/en\/product\/bieznik-karmazyn-45x145cm\/#primaryimage\"},\"thumbnailUrl\":\"https:\/\/persjarnia.com\/wp-content\/uploads\/2025\/09\/IMG_1301.jpg\",\"datePublished\":\"2025-09-27T15:25:38+00:00\",\"dateModified\":\"2025-10-05T19:59:28+00:00\",\"breadcrumb\":{\"@id\":\"https:\/\/persjarnia.com\/en\/product\/bieznik-karmazyn-45x145cm\/#breadcrumb\"},\"inLanguage\":\"pl-PL\",\"potentialAction\":[{\"@type\":\"ReadAction\",\"target\":[\"https:\/\/persjarnia.com\/en\/product\/bieznik-karmazyn-45x145cm\/\"]}]},{\"@type\":\"ImageObject\",\"inLanguage\":\"pl-PL\",\"@id\":\"https:\/\/persjarnia.com\/en\/product\/bieznik-karmazyn-45x145cm\/#primaryimage\",\"url\":\"https:\/\/persjarnia.com\/wp-content\/uploads\/2025\/09\/IMG_1301.jpg\",\"contentUrl\":\"https:\/\/persjarnia.com\/wp-content\/uploads\/2025\/09\/IMG_1301.jpg\",\"width\":1200,\"height\":1200},{\"@type\":\"BreadcrumbList\",\"@id\":\"https:\/\/persjarnia.com\/en\/product\/bieznik-karmazyn-45x145cm\/#breadcrumb\",\"itemListElement\":[{\"@type\":\"ListItem\",\"position\":1,\"name\":\"Home\",\"item\":\"https:\/\/persjarnia.com\/en\/\"},{\"@type\":\"ListItem\",\"position\":2,\"name\":\"Products\",\"item\":\"https:\/\/persjarnia.com\/en\/shop\/\"},{\"@type\":\"ListItem\",\"position\":3,\"name\":\"Bie\u017cnik Karmazyn 45x145cm\"}]},{\"@type\":\"WebSite\",\"@id\":\"https:\/\/persjarnia.com\/en\/#website\",\"url\":\"https:\/\/persjarnia.com\/en\/\",\"name\":\"Persjarnia Zambrzyckich\",\"description\":\"Pasy Kontuszowe, Makaty Buczackie\",\"publisher\":{\"@id\":\"https:\/\/persjarnia.com\/en\/#organization\"},\"potentialAction\":[{\"@type\":\"SearchAction\",\"target\":{\"@type\":\"EntryPoint\",\"urlTemplate\":\"https:\/\/persjarnia.com\/en\/?s={search_term_string}\"},\"query-input\":{\"@type\":\"PropertyValueSpecification\",\"valueRequired\":true,\"valueName\":\"search_term_string\"}}],\"inLanguage\":\"pl-PL\"},{\"@type\":\"Organization\",\"@id\":\"https:\/\/persjarnia.com\/en\/#organization\",\"name\":\"Persjarnia Zambrzyckich\",\"url\":\"https:\/\/persjarnia.com\/en\/\",\"logo\":{\"@type\":\"ImageObject\",\"inLanguage\":\"pl-PL\",\"@id\":\"https:\/\/persjarnia.com\/en\/#\/schema\/logo\/image\/\",\"url\":\"https:\/\/persjarnia.com\/wp-content\/uploads\/2017\/03\/cropped-logo1-sm.png\",\"contentUrl\":\"https:\/\/persjarnia.com\/wp-content\/uploads\/2017\/03\/cropped-logo1-sm.png\",\"width\":130,\"height\":75,\"caption\":\"Persjarnia Zambrzyckich\"},\"image\":{\"@id\":\"https:\/\/persjarnia.com\/en\/#\/schema\/logo\/image\/\"},\"sameAs\":[\"https:\/\/www.facebook.com\/persjarnia\"]}]}<\/script>\n<meta property=\"og:availability\" content=\"instock\" \/>\n<meta property=\"product:availability\" content=\"instock\" \/>\n<meta property=\"product:condition\" content=\"new\" \/>\n<!-- \/ Yoast SEO plugin. -->","yoast_head_json":{"title":"Bie\u017cnik Karmazyn 45x145cm - Persjarnia Zambrzyckich","robots":{"index":"index","follow":"follow","max-snippet":"max-snippet:-1","max-image-preview":"max-image-preview:large","max-video-preview":"max-video-preview:-1"},"canonical":"https:\/\/persjarnia.com\/pl\/produkt\/bieznik-karmazyn-45x145cm\/","og_locale":"pl_PL","og_type":"article","og_title":"Bie\u017cnik Karmazyn 45x145cm - Persjarnia Zambrzyckich","og_description":"&nbsp;  Bie\u017cnik na st\u00f3\u0142 utkany we wz\u00f3r historycznego pasa kontuszowego. To jest tkanina dwustronna.  Bie\u017cnik ma rozmiar: 45*145cm  W tej - z\u0142otoczerwonej kombinacji kolor\u00f3w bie\u017cniki nosz\u0105 nazw\u0119 \"Karmazyn\".  S\u0142owo Karmazyn w dawnej Polsce oznacza\u0142o wielkiego wielmo\u017c\u0119, bo tylko bogaci nosili ubrania w kolorze karmazynowym.  27 listopada 1633 roku do Rzymu wjecha\u0142 niezwykle bogaty orszak pos\u0142a z Rzeczypospolitej. Ludzie, konie, wielb\u0142\u0105dy okrywa\u0142y tkaniny ze z\u0142ota i czerwieni. Ca\u0142y orszak Jerzego Ossoli\u0144skiego, niczym bajkowy w\u0105\u017c przeszed\u0142 ulicami Wiecznego Miasta, a konie-ku uciesze Rzymian - gubi\u0142y mn\u00f3stwo z\u0142otych podk\u00f3w. Nic dziwnego, \u017ce podkowa sta\u0142a si\u0119 symbolem szcz\u0119\u015bcia. Niniejsza seria tkanin upami\u0119tnia uroczysty wjazd polskiego dyplomaty do Rzymu. Musi tu by\u0107 karmazyn, z\u0142oto, turkus i srebro. Musi by\u0107 splendor. Polski dom jest tego wart.  Na specjalne \u017cyczenie, mo\u017cemy Pa\u0144stwa zakup umie\u015bci\u0107 w eleganckim, podarunkowym pude\u0142ku, za dodatkowe 15z\u0142. Prosimy wybra\u0107 odpowiedni\u0105 opcj\u0119 przed dodaniem do koszyka.  Sk\u0142ad: poliwiskoza  Piel\u0119gnacja: pranie r\u0119czne lub w pralce w temperaturze nie wy\u017cszej ni\u017c 40\u2070 C.  Prasowa\u0107 po ustawieniu \u017celazka na JEDWAB i par\u0119.  &nbsp;  &nbsp;","og_url":"https:\/\/persjarnia.com\/pl\/produkt\/bieznik-karmazyn-45x145cm\/","og_site_name":"Persjarnia Zambrzyckich","article_publisher":"https:\/\/www.facebook.com\/persjarnia","article_modified_time":"2025-10-05T19:59:28+00:00","og_image":[{"width":1200,"height":1200,"url":"https:\/\/persjarnia.com\/wp-content\/uploads\/2025\/09\/IMG_1301.jpg","type":"image\/jpeg"}],"twitter_card":"summary_large_image","twitter_misc":{"Dost\u0119pno\u015b\u0107":"Dost\u0119pny"},"schema":{"@context":"https:\/\/schema.org","@graph":[{"@type":"WebPage","@id":"https:\/\/persjarnia.com\/en\/product\/bieznik-karmazyn-45x145cm\/","url":"https:\/\/persjarnia.com\/en\/product\/bieznik-karmazyn-45x145cm\/","name":"Bie\u017cnik Karmazyn 45x145cm - Persjarnia Zambrzyckich","isPartOf":{"@id":"https:\/\/persjarnia.com\/en\/#website"},"primaryImageOfPage":{"@id":"https:\/\/persjarnia.com\/en\/product\/bieznik-karmazyn-45x145cm\/#primaryimage"},"image":{"@id":"https:\/\/persjarnia.com\/en\/product\/bieznik-karmazyn-45x145cm\/#primaryimage"},"thumbnailUrl":"https:\/\/persjarnia.com\/wp-content\/uploads\/2025\/09\/IMG_1301.jpg","datePublished":"2025-09-27T15:25:38+00:00","dateModified":"2025-10-05T19:59:28+00:00","breadcrumb":{"@id":"https:\/\/persjarnia.com\/en\/product\/bieznik-karmazyn-45x145cm\/#breadcrumb"},"inLanguage":"pl-PL","potentialAction":[{"@type":"ReadAction","target":["https:\/\/persjarnia.com\/en\/product\/bieznik-karmazyn-45x145cm\/"]}]},{"@type":"ImageObject","inLanguage":"pl-PL","@id":"https:\/\/persjarnia.com\/en\/product\/bieznik-karmazyn-45x145cm\/#primaryimage","url":"https:\/\/persjarnia.com\/wp-content\/uploads\/2025\/09\/IMG_1301.jpg","contentUrl":"https:\/\/persjarnia.com\/wp-content\/uploads\/2025\/09\/IMG_1301.jpg","width":1200,"height":1200},{"@type":"BreadcrumbList","@id":"https:\/\/persjarnia.com\/en\/product\/bieznik-karmazyn-45x145cm\/#breadcrumb","itemListElement":[{"@type":"ListItem","position":1,"name":"Home","item":"https:\/\/persjarnia.com\/en\/"},{"@type":"ListItem","position":2,"name":"Products","item":"https:\/\/persjarnia.com\/en\/shop\/"},{"@type":"ListItem","position":3,"name":"Bie\u017cnik Karmazyn 45x145cm"}]},{"@type":"WebSite","@id":"https:\/\/persjarnia.com\/en\/#website","url":"https:\/\/persjarnia.com\/en\/","name":"Persjarnia Zambrzyckich","description":"Pasy Kontuszowe, Makaty Buczackie","publisher":{"@id":"https:\/\/persjarnia.com\/en\/#organization"},"potentialAction":[{"@type":"SearchAction","target":{"@type":"EntryPoint","urlTemplate":"https:\/\/persjarnia.com\/en\/?s={search_term_string}"},"query-input":{"@type":"PropertyValueSpecification","valueRequired":true,"valueName":"search_term_string"}}],"inLanguage":"pl-PL"},{"@type":"Organization","@id":"https:\/\/persjarnia.com\/en\/#organization","name":"Persjarnia Zambrzyckich","url":"https:\/\/persjarnia.com\/en\/","logo":{"@type":"ImageObject","inLanguage":"pl-PL","@id":"https:\/\/persjarnia.com\/en\/#\/schema\/logo\/image\/","url":"https:\/\/persjarnia.com\/wp-content\/uploads\/2017\/03\/cropped-logo1-sm.png","contentUrl":"https:\/\/persjarnia.com\/wp-content\/uploads\/2017\/03\/cropped-logo1-sm.png","width":130,"height":75,"caption":"Persjarnia Zambrzyckich"},"image":{"@id":"https:\/\/persjarnia.com\/en\/#\/schema\/logo\/image\/"},"sameAs":["https:\/\/www.facebook.com\/persjarnia"]}]},"og_availability":"instock","product_availability":"instock","product_condition":"new"},"_links":{"self":[{"href":"https:\/\/persjarnia.com\/pl\/wp-json\/wp\/v2\/product\/7547","targetHints":{"allow":["GET"]}}],"collection":[{"href":"https:\/\/persjarnia.com\/pl\/wp-json\/wp\/v2\/product"}],"about":[{"href":"https:\/\/persjarnia.com\/pl\/wp-json\/wp\/v2\/types\/product"}],"wp:featuredmedia":[{"embeddable":true,"href":"https:\/\/persjarnia.com\/pl\/wp-json\/wp\/v2\/media\/6938"}],"wp:attachment":[{"href":"https:\/\/persjarnia.com\/pl\/wp-json\/wp\/v2\/media?parent=7547"}],"wp:term":[{"taxonomy":"product_brand","embeddable":true,"href":"https:\/\/persjarnia.com\/pl\/wp-json\/wp\/v2\/product_brand?post=7547"},{"taxonomy":"product_cat","embeddable":true,"href":"https:\/\/persjarnia.com\/pl\/wp-json\/wp\/v2\/product_cat?post=7547"},{"taxonomy":"product_tag","embeddable":true,"href":"https:\/\/persjarnia.com\/pl\/wp-json\/wp\/v2\/product_tag?post=7547"}],"curies":[{"name":"wp","href":"https:\/\/api.w.org\/{rel}","templated":true}]}}