{"id":7637,"date":"2025-09-27T17:26:17","date_gmt":"2025-09-27T15:26:17","guid":{"rendered":"https:\/\/persjarnia.com\/?post_type=product&#038;p=7637"},"modified":"2026-02-16T16:37:12","modified_gmt":"2026-02-16T15:37:12","slug":"makata-karmazyn-108x145cm","status":"publish","type":"product","link":"https:\/\/persjarnia.com\/pl\/produkt\/makata-karmazyn-108x145cm\/","title":{"rendered":"Makata Karmazyn 108x145cm"},"content":{"rendered":"","protected":false},"excerpt":{"rendered":"<p>S\u0142owo Karmazyn w dawnej Polsce oznacza\u0142o wielkiego wielmo\u017c\u0119, bo tylko bogaci nosili ubrania w kolorze karmazynowym.<\/p>\n<p>27 listopada 1633 roku do Rzymu wjecha\u0142 niezwykle bogaty orszak pos\u0142a z Rzeczypospolitej. Ludzie, konie, wielb\u0142\u0105dy okrywa\u0142y tkaniny ze z\u0142ota i czerwieni. Ca\u0142y orszak Jerzego Ossoli\u0144skiego, niczym bajkowy w\u0105\u017c przeszed\u0142 ulicami Wiecznego Miasta, a konie-ku uciesze Rzymian \u2013 gubi\u0142y mn\u00f3stwo z\u0142otych podk\u00f3w. Nic dziwnego, \u017ce podkowa sta\u0142a si\u0119 symbolem szcz\u0119\u015bcia. Niniejsza seria tkanin upami\u0119tnia uroczysty wjazd polskiego dyplomaty do Rzymu. Musi tu by\u0107 karmazyn, z\u0142oto, turkus i srebro. Musi by\u0107 splendor. Polski dom jest tego wart.<\/p>\n<p style=\"margin: 0cm 0cm 11.25pt 0cm;\">\n<p><strong>Rozmiar:<\/strong>\u00a0108cm na 145cm<br \/>\nMakata dwustronna<\/p>\n","protected":false},"featured_media":6990,"template":"","meta":{"_acf_changed":false},"product_brand":[],"product_cat":[45],"product_tag":[],"class_list":{"0":"post-7637","1":"product","2":"type-product","3":"status-publish","4":"has-post-thumbnail","6":"product_cat-makaty-buczackie","8":"first","9":"instock","10":"shipping-taxable","11":"purchasable","12":"product-type-simple"},"acf":[],"yoast_head":"<!-- This site is optimized with the Yoast SEO plugin v26.1 - https:\/\/yoast.com\/wordpress\/plugins\/seo\/ -->\n<title>Makata Karmazyn 108x145cm - Persjarnia Zambrzyckich<\/title>\n<meta name=\"robots\" content=\"index, follow, max-snippet:-1, max-image-preview:large, max-video-preview:-1\" \/>\n<link rel=\"canonical\" href=\"https:\/\/persjarnia.com\/pl\/produkt\/makata-karmazyn-108x145cm\/\" \/>\n<meta property=\"og:locale\" content=\"pl_PL\" \/>\n<meta property=\"og:type\" content=\"article\" \/>\n<meta property=\"og:title\" content=\"Makata Karmazyn 108x145cm - Persjarnia Zambrzyckich\" \/>\n<meta property=\"og:description\" content=\"S\u0142owo Karmazyn w dawnej Polsce oznacza\u0142o wielkiego wielmo\u017c\u0119, bo tylko bogaci nosili ubrania w kolorze karmazynowym.  27 listopada 1633 roku do Rzymu wjecha\u0142 niezwykle bogaty orszak pos\u0142a z Rzeczypospolitej. Ludzie, konie, wielb\u0142\u0105dy okrywa\u0142y tkaniny ze z\u0142ota i czerwieni. Ca\u0142y orszak Jerzego Ossoli\u0144skiego, niczym bajkowy w\u0105\u017c przeszed\u0142 ulicami Wiecznego Miasta, a konie-ku uciesze Rzymian \u2013 gubi\u0142y mn\u00f3stwo z\u0142otych podk\u00f3w. Nic dziwnego, \u017ce podkowa sta\u0142a si\u0119 symbolem szcz\u0119\u015bcia. Niniejsza seria tkanin upami\u0119tnia uroczysty wjazd polskiego dyplomaty do Rzymu. Musi tu by\u0107 karmazyn, z\u0142oto, turkus i srebro. Musi by\u0107 splendor. Polski dom jest tego wart.  Rozmiar:\u00a0108cm na 145cm Makata dwustronna\" \/>\n<meta property=\"og:url\" content=\"https:\/\/persjarnia.com\/pl\/produkt\/makata-karmazyn-108x145cm\/\" \/>\n<meta property=\"og:site_name\" content=\"Persjarnia Zambrzyckich\" \/>\n<meta property=\"article:publisher\" content=\"https:\/\/www.facebook.com\/persjarnia\" \/>\n<meta property=\"article:modified_time\" content=\"2026-02-16T15:37:12+00:00\" \/>\n<meta property=\"og:image\" content=\"https:\/\/persjarnia.com\/wp-content\/uploads\/2025\/09\/image00007.jpg\" \/>\n\t<meta property=\"og:image:width\" content=\"900\" \/>\n\t<meta property=\"og:image:height\" content=\"1200\" \/>\n\t<meta property=\"og:image:type\" content=\"image\/jpeg\" \/>\n<meta name=\"twitter:card\" content=\"summary_large_image\" \/>\n<meta name=\"twitter:label1\" content=\"Cena\" \/>\n\t<meta name=\"twitter:data1\" content=\"495&nbsp;&#122;&#322;\" \/>\n\t<meta name=\"twitter:label2\" content=\"Dost\u0119pno\u015b\u0107\" \/>\n\t<meta name=\"twitter:data2\" content=\"Dost\u0119pny\" \/>\n<script type=\"application\/ld+json\" class=\"yoast-schema-graph\">{\"@context\":\"https:\/\/schema.org\",\"@graph\":[{\"@type\":\"WebPage\",\"@id\":\"https:\/\/persjarnia.com\/pl\/produkt\/makata-karmazyn-108x145cm\/\",\"url\":\"https:\/\/persjarnia.com\/pl\/produkt\/makata-karmazyn-108x145cm\/\",\"name\":\"Makata Karmazyn 108x145cm - Persjarnia Zambrzyckich\",\"isPartOf\":{\"@id\":\"https:\/\/persjarnia.com\/en\/#website\"},\"primaryImageOfPage\":{\"@id\":\"https:\/\/persjarnia.com\/pl\/produkt\/makata-karmazyn-108x145cm\/#primaryimage\"},\"image\":{\"@id\":\"https:\/\/persjarnia.com\/pl\/produkt\/makata-karmazyn-108x145cm\/#primaryimage\"},\"thumbnailUrl\":\"https:\/\/persjarnia.com\/wp-content\/uploads\/2025\/09\/image00007.jpg\",\"datePublished\":\"2025-09-27T15:26:17+00:00\",\"dateModified\":\"2026-02-16T15:37:12+00:00\",\"breadcrumb\":{\"@id\":\"https:\/\/persjarnia.com\/pl\/produkt\/makata-karmazyn-108x145cm\/#breadcrumb\"},\"inLanguage\":\"pl-PL\",\"potentialAction\":[{\"@type\":\"ReadAction\",\"target\":[\"https:\/\/persjarnia.com\/pl\/produkt\/makata-karmazyn-108x145cm\/\"]}]},{\"@type\":\"ImageObject\",\"inLanguage\":\"pl-PL\",\"@id\":\"https:\/\/persjarnia.com\/pl\/produkt\/makata-karmazyn-108x145cm\/#primaryimage\",\"url\":\"https:\/\/persjarnia.com\/wp-content\/uploads\/2025\/09\/image00007.jpg\",\"contentUrl\":\"https:\/\/persjarnia.com\/wp-content\/uploads\/2025\/09\/image00007.jpg\",\"width\":900,\"height\":1200},{\"@type\":\"BreadcrumbList\",\"@id\":\"https:\/\/persjarnia.com\/pl\/produkt\/makata-karmazyn-108x145cm\/#breadcrumb\",\"itemListElement\":[{\"@type\":\"ListItem\",\"position\":1,\"name\":\"Home\",\"item\":\"https:\/\/persjarnia.com\/en\/\"},{\"@type\":\"ListItem\",\"position\":2,\"name\":\"Products\",\"item\":\"https:\/\/persjarnia.com\/en\/shop\/\"},{\"@type\":\"ListItem\",\"position\":3,\"name\":\"Makata Karmazyn 108x145cm\"}]},{\"@type\":\"WebSite\",\"@id\":\"https:\/\/persjarnia.com\/en\/#website\",\"url\":\"https:\/\/persjarnia.com\/en\/\",\"name\":\"Persjarnia Zambrzyckich\",\"description\":\"Pasy Kontuszowe, Makaty Buczackie\",\"publisher\":{\"@id\":\"https:\/\/persjarnia.com\/en\/#organization\"},\"potentialAction\":[{\"@type\":\"SearchAction\",\"target\":{\"@type\":\"EntryPoint\",\"urlTemplate\":\"https:\/\/persjarnia.com\/en\/?s={search_term_string}\"},\"query-input\":{\"@type\":\"PropertyValueSpecification\",\"valueRequired\":true,\"valueName\":\"search_term_string\"}}],\"inLanguage\":\"pl-PL\"},{\"@type\":\"Organization\",\"@id\":\"https:\/\/persjarnia.com\/en\/#organization\",\"name\":\"Persjarnia Zambrzyckich\",\"url\":\"https:\/\/persjarnia.com\/en\/\",\"logo\":{\"@type\":\"ImageObject\",\"inLanguage\":\"pl-PL\",\"@id\":\"https:\/\/persjarnia.com\/en\/#\/schema\/logo\/image\/\",\"url\":\"https:\/\/persjarnia.com\/wp-content\/uploads\/2017\/03\/cropped-logo1-sm.png\",\"contentUrl\":\"https:\/\/persjarnia.com\/wp-content\/uploads\/2017\/03\/cropped-logo1-sm.png\",\"width\":130,\"height\":75,\"caption\":\"Persjarnia Zambrzyckich\"},\"image\":{\"@id\":\"https:\/\/persjarnia.com\/en\/#\/schema\/logo\/image\/\"},\"sameAs\":[\"https:\/\/www.facebook.com\/persjarnia\"]}]}<\/script>\n<meta property=\"product:price:amount\" content=\"495\" \/>\n<meta property=\"product:price:currency\" content=\"PLN\" \/>\n<meta property=\"og:availability\" content=\"instock\" \/>\n<meta property=\"product:availability\" content=\"instock\" \/>\n<meta property=\"product:condition\" content=\"new\" \/>\n<!-- \/ Yoast SEO plugin. -->","yoast_head_json":{"title":"Makata Karmazyn 108x145cm - Persjarnia Zambrzyckich","robots":{"index":"index","follow":"follow","max-snippet":"max-snippet:-1","max-image-preview":"max-image-preview:large","max-video-preview":"max-video-preview:-1"},"canonical":"https:\/\/persjarnia.com\/pl\/produkt\/makata-karmazyn-108x145cm\/","og_locale":"pl_PL","og_type":"article","og_title":"Makata Karmazyn 108x145cm - Persjarnia Zambrzyckich","og_description":"S\u0142owo Karmazyn w dawnej Polsce oznacza\u0142o wielkiego wielmo\u017c\u0119, bo tylko bogaci nosili ubrania w kolorze karmazynowym.  27 listopada 1633 roku do Rzymu wjecha\u0142 niezwykle bogaty orszak pos\u0142a z Rzeczypospolitej. Ludzie, konie, wielb\u0142\u0105dy okrywa\u0142y tkaniny ze z\u0142ota i czerwieni. Ca\u0142y orszak Jerzego Ossoli\u0144skiego, niczym bajkowy w\u0105\u017c przeszed\u0142 ulicami Wiecznego Miasta, a konie-ku uciesze Rzymian \u2013 gubi\u0142y mn\u00f3stwo z\u0142otych podk\u00f3w. Nic dziwnego, \u017ce podkowa sta\u0142a si\u0119 symbolem szcz\u0119\u015bcia. Niniejsza seria tkanin upami\u0119tnia uroczysty wjazd polskiego dyplomaty do Rzymu. Musi tu by\u0107 karmazyn, z\u0142oto, turkus i srebro. Musi by\u0107 splendor. Polski dom jest tego wart.  Rozmiar:\u00a0108cm na 145cm Makata dwustronna","og_url":"https:\/\/persjarnia.com\/pl\/produkt\/makata-karmazyn-108x145cm\/","og_site_name":"Persjarnia Zambrzyckich","article_publisher":"https:\/\/www.facebook.com\/persjarnia","article_modified_time":"2026-02-16T15:37:12+00:00","og_image":[{"width":900,"height":1200,"url":"https:\/\/persjarnia.com\/wp-content\/uploads\/2025\/09\/image00007.jpg","type":"image\/jpeg"}],"twitter_card":"summary_large_image","twitter_misc":{"Cena":"495&nbsp;&#122;&#322;","Dost\u0119pno\u015b\u0107":"Dost\u0119pny"},"schema":{"@context":"https:\/\/schema.org","@graph":[{"@type":"WebPage","@id":"https:\/\/persjarnia.com\/pl\/produkt\/makata-karmazyn-108x145cm\/","url":"https:\/\/persjarnia.com\/pl\/produkt\/makata-karmazyn-108x145cm\/","name":"Makata Karmazyn 108x145cm - Persjarnia Zambrzyckich","isPartOf":{"@id":"https:\/\/persjarnia.com\/en\/#website"},"primaryImageOfPage":{"@id":"https:\/\/persjarnia.com\/pl\/produkt\/makata-karmazyn-108x145cm\/#primaryimage"},"image":{"@id":"https:\/\/persjarnia.com\/pl\/produkt\/makata-karmazyn-108x145cm\/#primaryimage"},"thumbnailUrl":"https:\/\/persjarnia.com\/wp-content\/uploads\/2025\/09\/image00007.jpg","datePublished":"2025-09-27T15:26:17+00:00","dateModified":"2026-02-16T15:37:12+00:00","breadcrumb":{"@id":"https:\/\/persjarnia.com\/pl\/produkt\/makata-karmazyn-108x145cm\/#breadcrumb"},"inLanguage":"pl-PL","potentialAction":[{"@type":"ReadAction","target":["https:\/\/persjarnia.com\/pl\/produkt\/makata-karmazyn-108x145cm\/"]}]},{"@type":"ImageObject","inLanguage":"pl-PL","@id":"https:\/\/persjarnia.com\/pl\/produkt\/makata-karmazyn-108x145cm\/#primaryimage","url":"https:\/\/persjarnia.com\/wp-content\/uploads\/2025\/09\/image00007.jpg","contentUrl":"https:\/\/persjarnia.com\/wp-content\/uploads\/2025\/09\/image00007.jpg","width":900,"height":1200},{"@type":"BreadcrumbList","@id":"https:\/\/persjarnia.com\/pl\/produkt\/makata-karmazyn-108x145cm\/#breadcrumb","itemListElement":[{"@type":"ListItem","position":1,"name":"Home","item":"https:\/\/persjarnia.com\/en\/"},{"@type":"ListItem","position":2,"name":"Products","item":"https:\/\/persjarnia.com\/en\/shop\/"},{"@type":"ListItem","position":3,"name":"Makata Karmazyn 108x145cm"}]},{"@type":"WebSite","@id":"https:\/\/persjarnia.com\/en\/#website","url":"https:\/\/persjarnia.com\/en\/","name":"Persjarnia Zambrzyckich","description":"Pasy Kontuszowe, Makaty Buczackie","publisher":{"@id":"https:\/\/persjarnia.com\/en\/#organization"},"potentialAction":[{"@type":"SearchAction","target":{"@type":"EntryPoint","urlTemplate":"https:\/\/persjarnia.com\/en\/?s={search_term_string}"},"query-input":{"@type":"PropertyValueSpecification","valueRequired":true,"valueName":"search_term_string"}}],"inLanguage":"pl-PL"},{"@type":"Organization","@id":"https:\/\/persjarnia.com\/en\/#organization","name":"Persjarnia Zambrzyckich","url":"https:\/\/persjarnia.com\/en\/","logo":{"@type":"ImageObject","inLanguage":"pl-PL","@id":"https:\/\/persjarnia.com\/en\/#\/schema\/logo\/image\/","url":"https:\/\/persjarnia.com\/wp-content\/uploads\/2017\/03\/cropped-logo1-sm.png","contentUrl":"https:\/\/persjarnia.com\/wp-content\/uploads\/2017\/03\/cropped-logo1-sm.png","width":130,"height":75,"caption":"Persjarnia Zambrzyckich"},"image":{"@id":"https:\/\/persjarnia.com\/en\/#\/schema\/logo\/image\/"},"sameAs":["https:\/\/www.facebook.com\/persjarnia"]}]},"product_price_amount":"495","product_price_currency":"PLN","og_availability":"instock","product_availability":"instock","product_condition":"new"},"_links":{"self":[{"href":"https:\/\/persjarnia.com\/pl\/wp-json\/wp\/v2\/product\/7637","targetHints":{"allow":["GET"]}}],"collection":[{"href":"https:\/\/persjarnia.com\/pl\/wp-json\/wp\/v2\/product"}],"about":[{"href":"https:\/\/persjarnia.com\/pl\/wp-json\/wp\/v2\/types\/product"}],"wp:featuredmedia":[{"embeddable":true,"href":"https:\/\/persjarnia.com\/pl\/wp-json\/wp\/v2\/media\/6990"}],"wp:attachment":[{"href":"https:\/\/persjarnia.com\/pl\/wp-json\/wp\/v2\/media?parent=7637"}],"wp:term":[{"taxonomy":"product_brand","embeddable":true,"href":"https:\/\/persjarnia.com\/pl\/wp-json\/wp\/v2\/product_brand?post=7637"},{"taxonomy":"product_cat","embeddable":true,"href":"https:\/\/persjarnia.com\/pl\/wp-json\/wp\/v2\/product_cat?post=7637"},{"taxonomy":"product_tag","embeddable":true,"href":"https:\/\/persjarnia.com\/pl\/wp-json\/wp\/v2\/product_tag?post=7637"}],"curies":[{"name":"wp","href":"https:\/\/api.w.org\/{rel}","templated":true}]}}