{"id":7643,"date":"2025-09-27T17:26:17","date_gmt":"2025-09-27T15:26:17","guid":{"rendered":"https:\/\/persjarnia.com\/?post_type=product&#038;p=7643"},"modified":"2025-09-27T17:26:51","modified_gmt":"2025-09-27T15:26:51","slug":"pas-damski-purpura-oleska-z-waska-wstega","status":"publish","type":"product","link":"https:\/\/persjarnia.com\/pl\/produkt\/pas-damski-purpura-oleska-z-waska-wstega\/","title":{"rendered":"Pas Damski Purpura Oleska z  w\u0105sk\u0105 wst\u0119g\u0105"},"content":{"rendered":"","protected":false},"excerpt":{"rendered":"<p align=\"justify\">Pas o ca\u0142kowitej d\u0142ugo\u015bci 278 cm i szeroko\u015bci 12,5 cm w cz\u0119\u015bci przedniej. Pas przylega szerok\u0105 cz\u0119\u015bci\u0105 z przodu, krzy\u017cuje si\u0119 na talii z ty\u0142u i zawi\u0105zuje z boku.<\/p>\n<p align=\"justify\">Wszystkie pasy maj\u0105 ornament tkany, obustronny i posiadaj\u0105 te same wzory, kt\u00f3re odtworzyli\u015bmy z muzealnych pas\u00f3w kontuszowych. W ten spos\u00f3b s\u0105 one kontynuacj\u0105 dawnego polskiego wzornictwa z\u0142otego wieku.<\/p>\n<p align=\"justify\">Ka\u017cdy pas pakujemy z szacunkiem do tradycji \u2014 w eleganckie pude\u0142ko prezentowe, gotowe do podarowania lub przechowania jak skarb. Bez dodatkowych op\u0142at.<\/p>\n","protected":false},"featured_media":7028,"template":"","meta":{"_acf_changed":false},"product_brand":[],"product_cat":[224],"product_tag":[],"class_list":{"0":"post-7643","1":"product","2":"type-product","3":"status-publish","4":"has-post-thumbnail","6":"product_cat-pasy-uroczyste-dla-pan","7":"pa_packing-without-packaging","8":"pa_packing-with-packing","10":"first","11":"instock","12":"shipping-taxable","13":"purchasable","14":"product-type-simple"},"acf":[],"yoast_head":"<!-- This site is optimized with the Yoast SEO plugin v26.1 - https:\/\/yoast.com\/wordpress\/plugins\/seo\/ -->\n<title>Pas Damski Purpura Oleska z w\u0105sk\u0105 wst\u0119g\u0105 - Persjarnia Zambrzyckich<\/title>\n<meta name=\"robots\" content=\"index, follow, max-snippet:-1, max-image-preview:large, max-video-preview:-1\" \/>\n<link rel=\"canonical\" href=\"https:\/\/persjarnia.com\/pl\/produkt\/pas-damski-purpura-oleska-z-waska-wstega\/\" \/>\n<meta property=\"og:locale\" content=\"pl_PL\" \/>\n<meta property=\"og:type\" content=\"article\" \/>\n<meta property=\"og:title\" content=\"Pas Damski Purpura Oleska z w\u0105sk\u0105 wst\u0119g\u0105 - Persjarnia Zambrzyckich\" \/>\n<meta property=\"og:description\" content=\"Pas o ca\u0142kowitej d\u0142ugo\u015bci 278 cm i szeroko\u015bci 12,5 cm w cz\u0119\u015bci przedniej. Pas przylega szerok\u0105 cz\u0119\u015bci\u0105 z przodu, krzy\u017cuje si\u0119 na talii z ty\u0142u i zawi\u0105zuje z boku. Wszystkie pasy maj\u0105 ornament tkany, obustronny i posiadaj\u0105 te same wzory, kt\u00f3re odtworzyli\u015bmy z muzealnych pas\u00f3w kontuszowych. W ten spos\u00f3b s\u0105 one kontynuacj\u0105 dawnego polskiego wzornictwa z\u0142otego wieku. Ka\u017cdy pas pakujemy z szacunkiem do tradycji \u2014 w eleganckie pude\u0142ko prezentowe, gotowe do podarowania lub przechowania jak skarb. Bez dodatkowych op\u0142at.\" \/>\n<meta property=\"og:url\" content=\"https:\/\/persjarnia.com\/pl\/produkt\/pas-damski-purpura-oleska-z-waska-wstega\/\" \/>\n<meta property=\"og:site_name\" content=\"Persjarnia Zambrzyckich\" \/>\n<meta property=\"article:publisher\" content=\"https:\/\/www.facebook.com\/persjarnia\" \/>\n<meta property=\"article:modified_time\" content=\"2025-09-27T15:26:51+00:00\" \/>\n<meta property=\"og:image\" content=\"https:\/\/persjarnia.com\/wp-content\/uploads\/2025\/09\/IMG_2846.jpg\" \/>\n\t<meta property=\"og:image:width\" content=\"900\" \/>\n\t<meta property=\"og:image:height\" content=\"1200\" \/>\n\t<meta property=\"og:image:type\" content=\"image\/jpeg\" \/>\n<meta name=\"twitter:card\" content=\"summary_large_image\" \/>\n<meta name=\"twitter:label1\" content=\"Cena\" \/>\n\t<meta name=\"twitter:data1\" content=\"265&nbsp;&#122;&#322;\" \/>\n\t<meta name=\"twitter:label2\" content=\"Dost\u0119pno\u015b\u0107\" \/>\n\t<meta name=\"twitter:data2\" content=\"Dost\u0119pny\" \/>\n<script type=\"application\/ld+json\" class=\"yoast-schema-graph\">{\"@context\":\"https:\/\/schema.org\",\"@graph\":[{\"@type\":\"WebPage\",\"@id\":\"https:\/\/persjarnia.com\/pl\/produkt\/pas-damski-purpura-oleska-z-waska-wstega\/\",\"url\":\"https:\/\/persjarnia.com\/pl\/produkt\/pas-damski-purpura-oleska-z-waska-wstega\/\",\"name\":\"Pas Damski Purpura Oleska z w\u0105sk\u0105 wst\u0119g\u0105 - Persjarnia Zambrzyckich\",\"isPartOf\":{\"@id\":\"https:\/\/persjarnia.com\/en\/#website\"},\"primaryImageOfPage\":{\"@id\":\"https:\/\/persjarnia.com\/pl\/produkt\/pas-damski-purpura-oleska-z-waska-wstega\/#primaryimage\"},\"image\":{\"@id\":\"https:\/\/persjarnia.com\/pl\/produkt\/pas-damski-purpura-oleska-z-waska-wstega\/#primaryimage\"},\"thumbnailUrl\":\"https:\/\/persjarnia.com\/wp-content\/uploads\/2025\/09\/IMG_2846.jpg\",\"datePublished\":\"2025-09-27T15:26:17+00:00\",\"dateModified\":\"2025-09-27T15:26:51+00:00\",\"breadcrumb\":{\"@id\":\"https:\/\/persjarnia.com\/pl\/produkt\/pas-damski-purpura-oleska-z-waska-wstega\/#breadcrumb\"},\"inLanguage\":\"pl-PL\",\"potentialAction\":[{\"@type\":\"ReadAction\",\"target\":[\"https:\/\/persjarnia.com\/pl\/produkt\/pas-damski-purpura-oleska-z-waska-wstega\/\"]}]},{\"@type\":\"ImageObject\",\"inLanguage\":\"pl-PL\",\"@id\":\"https:\/\/persjarnia.com\/pl\/produkt\/pas-damski-purpura-oleska-z-waska-wstega\/#primaryimage\",\"url\":\"https:\/\/persjarnia.com\/wp-content\/uploads\/2025\/09\/IMG_2846.jpg\",\"contentUrl\":\"https:\/\/persjarnia.com\/wp-content\/uploads\/2025\/09\/IMG_2846.jpg\",\"width\":900,\"height\":1200},{\"@type\":\"BreadcrumbList\",\"@id\":\"https:\/\/persjarnia.com\/pl\/produkt\/pas-damski-purpura-oleska-z-waska-wstega\/#breadcrumb\",\"itemListElement\":[{\"@type\":\"ListItem\",\"position\":1,\"name\":\"Home\",\"item\":\"https:\/\/persjarnia.com\/en\/\"},{\"@type\":\"ListItem\",\"position\":2,\"name\":\"Products\",\"item\":\"https:\/\/persjarnia.com\/en\/shop\/\"},{\"@type\":\"ListItem\",\"position\":3,\"name\":\"Pas Damski Purpura Oleska z w\u0105sk\u0105 wst\u0119g\u0105\"}]},{\"@type\":\"WebSite\",\"@id\":\"https:\/\/persjarnia.com\/en\/#website\",\"url\":\"https:\/\/persjarnia.com\/en\/\",\"name\":\"Persjarnia Zambrzyckich\",\"description\":\"Pasy Kontuszowe, Makaty Buczackie\",\"publisher\":{\"@id\":\"https:\/\/persjarnia.com\/en\/#organization\"},\"potentialAction\":[{\"@type\":\"SearchAction\",\"target\":{\"@type\":\"EntryPoint\",\"urlTemplate\":\"https:\/\/persjarnia.com\/en\/?s={search_term_string}\"},\"query-input\":{\"@type\":\"PropertyValueSpecification\",\"valueRequired\":true,\"valueName\":\"search_term_string\"}}],\"inLanguage\":\"pl-PL\"},{\"@type\":\"Organization\",\"@id\":\"https:\/\/persjarnia.com\/en\/#organization\",\"name\":\"Persjarnia Zambrzyckich\",\"url\":\"https:\/\/persjarnia.com\/en\/\",\"logo\":{\"@type\":\"ImageObject\",\"inLanguage\":\"pl-PL\",\"@id\":\"https:\/\/persjarnia.com\/en\/#\/schema\/logo\/image\/\",\"url\":\"https:\/\/persjarnia.com\/wp-content\/uploads\/2017\/03\/cropped-logo1-sm.png\",\"contentUrl\":\"https:\/\/persjarnia.com\/wp-content\/uploads\/2017\/03\/cropped-logo1-sm.png\",\"width\":130,\"height\":75,\"caption\":\"Persjarnia Zambrzyckich\"},\"image\":{\"@id\":\"https:\/\/persjarnia.com\/en\/#\/schema\/logo\/image\/\"},\"sameAs\":[\"https:\/\/www.facebook.com\/persjarnia\"]}]}<\/script>\n<meta property=\"product:price:amount\" content=\"265\" \/>\n<meta property=\"product:price:currency\" content=\"PLN\" \/>\n<meta property=\"og:availability\" content=\"instock\" \/>\n<meta property=\"product:availability\" content=\"instock\" \/>\n<meta property=\"product:condition\" content=\"new\" \/>\n<!-- \/ Yoast SEO plugin. -->","yoast_head_json":{"title":"Pas Damski Purpura Oleska z w\u0105sk\u0105 wst\u0119g\u0105 - Persjarnia Zambrzyckich","robots":{"index":"index","follow":"follow","max-snippet":"max-snippet:-1","max-image-preview":"max-image-preview:large","max-video-preview":"max-video-preview:-1"},"canonical":"https:\/\/persjarnia.com\/pl\/produkt\/pas-damski-purpura-oleska-z-waska-wstega\/","og_locale":"pl_PL","og_type":"article","og_title":"Pas Damski Purpura Oleska z w\u0105sk\u0105 wst\u0119g\u0105 - Persjarnia Zambrzyckich","og_description":"Pas o ca\u0142kowitej d\u0142ugo\u015bci 278 cm i szeroko\u015bci 12,5 cm w cz\u0119\u015bci przedniej. Pas przylega szerok\u0105 cz\u0119\u015bci\u0105 z przodu, krzy\u017cuje si\u0119 na talii z ty\u0142u i zawi\u0105zuje z boku. Wszystkie pasy maj\u0105 ornament tkany, obustronny i posiadaj\u0105 te same wzory, kt\u00f3re odtworzyli\u015bmy z muzealnych pas\u00f3w kontuszowych. W ten spos\u00f3b s\u0105 one kontynuacj\u0105 dawnego polskiego wzornictwa z\u0142otego wieku. Ka\u017cdy pas pakujemy z szacunkiem do tradycji \u2014 w eleganckie pude\u0142ko prezentowe, gotowe do podarowania lub przechowania jak skarb. Bez dodatkowych op\u0142at.","og_url":"https:\/\/persjarnia.com\/pl\/produkt\/pas-damski-purpura-oleska-z-waska-wstega\/","og_site_name":"Persjarnia Zambrzyckich","article_publisher":"https:\/\/www.facebook.com\/persjarnia","article_modified_time":"2025-09-27T15:26:51+00:00","og_image":[{"width":900,"height":1200,"url":"https:\/\/persjarnia.com\/wp-content\/uploads\/2025\/09\/IMG_2846.jpg","type":"image\/jpeg"}],"twitter_card":"summary_large_image","twitter_misc":{"Cena":"265&nbsp;&#122;&#322;","Dost\u0119pno\u015b\u0107":"Dost\u0119pny"},"schema":{"@context":"https:\/\/schema.org","@graph":[{"@type":"WebPage","@id":"https:\/\/persjarnia.com\/pl\/produkt\/pas-damski-purpura-oleska-z-waska-wstega\/","url":"https:\/\/persjarnia.com\/pl\/produkt\/pas-damski-purpura-oleska-z-waska-wstega\/","name":"Pas Damski Purpura Oleska z w\u0105sk\u0105 wst\u0119g\u0105 - Persjarnia Zambrzyckich","isPartOf":{"@id":"https:\/\/persjarnia.com\/en\/#website"},"primaryImageOfPage":{"@id":"https:\/\/persjarnia.com\/pl\/produkt\/pas-damski-purpura-oleska-z-waska-wstega\/#primaryimage"},"image":{"@id":"https:\/\/persjarnia.com\/pl\/produkt\/pas-damski-purpura-oleska-z-waska-wstega\/#primaryimage"},"thumbnailUrl":"https:\/\/persjarnia.com\/wp-content\/uploads\/2025\/09\/IMG_2846.jpg","datePublished":"2025-09-27T15:26:17+00:00","dateModified":"2025-09-27T15:26:51+00:00","breadcrumb":{"@id":"https:\/\/persjarnia.com\/pl\/produkt\/pas-damski-purpura-oleska-z-waska-wstega\/#breadcrumb"},"inLanguage":"pl-PL","potentialAction":[{"@type":"ReadAction","target":["https:\/\/persjarnia.com\/pl\/produkt\/pas-damski-purpura-oleska-z-waska-wstega\/"]}]},{"@type":"ImageObject","inLanguage":"pl-PL","@id":"https:\/\/persjarnia.com\/pl\/produkt\/pas-damski-purpura-oleska-z-waska-wstega\/#primaryimage","url":"https:\/\/persjarnia.com\/wp-content\/uploads\/2025\/09\/IMG_2846.jpg","contentUrl":"https:\/\/persjarnia.com\/wp-content\/uploads\/2025\/09\/IMG_2846.jpg","width":900,"height":1200},{"@type":"BreadcrumbList","@id":"https:\/\/persjarnia.com\/pl\/produkt\/pas-damski-purpura-oleska-z-waska-wstega\/#breadcrumb","itemListElement":[{"@type":"ListItem","position":1,"name":"Home","item":"https:\/\/persjarnia.com\/en\/"},{"@type":"ListItem","position":2,"name":"Products","item":"https:\/\/persjarnia.com\/en\/shop\/"},{"@type":"ListItem","position":3,"name":"Pas Damski Purpura Oleska z w\u0105sk\u0105 wst\u0119g\u0105"}]},{"@type":"WebSite","@id":"https:\/\/persjarnia.com\/en\/#website","url":"https:\/\/persjarnia.com\/en\/","name":"Persjarnia Zambrzyckich","description":"Pasy Kontuszowe, Makaty Buczackie","publisher":{"@id":"https:\/\/persjarnia.com\/en\/#organization"},"potentialAction":[{"@type":"SearchAction","target":{"@type":"EntryPoint","urlTemplate":"https:\/\/persjarnia.com\/en\/?s={search_term_string}"},"query-input":{"@type":"PropertyValueSpecification","valueRequired":true,"valueName":"search_term_string"}}],"inLanguage":"pl-PL"},{"@type":"Organization","@id":"https:\/\/persjarnia.com\/en\/#organization","name":"Persjarnia Zambrzyckich","url":"https:\/\/persjarnia.com\/en\/","logo":{"@type":"ImageObject","inLanguage":"pl-PL","@id":"https:\/\/persjarnia.com\/en\/#\/schema\/logo\/image\/","url":"https:\/\/persjarnia.com\/wp-content\/uploads\/2017\/03\/cropped-logo1-sm.png","contentUrl":"https:\/\/persjarnia.com\/wp-content\/uploads\/2017\/03\/cropped-logo1-sm.png","width":130,"height":75,"caption":"Persjarnia Zambrzyckich"},"image":{"@id":"https:\/\/persjarnia.com\/en\/#\/schema\/logo\/image\/"},"sameAs":["https:\/\/www.facebook.com\/persjarnia"]}]},"product_price_amount":"265","product_price_currency":"PLN","og_availability":"instock","product_availability":"instock","product_condition":"new"},"_links":{"self":[{"href":"https:\/\/persjarnia.com\/pl\/wp-json\/wp\/v2\/product\/7643","targetHints":{"allow":["GET"]}}],"collection":[{"href":"https:\/\/persjarnia.com\/pl\/wp-json\/wp\/v2\/product"}],"about":[{"href":"https:\/\/persjarnia.com\/pl\/wp-json\/wp\/v2\/types\/product"}],"wp:featuredmedia":[{"embeddable":true,"href":"https:\/\/persjarnia.com\/pl\/wp-json\/wp\/v2\/media\/7028"}],"wp:attachment":[{"href":"https:\/\/persjarnia.com\/pl\/wp-json\/wp\/v2\/media?parent=7643"}],"wp:term":[{"taxonomy":"product_brand","embeddable":true,"href":"https:\/\/persjarnia.com\/pl\/wp-json\/wp\/v2\/product_brand?post=7643"},{"taxonomy":"product_cat","embeddable":true,"href":"https:\/\/persjarnia.com\/pl\/wp-json\/wp\/v2\/product_cat?post=7643"},{"taxonomy":"product_tag","embeddable":true,"href":"https:\/\/persjarnia.com\/pl\/wp-json\/wp\/v2\/product_tag?post=7643"}],"curies":[{"name":"wp","href":"https:\/\/api.w.org\/{rel}","templated":true}]}}