{"id":7691,"date":"2025-09-27T17:27:05","date_gmt":"2025-09-27T15:27:05","guid":{"rendered":"https:\/\/persjarnia.com\/?post_type=product&#038;p=7691"},"modified":"2025-09-27T17:27:19","modified_gmt":"2025-09-27T15:27:19","slug":"poszewka-na-poduszke-tryumf-sobieskiego-czekolada","status":"publish","type":"product","link":"https:\/\/persjarnia.com\/pl\/produkt\/poszewka-na-poduszke-tryumf-sobieskiego-czekolada\/","title":{"rendered":"Poszewka na poduszk\u0119 Tryumf Sobieskiego Czekolada"},"content":{"rendered":"","protected":false},"excerpt":{"rendered":"<p>Poszewka na poduszk\u0119 Tryumf Sobieskiego Czekolada 45cmx45cm<\/p>\n<p>Kr\u00f3l Jan III uwielbia\u0142 wszelkiego rodzaju nowinki. Za jego kadencji rozwin\u0105\u0142 si\u0119 obyczaj picia kawy, a tak\u017ce czekolady. Kr\u00f3l zna\u0142 si\u0119 \u015bwietnie na wszystkim, co smaczne. W li\u015bcie do ukochanej Kr\u00f3lowej prosi o przys\u0142anie mu ziaren czekolady wraz z ulubionym, specjalnie do tego przeszkolonym kubeczkiem. Dzi\u0119ki jego tryumfowi pod Wiedniem, Jerzy Kulczycki sprawi\u0142, \u017ce orientalna kawa zacz\u0119\u0142a zdobywa\u0107 \u015bwiat.<\/p>\n<p>Nasze poduszki (45cm x 45cm) szyjemy z materia\u0142u tkanego we wzory dawnych pas\u00f3w kontuszowych z XVIII wieku.<\/p>\n<p>Ka\u017cda poduszka ma wzory z\u0142o\u017cone z du\u017cych bukiet\u00f2w (g\u0142\u00f2w pas\u00f2w) z jednej strony, a z drugiej pr\u0105\u017ckowany ornament ro\u015blinny.<\/p>\n<p>Tkanina poduszki wykonana z w\u0142\u00f2kien naturalnych (wiskoza) z domieszk\u0105 syntetyki \u017ceby zapobiec odkszta\u0142caniu si\u0119. Zamek b\u0142yskawiczny jest ukryty w jednej z kraw\u0119dzi poduszki.<\/p>\n<p>Wk\u0142ad mo\u017cna u nas\u00a0<a href=\"http:\/\/persjarnia.com\/katalog\/silicon-pillow\/\" target=\"_blank\" rel=\"noopener noreferrer\">zam\u00f3wi\u0107 osobno<\/a>.<\/p>\n","protected":false},"featured_media":7131,"template":"","meta":{"_acf_changed":false},"product_brand":[],"product_cat":[261],"product_tag":[],"class_list":{"0":"post-7691","1":"product","2":"type-product","3":"status-publish","4":"has-post-thumbnail","6":"product_cat-poduszki","8":"first","9":"instock","10":"shipping-taxable","11":"purchasable","12":"product-type-simple"},"acf":[],"yoast_head":"<!-- This site is optimized with the Yoast SEO plugin v26.1 - https:\/\/yoast.com\/wordpress\/plugins\/seo\/ -->\n<title>Poszewka na poduszk\u0119 Tryumf Sobieskiego Czekolada - Persjarnia Zambrzyckich<\/title>\n<meta name=\"robots\" content=\"index, follow, max-snippet:-1, max-image-preview:large, max-video-preview:-1\" \/>\n<link rel=\"canonical\" href=\"https:\/\/persjarnia.com\/pl\/produkt\/poszewka-na-poduszke-tryumf-sobieskiego-czekolada\/\" \/>\n<meta property=\"og:locale\" content=\"pl_PL\" \/>\n<meta property=\"og:type\" content=\"article\" \/>\n<meta property=\"og:title\" content=\"Poszewka na poduszk\u0119 Tryumf Sobieskiego Czekolada - Persjarnia Zambrzyckich\" \/>\n<meta property=\"og:description\" content=\"Poszewka na poduszk\u0119 Tryumf Sobieskiego Czekolada 45cmx45cm  Kr\u00f3l Jan III uwielbia\u0142 wszelkiego rodzaju nowinki. Za jego kadencji rozwin\u0105\u0142 si\u0119 obyczaj picia kawy, a tak\u017ce czekolady. Kr\u00f3l zna\u0142 si\u0119 \u015bwietnie na wszystkim, co smaczne. W li\u015bcie do ukochanej Kr\u00f3lowej prosi o przys\u0142anie mu ziaren czekolady wraz z ulubionym, specjalnie do tego przeszkolonym kubeczkiem. Dzi\u0119ki jego tryumfowi pod Wiedniem, Jerzy Kulczycki sprawi\u0142, \u017ce orientalna kawa zacz\u0119\u0142a zdobywa\u0107 \u015bwiat.  Nasze poduszki (45cm x 45cm) szyjemy z materia\u0142u tkanego we wzory dawnych pas\u00f3w kontuszowych z XVIII wieku.  Ka\u017cda poduszka ma wzory z\u0142o\u017cone z du\u017cych bukiet\u00f2w (g\u0142\u00f2w pas\u00f2w) z jednej strony, a z drugiej pr\u0105\u017ckowany ornament ro\u015blinny.  Tkanina poduszki wykonana z w\u0142\u00f2kien naturalnych (wiskoza) z domieszk\u0105 syntetyki \u017ceby zapobiec odkszta\u0142caniu si\u0119. Zamek b\u0142yskawiczny jest ukryty w jednej z kraw\u0119dzi poduszki.  Wk\u0142ad mo\u017cna u nas\u00a0zam\u00f3wi\u0107 osobno.\" \/>\n<meta property=\"og:url\" content=\"https:\/\/persjarnia.com\/pl\/produkt\/poszewka-na-poduszke-tryumf-sobieskiego-czekolada\/\" \/>\n<meta property=\"og:site_name\" content=\"Persjarnia Zambrzyckich\" \/>\n<meta property=\"article:publisher\" content=\"https:\/\/www.facebook.com\/persjarnia\" \/>\n<meta property=\"article:modified_time\" content=\"2025-09-27T15:27:19+00:00\" \/>\n<meta property=\"og:image\" content=\"https:\/\/persjarnia.com\/wp-content\/uploads\/2025\/09\/IMG_0706.jpg\" \/>\n\t<meta property=\"og:image:width\" content=\"1200\" \/>\n\t<meta property=\"og:image:height\" content=\"1200\" \/>\n\t<meta property=\"og:image:type\" content=\"image\/jpeg\" \/>\n<meta name=\"twitter:card\" content=\"summary_large_image\" \/>\n<meta name=\"twitter:label1\" content=\"Cena\" \/>\n\t<meta name=\"twitter:data1\" content=\"130&nbsp;&#122;&#322;\" \/>\n\t<meta name=\"twitter:label2\" content=\"Dost\u0119pno\u015b\u0107\" \/>\n\t<meta name=\"twitter:data2\" content=\"Dost\u0119pny\" \/>\n<script type=\"application\/ld+json\" class=\"yoast-schema-graph\">{\"@context\":\"https:\/\/schema.org\",\"@graph\":[{\"@type\":\"WebPage\",\"@id\":\"https:\/\/persjarnia.com\/en\/product\/poszewka-na-poduszke-tryumf-sobieskiego-czekolada\/\",\"url\":\"https:\/\/persjarnia.com\/en\/product\/poszewka-na-poduszke-tryumf-sobieskiego-czekolada\/\",\"name\":\"Poszewka na poduszk\u0119 Tryumf Sobieskiego Czekolada - Persjarnia Zambrzyckich\",\"isPartOf\":{\"@id\":\"https:\/\/persjarnia.com\/en\/#website\"},\"primaryImageOfPage\":{\"@id\":\"https:\/\/persjarnia.com\/en\/product\/poszewka-na-poduszke-tryumf-sobieskiego-czekolada\/#primaryimage\"},\"image\":{\"@id\":\"https:\/\/persjarnia.com\/en\/product\/poszewka-na-poduszke-tryumf-sobieskiego-czekolada\/#primaryimage\"},\"thumbnailUrl\":\"https:\/\/persjarnia.com\/wp-content\/uploads\/2025\/09\/IMG_0706.jpg\",\"datePublished\":\"2025-09-27T15:27:05+00:00\",\"dateModified\":\"2025-09-27T15:27:19+00:00\",\"breadcrumb\":{\"@id\":\"https:\/\/persjarnia.com\/en\/product\/poszewka-na-poduszke-tryumf-sobieskiego-czekolada\/#breadcrumb\"},\"inLanguage\":\"pl-PL\",\"potentialAction\":[{\"@type\":\"ReadAction\",\"target\":[\"https:\/\/persjarnia.com\/en\/product\/poszewka-na-poduszke-tryumf-sobieskiego-czekolada\/\"]}]},{\"@type\":\"ImageObject\",\"inLanguage\":\"pl-PL\",\"@id\":\"https:\/\/persjarnia.com\/en\/product\/poszewka-na-poduszke-tryumf-sobieskiego-czekolada\/#primaryimage\",\"url\":\"https:\/\/persjarnia.com\/wp-content\/uploads\/2025\/09\/IMG_0706.jpg\",\"contentUrl\":\"https:\/\/persjarnia.com\/wp-content\/uploads\/2025\/09\/IMG_0706.jpg\",\"width\":1200,\"height\":1200},{\"@type\":\"BreadcrumbList\",\"@id\":\"https:\/\/persjarnia.com\/en\/product\/poszewka-na-poduszke-tryumf-sobieskiego-czekolada\/#breadcrumb\",\"itemListElement\":[{\"@type\":\"ListItem\",\"position\":1,\"name\":\"Home\",\"item\":\"https:\/\/persjarnia.com\/en\/\"},{\"@type\":\"ListItem\",\"position\":2,\"name\":\"Products\",\"item\":\"https:\/\/persjarnia.com\/en\/shop\/\"},{\"@type\":\"ListItem\",\"position\":3,\"name\":\"Poszewka na poduszk\u0119 Tryumf Sobieskiego Czekolada\"}]},{\"@type\":\"WebSite\",\"@id\":\"https:\/\/persjarnia.com\/en\/#website\",\"url\":\"https:\/\/persjarnia.com\/en\/\",\"name\":\"Persjarnia Zambrzyckich\",\"description\":\"Pasy Kontuszowe, Makaty Buczackie\",\"publisher\":{\"@id\":\"https:\/\/persjarnia.com\/en\/#organization\"},\"potentialAction\":[{\"@type\":\"SearchAction\",\"target\":{\"@type\":\"EntryPoint\",\"urlTemplate\":\"https:\/\/persjarnia.com\/en\/?s={search_term_string}\"},\"query-input\":{\"@type\":\"PropertyValueSpecification\",\"valueRequired\":true,\"valueName\":\"search_term_string\"}}],\"inLanguage\":\"pl-PL\"},{\"@type\":\"Organization\",\"@id\":\"https:\/\/persjarnia.com\/en\/#organization\",\"name\":\"Persjarnia Zambrzyckich\",\"url\":\"https:\/\/persjarnia.com\/en\/\",\"logo\":{\"@type\":\"ImageObject\",\"inLanguage\":\"pl-PL\",\"@id\":\"https:\/\/persjarnia.com\/en\/#\/schema\/logo\/image\/\",\"url\":\"https:\/\/persjarnia.com\/wp-content\/uploads\/2017\/03\/cropped-logo1-sm.png\",\"contentUrl\":\"https:\/\/persjarnia.com\/wp-content\/uploads\/2017\/03\/cropped-logo1-sm.png\",\"width\":130,\"height\":75,\"caption\":\"Persjarnia Zambrzyckich\"},\"image\":{\"@id\":\"https:\/\/persjarnia.com\/en\/#\/schema\/logo\/image\/\"},\"sameAs\":[\"https:\/\/www.facebook.com\/persjarnia\"]}]}<\/script>\n<meta property=\"product:price:amount\" content=\"130\" \/>\n<meta property=\"product:price:currency\" content=\"PLN\" \/>\n<meta property=\"og:availability\" content=\"instock\" \/>\n<meta property=\"product:availability\" content=\"instock\" \/>\n<meta property=\"product:condition\" content=\"new\" \/>\n<!-- \/ Yoast SEO plugin. -->","yoast_head_json":{"title":"Poszewka na poduszk\u0119 Tryumf Sobieskiego Czekolada - Persjarnia Zambrzyckich","robots":{"index":"index","follow":"follow","max-snippet":"max-snippet:-1","max-image-preview":"max-image-preview:large","max-video-preview":"max-video-preview:-1"},"canonical":"https:\/\/persjarnia.com\/pl\/produkt\/poszewka-na-poduszke-tryumf-sobieskiego-czekolada\/","og_locale":"pl_PL","og_type":"article","og_title":"Poszewka na poduszk\u0119 Tryumf Sobieskiego Czekolada - Persjarnia Zambrzyckich","og_description":"Poszewka na poduszk\u0119 Tryumf Sobieskiego Czekolada 45cmx45cm  Kr\u00f3l Jan III uwielbia\u0142 wszelkiego rodzaju nowinki. Za jego kadencji rozwin\u0105\u0142 si\u0119 obyczaj picia kawy, a tak\u017ce czekolady. Kr\u00f3l zna\u0142 si\u0119 \u015bwietnie na wszystkim, co smaczne. W li\u015bcie do ukochanej Kr\u00f3lowej prosi o przys\u0142anie mu ziaren czekolady wraz z ulubionym, specjalnie do tego przeszkolonym kubeczkiem. Dzi\u0119ki jego tryumfowi pod Wiedniem, Jerzy Kulczycki sprawi\u0142, \u017ce orientalna kawa zacz\u0119\u0142a zdobywa\u0107 \u015bwiat.  Nasze poduszki (45cm x 45cm) szyjemy z materia\u0142u tkanego we wzory dawnych pas\u00f3w kontuszowych z XVIII wieku.  Ka\u017cda poduszka ma wzory z\u0142o\u017cone z du\u017cych bukiet\u00f2w (g\u0142\u00f2w pas\u00f2w) z jednej strony, a z drugiej pr\u0105\u017ckowany ornament ro\u015blinny.  Tkanina poduszki wykonana z w\u0142\u00f2kien naturalnych (wiskoza) z domieszk\u0105 syntetyki \u017ceby zapobiec odkszta\u0142caniu si\u0119. Zamek b\u0142yskawiczny jest ukryty w jednej z kraw\u0119dzi poduszki.  Wk\u0142ad mo\u017cna u nas\u00a0zam\u00f3wi\u0107 osobno.","og_url":"https:\/\/persjarnia.com\/pl\/produkt\/poszewka-na-poduszke-tryumf-sobieskiego-czekolada\/","og_site_name":"Persjarnia Zambrzyckich","article_publisher":"https:\/\/www.facebook.com\/persjarnia","article_modified_time":"2025-09-27T15:27:19+00:00","og_image":[{"width":1200,"height":1200,"url":"https:\/\/persjarnia.com\/wp-content\/uploads\/2025\/09\/IMG_0706.jpg","type":"image\/jpeg"}],"twitter_card":"summary_large_image","twitter_misc":{"Cena":"130&nbsp;&#122;&#322;","Dost\u0119pno\u015b\u0107":"Dost\u0119pny"},"schema":{"@context":"https:\/\/schema.org","@graph":[{"@type":"WebPage","@id":"https:\/\/persjarnia.com\/en\/product\/poszewka-na-poduszke-tryumf-sobieskiego-czekolada\/","url":"https:\/\/persjarnia.com\/en\/product\/poszewka-na-poduszke-tryumf-sobieskiego-czekolada\/","name":"Poszewka na poduszk\u0119 Tryumf Sobieskiego Czekolada - Persjarnia Zambrzyckich","isPartOf":{"@id":"https:\/\/persjarnia.com\/en\/#website"},"primaryImageOfPage":{"@id":"https:\/\/persjarnia.com\/en\/product\/poszewka-na-poduszke-tryumf-sobieskiego-czekolada\/#primaryimage"},"image":{"@id":"https:\/\/persjarnia.com\/en\/product\/poszewka-na-poduszke-tryumf-sobieskiego-czekolada\/#primaryimage"},"thumbnailUrl":"https:\/\/persjarnia.com\/wp-content\/uploads\/2025\/09\/IMG_0706.jpg","datePublished":"2025-09-27T15:27:05+00:00","dateModified":"2025-09-27T15:27:19+00:00","breadcrumb":{"@id":"https:\/\/persjarnia.com\/en\/product\/poszewka-na-poduszke-tryumf-sobieskiego-czekolada\/#breadcrumb"},"inLanguage":"pl-PL","potentialAction":[{"@type":"ReadAction","target":["https:\/\/persjarnia.com\/en\/product\/poszewka-na-poduszke-tryumf-sobieskiego-czekolada\/"]}]},{"@type":"ImageObject","inLanguage":"pl-PL","@id":"https:\/\/persjarnia.com\/en\/product\/poszewka-na-poduszke-tryumf-sobieskiego-czekolada\/#primaryimage","url":"https:\/\/persjarnia.com\/wp-content\/uploads\/2025\/09\/IMG_0706.jpg","contentUrl":"https:\/\/persjarnia.com\/wp-content\/uploads\/2025\/09\/IMG_0706.jpg","width":1200,"height":1200},{"@type":"BreadcrumbList","@id":"https:\/\/persjarnia.com\/en\/product\/poszewka-na-poduszke-tryumf-sobieskiego-czekolada\/#breadcrumb","itemListElement":[{"@type":"ListItem","position":1,"name":"Home","item":"https:\/\/persjarnia.com\/en\/"},{"@type":"ListItem","position":2,"name":"Products","item":"https:\/\/persjarnia.com\/en\/shop\/"},{"@type":"ListItem","position":3,"name":"Poszewka na poduszk\u0119 Tryumf Sobieskiego Czekolada"}]},{"@type":"WebSite","@id":"https:\/\/persjarnia.com\/en\/#website","url":"https:\/\/persjarnia.com\/en\/","name":"Persjarnia Zambrzyckich","description":"Pasy Kontuszowe, Makaty Buczackie","publisher":{"@id":"https:\/\/persjarnia.com\/en\/#organization"},"potentialAction":[{"@type":"SearchAction","target":{"@type":"EntryPoint","urlTemplate":"https:\/\/persjarnia.com\/en\/?s={search_term_string}"},"query-input":{"@type":"PropertyValueSpecification","valueRequired":true,"valueName":"search_term_string"}}],"inLanguage":"pl-PL"},{"@type":"Organization","@id":"https:\/\/persjarnia.com\/en\/#organization","name":"Persjarnia Zambrzyckich","url":"https:\/\/persjarnia.com\/en\/","logo":{"@type":"ImageObject","inLanguage":"pl-PL","@id":"https:\/\/persjarnia.com\/en\/#\/schema\/logo\/image\/","url":"https:\/\/persjarnia.com\/wp-content\/uploads\/2017\/03\/cropped-logo1-sm.png","contentUrl":"https:\/\/persjarnia.com\/wp-content\/uploads\/2017\/03\/cropped-logo1-sm.png","width":130,"height":75,"caption":"Persjarnia Zambrzyckich"},"image":{"@id":"https:\/\/persjarnia.com\/en\/#\/schema\/logo\/image\/"},"sameAs":["https:\/\/www.facebook.com\/persjarnia"]}]},"product_price_amount":"130","product_price_currency":"PLN","og_availability":"instock","product_availability":"instock","product_condition":"new"},"_links":{"self":[{"href":"https:\/\/persjarnia.com\/pl\/wp-json\/wp\/v2\/product\/7691","targetHints":{"allow":["GET"]}}],"collection":[{"href":"https:\/\/persjarnia.com\/pl\/wp-json\/wp\/v2\/product"}],"about":[{"href":"https:\/\/persjarnia.com\/pl\/wp-json\/wp\/v2\/types\/product"}],"wp:featuredmedia":[{"embeddable":true,"href":"https:\/\/persjarnia.com\/pl\/wp-json\/wp\/v2\/media\/7131"}],"wp:attachment":[{"href":"https:\/\/persjarnia.com\/pl\/wp-json\/wp\/v2\/media?parent=7691"}],"wp:term":[{"taxonomy":"product_brand","embeddable":true,"href":"https:\/\/persjarnia.com\/pl\/wp-json\/wp\/v2\/product_brand?post=7691"},{"taxonomy":"product_cat","embeddable":true,"href":"https:\/\/persjarnia.com\/pl\/wp-json\/wp\/v2\/product_cat?post=7691"},{"taxonomy":"product_tag","embeddable":true,"href":"https:\/\/persjarnia.com\/pl\/wp-json\/wp\/v2\/product_tag?post=7691"}],"curies":[{"name":"wp","href":"https:\/\/api.w.org\/{rel}","templated":true}]}}