{"id":7722,"date":"2025-09-27T17:27:23","date_gmt":"2025-09-27T15:27:23","guid":{"rendered":"https:\/\/persjarnia.com\/?post_type=product&#038;p=7722"},"modified":"2025-09-27T17:27:49","modified_gmt":"2025-09-27T15:27:49","slug":"etui-na-okulary-helena","status":"publish","type":"product","link":"https:\/\/persjarnia.com\/pl\/produkt\/etui-na-okulary-helena\/","title":{"rendered":"Etui na okulary Helena"},"content":{"rendered":"","protected":false},"excerpt":{"rendered":"<p>Etui &#8222;Helena&#8221;<\/p>\n<p>Wz\u00f2r utkany wed\u0142ug pasa kontuszowego z manufaktury Mas\u0142owskiego w Krakowie (r\u00f3wnie\u017c kolory odwzorowali\u015bmy dok\u0142adnie, jak na oryginalnym pasie). Pas obecnie znajduje si\u0119 na ekspozycji w Muzeum Narodowym w Warszawie. Ten wz\u00f2r pasa musia\u0142 by\u0107 best sellerem, bo t\u0119 sam\u0105 kompozycj\u0119 tka\u0142 r\u00f2wnie\u017c Paschalis i inni wytw\u00f2rcy.<\/p>\n<p>Etui ma 8.5cm szeroko\u015bci i 18.5cm d\u0142ugo\u015bci, sznurek s\u0142u\u017cy do wygodnego noszenia etui na szyi.<\/p>\n<p>&nbsp;<\/p>\n","protected":false},"featured_media":7253,"template":"","meta":{"_acf_changed":false},"product_brand":[],"product_cat":[326],"product_tag":[],"class_list":{"0":"post-7722","1":"product","2":"type-product","3":"status-publish","4":"has-post-thumbnail","6":"product_cat-etui-na-okulary","7":"pa_packing-without-packaging","8":"pa_packing-with-packing","10":"first","11":"instock","12":"shipping-taxable","13":"purchasable","14":"product-type-simple"},"acf":[],"yoast_head":"<!-- This site is optimized with the Yoast SEO plugin v26.1 - https:\/\/yoast.com\/wordpress\/plugins\/seo\/ -->\n<title>Etui na okulary Helena - Persjarnia Zambrzyckich<\/title>\n<meta name=\"robots\" content=\"index, follow, max-snippet:-1, max-image-preview:large, max-video-preview:-1\" \/>\n<link rel=\"canonical\" href=\"https:\/\/persjarnia.com\/pl\/produkt\/etui-na-okulary-helena\/\" \/>\n<meta property=\"og:locale\" content=\"pl_PL\" \/>\n<meta property=\"og:type\" content=\"article\" \/>\n<meta property=\"og:title\" content=\"Etui na okulary Helena - Persjarnia Zambrzyckich\" \/>\n<meta property=\"og:description\" content=\"Etui &quot;Helena&quot;  Wz\u00f2r utkany wed\u0142ug pasa kontuszowego z manufaktury Mas\u0142owskiego w Krakowie (r\u00f3wnie\u017c kolory odwzorowali\u015bmy dok\u0142adnie, jak na oryginalnym pasie). Pas obecnie znajduje si\u0119 na ekspozycji w Muzeum Narodowym w Warszawie. Ten wz\u00f2r pasa musia\u0142 by\u0107 best sellerem, bo t\u0119 sam\u0105 kompozycj\u0119 tka\u0142 r\u00f2wnie\u017c Paschalis i inni wytw\u00f2rcy.  Etui ma 8.5cm szeroko\u015bci i 18.5cm d\u0142ugo\u015bci, sznurek s\u0142u\u017cy do wygodnego noszenia etui na szyi.  &nbsp;\" \/>\n<meta property=\"og:url\" content=\"https:\/\/persjarnia.com\/pl\/produkt\/etui-na-okulary-helena\/\" \/>\n<meta property=\"og:site_name\" content=\"Persjarnia Zambrzyckich\" \/>\n<meta property=\"article:publisher\" content=\"https:\/\/www.facebook.com\/persjarnia\" \/>\n<meta property=\"article:modified_time\" content=\"2025-09-27T15:27:49+00:00\" \/>\n<meta property=\"og:image\" content=\"https:\/\/persjarnia.com\/wp-content\/uploads\/2025\/09\/IMG_4111.jpeg\" \/>\n\t<meta property=\"og:image:width\" content=\"1200\" \/>\n\t<meta property=\"og:image:height\" content=\"1200\" \/>\n\t<meta property=\"og:image:type\" content=\"image\/jpeg\" \/>\n<meta name=\"twitter:card\" content=\"summary_large_image\" \/>\n<meta name=\"twitter:label1\" content=\"Cena\" \/>\n\t<meta name=\"twitter:data1\" content=\"24&nbsp;&#122;&#322;\" \/>\n\t<meta name=\"twitter:label2\" content=\"Dost\u0119pno\u015b\u0107\" \/>\n\t<meta name=\"twitter:data2\" content=\"Dost\u0119pny\" \/>\n<script type=\"application\/ld+json\" class=\"yoast-schema-graph\">{\"@context\":\"https:\/\/schema.org\",\"@graph\":[{\"@type\":\"WebPage\",\"@id\":\"https:\/\/persjarnia.com\/pl\/produkt\/etui-na-okulary-helena\/\",\"url\":\"https:\/\/persjarnia.com\/pl\/produkt\/etui-na-okulary-helena\/\",\"name\":\"Etui na okulary Helena - Persjarnia Zambrzyckich\",\"isPartOf\":{\"@id\":\"https:\/\/persjarnia.com\/en\/#website\"},\"primaryImageOfPage\":{\"@id\":\"https:\/\/persjarnia.com\/pl\/produkt\/etui-na-okulary-helena\/#primaryimage\"},\"image\":{\"@id\":\"https:\/\/persjarnia.com\/pl\/produkt\/etui-na-okulary-helena\/#primaryimage\"},\"thumbnailUrl\":\"https:\/\/persjarnia.com\/wp-content\/uploads\/2025\/09\/IMG_4111.jpeg\",\"datePublished\":\"2025-09-27T15:27:23+00:00\",\"dateModified\":\"2025-09-27T15:27:49+00:00\",\"breadcrumb\":{\"@id\":\"https:\/\/persjarnia.com\/pl\/produkt\/etui-na-okulary-helena\/#breadcrumb\"},\"inLanguage\":\"pl-PL\",\"potentialAction\":[{\"@type\":\"ReadAction\",\"target\":[\"https:\/\/persjarnia.com\/pl\/produkt\/etui-na-okulary-helena\/\"]}]},{\"@type\":\"ImageObject\",\"inLanguage\":\"pl-PL\",\"@id\":\"https:\/\/persjarnia.com\/pl\/produkt\/etui-na-okulary-helena\/#primaryimage\",\"url\":\"https:\/\/persjarnia.com\/wp-content\/uploads\/2025\/09\/IMG_4111.jpeg\",\"contentUrl\":\"https:\/\/persjarnia.com\/wp-content\/uploads\/2025\/09\/IMG_4111.jpeg\",\"width\":1200,\"height\":1200},{\"@type\":\"BreadcrumbList\",\"@id\":\"https:\/\/persjarnia.com\/pl\/produkt\/etui-na-okulary-helena\/#breadcrumb\",\"itemListElement\":[{\"@type\":\"ListItem\",\"position\":1,\"name\":\"Home\",\"item\":\"https:\/\/persjarnia.com\/en\/\"},{\"@type\":\"ListItem\",\"position\":2,\"name\":\"Products\",\"item\":\"https:\/\/persjarnia.com\/en\/shop\/\"},{\"@type\":\"ListItem\",\"position\":3,\"name\":\"Etui na okulary Helena\"}]},{\"@type\":\"WebSite\",\"@id\":\"https:\/\/persjarnia.com\/en\/#website\",\"url\":\"https:\/\/persjarnia.com\/en\/\",\"name\":\"Persjarnia Zambrzyckich\",\"description\":\"Pasy Kontuszowe, Makaty Buczackie\",\"publisher\":{\"@id\":\"https:\/\/persjarnia.com\/en\/#organization\"},\"potentialAction\":[{\"@type\":\"SearchAction\",\"target\":{\"@type\":\"EntryPoint\",\"urlTemplate\":\"https:\/\/persjarnia.com\/en\/?s={search_term_string}\"},\"query-input\":{\"@type\":\"PropertyValueSpecification\",\"valueRequired\":true,\"valueName\":\"search_term_string\"}}],\"inLanguage\":\"pl-PL\"},{\"@type\":\"Organization\",\"@id\":\"https:\/\/persjarnia.com\/en\/#organization\",\"name\":\"Persjarnia Zambrzyckich\",\"url\":\"https:\/\/persjarnia.com\/en\/\",\"logo\":{\"@type\":\"ImageObject\",\"inLanguage\":\"pl-PL\",\"@id\":\"https:\/\/persjarnia.com\/en\/#\/schema\/logo\/image\/\",\"url\":\"https:\/\/persjarnia.com\/wp-content\/uploads\/2017\/03\/cropped-logo1-sm.png\",\"contentUrl\":\"https:\/\/persjarnia.com\/wp-content\/uploads\/2017\/03\/cropped-logo1-sm.png\",\"width\":130,\"height\":75,\"caption\":\"Persjarnia Zambrzyckich\"},\"image\":{\"@id\":\"https:\/\/persjarnia.com\/en\/#\/schema\/logo\/image\/\"},\"sameAs\":[\"https:\/\/www.facebook.com\/persjarnia\"]}]}<\/script>\n<meta property=\"product:price:amount\" content=\"24\" \/>\n<meta property=\"product:price:currency\" content=\"PLN\" \/>\n<meta property=\"og:availability\" content=\"instock\" \/>\n<meta property=\"product:availability\" content=\"instock\" \/>\n<meta property=\"product:condition\" content=\"new\" \/>\n<!-- \/ Yoast SEO plugin. -->","yoast_head_json":{"title":"Etui na okulary Helena - Persjarnia Zambrzyckich","robots":{"index":"index","follow":"follow","max-snippet":"max-snippet:-1","max-image-preview":"max-image-preview:large","max-video-preview":"max-video-preview:-1"},"canonical":"https:\/\/persjarnia.com\/pl\/produkt\/etui-na-okulary-helena\/","og_locale":"pl_PL","og_type":"article","og_title":"Etui na okulary Helena - Persjarnia Zambrzyckich","og_description":"Etui \"Helena\"  Wz\u00f2r utkany wed\u0142ug pasa kontuszowego z manufaktury Mas\u0142owskiego w Krakowie (r\u00f3wnie\u017c kolory odwzorowali\u015bmy dok\u0142adnie, jak na oryginalnym pasie). Pas obecnie znajduje si\u0119 na ekspozycji w Muzeum Narodowym w Warszawie. Ten wz\u00f2r pasa musia\u0142 by\u0107 best sellerem, bo t\u0119 sam\u0105 kompozycj\u0119 tka\u0142 r\u00f2wnie\u017c Paschalis i inni wytw\u00f2rcy.  Etui ma 8.5cm szeroko\u015bci i 18.5cm d\u0142ugo\u015bci, sznurek s\u0142u\u017cy do wygodnego noszenia etui na szyi.  &nbsp;","og_url":"https:\/\/persjarnia.com\/pl\/produkt\/etui-na-okulary-helena\/","og_site_name":"Persjarnia Zambrzyckich","article_publisher":"https:\/\/www.facebook.com\/persjarnia","article_modified_time":"2025-09-27T15:27:49+00:00","og_image":[{"width":1200,"height":1200,"url":"https:\/\/persjarnia.com\/wp-content\/uploads\/2025\/09\/IMG_4111.jpeg","type":"image\/jpeg"}],"twitter_card":"summary_large_image","twitter_misc":{"Cena":"24&nbsp;&#122;&#322;","Dost\u0119pno\u015b\u0107":"Dost\u0119pny"},"schema":{"@context":"https:\/\/schema.org","@graph":[{"@type":"WebPage","@id":"https:\/\/persjarnia.com\/pl\/produkt\/etui-na-okulary-helena\/","url":"https:\/\/persjarnia.com\/pl\/produkt\/etui-na-okulary-helena\/","name":"Etui na okulary Helena - Persjarnia Zambrzyckich","isPartOf":{"@id":"https:\/\/persjarnia.com\/en\/#website"},"primaryImageOfPage":{"@id":"https:\/\/persjarnia.com\/pl\/produkt\/etui-na-okulary-helena\/#primaryimage"},"image":{"@id":"https:\/\/persjarnia.com\/pl\/produkt\/etui-na-okulary-helena\/#primaryimage"},"thumbnailUrl":"https:\/\/persjarnia.com\/wp-content\/uploads\/2025\/09\/IMG_4111.jpeg","datePublished":"2025-09-27T15:27:23+00:00","dateModified":"2025-09-27T15:27:49+00:00","breadcrumb":{"@id":"https:\/\/persjarnia.com\/pl\/produkt\/etui-na-okulary-helena\/#breadcrumb"},"inLanguage":"pl-PL","potentialAction":[{"@type":"ReadAction","target":["https:\/\/persjarnia.com\/pl\/produkt\/etui-na-okulary-helena\/"]}]},{"@type":"ImageObject","inLanguage":"pl-PL","@id":"https:\/\/persjarnia.com\/pl\/produkt\/etui-na-okulary-helena\/#primaryimage","url":"https:\/\/persjarnia.com\/wp-content\/uploads\/2025\/09\/IMG_4111.jpeg","contentUrl":"https:\/\/persjarnia.com\/wp-content\/uploads\/2025\/09\/IMG_4111.jpeg","width":1200,"height":1200},{"@type":"BreadcrumbList","@id":"https:\/\/persjarnia.com\/pl\/produkt\/etui-na-okulary-helena\/#breadcrumb","itemListElement":[{"@type":"ListItem","position":1,"name":"Home","item":"https:\/\/persjarnia.com\/en\/"},{"@type":"ListItem","position":2,"name":"Products","item":"https:\/\/persjarnia.com\/en\/shop\/"},{"@type":"ListItem","position":3,"name":"Etui na okulary Helena"}]},{"@type":"WebSite","@id":"https:\/\/persjarnia.com\/en\/#website","url":"https:\/\/persjarnia.com\/en\/","name":"Persjarnia Zambrzyckich","description":"Pasy Kontuszowe, Makaty Buczackie","publisher":{"@id":"https:\/\/persjarnia.com\/en\/#organization"},"potentialAction":[{"@type":"SearchAction","target":{"@type":"EntryPoint","urlTemplate":"https:\/\/persjarnia.com\/en\/?s={search_term_string}"},"query-input":{"@type":"PropertyValueSpecification","valueRequired":true,"valueName":"search_term_string"}}],"inLanguage":"pl-PL"},{"@type":"Organization","@id":"https:\/\/persjarnia.com\/en\/#organization","name":"Persjarnia Zambrzyckich","url":"https:\/\/persjarnia.com\/en\/","logo":{"@type":"ImageObject","inLanguage":"pl-PL","@id":"https:\/\/persjarnia.com\/en\/#\/schema\/logo\/image\/","url":"https:\/\/persjarnia.com\/wp-content\/uploads\/2017\/03\/cropped-logo1-sm.png","contentUrl":"https:\/\/persjarnia.com\/wp-content\/uploads\/2017\/03\/cropped-logo1-sm.png","width":130,"height":75,"caption":"Persjarnia Zambrzyckich"},"image":{"@id":"https:\/\/persjarnia.com\/en\/#\/schema\/logo\/image\/"},"sameAs":["https:\/\/www.facebook.com\/persjarnia"]}]},"product_price_amount":"24","product_price_currency":"PLN","og_availability":"instock","product_availability":"instock","product_condition":"new"},"_links":{"self":[{"href":"https:\/\/persjarnia.com\/pl\/wp-json\/wp\/v2\/product\/7722","targetHints":{"allow":["GET"]}}],"collection":[{"href":"https:\/\/persjarnia.com\/pl\/wp-json\/wp\/v2\/product"}],"about":[{"href":"https:\/\/persjarnia.com\/pl\/wp-json\/wp\/v2\/types\/product"}],"wp:featuredmedia":[{"embeddable":true,"href":"https:\/\/persjarnia.com\/pl\/wp-json\/wp\/v2\/media\/7253"}],"wp:attachment":[{"href":"https:\/\/persjarnia.com\/pl\/wp-json\/wp\/v2\/media?parent=7722"}],"wp:term":[{"taxonomy":"product_brand","embeddable":true,"href":"https:\/\/persjarnia.com\/pl\/wp-json\/wp\/v2\/product_brand?post=7722"},{"taxonomy":"product_cat","embeddable":true,"href":"https:\/\/persjarnia.com\/pl\/wp-json\/wp\/v2\/product_cat?post=7722"},{"taxonomy":"product_tag","embeddable":true,"href":"https:\/\/persjarnia.com\/pl\/wp-json\/wp\/v2\/product_tag?post=7722"}],"curies":[{"name":"wp","href":"https:\/\/api.w.org\/{rel}","templated":true}]}}