{"id":7733,"date":"2025-09-27T17:27:45","date_gmt":"2025-09-27T15:27:45","guid":{"rendered":"https:\/\/persjarnia.com\/?post_type=product&#038;p=7733"},"modified":"2026-02-13T18:58:09","modified_gmt":"2026-02-13T17:58:09","slug":"pugilares-krakow","status":"publish","type":"product","link":"https:\/\/persjarnia.com\/pl\/produkt\/pugilares-krakow\/","title":{"rendered":"Portfelik Krak\u00f2w"},"content":{"rendered":"","protected":false},"excerpt":{"rendered":"<p>Pugilares posiada tkany, historyczny ornament powtarzaj\u0105cy wz\u00f3r spotykany w g\u0142owach pas\u00f3w kontuszowych i ma rozmiar 10 cm na 14cm (zamyka si\u0119 na zamek b\u0142yskawiczny).<\/p>\n<div id=\"gtx-trans\" style=\"position: absolute; left: -35px; top: 78px;\">\n<div class=\"gtx-trans-icon\"><\/div>\n<\/div>\n","protected":false},"featured_media":7274,"template":"","meta":{"_acf_changed":false},"product_brand":[],"product_cat":[282],"product_tag":[286,287,285,288],"class_list":{"0":"post-7733","1":"product","2":"type-product","3":"status-publish","4":"has-post-thumbnail","6":"product_cat-saszetka-portfelik-pugilares","7":"product_tag-portfelik","8":"product_tag-pugilares","9":"product_tag-saszetka","10":"product_tag-wallet","11":"pa_packing-without-packaging","12":"pa_packing-with-packing","14":"first","15":"instock","16":"shipping-taxable","17":"purchasable","18":"product-type-simple"},"acf":[],"yoast_head":"<!-- This site is optimized with the Yoast SEO plugin v26.1 - https:\/\/yoast.com\/wordpress\/plugins\/seo\/ -->\n<title>Portfelik Krak\u00f2w - Persjarnia Zambrzyckich<\/title>\n<meta name=\"robots\" content=\"index, follow, max-snippet:-1, max-image-preview:large, max-video-preview:-1\" \/>\n<link rel=\"canonical\" href=\"https:\/\/persjarnia.com\/pl\/produkt\/pugilares-krakow\/\" \/>\n<meta property=\"og:locale\" content=\"pl_PL\" \/>\n<meta property=\"og:type\" content=\"article\" \/>\n<meta property=\"og:title\" content=\"Portfelik Krak\u00f2w - Persjarnia Zambrzyckich\" \/>\n<meta property=\"og:description\" content=\"Pugilares posiada tkany, historyczny ornament powtarzaj\u0105cy wz\u00f3r spotykany w g\u0142owach pas\u00f3w kontuszowych i ma rozmiar 10 cm na 14cm (zamyka si\u0119 na zamek b\u0142yskawiczny).\" \/>\n<meta property=\"og:url\" content=\"https:\/\/persjarnia.com\/pl\/produkt\/pugilares-krakow\/\" \/>\n<meta property=\"og:site_name\" content=\"Persjarnia Zambrzyckich\" \/>\n<meta property=\"article:publisher\" content=\"https:\/\/www.facebook.com\/persjarnia\" \/>\n<meta property=\"article:modified_time\" content=\"2026-02-13T17:58:09+00:00\" \/>\n<meta property=\"og:image\" content=\"https:\/\/persjarnia.com\/wp-content\/uploads\/2025\/09\/IMG_4129.jpg\" \/>\n\t<meta property=\"og:image:width\" content=\"1200\" \/>\n\t<meta property=\"og:image:height\" content=\"1200\" \/>\n\t<meta property=\"og:image:type\" content=\"image\/jpeg\" \/>\n<meta name=\"twitter:card\" content=\"summary_large_image\" \/>\n<meta name=\"twitter:label1\" content=\"Cena\" \/>\n\t<meta name=\"twitter:data1\" content=\"24&nbsp;&#122;&#322;\" \/>\n\t<meta name=\"twitter:label2\" content=\"Dost\u0119pno\u015b\u0107\" \/>\n\t<meta name=\"twitter:data2\" content=\"Dost\u0119pny\" \/>\n<script type=\"application\/ld+json\" class=\"yoast-schema-graph\">{\"@context\":\"https:\/\/schema.org\",\"@graph\":[{\"@type\":\"WebPage\",\"@id\":\"https:\/\/persjarnia.com\/pl\/produkt\/pugilares-krakow\/\",\"url\":\"https:\/\/persjarnia.com\/pl\/produkt\/pugilares-krakow\/\",\"name\":\"Portfelik Krak\u00f2w - Persjarnia Zambrzyckich\",\"isPartOf\":{\"@id\":\"https:\/\/persjarnia.com\/en\/#website\"},\"primaryImageOfPage\":{\"@id\":\"https:\/\/persjarnia.com\/pl\/produkt\/pugilares-krakow\/#primaryimage\"},\"image\":{\"@id\":\"https:\/\/persjarnia.com\/pl\/produkt\/pugilares-krakow\/#primaryimage\"},\"thumbnailUrl\":\"https:\/\/persjarnia.com\/wp-content\/uploads\/2025\/09\/IMG_4129.jpg\",\"datePublished\":\"2025-09-27T15:27:45+00:00\",\"dateModified\":\"2026-02-13T17:58:09+00:00\",\"breadcrumb\":{\"@id\":\"https:\/\/persjarnia.com\/pl\/produkt\/pugilares-krakow\/#breadcrumb\"},\"inLanguage\":\"pl-PL\",\"potentialAction\":[{\"@type\":\"ReadAction\",\"target\":[\"https:\/\/persjarnia.com\/pl\/produkt\/pugilares-krakow\/\"]}]},{\"@type\":\"ImageObject\",\"inLanguage\":\"pl-PL\",\"@id\":\"https:\/\/persjarnia.com\/pl\/produkt\/pugilares-krakow\/#primaryimage\",\"url\":\"https:\/\/persjarnia.com\/wp-content\/uploads\/2025\/09\/IMG_4129.jpg\",\"contentUrl\":\"https:\/\/persjarnia.com\/wp-content\/uploads\/2025\/09\/IMG_4129.jpg\",\"width\":1200,\"height\":1200},{\"@type\":\"BreadcrumbList\",\"@id\":\"https:\/\/persjarnia.com\/pl\/produkt\/pugilares-krakow\/#breadcrumb\",\"itemListElement\":[{\"@type\":\"ListItem\",\"position\":1,\"name\":\"Home\",\"item\":\"https:\/\/persjarnia.com\/en\/\"},{\"@type\":\"ListItem\",\"position\":2,\"name\":\"Products\",\"item\":\"https:\/\/persjarnia.com\/en\/shop\/\"},{\"@type\":\"ListItem\",\"position\":3,\"name\":\"Portfelik Krak\u00f2w\"}]},{\"@type\":\"WebSite\",\"@id\":\"https:\/\/persjarnia.com\/en\/#website\",\"url\":\"https:\/\/persjarnia.com\/en\/\",\"name\":\"Persjarnia Zambrzyckich\",\"description\":\"Pasy Kontuszowe, Makaty Buczackie\",\"publisher\":{\"@id\":\"https:\/\/persjarnia.com\/en\/#organization\"},\"potentialAction\":[{\"@type\":\"SearchAction\",\"target\":{\"@type\":\"EntryPoint\",\"urlTemplate\":\"https:\/\/persjarnia.com\/en\/?s={search_term_string}\"},\"query-input\":{\"@type\":\"PropertyValueSpecification\",\"valueRequired\":true,\"valueName\":\"search_term_string\"}}],\"inLanguage\":\"pl-PL\"},{\"@type\":\"Organization\",\"@id\":\"https:\/\/persjarnia.com\/en\/#organization\",\"name\":\"Persjarnia Zambrzyckich\",\"url\":\"https:\/\/persjarnia.com\/en\/\",\"logo\":{\"@type\":\"ImageObject\",\"inLanguage\":\"pl-PL\",\"@id\":\"https:\/\/persjarnia.com\/en\/#\/schema\/logo\/image\/\",\"url\":\"https:\/\/persjarnia.com\/wp-content\/uploads\/2017\/03\/cropped-logo1-sm.png\",\"contentUrl\":\"https:\/\/persjarnia.com\/wp-content\/uploads\/2017\/03\/cropped-logo1-sm.png\",\"width\":130,\"height\":75,\"caption\":\"Persjarnia Zambrzyckich\"},\"image\":{\"@id\":\"https:\/\/persjarnia.com\/en\/#\/schema\/logo\/image\/\"},\"sameAs\":[\"https:\/\/www.facebook.com\/persjarnia\"]}]}<\/script>\n<meta property=\"product:price:amount\" content=\"24\" \/>\n<meta property=\"product:price:currency\" content=\"PLN\" \/>\n<meta property=\"og:availability\" content=\"instock\" \/>\n<meta property=\"product:availability\" content=\"instock\" \/>\n<meta property=\"product:condition\" content=\"new\" \/>\n<!-- \/ Yoast SEO plugin. -->","yoast_head_json":{"title":"Portfelik Krak\u00f2w - Persjarnia Zambrzyckich","robots":{"index":"index","follow":"follow","max-snippet":"max-snippet:-1","max-image-preview":"max-image-preview:large","max-video-preview":"max-video-preview:-1"},"canonical":"https:\/\/persjarnia.com\/pl\/produkt\/pugilares-krakow\/","og_locale":"pl_PL","og_type":"article","og_title":"Portfelik Krak\u00f2w - Persjarnia Zambrzyckich","og_description":"Pugilares posiada tkany, historyczny ornament powtarzaj\u0105cy wz\u00f3r spotykany w g\u0142owach pas\u00f3w kontuszowych i ma rozmiar 10 cm na 14cm (zamyka si\u0119 na zamek b\u0142yskawiczny).","og_url":"https:\/\/persjarnia.com\/pl\/produkt\/pugilares-krakow\/","og_site_name":"Persjarnia Zambrzyckich","article_publisher":"https:\/\/www.facebook.com\/persjarnia","article_modified_time":"2026-02-13T17:58:09+00:00","og_image":[{"width":1200,"height":1200,"url":"https:\/\/persjarnia.com\/wp-content\/uploads\/2025\/09\/IMG_4129.jpg","type":"image\/jpeg"}],"twitter_card":"summary_large_image","twitter_misc":{"Cena":"24&nbsp;&#122;&#322;","Dost\u0119pno\u015b\u0107":"Dost\u0119pny"},"schema":{"@context":"https:\/\/schema.org","@graph":[{"@type":"WebPage","@id":"https:\/\/persjarnia.com\/pl\/produkt\/pugilares-krakow\/","url":"https:\/\/persjarnia.com\/pl\/produkt\/pugilares-krakow\/","name":"Portfelik Krak\u00f2w - Persjarnia Zambrzyckich","isPartOf":{"@id":"https:\/\/persjarnia.com\/en\/#website"},"primaryImageOfPage":{"@id":"https:\/\/persjarnia.com\/pl\/produkt\/pugilares-krakow\/#primaryimage"},"image":{"@id":"https:\/\/persjarnia.com\/pl\/produkt\/pugilares-krakow\/#primaryimage"},"thumbnailUrl":"https:\/\/persjarnia.com\/wp-content\/uploads\/2025\/09\/IMG_4129.jpg","datePublished":"2025-09-27T15:27:45+00:00","dateModified":"2026-02-13T17:58:09+00:00","breadcrumb":{"@id":"https:\/\/persjarnia.com\/pl\/produkt\/pugilares-krakow\/#breadcrumb"},"inLanguage":"pl-PL","potentialAction":[{"@type":"ReadAction","target":["https:\/\/persjarnia.com\/pl\/produkt\/pugilares-krakow\/"]}]},{"@type":"ImageObject","inLanguage":"pl-PL","@id":"https:\/\/persjarnia.com\/pl\/produkt\/pugilares-krakow\/#primaryimage","url":"https:\/\/persjarnia.com\/wp-content\/uploads\/2025\/09\/IMG_4129.jpg","contentUrl":"https:\/\/persjarnia.com\/wp-content\/uploads\/2025\/09\/IMG_4129.jpg","width":1200,"height":1200},{"@type":"BreadcrumbList","@id":"https:\/\/persjarnia.com\/pl\/produkt\/pugilares-krakow\/#breadcrumb","itemListElement":[{"@type":"ListItem","position":1,"name":"Home","item":"https:\/\/persjarnia.com\/en\/"},{"@type":"ListItem","position":2,"name":"Products","item":"https:\/\/persjarnia.com\/en\/shop\/"},{"@type":"ListItem","position":3,"name":"Portfelik Krak\u00f2w"}]},{"@type":"WebSite","@id":"https:\/\/persjarnia.com\/en\/#website","url":"https:\/\/persjarnia.com\/en\/","name":"Persjarnia Zambrzyckich","description":"Pasy Kontuszowe, Makaty Buczackie","publisher":{"@id":"https:\/\/persjarnia.com\/en\/#organization"},"potentialAction":[{"@type":"SearchAction","target":{"@type":"EntryPoint","urlTemplate":"https:\/\/persjarnia.com\/en\/?s={search_term_string}"},"query-input":{"@type":"PropertyValueSpecification","valueRequired":true,"valueName":"search_term_string"}}],"inLanguage":"pl-PL"},{"@type":"Organization","@id":"https:\/\/persjarnia.com\/en\/#organization","name":"Persjarnia Zambrzyckich","url":"https:\/\/persjarnia.com\/en\/","logo":{"@type":"ImageObject","inLanguage":"pl-PL","@id":"https:\/\/persjarnia.com\/en\/#\/schema\/logo\/image\/","url":"https:\/\/persjarnia.com\/wp-content\/uploads\/2017\/03\/cropped-logo1-sm.png","contentUrl":"https:\/\/persjarnia.com\/wp-content\/uploads\/2017\/03\/cropped-logo1-sm.png","width":130,"height":75,"caption":"Persjarnia Zambrzyckich"},"image":{"@id":"https:\/\/persjarnia.com\/en\/#\/schema\/logo\/image\/"},"sameAs":["https:\/\/www.facebook.com\/persjarnia"]}]},"product_price_amount":"24","product_price_currency":"PLN","og_availability":"instock","product_availability":"instock","product_condition":"new"},"_links":{"self":[{"href":"https:\/\/persjarnia.com\/pl\/wp-json\/wp\/v2\/product\/7733","targetHints":{"allow":["GET"]}}],"collection":[{"href":"https:\/\/persjarnia.com\/pl\/wp-json\/wp\/v2\/product"}],"about":[{"href":"https:\/\/persjarnia.com\/pl\/wp-json\/wp\/v2\/types\/product"}],"wp:featuredmedia":[{"embeddable":true,"href":"https:\/\/persjarnia.com\/pl\/wp-json\/wp\/v2\/media\/7274"}],"wp:attachment":[{"href":"https:\/\/persjarnia.com\/pl\/wp-json\/wp\/v2\/media?parent=7733"}],"wp:term":[{"taxonomy":"product_brand","embeddable":true,"href":"https:\/\/persjarnia.com\/pl\/wp-json\/wp\/v2\/product_brand?post=7733"},{"taxonomy":"product_cat","embeddable":true,"href":"https:\/\/persjarnia.com\/pl\/wp-json\/wp\/v2\/product_cat?post=7733"},{"taxonomy":"product_tag","embeddable":true,"href":"https:\/\/persjarnia.com\/pl\/wp-json\/wp\/v2\/product_tag?post=7733"}],"curies":[{"name":"wp","href":"https:\/\/api.w.org\/{rel}","templated":true}]}}