{"id":7830,"date":"2025-09-27T17:29:56","date_gmt":"2025-09-27T15:29:56","guid":{"rendered":"https:\/\/persjarnia.com\/?post_type=product&#038;p=7830"},"modified":"2025-09-27T17:33:10","modified_gmt":"2025-09-27T15:33:10","slug":"zloto-buczacza-1-77mx1-69m-z-fredzlami","status":"publish","type":"product","link":"https:\/\/persjarnia.com\/pl\/produkt\/zloto-buczacza-1-77mx1-69m-z-fredzlami\/","title":{"rendered":"Z\u0142oto Buczacza 1.77mx1.69m z fr\u0119dzlami"},"content":{"rendered":"","protected":false},"excerpt":{"rendered":"<p align=\"justify\">Wiano Marii Mohylanki \u2013 c\u00f3rki wo\u0142oskiego hospodara, wydanej za wojewod\u0119 Stefana Potockiego by\u0142o pot\u0119\u017cnym skarbem, kt\u00f3ry ksi\u0119\u017cna przeznaczy\u0142a na budow\u0119 klasztor\u00f3w i fortyfikacji miasta. Legenda g\u0142osi, \u017ce kt\u00f3rego\u015b dnia miasto odpar\u0142o kolejne ataki armii su\u0142tana Mehmeda IV-go. Su\u0142tan zdumia\u0142 si\u0119 wielce, kiedy si\u0119 dowiedzia\u0142, \u017ce Wojewoda Potocki prowadzi\u0142 w tym czasie bitw\u0119 daleko od rodzinnego Buczacza, a obron\u0105 miasta dowodzi\u0142a jego \u017cona. Su\u0142tan przes\u0142a\u0142 wspania\u0142e z\u0142ote dary walecznej damie i zaprzesta\u0142 obl\u0119\u017cenia.<\/p>\n<p align=\"justify\">Makata z dw\u00f3ch kolor\u00f3w z\u0142ota: \u017c\u00f3\u0142tego i czerwonego. Taka kombinacja kolor\u00f3w stanowi \u015bwietne t\u0142o dla kolekcji broni bia\u0142ej.<\/p>\n<p>Rozmiar makaty: 1.77m (nie licz\u0105c frendzli) na 1.69m.<br \/>\nMakata dwustronna<\/p>\n<p>&nbsp;<\/p>\n","protected":false},"featured_media":7433,"template":"","meta":{"_acf_changed":false},"product_brand":[],"product_cat":[45],"product_tag":[],"class_list":{"0":"post-7830","1":"product","2":"type-product","3":"status-publish","4":"has-post-thumbnail","6":"product_cat-makaty-buczackie","7":"pa_packing-without-packaging","8":"pa_packing-with-packing","10":"first","11":"instock","12":"shipping-taxable","13":"purchasable","14":"product-type-simple"},"acf":[],"yoast_head":"<!-- This site is optimized with the Yoast SEO plugin v26.1 - https:\/\/yoast.com\/wordpress\/plugins\/seo\/ -->\n<title>Z\u0142oto Buczacza 1.77mx1.69m z fr\u0119dzlami - Persjarnia Zambrzyckich<\/title>\n<meta name=\"robots\" content=\"index, follow, max-snippet:-1, max-image-preview:large, max-video-preview:-1\" \/>\n<link rel=\"canonical\" href=\"https:\/\/persjarnia.com\/pl\/produkt\/zloto-buczacza-1-77mx1-69m-z-fredzlami\/\" \/>\n<meta property=\"og:locale\" content=\"pl_PL\" \/>\n<meta property=\"og:type\" content=\"article\" \/>\n<meta property=\"og:title\" content=\"Z\u0142oto Buczacza 1.77mx1.69m z fr\u0119dzlami - Persjarnia Zambrzyckich\" \/>\n<meta property=\"og:description\" content=\"Wiano Marii Mohylanki \u2013 c\u00f3rki wo\u0142oskiego hospodara, wydanej za wojewod\u0119 Stefana Potockiego by\u0142o pot\u0119\u017cnym skarbem, kt\u00f3ry ksi\u0119\u017cna przeznaczy\u0142a na budow\u0119 klasztor\u00f3w i fortyfikacji miasta. Legenda g\u0142osi, \u017ce kt\u00f3rego\u015b dnia miasto odpar\u0142o kolejne ataki armii su\u0142tana Mehmeda IV-go. Su\u0142tan zdumia\u0142 si\u0119 wielce, kiedy si\u0119 dowiedzia\u0142, \u017ce Wojewoda Potocki prowadzi\u0142 w tym czasie bitw\u0119 daleko od rodzinnego Buczacza, a obron\u0105 miasta dowodzi\u0142a jego \u017cona. Su\u0142tan przes\u0142a\u0142 wspania\u0142e z\u0142ote dary walecznej damie i zaprzesta\u0142 obl\u0119\u017cenia. Makata z dw\u00f3ch kolor\u00f3w z\u0142ota: \u017c\u00f3\u0142tego i czerwonego. Taka kombinacja kolor\u00f3w stanowi \u015bwietne t\u0142o dla kolekcji broni bia\u0142ej. Rozmiar makaty: 1.77m (nie licz\u0105c frendzli) na 1.69m. Makata dwustronna  &nbsp;\" \/>\n<meta property=\"og:url\" content=\"https:\/\/persjarnia.com\/pl\/produkt\/zloto-buczacza-1-77mx1-69m-z-fredzlami\/\" \/>\n<meta property=\"og:site_name\" content=\"Persjarnia Zambrzyckich\" \/>\n<meta property=\"article:publisher\" content=\"https:\/\/www.facebook.com\/persjarnia\" \/>\n<meta property=\"article:modified_time\" content=\"2025-09-27T15:33:10+00:00\" \/>\n<meta property=\"og:image\" content=\"https:\/\/persjarnia.com\/wp-content\/uploads\/2025\/09\/IMG_8511_.jpg\" \/>\n\t<meta property=\"og:image:width\" content=\"1076\" \/>\n\t<meta property=\"og:image:height\" content=\"1200\" \/>\n\t<meta property=\"og:image:type\" content=\"image\/jpeg\" \/>\n<meta name=\"twitter:card\" content=\"summary_large_image\" \/>\n<meta name=\"twitter:label1\" content=\"Cena\" \/>\n\t<meta name=\"twitter:data1\" content=\"825&nbsp;&#122;&#322;\" \/>\n\t<meta name=\"twitter:label2\" content=\"Dost\u0119pno\u015b\u0107\" \/>\n\t<meta name=\"twitter:data2\" content=\"Dost\u0119pny\" \/>\n<script type=\"application\/ld+json\" class=\"yoast-schema-graph\">{\"@context\":\"https:\/\/schema.org\",\"@graph\":[{\"@type\":\"WebPage\",\"@id\":\"https:\/\/persjarnia.com\/pl\/produkt\/zloto-buczacza-1-77mx1-69m-z-fredzlami\/\",\"url\":\"https:\/\/persjarnia.com\/pl\/produkt\/zloto-buczacza-1-77mx1-69m-z-fredzlami\/\",\"name\":\"Z\u0142oto Buczacza 1.77mx1.69m z fr\u0119dzlami - Persjarnia Zambrzyckich\",\"isPartOf\":{\"@id\":\"https:\/\/persjarnia.com\/en\/#website\"},\"primaryImageOfPage\":{\"@id\":\"https:\/\/persjarnia.com\/pl\/produkt\/zloto-buczacza-1-77mx1-69m-z-fredzlami\/#primaryimage\"},\"image\":{\"@id\":\"https:\/\/persjarnia.com\/pl\/produkt\/zloto-buczacza-1-77mx1-69m-z-fredzlami\/#primaryimage\"},\"thumbnailUrl\":\"https:\/\/persjarnia.com\/wp-content\/uploads\/2025\/09\/IMG_8511_.jpg\",\"datePublished\":\"2025-09-27T15:29:56+00:00\",\"dateModified\":\"2025-09-27T15:33:10+00:00\",\"breadcrumb\":{\"@id\":\"https:\/\/persjarnia.com\/pl\/produkt\/zloto-buczacza-1-77mx1-69m-z-fredzlami\/#breadcrumb\"},\"inLanguage\":\"pl-PL\",\"potentialAction\":[{\"@type\":\"ReadAction\",\"target\":[\"https:\/\/persjarnia.com\/pl\/produkt\/zloto-buczacza-1-77mx1-69m-z-fredzlami\/\"]}]},{\"@type\":\"ImageObject\",\"inLanguage\":\"pl-PL\",\"@id\":\"https:\/\/persjarnia.com\/pl\/produkt\/zloto-buczacza-1-77mx1-69m-z-fredzlami\/#primaryimage\",\"url\":\"https:\/\/persjarnia.com\/wp-content\/uploads\/2025\/09\/IMG_8511_.jpg\",\"contentUrl\":\"https:\/\/persjarnia.com\/wp-content\/uploads\/2025\/09\/IMG_8511_.jpg\",\"width\":1076,\"height\":1200},{\"@type\":\"BreadcrumbList\",\"@id\":\"https:\/\/persjarnia.com\/pl\/produkt\/zloto-buczacza-1-77mx1-69m-z-fredzlami\/#breadcrumb\",\"itemListElement\":[{\"@type\":\"ListItem\",\"position\":1,\"name\":\"Home\",\"item\":\"https:\/\/persjarnia.com\/en\/\"},{\"@type\":\"ListItem\",\"position\":2,\"name\":\"Products\",\"item\":\"https:\/\/persjarnia.com\/en\/shop\/\"},{\"@type\":\"ListItem\",\"position\":3,\"name\":\"Z\u0142oto Buczacza 1.77mx1.69m z fr\u0119dzlami\"}]},{\"@type\":\"WebSite\",\"@id\":\"https:\/\/persjarnia.com\/en\/#website\",\"url\":\"https:\/\/persjarnia.com\/en\/\",\"name\":\"Persjarnia Zambrzyckich\",\"description\":\"Pasy Kontuszowe, Makaty Buczackie\",\"publisher\":{\"@id\":\"https:\/\/persjarnia.com\/en\/#organization\"},\"potentialAction\":[{\"@type\":\"SearchAction\",\"target\":{\"@type\":\"EntryPoint\",\"urlTemplate\":\"https:\/\/persjarnia.com\/en\/?s={search_term_string}\"},\"query-input\":{\"@type\":\"PropertyValueSpecification\",\"valueRequired\":true,\"valueName\":\"search_term_string\"}}],\"inLanguage\":\"pl-PL\"},{\"@type\":\"Organization\",\"@id\":\"https:\/\/persjarnia.com\/en\/#organization\",\"name\":\"Persjarnia Zambrzyckich\",\"url\":\"https:\/\/persjarnia.com\/en\/\",\"logo\":{\"@type\":\"ImageObject\",\"inLanguage\":\"pl-PL\",\"@id\":\"https:\/\/persjarnia.com\/en\/#\/schema\/logo\/image\/\",\"url\":\"https:\/\/persjarnia.com\/wp-content\/uploads\/2017\/03\/cropped-logo1-sm.png\",\"contentUrl\":\"https:\/\/persjarnia.com\/wp-content\/uploads\/2017\/03\/cropped-logo1-sm.png\",\"width\":130,\"height\":75,\"caption\":\"Persjarnia Zambrzyckich\"},\"image\":{\"@id\":\"https:\/\/persjarnia.com\/en\/#\/schema\/logo\/image\/\"},\"sameAs\":[\"https:\/\/www.facebook.com\/persjarnia\"]}]}<\/script>\n<meta property=\"product:price:amount\" content=\"825\" \/>\n<meta property=\"product:price:currency\" content=\"PLN\" \/>\n<meta property=\"og:availability\" content=\"instock\" \/>\n<meta property=\"product:availability\" content=\"instock\" \/>\n<meta property=\"product:condition\" content=\"new\" \/>\n<!-- \/ Yoast SEO plugin. -->","yoast_head_json":{"title":"Z\u0142oto Buczacza 1.77mx1.69m z fr\u0119dzlami - Persjarnia Zambrzyckich","robots":{"index":"index","follow":"follow","max-snippet":"max-snippet:-1","max-image-preview":"max-image-preview:large","max-video-preview":"max-video-preview:-1"},"canonical":"https:\/\/persjarnia.com\/pl\/produkt\/zloto-buczacza-1-77mx1-69m-z-fredzlami\/","og_locale":"pl_PL","og_type":"article","og_title":"Z\u0142oto Buczacza 1.77mx1.69m z fr\u0119dzlami - Persjarnia Zambrzyckich","og_description":"Wiano Marii Mohylanki \u2013 c\u00f3rki wo\u0142oskiego hospodara, wydanej za wojewod\u0119 Stefana Potockiego by\u0142o pot\u0119\u017cnym skarbem, kt\u00f3ry ksi\u0119\u017cna przeznaczy\u0142a na budow\u0119 klasztor\u00f3w i fortyfikacji miasta. Legenda g\u0142osi, \u017ce kt\u00f3rego\u015b dnia miasto odpar\u0142o kolejne ataki armii su\u0142tana Mehmeda IV-go. Su\u0142tan zdumia\u0142 si\u0119 wielce, kiedy si\u0119 dowiedzia\u0142, \u017ce Wojewoda Potocki prowadzi\u0142 w tym czasie bitw\u0119 daleko od rodzinnego Buczacza, a obron\u0105 miasta dowodzi\u0142a jego \u017cona. Su\u0142tan przes\u0142a\u0142 wspania\u0142e z\u0142ote dary walecznej damie i zaprzesta\u0142 obl\u0119\u017cenia. Makata z dw\u00f3ch kolor\u00f3w z\u0142ota: \u017c\u00f3\u0142tego i czerwonego. Taka kombinacja kolor\u00f3w stanowi \u015bwietne t\u0142o dla kolekcji broni bia\u0142ej. Rozmiar makaty: 1.77m (nie licz\u0105c frendzli) na 1.69m. Makata dwustronna  &nbsp;","og_url":"https:\/\/persjarnia.com\/pl\/produkt\/zloto-buczacza-1-77mx1-69m-z-fredzlami\/","og_site_name":"Persjarnia Zambrzyckich","article_publisher":"https:\/\/www.facebook.com\/persjarnia","article_modified_time":"2025-09-27T15:33:10+00:00","og_image":[{"width":1076,"height":1200,"url":"https:\/\/persjarnia.com\/wp-content\/uploads\/2025\/09\/IMG_8511_.jpg","type":"image\/jpeg"}],"twitter_card":"summary_large_image","twitter_misc":{"Cena":"825&nbsp;&#122;&#322;","Dost\u0119pno\u015b\u0107":"Dost\u0119pny"},"schema":{"@context":"https:\/\/schema.org","@graph":[{"@type":"WebPage","@id":"https:\/\/persjarnia.com\/pl\/produkt\/zloto-buczacza-1-77mx1-69m-z-fredzlami\/","url":"https:\/\/persjarnia.com\/pl\/produkt\/zloto-buczacza-1-77mx1-69m-z-fredzlami\/","name":"Z\u0142oto Buczacza 1.77mx1.69m z fr\u0119dzlami - Persjarnia Zambrzyckich","isPartOf":{"@id":"https:\/\/persjarnia.com\/en\/#website"},"primaryImageOfPage":{"@id":"https:\/\/persjarnia.com\/pl\/produkt\/zloto-buczacza-1-77mx1-69m-z-fredzlami\/#primaryimage"},"image":{"@id":"https:\/\/persjarnia.com\/pl\/produkt\/zloto-buczacza-1-77mx1-69m-z-fredzlami\/#primaryimage"},"thumbnailUrl":"https:\/\/persjarnia.com\/wp-content\/uploads\/2025\/09\/IMG_8511_.jpg","datePublished":"2025-09-27T15:29:56+00:00","dateModified":"2025-09-27T15:33:10+00:00","breadcrumb":{"@id":"https:\/\/persjarnia.com\/pl\/produkt\/zloto-buczacza-1-77mx1-69m-z-fredzlami\/#breadcrumb"},"inLanguage":"pl-PL","potentialAction":[{"@type":"ReadAction","target":["https:\/\/persjarnia.com\/pl\/produkt\/zloto-buczacza-1-77mx1-69m-z-fredzlami\/"]}]},{"@type":"ImageObject","inLanguage":"pl-PL","@id":"https:\/\/persjarnia.com\/pl\/produkt\/zloto-buczacza-1-77mx1-69m-z-fredzlami\/#primaryimage","url":"https:\/\/persjarnia.com\/wp-content\/uploads\/2025\/09\/IMG_8511_.jpg","contentUrl":"https:\/\/persjarnia.com\/wp-content\/uploads\/2025\/09\/IMG_8511_.jpg","width":1076,"height":1200},{"@type":"BreadcrumbList","@id":"https:\/\/persjarnia.com\/pl\/produkt\/zloto-buczacza-1-77mx1-69m-z-fredzlami\/#breadcrumb","itemListElement":[{"@type":"ListItem","position":1,"name":"Home","item":"https:\/\/persjarnia.com\/en\/"},{"@type":"ListItem","position":2,"name":"Products","item":"https:\/\/persjarnia.com\/en\/shop\/"},{"@type":"ListItem","position":3,"name":"Z\u0142oto Buczacza 1.77mx1.69m z fr\u0119dzlami"}]},{"@type":"WebSite","@id":"https:\/\/persjarnia.com\/en\/#website","url":"https:\/\/persjarnia.com\/en\/","name":"Persjarnia Zambrzyckich","description":"Pasy Kontuszowe, Makaty Buczackie","publisher":{"@id":"https:\/\/persjarnia.com\/en\/#organization"},"potentialAction":[{"@type":"SearchAction","target":{"@type":"EntryPoint","urlTemplate":"https:\/\/persjarnia.com\/en\/?s={search_term_string}"},"query-input":{"@type":"PropertyValueSpecification","valueRequired":true,"valueName":"search_term_string"}}],"inLanguage":"pl-PL"},{"@type":"Organization","@id":"https:\/\/persjarnia.com\/en\/#organization","name":"Persjarnia Zambrzyckich","url":"https:\/\/persjarnia.com\/en\/","logo":{"@type":"ImageObject","inLanguage":"pl-PL","@id":"https:\/\/persjarnia.com\/en\/#\/schema\/logo\/image\/","url":"https:\/\/persjarnia.com\/wp-content\/uploads\/2017\/03\/cropped-logo1-sm.png","contentUrl":"https:\/\/persjarnia.com\/wp-content\/uploads\/2017\/03\/cropped-logo1-sm.png","width":130,"height":75,"caption":"Persjarnia Zambrzyckich"},"image":{"@id":"https:\/\/persjarnia.com\/en\/#\/schema\/logo\/image\/"},"sameAs":["https:\/\/www.facebook.com\/persjarnia"]}]},"product_price_amount":"825","product_price_currency":"PLN","og_availability":"instock","product_availability":"instock","product_condition":"new"},"_links":{"self":[{"href":"https:\/\/persjarnia.com\/pl\/wp-json\/wp\/v2\/product\/7830","targetHints":{"allow":["GET"]}}],"collection":[{"href":"https:\/\/persjarnia.com\/pl\/wp-json\/wp\/v2\/product"}],"about":[{"href":"https:\/\/persjarnia.com\/pl\/wp-json\/wp\/v2\/types\/product"}],"wp:featuredmedia":[{"embeddable":true,"href":"https:\/\/persjarnia.com\/pl\/wp-json\/wp\/v2\/media\/7433"}],"wp:attachment":[{"href":"https:\/\/persjarnia.com\/pl\/wp-json\/wp\/v2\/media?parent=7830"}],"wp:term":[{"taxonomy":"product_brand","embeddable":true,"href":"https:\/\/persjarnia.com\/pl\/wp-json\/wp\/v2\/product_brand?post=7830"},{"taxonomy":"product_cat","embeddable":true,"href":"https:\/\/persjarnia.com\/pl\/wp-json\/wp\/v2\/product_cat?post=7830"},{"taxonomy":"product_tag","embeddable":true,"href":"https:\/\/persjarnia.com\/pl\/wp-json\/wp\/v2\/product_tag?post=7830"}],"curies":[{"name":"wp","href":"https:\/\/api.w.org\/{rel}","templated":true}]}}